{"id":1002,"date":"2025-10-03T04:54:01","date_gmt":"2025-10-03T04:54:01","guid":{"rendered":"https:\/\/guautastik.com\/ca\/product\/lima-de-unas-para-perros-y-gatos-con-cortaunas-y-muela-de-diamante-extra-silencioso-y-seguro-bateria-recargable-usb-y-cable-2-velocidades-cuidado-de-patas-gatos-y-perros-de-todos-los-tamanos\/"},"modified":"2025-11-01T16:01:06","modified_gmt":"2025-11-01T16:01:06","slug":"lima-de-unas-para-perros-y-gatos-con-cortaunas-y-muela-de-diamante-extra-silencioso-y-seguro-bateria-recargable-usb-y-cable-2-velocidades-cuidado-de-patas-gatos-y-perros-de-todos-los-tamanos","status":"publish","type":"product","link":"https:\/\/guautastik.com\/ca\/lima-de-unas-para-perros-y-gatos-con-cortaunas-y-muela-de-diamante-extra-silencioso-y-seguro-bateria-recargable-usb-y-cable-2-velocidades-cuidado-de-patas-gatos-y-perros-de-todos-los-tamanos\/","title":{"rendered":"Lima de U\u00c3\u00b1as Para Perros y Gatos..."},"content":{"rendered":"<p>\u00bfPor Qu\u00e9 Elegir Nuestra Lima de U\u00f1as El\u00e9ctrica para Perros y Gatos de animigo? &#8211; Cortar las u\u00f1as puede ser una pesadilla para muchas mascotas. Si tu peludo le tiene miedo, este cortador de u\u00f1as es para ti. Con el combo de lima, corta\u00fa\u00f1as y muela de diamante extra, puedes ajustar el corte y evitar heridas, dolor y hemorragias gracias a sus 3 puertos adaptables seg\u00fan el tama\u00f1o de tu mascota.<br \/>\nSuper Silenciosa y Segura Para Todos los Tama\u00f1os y Razas &#8211; El corta\u00fa\u00f1as para perros de animigo utiliza una tecnolog\u00eda \u00fanica de baja vibraci\u00f3n con menos de 60 decibelios de ruido. Un lima\u00fa\u00f1as super silencioso y preciso perfecto para perros y gatos. Nuestro corta\u00fa\u00f1as se encuentra entre los art\u00edculos para mascotas m\u00e1s seguros y sin dolor.<br \/>\nCorta\u00fa\u00f1as Profesional y Limador de U\u00f1as Para Perros con 2 Velocidades &#8211; Convertir el aseo de tu mascota en una experiencia relajante es f\u00e1cil. Nuestro limador est\u00e1 compuesto por una eficaz muela de diamante para pulir y cortar las u\u00f1as de forma profesional. Adem\u00e1s, cuenta con una lima de dos velocidades, una para un corte preciso a baja velocidad y la otra para un afilado r\u00e1pido a alta velocidad.<br \/>\nF\u00e1cil de Usar, Bater\u00eda de Carga R\u00e1pida &#8211; Enciende la lima el\u00e9ctrica y deja que tu mascota se familiarice, selecciona el tama\u00f1o del puerto, col\u00f3calo suavemente para limar las u\u00f1as y despu\u00e9s dale un premio a tu mascota para reforzar el buen comportamiento. Nuestra lima el\u00e9ctrica viene con bater\u00eda recargable con una duraci\u00f3n de 3 horas y cable USB para cargarlo en el coche y otros puertos USB.<br \/>\n\u00bfPor Qu\u00e9 Confiar en animigo? Nuestra pasi\u00f3n por los animales nos ha llevado a elaborar accesorios y productos Pet Care con f\u00f3rmulas avanzadas para cuidar del bienestar y la salud de las mascotas. Contamos con altos est\u00e1ndares de producci\u00f3n que garantizan nuestro compromiso con las personas que desean mejorar la calidad de vida de su mejor amigo.<br \/>\n<div class=\"main-cross-sell\" data-asin=\"B082VC3VXK\">\n\n\t<div class=\"WooZone-cross-sell-loader\">\n\t\t<div>\n\t\t\t<div id=\"floatingBarsG\">\n\t\t\t\t<div class=\"blockG\" id=\"rotateG_01\"><\/div>\n\t\t\t\t<div class=\"blockG\" id=\"rotateG_02\"><\/div>\n\t\t\t\t<div class=\"blockG\" id=\"rotateG_03\"><\/div>\n\t\t\t\t<div class=\"blockG\" id=\"rotateG_04\"><\/div>\n\t\t\t\t<div class=\"blockG\" id=\"rotateG_05\"><\/div>\n\t\t\t\t<div class=\"blockG\" id=\"rotateG_06\"><\/div>\n\t\t\t\t<div class=\"blockG\" id=\"rotateG_07\"><\/div>\n\t\t\t\t<div class=\"blockG\" id=\"rotateG_08\"><\/div>\n\t\t\t<\/div>\n\t\t\t<div class=\"WooZone-cross-sell-loader-text\"><\/div>\n\t\t<\/div>\n\t<\/div>\n\n\t\t\n<\/div>\n<div style=\"clear:both;\"><\/div><\/p>\n","protected":false},"excerpt":{"rendered":"<p>\u00bfPor Qu\u00e9 Elegir Nuestra Lima de U\u00f1as El\u00e9ctrica para Perros y Gatos de animigo? &#8211; Cortar las u\u00f1as puede ser una pesadilla para muchas mascotas. Si tu peludo le tiene miedo, este cortador de u\u00f1as es para ti. Con el combo de lima, corta\u00fa\u00f1as y muela de diamante extra, puedes ajustar el corte y evitar heridas, dolor y hemorragias gracias a sus 3 puertos adaptables seg\u00fan el tama\u00f1o de tu mascota.<br \/>\nSuper Silenciosa y Segura Para Todos los Tama\u00f1os y Razas &#8211; El corta\u00fa\u00f1as para perros de animigo utiliza una tecnolog\u00eda \u00fanica de baja vibraci\u00f3n con menos de 60 decibelios de ruido. Un lima\u00fa\u00f1as super silencioso y preciso perfecto para perros y gatos. Nuestro corta\u00fa\u00f1as se encuentra entre los art\u00edculos para mascotas m\u00e1s seguros y sin dolor.<br \/>\nCorta\u00fa\u00f1as Profesional y Limador de U\u00f1as Para Perros con 2 Velocidades &#8211; Convertir el aseo de tu mascota en una experiencia relajante es f\u00e1cil. Nuestro limador est\u00e1 compuesto por una eficaz muela de diamante para pulir y cortar las u\u00f1as de forma profesional. Adem\u00e1s, cuenta con una lima de dos velocidades, una para un corte preciso a baja velocidad y la otra para un afilado r\u00e1pido a alta velocidad.<\/p>\n","protected":false},"featured_media":1003,"template":"","meta":[],"store":[],"product_brand":[],"product_cat":[70,73],"product_tag":[],"class_list":{"0":"post-1002","1":"product","2":"type-product","3":"status-publish","4":"has-post-thumbnail","6":"product_cat-mas-productos","7":"product_cat-cepillos-y-cortaunas","8":"pa_binding-target","9":"pa_brand-animigo","10":"pa_eans-574","11":"pa_height-8-1102362122-pulgadas","12":"pa_languages-desconocido-espanol-desconocido-ingles-desconocido-frances-desconocido-aleman-desconocido-italiano","13":"pa_length-3-4645669256-pulgadas","14":"pa_manufacturer-comfort-click-ltd","15":"pa_model-576","16":"pa_number-of-items-137","17":"pa_part-number-575","18":"pa_product-group-productos-para-animales","19":"pa_size-1-unidad-paquete-de-1","20":"pa_weight-0-54233716452-libras","21":"pa_width-1-3779527545-pulgadas","23":"first","24":"instock","25":"sale","26":"shipping-taxable","27":"product-type-external"},"yoast_head":"<!-- This site is optimized with the Yoast SEO plugin v26.0 - https:\/\/yoast.com\/wordpress\/plugins\/seo\/ -->\n<title>Lima de U\u00c3\u00b1as Para Perros y Gatos, Con Corta\u00c3\u00ba\u00c3\u00b1as y Muela de Diamante Extra, Silencioso y Seguro - Bater\u00c3\u00ada Recargable, USB y Cable, 2 Velocidades, Cuidado de Patas Gatos y Perros de Todos los Tama\u00c3\u00b1os - Guautastik<\/title>\n<meta name=\"description\" content=\"Troba llits, joguines, menjar i accessoris per a gossos a Guautastik \ud83d\udc3e. Productes de qualitat seleccionats per al benestar i la felicitat.\" \/>\n<meta name=\"robots\" content=\"index, follow, max-snippet:-1, max-image-preview:large, max-video-preview:-1\" \/>\n<link rel=\"canonical\" href=\"https:\/\/guautastik.com\/ca\/lima-de-unas-para-perros-y-gatos-con-cortaunas-y-muela-de-diamante-extra-silencioso-y-seguro-bateria-recargable-usb-y-cable-2-velocidades-cuidado-de-patas-gatos-y-perros-de-todos-los-tamanos\/\" \/>\n<meta property=\"og:locale\" content=\"ca_ES\" \/>\n<meta property=\"og:type\" content=\"article\" \/>\n<meta property=\"og:title\" content=\"Lima de U\u00c3\u00b1as Para Perros y Gatos, Con Corta\u00c3\u00ba\u00c3\u00b1as y Muela de Diamante Extra, Silencioso y Seguro - Bater\u00c3\u00ada Recargable, USB y Cable, 2 Velocidades, Cuidado de Patas Gatos y Perros de Todos los Tama\u00c3\u00b1os - Guautastik\" \/>\n<meta property=\"og:description\" content=\"Troba llits, joguines, menjar i accessoris per a gossos a Guautastik \ud83d\udc3e. Productes de qualitat seleccionats per al benestar i la felicitat.\" \/>\n<meta property=\"og:url\" content=\"https:\/\/guautastik.com\/ca\/lima-de-unas-para-perros-y-gatos-con-cortaunas-y-muela-de-diamante-extra-silencioso-y-seguro-bateria-recargable-usb-y-cable-2-velocidades-cuidado-de-patas-gatos-y-perros-de-todos-los-tamanos\/\" \/>\n<meta property=\"og:site_name\" content=\"Guautastik\" \/>\n<meta property=\"article:modified_time\" content=\"2025-11-01T16:01:06+00:00\" \/>\n<meta property=\"og:image\" content=\"https:\/\/m.media-amazon.com\/images\/I\/31LBvZ5UMNL._SL500_.jpg\" \/>\n\t<meta property=\"og:image:width\" content=\"500\" \/>\n\t<meta property=\"og:image:height\" content=\"500\" \/>\n\t<meta property=\"og:image:type\" content=\"image\/jpeg\" \/>\n<meta name=\"twitter:card\" content=\"summary_large_image\" \/>\n<meta name=\"twitter:label1\" content=\"Temps estimat de lectura\" \/>\n\t<meta name=\"twitter:data1\" content=\"2 minuts\" \/>\n<script type=\"application\/ld+json\" class=\"yoast-schema-graph\">{\"@context\":\"https:\/\/schema.org\",\"@graph\":[{\"@type\":\"WebPage\",\"@id\":\"https:\/\/guautastik.com\/ca\/lima-de-unas-para-perros-y-gatos-con-cortaunas-y-muela-de-diamante-extra-silencioso-y-seguro-bateria-recargable-usb-y-cable-2-velocidades-cuidado-de-patas-gatos-y-perros-de-todos-los-tamanos\/\",\"url\":\"https:\/\/guautastik.com\/ca\/lima-de-unas-para-perros-y-gatos-con-cortaunas-y-muela-de-diamante-extra-silencioso-y-seguro-bateria-recargable-usb-y-cable-2-velocidades-cuidado-de-patas-gatos-y-perros-de-todos-los-tamanos\/\",\"name\":\"Lima de U\u00c3\u00b1as Para Perros y Gatos, Con Corta\u00c3\u00ba\u00c3\u00b1as y Muela de Diamante Extra, Silencioso y Seguro - Bater\u00c3\u00ada Recargable, USB y Cable, 2 Velocidades, Cuidado de Patas Gatos y Perros de Todos los Tama\u00c3\u00b1os - Guautastik\",\"isPartOf\":{\"@id\":\"https:\/\/guautastik.com\/ca\/#website\"},\"primaryImageOfPage\":{\"@id\":\"https:\/\/guautastik.com\/ca\/lima-de-unas-para-perros-y-gatos-con-cortaunas-y-muela-de-diamante-extra-silencioso-y-seguro-bateria-recargable-usb-y-cable-2-velocidades-cuidado-de-patas-gatos-y-perros-de-todos-los-tamanos\/#primaryimage\"},\"image\":{\"@id\":\"https:\/\/guautastik.com\/ca\/lima-de-unas-para-perros-y-gatos-con-cortaunas-y-muela-de-diamante-extra-silencioso-y-seguro-bateria-recargable-usb-y-cable-2-velocidades-cuidado-de-patas-gatos-y-perros-de-todos-los-tamanos\/#primaryimage\"},\"thumbnailUrl\":\"https:\/\/m.media-amazon.com\/images\/I\/31LBvZ5UMNL._SL500_.jpg\",\"datePublished\":\"2025-10-03T04:54:01+00:00\",\"dateModified\":\"2025-11-01T16:01:06+00:00\",\"description\":\"Troba llits, joguines, menjar i accessoris per a gossos a Guautastik \ud83d\udc3e. Productes de qualitat seleccionats per al benestar i la felicitat.\",\"breadcrumb\":{\"@id\":\"https:\/\/guautastik.com\/ca\/lima-de-unas-para-perros-y-gatos-con-cortaunas-y-muela-de-diamante-extra-silencioso-y-seguro-bateria-recargable-usb-y-cable-2-velocidades-cuidado-de-patas-gatos-y-perros-de-todos-los-tamanos\/#breadcrumb\"},\"inLanguage\":\"ca\",\"potentialAction\":[{\"@type\":\"ReadAction\",\"target\":[\"https:\/\/guautastik.com\/ca\/lima-de-unas-para-perros-y-gatos-con-cortaunas-y-muela-de-diamante-extra-silencioso-y-seguro-bateria-recargable-usb-y-cable-2-velocidades-cuidado-de-patas-gatos-y-perros-de-todos-los-tamanos\/\"]}]},{\"@type\":\"ImageObject\",\"inLanguage\":\"ca\",\"@id\":\"https:\/\/guautastik.com\/ca\/lima-de-unas-para-perros-y-gatos-con-cortaunas-y-muela-de-diamante-extra-silencioso-y-seguro-bateria-recargable-usb-y-cable-2-velocidades-cuidado-de-patas-gatos-y-perros-de-todos-los-tamanos\/#primaryimage\",\"url\":\"https:\/\/m.media-amazon.com\/images\/I\/31LBvZ5UMNL._SL500_.jpg\",\"contentUrl\":\"https:\/\/m.media-amazon.com\/images\/I\/31LBvZ5UMNL._SL500_.jpg\",\"width\":500,\"height\":500},{\"@type\":\"BreadcrumbList\",\"@id\":\"https:\/\/guautastik.com\/ca\/lima-de-unas-para-perros-y-gatos-con-cortaunas-y-muela-de-diamante-extra-silencioso-y-seguro-bateria-recargable-usb-y-cable-2-velocidades-cuidado-de-patas-gatos-y-perros-de-todos-los-tamanos\/#breadcrumb\",\"itemListElement\":[{\"@type\":\"ListItem\",\"position\":1,\"name\":\"Home\",\"item\":\"https:\/\/guautastik.com\/ca\/\"},{\"@type\":\"ListItem\",\"position\":2,\"name\":\"Shop\",\"item\":\"https:\/\/guautastik.com\/ca\/shop\/\"},{\"@type\":\"ListItem\",\"position\":3,\"name\":\"Lima de U\u00c3\u00b1as Para Perros y Gatos...\"}]},{\"@type\":\"WebSite\",\"@id\":\"https:\/\/guautastik.com\/ca\/#website\",\"url\":\"https:\/\/guautastik.com\/ca\/\",\"name\":\"Guautastik\",\"description\":\"Millors Productes, Joguines i Accessoris per a Gossos\",\"publisher\":{\"@id\":\"https:\/\/guautastik.com\/ca\/#organization\"},\"potentialAction\":[{\"@type\":\"SearchAction\",\"target\":{\"@type\":\"EntryPoint\",\"urlTemplate\":\"https:\/\/guautastik.com\/ca\/?s={search_term_string}\"},\"query-input\":{\"@type\":\"PropertyValueSpecification\",\"valueRequired\":true,\"valueName\":\"search_term_string\"}}],\"inLanguage\":\"ca\"},{\"@type\":\"Organization\",\"@id\":\"https:\/\/guautastik.com\/ca\/#organization\",\"name\":\"Guautastik\",\"url\":\"https:\/\/guautastik.com\/ca\/\",\"logo\":{\"@type\":\"ImageObject\",\"inLanguage\":\"ca\",\"@id\":\"https:\/\/guautastik.com\/ca\/#\/schema\/logo\/image\/\",\"url\":\"https:\/\/guautastik.com\/ca\/wp-content\/uploads\/2026\/01\/Screenshot_2026-01-13_at_8.13.08_AM-removebg-preview.png\",\"contentUrl\":\"https:\/\/guautastik.com\/ca\/wp-content\/uploads\/2026\/01\/Screenshot_2026-01-13_at_8.13.08_AM-removebg-preview.png\",\"width\":762,\"height\":232,\"caption\":\"Guautastik\"},\"image\":{\"@id\":\"https:\/\/guautastik.com\/ca\/#\/schema\/logo\/image\/\"}}]}<\/script>\n<!-- \/ Yoast SEO plugin. -->","yoast_head_json":{"title":"Lima de U\u00c3\u00b1as Para Perros y Gatos, Con Corta\u00c3\u00ba\u00c3\u00b1as y Muela de Diamante Extra, Silencioso y Seguro - Bater\u00c3\u00ada Recargable, USB y Cable, 2 Velocidades, Cuidado de Patas Gatos y Perros de Todos los Tama\u00c3\u00b1os - Guautastik","description":"Troba llits, joguines, menjar i accessoris per a gossos a Guautastik \ud83d\udc3e. Productes de qualitat seleccionats per al benestar i la felicitat.","robots":{"index":"index","follow":"follow","max-snippet":"max-snippet:-1","max-image-preview":"max-image-preview:large","max-video-preview":"max-video-preview:-1"},"canonical":"https:\/\/guautastik.com\/ca\/lima-de-unas-para-perros-y-gatos-con-cortaunas-y-muela-de-diamante-extra-silencioso-y-seguro-bateria-recargable-usb-y-cable-2-velocidades-cuidado-de-patas-gatos-y-perros-de-todos-los-tamanos\/","og_locale":"ca_ES","og_type":"article","og_title":"Lima de U\u00c3\u00b1as Para Perros y Gatos, Con Corta\u00c3\u00ba\u00c3\u00b1as y Muela de Diamante Extra, Silencioso y Seguro - Bater\u00c3\u00ada Recargable, USB y Cable, 2 Velocidades, Cuidado de Patas Gatos y Perros de Todos los Tama\u00c3\u00b1os - Guautastik","og_description":"Troba llits, joguines, menjar i accessoris per a gossos a Guautastik \ud83d\udc3e. Productes de qualitat seleccionats per al benestar i la felicitat.","og_url":"https:\/\/guautastik.com\/ca\/lima-de-unas-para-perros-y-gatos-con-cortaunas-y-muela-de-diamante-extra-silencioso-y-seguro-bateria-recargable-usb-y-cable-2-velocidades-cuidado-de-patas-gatos-y-perros-de-todos-los-tamanos\/","og_site_name":"Guautastik","article_modified_time":"2025-11-01T16:01:06+00:00","og_image":[{"width":500,"height":500,"url":"https:\/\/m.media-amazon.com\/images\/I\/31LBvZ5UMNL._SL500_.jpg","type":"image\/jpeg"}],"twitter_card":"summary_large_image","twitter_misc":{"Temps estimat de lectura":"2 minuts"},"schema":{"@context":"https:\/\/schema.org","@graph":[{"@type":"WebPage","@id":"https:\/\/guautastik.com\/ca\/lima-de-unas-para-perros-y-gatos-con-cortaunas-y-muela-de-diamante-extra-silencioso-y-seguro-bateria-recargable-usb-y-cable-2-velocidades-cuidado-de-patas-gatos-y-perros-de-todos-los-tamanos\/","url":"https:\/\/guautastik.com\/ca\/lima-de-unas-para-perros-y-gatos-con-cortaunas-y-muela-de-diamante-extra-silencioso-y-seguro-bateria-recargable-usb-y-cable-2-velocidades-cuidado-de-patas-gatos-y-perros-de-todos-los-tamanos\/","name":"Lima de U\u00c3\u00b1as Para Perros y Gatos, Con Corta\u00c3\u00ba\u00c3\u00b1as y Muela de Diamante Extra, Silencioso y Seguro - Bater\u00c3\u00ada Recargable, USB y Cable, 2 Velocidades, Cuidado de Patas Gatos y Perros de Todos los Tama\u00c3\u00b1os - Guautastik","isPartOf":{"@id":"https:\/\/guautastik.com\/ca\/#website"},"primaryImageOfPage":{"@id":"https:\/\/guautastik.com\/ca\/lima-de-unas-para-perros-y-gatos-con-cortaunas-y-muela-de-diamante-extra-silencioso-y-seguro-bateria-recargable-usb-y-cable-2-velocidades-cuidado-de-patas-gatos-y-perros-de-todos-los-tamanos\/#primaryimage"},"image":{"@id":"https:\/\/guautastik.com\/ca\/lima-de-unas-para-perros-y-gatos-con-cortaunas-y-muela-de-diamante-extra-silencioso-y-seguro-bateria-recargable-usb-y-cable-2-velocidades-cuidado-de-patas-gatos-y-perros-de-todos-los-tamanos\/#primaryimage"},"thumbnailUrl":"https:\/\/m.media-amazon.com\/images\/I\/31LBvZ5UMNL._SL500_.jpg","datePublished":"2025-10-03T04:54:01+00:00","dateModified":"2025-11-01T16:01:06+00:00","description":"Troba llits, joguines, menjar i accessoris per a gossos a Guautastik \ud83d\udc3e. Productes de qualitat seleccionats per al benestar i la felicitat.","breadcrumb":{"@id":"https:\/\/guautastik.com\/ca\/lima-de-unas-para-perros-y-gatos-con-cortaunas-y-muela-de-diamante-extra-silencioso-y-seguro-bateria-recargable-usb-y-cable-2-velocidades-cuidado-de-patas-gatos-y-perros-de-todos-los-tamanos\/#breadcrumb"},"inLanguage":"ca","potentialAction":[{"@type":"ReadAction","target":["https:\/\/guautastik.com\/ca\/lima-de-unas-para-perros-y-gatos-con-cortaunas-y-muela-de-diamante-extra-silencioso-y-seguro-bateria-recargable-usb-y-cable-2-velocidades-cuidado-de-patas-gatos-y-perros-de-todos-los-tamanos\/"]}]},{"@type":"ImageObject","inLanguage":"ca","@id":"https:\/\/guautastik.com\/ca\/lima-de-unas-para-perros-y-gatos-con-cortaunas-y-muela-de-diamante-extra-silencioso-y-seguro-bateria-recargable-usb-y-cable-2-velocidades-cuidado-de-patas-gatos-y-perros-de-todos-los-tamanos\/#primaryimage","url":"https:\/\/m.media-amazon.com\/images\/I\/31LBvZ5UMNL._SL500_.jpg","contentUrl":"https:\/\/m.media-amazon.com\/images\/I\/31LBvZ5UMNL._SL500_.jpg","width":500,"height":500},{"@type":"BreadcrumbList","@id":"https:\/\/guautastik.com\/ca\/lima-de-unas-para-perros-y-gatos-con-cortaunas-y-muela-de-diamante-extra-silencioso-y-seguro-bateria-recargable-usb-y-cable-2-velocidades-cuidado-de-patas-gatos-y-perros-de-todos-los-tamanos\/#breadcrumb","itemListElement":[{"@type":"ListItem","position":1,"name":"Home","item":"https:\/\/guautastik.com\/ca\/"},{"@type":"ListItem","position":2,"name":"Shop","item":"https:\/\/guautastik.com\/ca\/shop\/"},{"@type":"ListItem","position":3,"name":"Lima de U\u00c3\u00b1as Para Perros y Gatos..."}]},{"@type":"WebSite","@id":"https:\/\/guautastik.com\/ca\/#website","url":"https:\/\/guautastik.com\/ca\/","name":"Guautastik","description":"Millors Productes, Joguines i Accessoris per a Gossos","publisher":{"@id":"https:\/\/guautastik.com\/ca\/#organization"},"potentialAction":[{"@type":"SearchAction","target":{"@type":"EntryPoint","urlTemplate":"https:\/\/guautastik.com\/ca\/?s={search_term_string}"},"query-input":{"@type":"PropertyValueSpecification","valueRequired":true,"valueName":"search_term_string"}}],"inLanguage":"ca"},{"@type":"Organization","@id":"https:\/\/guautastik.com\/ca\/#organization","name":"Guautastik","url":"https:\/\/guautastik.com\/ca\/","logo":{"@type":"ImageObject","inLanguage":"ca","@id":"https:\/\/guautastik.com\/ca\/#\/schema\/logo\/image\/","url":"https:\/\/guautastik.com\/ca\/wp-content\/uploads\/2026\/01\/Screenshot_2026-01-13_at_8.13.08_AM-removebg-preview.png","contentUrl":"https:\/\/guautastik.com\/ca\/wp-content\/uploads\/2026\/01\/Screenshot_2026-01-13_at_8.13.08_AM-removebg-preview.png","width":762,"height":232,"caption":"Guautastik"},"image":{"@id":"https:\/\/guautastik.com\/ca\/#\/schema\/logo\/image\/"}}]}},"_links":{"self":[{"href":"https:\/\/guautastik.com\/ca\/wp-json\/wp\/v2\/product\/1002","targetHints":{"allow":["GET"]}}],"collection":[{"href":"https:\/\/guautastik.com\/ca\/wp-json\/wp\/v2\/product"}],"about":[{"href":"https:\/\/guautastik.com\/ca\/wp-json\/wp\/v2\/types\/product"}],"wp:featuredmedia":[{"embeddable":true,"href":"https:\/\/guautastik.com\/ca\/wp-json\/wp\/v2\/media\/1003"}],"wp:attachment":[{"href":"https:\/\/guautastik.com\/ca\/wp-json\/wp\/v2\/media?parent=1002"}],"wp:term":[{"taxonomy":"store","embeddable":true,"href":"https:\/\/guautastik.com\/ca\/wp-json\/wp\/v2\/store?post=1002"},{"taxonomy":"product_brand","embeddable":true,"href":"https:\/\/guautastik.com\/ca\/wp-json\/wp\/v2\/product_brand?post=1002"},{"taxonomy":"product_cat","embeddable":true,"href":"https:\/\/guautastik.com\/ca\/wp-json\/wp\/v2\/product_cat?post=1002"},{"taxonomy":"product_tag","embeddable":true,"href":"https:\/\/guautastik.com\/ca\/wp-json\/wp\/v2\/product_tag?post=1002"}],"curies":[{"name":"wp","href":"https:\/\/api.w.org\/{rel}","templated":true}]}}