{"id":1030,"date":"2025-10-03T04:54:12","date_gmt":"2025-10-03T04:54:12","guid":{"rendered":"https:\/\/guautastik.com\/ca\/product\/manda-cortaunas-perro-cortaunas-gato-lima-bebedero-portatil-cortaunas-para-mascotas-tijeras-para-perros-y-gatos-grandes-y-pequenos-cat-and-dog-nail-clippers\/"},"modified":"2025-10-03T05:07:45","modified_gmt":"2025-10-03T05:07:45","slug":"manda-cortaunas-perro-cortaunas-gato-lima-bebedero-portatil-cortaunas-para-mascotas-tijeras-para-perros-y-gatos-grandes-y-pequenos-cat-and-dog-nail-clippers","status":"publish","type":"product","link":"https:\/\/guautastik.com\/ca\/manda-cortaunas-perro-cortaunas-gato-lima-bebedero-portatil-cortaunas-para-mascotas-tijeras-para-perros-y-gatos-grandes-y-pequenos-cat-and-dog-nail-clippers\/","title":{"rendered":"MandA| Cortau\u00f1as Perro\/Cortau\u00f1as ..."},"content":{"rendered":"<p>&#8211; \ud83d\udc36 \ud83d\udc31 CORTADOR DE U\u00d1AS PARA PERROS Y GATOS: Este producto incluye un cortador de u\u00f1as profesional, unas tijeras para recortar el pelo de las patas y un limador de u\u00f1as para suavizar los bordes. Es ideal para el cuidado e higiene de tus mascotas.<br \/>\n&#8211; \u2714\ufe0f F\u00c1CIL Y SEGURO DE USAR: El cortador de u\u00f1as tiene un dise\u00f1o ergon\u00f3mico y antideslizante que te permite sujetarlo c\u00f3modamente y con precisi\u00f3n. Adem\u00e1s, cuenta con un protector de seguridad que evita cortar demasiado la u\u00f1a y causar sangrado o dolor a tu mascota.<br \/>\n&#8211; \ud83d\udc29 \ud83d\udc15 \ud83d\udc08 ADECUADO PARA TODO TIPO DE U\u00d1AS: El cortador de u\u00f1as es v\u00e1lido para perros y gatos de cualquier tama\u00f1o y raza, ya que tiene una cuchilla afilada y resistente que puede cortar u\u00f1as gruesas y duras. Tambi\u00e9n puedes usar las tijeras para recortar el pelo de las patas y evitar que se enrede o se ensucie.<br \/>\n&#8211; \ud83c\udf81 LIMADOR DE U\u00d1AS INCLUIDO: Despu\u00e9s de cortar las u\u00f1as, puedes usar el limador de u\u00f1as para suavizar los bordes y evitar que se astillen o se rompan. El limador de u\u00f1as tiene una superficie rugosa que elimina las asperezas y deja las u\u00f1as lisas y bonitas.<br \/>\n-\ud83d\udc4d CUIDA LA SALUD DE TUS MASCOTAS: Unas u\u00f1as largas o mal cortadas pueden causar problemas de salud a tus perros y gatos, como infecciones, inflamaciones, cojeras o ara\u00f1azos. Con este producto, podr\u00e1s mantener las u\u00f1as de tus mascotas en perfecto estado y evitar complicaciones.<br \/>\n<div class=\"main-cross-sell\" data-asin=\"B0CSKNGH5C\">\n\n\t<div class=\"WooZone-cross-sell-loader\">\n\t\t<div>\n\t\t\t<div id=\"floatingBarsG\">\n\t\t\t\t<div class=\"blockG\" id=\"rotateG_01\"><\/div>\n\t\t\t\t<div class=\"blockG\" id=\"rotateG_02\"><\/div>\n\t\t\t\t<div class=\"blockG\" id=\"rotateG_03\"><\/div>\n\t\t\t\t<div class=\"blockG\" id=\"rotateG_04\"><\/div>\n\t\t\t\t<div class=\"blockG\" id=\"rotateG_05\"><\/div>\n\t\t\t\t<div class=\"blockG\" id=\"rotateG_06\"><\/div>\n\t\t\t\t<div class=\"blockG\" id=\"rotateG_07\"><\/div>\n\t\t\t\t<div class=\"blockG\" id=\"rotateG_08\"><\/div>\n\t\t\t<\/div>\n\t\t\t<div class=\"WooZone-cross-sell-loader-text\"><\/div>\n\t\t<\/div>\n\t<\/div>\n\n\t\t\n<\/div>\n<div style=\"clear:both;\"><\/div><\/p>\n","protected":false},"excerpt":{"rendered":"<p>&#8211; \ud83d\udc36 \ud83d\udc31 CORTADOR DE U\u00d1AS PARA PERROS Y GATOS: Este producto incluye un cortador de u\u00f1as profesional, unas tijeras para recortar el pelo de las patas y un limador de u\u00f1as para suavizar los bordes. Es ideal para el cuidado e higiene de tus mascotas.<br \/>\n&#8211; \u2714\ufe0f F\u00c1CIL Y SEGURO DE USAR: El cortador de u\u00f1as tiene un dise\u00f1o ergon\u00f3mico y antideslizante que te permite sujetarlo c\u00f3modamente y con precisi\u00f3n. Adem\u00e1s, cuenta con un protector de seguridad que evita cortar demasiado la u\u00f1a y causar sangrado o dolor a tu mascota.<br \/>\n&#8211; \ud83d\udc29 \ud83d\udc15 \ud83d\udc08 ADECUADO PARA TODO TIPO DE U\u00d1AS: El cortador de u\u00f1as es v\u00e1lido para perros y gatos de cualquier tama\u00f1o y raza, ya que tiene una cuchilla afilada y resistente que puede cortar u\u00f1as gruesas y duras. Tambi\u00e9n puedes usar las tijeras para recortar el pelo de las patas y evitar que se enrede o se ensucie.<\/p>\n","protected":false},"featured_media":1031,"template":"","meta":[],"store":[],"product_brand":[],"product_cat":[70,73],"product_tag":[],"class_list":{"0":"post-1030","1":"product","2":"type-product","3":"status-publish","4":"has-post-thumbnail","6":"product_cat-mas-productos","7":"product_cat-cepillos-y-cortaunas","8":"pa_binding-varios","9":"pa_brand-manda","10":"pa_height-0-9055118101-pulgadas","11":"pa_length-5-905511805-pulgadas","12":"pa_manufacturer-manda","13":"pa_product-group-productos-para-animales","14":"pa_weight-0-2-kilogramos","15":"pa_width-7-87401574-pulgadas","17":"first","18":"instock","19":"sale","20":"shipping-taxable","21":"product-type-external"},"yoast_head":"<!-- This site is optimized with the Yoast SEO plugin v26.0 - https:\/\/yoast.com\/wordpress\/plugins\/seo\/ -->\n<title>MandA| Cortau\u00f1as Perro\/Cortau\u00f1as Gato + Lima + Bebedero portatil. Cortau\u00f1as para Mascotas. Tijeras para Perros y Gatos Grandes y peque\u00f1os. | Cat and Dog Nail Clippers | - Guautastik<\/title>\n<meta name=\"description\" content=\"Troba llits, joguines, menjar i accessoris per a gossos a Guautastik \ud83d\udc3e. Productes de qualitat seleccionats per al benestar i la felicitat.\" \/>\n<meta name=\"robots\" content=\"index, follow, max-snippet:-1, max-image-preview:large, max-video-preview:-1\" \/>\n<link rel=\"canonical\" href=\"https:\/\/guautastik.com\/ca\/manda-cortaunas-perro-cortaunas-gato-lima-bebedero-portatil-cortaunas-para-mascotas-tijeras-para-perros-y-gatos-grandes-y-pequenos-cat-and-dog-nail-clippers\/\" \/>\n<meta property=\"og:locale\" content=\"ca_ES\" \/>\n<meta property=\"og:type\" content=\"article\" \/>\n<meta property=\"og:title\" content=\"MandA| Cortau\u00f1as Perro\/Cortau\u00f1as Gato + Lima + Bebedero portatil. Cortau\u00f1as para Mascotas. Tijeras para Perros y Gatos Grandes y peque\u00f1os. | Cat and Dog Nail Clippers | - Guautastik\" \/>\n<meta property=\"og:description\" content=\"Troba llits, joguines, menjar i accessoris per a gossos a Guautastik \ud83d\udc3e. Productes de qualitat seleccionats per al benestar i la felicitat.\" \/>\n<meta property=\"og:url\" content=\"https:\/\/guautastik.com\/ca\/manda-cortaunas-perro-cortaunas-gato-lima-bebedero-portatil-cortaunas-para-mascotas-tijeras-para-perros-y-gatos-grandes-y-pequenos-cat-and-dog-nail-clippers\/\" \/>\n<meta property=\"og:site_name\" content=\"Guautastik\" \/>\n<meta property=\"article:modified_time\" content=\"2025-10-03T05:07:45+00:00\" \/>\n<meta property=\"og:image\" content=\"https:\/\/m.media-amazon.com\/images\/I\/41WDbHs1x0L._SL500_.jpg\" \/>\n\t<meta property=\"og:image:width\" content=\"500\" \/>\n\t<meta property=\"og:image:height\" content=\"500\" \/>\n\t<meta property=\"og:image:type\" content=\"image\/jpeg\" \/>\n<meta name=\"twitter:card\" content=\"summary_large_image\" \/>\n<meta name=\"twitter:label1\" content=\"Temps estimat de lectura\" \/>\n\t<meta name=\"twitter:data1\" content=\"1 minut\" \/>\n<script type=\"application\/ld+json\" class=\"yoast-schema-graph\">{\"@context\":\"https:\/\/schema.org\",\"@graph\":[{\"@type\":\"WebPage\",\"@id\":\"https:\/\/guautastik.com\/ca\/manda-cortaunas-perro-cortaunas-gato-lima-bebedero-portatil-cortaunas-para-mascotas-tijeras-para-perros-y-gatos-grandes-y-pequenos-cat-and-dog-nail-clippers\/\",\"url\":\"https:\/\/guautastik.com\/ca\/manda-cortaunas-perro-cortaunas-gato-lima-bebedero-portatil-cortaunas-para-mascotas-tijeras-para-perros-y-gatos-grandes-y-pequenos-cat-and-dog-nail-clippers\/\",\"name\":\"MandA| Cortau\u00f1as Perro\/Cortau\u00f1as Gato + Lima + Bebedero portatil. Cortau\u00f1as para Mascotas. Tijeras para Perros y Gatos Grandes y peque\u00f1os. | Cat and Dog Nail Clippers | - Guautastik\",\"isPartOf\":{\"@id\":\"https:\/\/guautastik.com\/ca\/#website\"},\"primaryImageOfPage\":{\"@id\":\"https:\/\/guautastik.com\/ca\/manda-cortaunas-perro-cortaunas-gato-lima-bebedero-portatil-cortaunas-para-mascotas-tijeras-para-perros-y-gatos-grandes-y-pequenos-cat-and-dog-nail-clippers\/#primaryimage\"},\"image\":{\"@id\":\"https:\/\/guautastik.com\/ca\/manda-cortaunas-perro-cortaunas-gato-lima-bebedero-portatil-cortaunas-para-mascotas-tijeras-para-perros-y-gatos-grandes-y-pequenos-cat-and-dog-nail-clippers\/#primaryimage\"},\"thumbnailUrl\":\"https:\/\/m.media-amazon.com\/images\/I\/41WDbHs1x0L._SL500_.jpg\",\"datePublished\":\"2025-10-03T04:54:12+00:00\",\"dateModified\":\"2025-10-03T05:07:45+00:00\",\"description\":\"Troba llits, joguines, menjar i accessoris per a gossos a Guautastik \ud83d\udc3e. Productes de qualitat seleccionats per al benestar i la felicitat.\",\"breadcrumb\":{\"@id\":\"https:\/\/guautastik.com\/ca\/manda-cortaunas-perro-cortaunas-gato-lima-bebedero-portatil-cortaunas-para-mascotas-tijeras-para-perros-y-gatos-grandes-y-pequenos-cat-and-dog-nail-clippers\/#breadcrumb\"},\"inLanguage\":\"ca\",\"potentialAction\":[{\"@type\":\"ReadAction\",\"target\":[\"https:\/\/guautastik.com\/ca\/manda-cortaunas-perro-cortaunas-gato-lima-bebedero-portatil-cortaunas-para-mascotas-tijeras-para-perros-y-gatos-grandes-y-pequenos-cat-and-dog-nail-clippers\/\"]}]},{\"@type\":\"ImageObject\",\"inLanguage\":\"ca\",\"@id\":\"https:\/\/guautastik.com\/ca\/manda-cortaunas-perro-cortaunas-gato-lima-bebedero-portatil-cortaunas-para-mascotas-tijeras-para-perros-y-gatos-grandes-y-pequenos-cat-and-dog-nail-clippers\/#primaryimage\",\"url\":\"https:\/\/m.media-amazon.com\/images\/I\/41WDbHs1x0L._SL500_.jpg\",\"contentUrl\":\"https:\/\/m.media-amazon.com\/images\/I\/41WDbHs1x0L._SL500_.jpg\",\"width\":500,\"height\":500},{\"@type\":\"BreadcrumbList\",\"@id\":\"https:\/\/guautastik.com\/ca\/manda-cortaunas-perro-cortaunas-gato-lima-bebedero-portatil-cortaunas-para-mascotas-tijeras-para-perros-y-gatos-grandes-y-pequenos-cat-and-dog-nail-clippers\/#breadcrumb\",\"itemListElement\":[{\"@type\":\"ListItem\",\"position\":1,\"name\":\"Home\",\"item\":\"https:\/\/guautastik.com\/ca\/\"},{\"@type\":\"ListItem\",\"position\":2,\"name\":\"Shop\",\"item\":\"https:\/\/guautastik.com\/ca\/shop\/\"},{\"@type\":\"ListItem\",\"position\":3,\"name\":\"MandA| Cortau\u00f1as Perro\/Cortau\u00f1as ...\"}]},{\"@type\":\"WebSite\",\"@id\":\"https:\/\/guautastik.com\/ca\/#website\",\"url\":\"https:\/\/guautastik.com\/ca\/\",\"name\":\"Guautastik\",\"description\":\"Millors Productes, Joguines i Accessoris per a Gossos\",\"publisher\":{\"@id\":\"https:\/\/guautastik.com\/ca\/#organization\"},\"potentialAction\":[{\"@type\":\"SearchAction\",\"target\":{\"@type\":\"EntryPoint\",\"urlTemplate\":\"https:\/\/guautastik.com\/ca\/?s={search_term_string}\"},\"query-input\":{\"@type\":\"PropertyValueSpecification\",\"valueRequired\":true,\"valueName\":\"search_term_string\"}}],\"inLanguage\":\"ca\"},{\"@type\":\"Organization\",\"@id\":\"https:\/\/guautastik.com\/ca\/#organization\",\"name\":\"Guautastik\",\"url\":\"https:\/\/guautastik.com\/ca\/\",\"logo\":{\"@type\":\"ImageObject\",\"inLanguage\":\"ca\",\"@id\":\"https:\/\/guautastik.com\/ca\/#\/schema\/logo\/image\/\",\"url\":\"https:\/\/guautastik.com\/ca\/wp-content\/uploads\/2026\/01\/Screenshot_2026-01-13_at_8.13.08_AM-removebg-preview.png\",\"contentUrl\":\"https:\/\/guautastik.com\/ca\/wp-content\/uploads\/2026\/01\/Screenshot_2026-01-13_at_8.13.08_AM-removebg-preview.png\",\"width\":762,\"height\":232,\"caption\":\"Guautastik\"},\"image\":{\"@id\":\"https:\/\/guautastik.com\/ca\/#\/schema\/logo\/image\/\"}}]}<\/script>\n<!-- \/ Yoast SEO plugin. -->","yoast_head_json":{"title":"MandA| Cortau\u00f1as Perro\/Cortau\u00f1as Gato + Lima + Bebedero portatil. Cortau\u00f1as para Mascotas. Tijeras para Perros y Gatos Grandes y peque\u00f1os. | Cat and Dog Nail Clippers | - Guautastik","description":"Troba llits, joguines, menjar i accessoris per a gossos a Guautastik \ud83d\udc3e. Productes de qualitat seleccionats per al benestar i la felicitat.","robots":{"index":"index","follow":"follow","max-snippet":"max-snippet:-1","max-image-preview":"max-image-preview:large","max-video-preview":"max-video-preview:-1"},"canonical":"https:\/\/guautastik.com\/ca\/manda-cortaunas-perro-cortaunas-gato-lima-bebedero-portatil-cortaunas-para-mascotas-tijeras-para-perros-y-gatos-grandes-y-pequenos-cat-and-dog-nail-clippers\/","og_locale":"ca_ES","og_type":"article","og_title":"MandA| Cortau\u00f1as Perro\/Cortau\u00f1as Gato + Lima + Bebedero portatil. Cortau\u00f1as para Mascotas. Tijeras para Perros y Gatos Grandes y peque\u00f1os. | Cat and Dog Nail Clippers | - Guautastik","og_description":"Troba llits, joguines, menjar i accessoris per a gossos a Guautastik \ud83d\udc3e. Productes de qualitat seleccionats per al benestar i la felicitat.","og_url":"https:\/\/guautastik.com\/ca\/manda-cortaunas-perro-cortaunas-gato-lima-bebedero-portatil-cortaunas-para-mascotas-tijeras-para-perros-y-gatos-grandes-y-pequenos-cat-and-dog-nail-clippers\/","og_site_name":"Guautastik","article_modified_time":"2025-10-03T05:07:45+00:00","og_image":[{"width":500,"height":500,"url":"https:\/\/m.media-amazon.com\/images\/I\/41WDbHs1x0L._SL500_.jpg","type":"image\/jpeg"}],"twitter_card":"summary_large_image","twitter_misc":{"Temps estimat de lectura":"1 minut"},"schema":{"@context":"https:\/\/schema.org","@graph":[{"@type":"WebPage","@id":"https:\/\/guautastik.com\/ca\/manda-cortaunas-perro-cortaunas-gato-lima-bebedero-portatil-cortaunas-para-mascotas-tijeras-para-perros-y-gatos-grandes-y-pequenos-cat-and-dog-nail-clippers\/","url":"https:\/\/guautastik.com\/ca\/manda-cortaunas-perro-cortaunas-gato-lima-bebedero-portatil-cortaunas-para-mascotas-tijeras-para-perros-y-gatos-grandes-y-pequenos-cat-and-dog-nail-clippers\/","name":"MandA| Cortau\u00f1as Perro\/Cortau\u00f1as Gato + Lima + Bebedero portatil. Cortau\u00f1as para Mascotas. Tijeras para Perros y Gatos Grandes y peque\u00f1os. | Cat and Dog Nail Clippers | - Guautastik","isPartOf":{"@id":"https:\/\/guautastik.com\/ca\/#website"},"primaryImageOfPage":{"@id":"https:\/\/guautastik.com\/ca\/manda-cortaunas-perro-cortaunas-gato-lima-bebedero-portatil-cortaunas-para-mascotas-tijeras-para-perros-y-gatos-grandes-y-pequenos-cat-and-dog-nail-clippers\/#primaryimage"},"image":{"@id":"https:\/\/guautastik.com\/ca\/manda-cortaunas-perro-cortaunas-gato-lima-bebedero-portatil-cortaunas-para-mascotas-tijeras-para-perros-y-gatos-grandes-y-pequenos-cat-and-dog-nail-clippers\/#primaryimage"},"thumbnailUrl":"https:\/\/m.media-amazon.com\/images\/I\/41WDbHs1x0L._SL500_.jpg","datePublished":"2025-10-03T04:54:12+00:00","dateModified":"2025-10-03T05:07:45+00:00","description":"Troba llits, joguines, menjar i accessoris per a gossos a Guautastik \ud83d\udc3e. Productes de qualitat seleccionats per al benestar i la felicitat.","breadcrumb":{"@id":"https:\/\/guautastik.com\/ca\/manda-cortaunas-perro-cortaunas-gato-lima-bebedero-portatil-cortaunas-para-mascotas-tijeras-para-perros-y-gatos-grandes-y-pequenos-cat-and-dog-nail-clippers\/#breadcrumb"},"inLanguage":"ca","potentialAction":[{"@type":"ReadAction","target":["https:\/\/guautastik.com\/ca\/manda-cortaunas-perro-cortaunas-gato-lima-bebedero-portatil-cortaunas-para-mascotas-tijeras-para-perros-y-gatos-grandes-y-pequenos-cat-and-dog-nail-clippers\/"]}]},{"@type":"ImageObject","inLanguage":"ca","@id":"https:\/\/guautastik.com\/ca\/manda-cortaunas-perro-cortaunas-gato-lima-bebedero-portatil-cortaunas-para-mascotas-tijeras-para-perros-y-gatos-grandes-y-pequenos-cat-and-dog-nail-clippers\/#primaryimage","url":"https:\/\/m.media-amazon.com\/images\/I\/41WDbHs1x0L._SL500_.jpg","contentUrl":"https:\/\/m.media-amazon.com\/images\/I\/41WDbHs1x0L._SL500_.jpg","width":500,"height":500},{"@type":"BreadcrumbList","@id":"https:\/\/guautastik.com\/ca\/manda-cortaunas-perro-cortaunas-gato-lima-bebedero-portatil-cortaunas-para-mascotas-tijeras-para-perros-y-gatos-grandes-y-pequenos-cat-and-dog-nail-clippers\/#breadcrumb","itemListElement":[{"@type":"ListItem","position":1,"name":"Home","item":"https:\/\/guautastik.com\/ca\/"},{"@type":"ListItem","position":2,"name":"Shop","item":"https:\/\/guautastik.com\/ca\/shop\/"},{"@type":"ListItem","position":3,"name":"MandA| Cortau\u00f1as Perro\/Cortau\u00f1as ..."}]},{"@type":"WebSite","@id":"https:\/\/guautastik.com\/ca\/#website","url":"https:\/\/guautastik.com\/ca\/","name":"Guautastik","description":"Millors Productes, Joguines i Accessoris per a Gossos","publisher":{"@id":"https:\/\/guautastik.com\/ca\/#organization"},"potentialAction":[{"@type":"SearchAction","target":{"@type":"EntryPoint","urlTemplate":"https:\/\/guautastik.com\/ca\/?s={search_term_string}"},"query-input":{"@type":"PropertyValueSpecification","valueRequired":true,"valueName":"search_term_string"}}],"inLanguage":"ca"},{"@type":"Organization","@id":"https:\/\/guautastik.com\/ca\/#organization","name":"Guautastik","url":"https:\/\/guautastik.com\/ca\/","logo":{"@type":"ImageObject","inLanguage":"ca","@id":"https:\/\/guautastik.com\/ca\/#\/schema\/logo\/image\/","url":"https:\/\/guautastik.com\/ca\/wp-content\/uploads\/2026\/01\/Screenshot_2026-01-13_at_8.13.08_AM-removebg-preview.png","contentUrl":"https:\/\/guautastik.com\/ca\/wp-content\/uploads\/2026\/01\/Screenshot_2026-01-13_at_8.13.08_AM-removebg-preview.png","width":762,"height":232,"caption":"Guautastik"},"image":{"@id":"https:\/\/guautastik.com\/ca\/#\/schema\/logo\/image\/"}}]}},"_links":{"self":[{"href":"https:\/\/guautastik.com\/ca\/wp-json\/wp\/v2\/product\/1030","targetHints":{"allow":["GET"]}}],"collection":[{"href":"https:\/\/guautastik.com\/ca\/wp-json\/wp\/v2\/product"}],"about":[{"href":"https:\/\/guautastik.com\/ca\/wp-json\/wp\/v2\/types\/product"}],"wp:featuredmedia":[{"embeddable":true,"href":"https:\/\/guautastik.com\/ca\/wp-json\/wp\/v2\/media\/1031"}],"wp:attachment":[{"href":"https:\/\/guautastik.com\/ca\/wp-json\/wp\/v2\/media?parent=1030"}],"wp:term":[{"taxonomy":"store","embeddable":true,"href":"https:\/\/guautastik.com\/ca\/wp-json\/wp\/v2\/store?post=1030"},{"taxonomy":"product_brand","embeddable":true,"href":"https:\/\/guautastik.com\/ca\/wp-json\/wp\/v2\/product_brand?post=1030"},{"taxonomy":"product_cat","embeddable":true,"href":"https:\/\/guautastik.com\/ca\/wp-json\/wp\/v2\/product_cat?post=1030"},{"taxonomy":"product_tag","embeddable":true,"href":"https:\/\/guautastik.com\/ca\/wp-json\/wp\/v2\/product_tag?post=1030"}],"curies":[{"name":"wp","href":"https:\/\/api.w.org\/{rel}","templated":true}]}}