{"id":1039,"date":"2025-10-03T04:54:15","date_gmt":"2025-10-03T04:54:15","guid":{"rendered":"https:\/\/guautastik.com\/ca\/product\/wwvvpet-cortaunas-para-mascotas-con-luz-led-para-perros-gatos-recortadora-de-unas-y-garras-electricas-juego-profesional-seguro-con-atrapapuestas-y-lima-de-unas-cuchillas-afiladas-de-sensor-rapido\/"},"modified":"2025-10-03T05:07:45","modified_gmt":"2025-10-03T05:07:45","slug":"wwvvpet-cortaunas-para-mascotas-con-luz-led-para-perros-gatos-recortadora-de-unas-y-garras-electricas-juego-profesional-seguro-con-atrapapuestas-y-lima-de-unas-cuchillas-afiladas-de-sensor-rapido","status":"publish","type":"product","link":"https:\/\/guautastik.com\/ca\/wwvvpet-cortaunas-para-mascotas-con-luz-led-para-perros-gatos-recortadora-de-unas-y-garras-electricas-juego-profesional-seguro-con-atrapapuestas-y-lima-de-unas-cuchillas-afiladas-de-sensor-rapido\/","title":{"rendered":"WWVVPET Corta\u00fa\u00f1as para Mascotas c..."},"content":{"rendered":"<p>Luz LED superbrillante y atrapamu\u00f1ecas: ilumina la l\u00ednea de sangre de las u\u00f1as de colores claros, por lo que puedes recortar las u\u00f1as de las mascotas en el lugar correcto sin da\u00f1arlas. El atrapamu\u00f1ecas transparente ayuda a atrapar recortes de u\u00f1as para una f\u00e1cil limpieza y evita que los recortes de u\u00f1as se salgan por todas partes.<br \/>\nHoja de corte de precisi\u00f3n: el cortau\u00f1as para perro WWVVPET est\u00e1 hecho de cuchillas afiladas de acero inoxidable de alta calidad de 3,5 mm de grosor, lo suficientemente potente como para recortar las u\u00f1as de tus perros o gatos con un solo corte, y permanecer afiladas durante a\u00f1os. Ideal para gatos y perros. Inventado por los amantes de las mascotas con la ayuda de veterinarios.<br \/>\nDise\u00f1o f\u00e1cil de usar: las asas antideslizantes ergon\u00f3micas son fuertes, ligeras y c\u00f3modas. El interruptor de protecci\u00f3n de bloqueo y desbloqueo evita que los ni\u00f1os lo utilicen y es f\u00e1cil de almacenar.<br \/>\nRecargable y gratis lima de u\u00f1as \u2013 dura 10 horas de uso despu\u00e9s de cargar completamente por USB. No requiere bater\u00eda, ahorro de energ\u00eda y protecci\u00f3n del medio ambiente. La lima de u\u00f1as oculta se almacena en el mango te permitir\u00e1 pulir las u\u00f1as afiladas a la perfecci\u00f3n despu\u00e9s de cortar las u\u00f1as.<br \/>\nNota: para u\u00f1as oscuras, la luz LED puede no ayudar a ver la l\u00ednea de sangre claramente. Pero las luces LED pueden iluminar en gran medida la zona de corte para ayudar a ver las u\u00f1as claramente mientras cortas. Si hay alg\u00fan problema con el corta\u00fa\u00f1as para mascotas WWVVPET, por favor p\u00f3ngase en contacto con nosotros para obtener ayuda en lugar de dejar una calificaci\u00f3n.<br \/>\n<div class=\"main-cross-sell\" data-asin=\"B08PNVG8L2\">\n\n\t<div class=\"WooZone-cross-sell-loader\">\n\t\t<div>\n\t\t\t<div id=\"floatingBarsG\">\n\t\t\t\t<div class=\"blockG\" id=\"rotateG_01\"><\/div>\n\t\t\t\t<div class=\"blockG\" id=\"rotateG_02\"><\/div>\n\t\t\t\t<div class=\"blockG\" id=\"rotateG_03\"><\/div>\n\t\t\t\t<div class=\"blockG\" id=\"rotateG_04\"><\/div>\n\t\t\t\t<div class=\"blockG\" id=\"rotateG_05\"><\/div>\n\t\t\t\t<div class=\"blockG\" id=\"rotateG_06\"><\/div>\n\t\t\t\t<div class=\"blockG\" id=\"rotateG_07\"><\/div>\n\t\t\t\t<div class=\"blockG\" id=\"rotateG_08\"><\/div>\n\t\t\t<\/div>\n\t\t\t<div class=\"WooZone-cross-sell-loader-text\"><\/div>\n\t\t<\/div>\n\t<\/div>\n\n\t\t\n<\/div>\n<div style=\"clear:both;\"><\/div><\/p>\n","protected":false},"excerpt":{"rendered":"<p>Luz LED superbrillante y atrapamu\u00f1ecas: ilumina la l\u00ednea de sangre de las u\u00f1as de colores claros, por lo que puedes recortar las u\u00f1as de las mascotas en el lugar correcto sin da\u00f1arlas. El atrapamu\u00f1ecas transparente ayuda a atrapar recortes de u\u00f1as para una f\u00e1cil limpieza y evita que los recortes de u\u00f1as se salgan por todas partes.<br \/>\nHoja de corte de precisi\u00f3n: el cortau\u00f1as para perro WWVVPET est\u00e1 hecho de cuchillas afiladas de acero inoxidable de alta calidad de 3,5 mm de grosor, lo suficientemente potente como para recortar las u\u00f1as de tus perros o gatos con un solo corte, y permanecer afiladas durante a\u00f1os. Ideal para gatos y perros. Inventado por los amantes de las mascotas con la ayuda de veterinarios.<br \/>\nDise\u00f1o f\u00e1cil de usar: las asas antideslizantes ergon\u00f3micas son fuertes, ligeras y c\u00f3modas. El interruptor de protecci\u00f3n de bloqueo y desbloqueo evita que los ni\u00f1os lo utilicen y es f\u00e1cil de almacenar.<\/p>\n","protected":false},"featured_media":1040,"template":"","meta":[],"store":[],"product_brand":[],"product_cat":[70,73],"product_tag":[],"class_list":{"0":"post-1039","1":"product","2":"type-product","3":"status-publish","4":"has-post-thumbnail","6":"product_cat-mas-productos","7":"product_cat-cepillos-y-cortaunas","8":"pa_brand-wwvvpet","9":"pa_contributors-barkley-james-autor","10":"pa_product-group-productos-para-animales","12":"first","13":"instock","14":"sale","15":"shipping-taxable","16":"product-type-external"},"yoast_head":"<!-- This site is optimized with the Yoast SEO plugin v26.0 - https:\/\/yoast.com\/wordpress\/plugins\/seo\/ -->\n<title>WWVVPET Corta\u00fa\u00f1as para Mascotas con luz LED para Perros, Gatos, Recortadora de u\u00f1as y Garras el\u00e9ctricas, Juego Profesional Seguro con atrapapuestas y Lima de u\u00f1as, Cuchillas afiladas de Sensor r\u00e1pido - Guautastik<\/title>\n<meta name=\"description\" content=\"Troba llits, joguines, menjar i accessoris per a gossos a Guautastik \ud83d\udc3e. Productes de qualitat seleccionats per al benestar i la felicitat.\" \/>\n<meta name=\"robots\" content=\"index, follow, max-snippet:-1, max-image-preview:large, max-video-preview:-1\" \/>\n<link rel=\"canonical\" href=\"https:\/\/guautastik.com\/ca\/wwvvpet-cortaunas-para-mascotas-con-luz-led-para-perros-gatos-recortadora-de-unas-y-garras-electricas-juego-profesional-seguro-con-atrapapuestas-y-lima-de-unas-cuchillas-afiladas-de-sensor-rapido\/\" \/>\n<meta property=\"og:locale\" content=\"ca_ES\" \/>\n<meta property=\"og:type\" content=\"article\" \/>\n<meta property=\"og:title\" content=\"WWVVPET Corta\u00fa\u00f1as para Mascotas con luz LED para Perros, Gatos, Recortadora de u\u00f1as y Garras el\u00e9ctricas, Juego Profesional Seguro con atrapapuestas y Lima de u\u00f1as, Cuchillas afiladas de Sensor r\u00e1pido - Guautastik\" \/>\n<meta property=\"og:description\" content=\"Troba llits, joguines, menjar i accessoris per a gossos a Guautastik \ud83d\udc3e. Productes de qualitat seleccionats per al benestar i la felicitat.\" \/>\n<meta property=\"og:url\" content=\"https:\/\/guautastik.com\/ca\/wwvvpet-cortaunas-para-mascotas-con-luz-led-para-perros-gatos-recortadora-de-unas-y-garras-electricas-juego-profesional-seguro-con-atrapapuestas-y-lima-de-unas-cuchillas-afiladas-de-sensor-rapido\/\" \/>\n<meta property=\"og:site_name\" content=\"Guautastik\" \/>\n<meta property=\"article:modified_time\" content=\"2025-10-03T05:07:45+00:00\" \/>\n<meta property=\"og:image\" content=\"https:\/\/m.media-amazon.com\/images\/I\/41GiA9zEfAL._SL500_.jpg\" \/>\n\t<meta property=\"og:image:width\" content=\"500\" \/>\n\t<meta property=\"og:image:height\" content=\"500\" \/>\n\t<meta property=\"og:image:type\" content=\"image\/jpeg\" \/>\n<meta name=\"twitter:card\" content=\"summary_large_image\" \/>\n<meta name=\"twitter:label1\" content=\"Temps estimat de lectura\" \/>\n\t<meta name=\"twitter:data1\" content=\"2 minuts\" \/>\n<script type=\"application\/ld+json\" class=\"yoast-schema-graph\">{\"@context\":\"https:\/\/schema.org\",\"@graph\":[{\"@type\":\"WebPage\",\"@id\":\"https:\/\/guautastik.com\/ca\/wwvvpet-cortaunas-para-mascotas-con-luz-led-para-perros-gatos-recortadora-de-unas-y-garras-electricas-juego-profesional-seguro-con-atrapapuestas-y-lima-de-unas-cuchillas-afiladas-de-sensor-rapido\/\",\"url\":\"https:\/\/guautastik.com\/ca\/wwvvpet-cortaunas-para-mascotas-con-luz-led-para-perros-gatos-recortadora-de-unas-y-garras-electricas-juego-profesional-seguro-con-atrapapuestas-y-lima-de-unas-cuchillas-afiladas-de-sensor-rapido\/\",\"name\":\"WWVVPET Corta\u00fa\u00f1as para Mascotas con luz LED para Perros, Gatos, Recortadora de u\u00f1as y Garras el\u00e9ctricas, Juego Profesional Seguro con atrapapuestas y Lima de u\u00f1as, Cuchillas afiladas de Sensor r\u00e1pido - Guautastik\",\"isPartOf\":{\"@id\":\"https:\/\/guautastik.com\/ca\/#website\"},\"primaryImageOfPage\":{\"@id\":\"https:\/\/guautastik.com\/ca\/wwvvpet-cortaunas-para-mascotas-con-luz-led-para-perros-gatos-recortadora-de-unas-y-garras-electricas-juego-profesional-seguro-con-atrapapuestas-y-lima-de-unas-cuchillas-afiladas-de-sensor-rapido\/#primaryimage\"},\"image\":{\"@id\":\"https:\/\/guautastik.com\/ca\/wwvvpet-cortaunas-para-mascotas-con-luz-led-para-perros-gatos-recortadora-de-unas-y-garras-electricas-juego-profesional-seguro-con-atrapapuestas-y-lima-de-unas-cuchillas-afiladas-de-sensor-rapido\/#primaryimage\"},\"thumbnailUrl\":\"https:\/\/m.media-amazon.com\/images\/I\/41GiA9zEfAL._SL500_.jpg\",\"datePublished\":\"2025-10-03T04:54:15+00:00\",\"dateModified\":\"2025-10-03T05:07:45+00:00\",\"description\":\"Troba llits, joguines, menjar i accessoris per a gossos a Guautastik \ud83d\udc3e. Productes de qualitat seleccionats per al benestar i la felicitat.\",\"breadcrumb\":{\"@id\":\"https:\/\/guautastik.com\/ca\/wwvvpet-cortaunas-para-mascotas-con-luz-led-para-perros-gatos-recortadora-de-unas-y-garras-electricas-juego-profesional-seguro-con-atrapapuestas-y-lima-de-unas-cuchillas-afiladas-de-sensor-rapido\/#breadcrumb\"},\"inLanguage\":\"ca\",\"potentialAction\":[{\"@type\":\"ReadAction\",\"target\":[\"https:\/\/guautastik.com\/ca\/wwvvpet-cortaunas-para-mascotas-con-luz-led-para-perros-gatos-recortadora-de-unas-y-garras-electricas-juego-profesional-seguro-con-atrapapuestas-y-lima-de-unas-cuchillas-afiladas-de-sensor-rapido\/\"]}]},{\"@type\":\"ImageObject\",\"inLanguage\":\"ca\",\"@id\":\"https:\/\/guautastik.com\/ca\/wwvvpet-cortaunas-para-mascotas-con-luz-led-para-perros-gatos-recortadora-de-unas-y-garras-electricas-juego-profesional-seguro-con-atrapapuestas-y-lima-de-unas-cuchillas-afiladas-de-sensor-rapido\/#primaryimage\",\"url\":\"https:\/\/m.media-amazon.com\/images\/I\/41GiA9zEfAL._SL500_.jpg\",\"contentUrl\":\"https:\/\/m.media-amazon.com\/images\/I\/41GiA9zEfAL._SL500_.jpg\",\"width\":500,\"height\":500},{\"@type\":\"BreadcrumbList\",\"@id\":\"https:\/\/guautastik.com\/ca\/wwvvpet-cortaunas-para-mascotas-con-luz-led-para-perros-gatos-recortadora-de-unas-y-garras-electricas-juego-profesional-seguro-con-atrapapuestas-y-lima-de-unas-cuchillas-afiladas-de-sensor-rapido\/#breadcrumb\",\"itemListElement\":[{\"@type\":\"ListItem\",\"position\":1,\"name\":\"Home\",\"item\":\"https:\/\/guautastik.com\/ca\/\"},{\"@type\":\"ListItem\",\"position\":2,\"name\":\"Shop\",\"item\":\"https:\/\/guautastik.com\/ca\/shop\/\"},{\"@type\":\"ListItem\",\"position\":3,\"name\":\"WWVVPET Corta\u00fa\u00f1as para Mascotas c...\"}]},{\"@type\":\"WebSite\",\"@id\":\"https:\/\/guautastik.com\/ca\/#website\",\"url\":\"https:\/\/guautastik.com\/ca\/\",\"name\":\"Guautastik\",\"description\":\"Millors Productes, Joguines i Accessoris per a Gossos\",\"publisher\":{\"@id\":\"https:\/\/guautastik.com\/ca\/#organization\"},\"potentialAction\":[{\"@type\":\"SearchAction\",\"target\":{\"@type\":\"EntryPoint\",\"urlTemplate\":\"https:\/\/guautastik.com\/ca\/?s={search_term_string}\"},\"query-input\":{\"@type\":\"PropertyValueSpecification\",\"valueRequired\":true,\"valueName\":\"search_term_string\"}}],\"inLanguage\":\"ca\"},{\"@type\":\"Organization\",\"@id\":\"https:\/\/guautastik.com\/ca\/#organization\",\"name\":\"Guautastik\",\"url\":\"https:\/\/guautastik.com\/ca\/\",\"logo\":{\"@type\":\"ImageObject\",\"inLanguage\":\"ca\",\"@id\":\"https:\/\/guautastik.com\/ca\/#\/schema\/logo\/image\/\",\"url\":\"https:\/\/guautastik.com\/ca\/wp-content\/uploads\/2026\/01\/Screenshot_2026-01-13_at_8.13.08_AM-removebg-preview.png\",\"contentUrl\":\"https:\/\/guautastik.com\/ca\/wp-content\/uploads\/2026\/01\/Screenshot_2026-01-13_at_8.13.08_AM-removebg-preview.png\",\"width\":762,\"height\":232,\"caption\":\"Guautastik\"},\"image\":{\"@id\":\"https:\/\/guautastik.com\/ca\/#\/schema\/logo\/image\/\"}}]}<\/script>\n<!-- \/ Yoast SEO plugin. -->","yoast_head_json":{"title":"WWVVPET Corta\u00fa\u00f1as para Mascotas con luz LED para Perros, Gatos, Recortadora de u\u00f1as y Garras el\u00e9ctricas, Juego Profesional Seguro con atrapapuestas y Lima de u\u00f1as, Cuchillas afiladas de Sensor r\u00e1pido - Guautastik","description":"Troba llits, joguines, menjar i accessoris per a gossos a Guautastik \ud83d\udc3e. Productes de qualitat seleccionats per al benestar i la felicitat.","robots":{"index":"index","follow":"follow","max-snippet":"max-snippet:-1","max-image-preview":"max-image-preview:large","max-video-preview":"max-video-preview:-1"},"canonical":"https:\/\/guautastik.com\/ca\/wwvvpet-cortaunas-para-mascotas-con-luz-led-para-perros-gatos-recortadora-de-unas-y-garras-electricas-juego-profesional-seguro-con-atrapapuestas-y-lima-de-unas-cuchillas-afiladas-de-sensor-rapido\/","og_locale":"ca_ES","og_type":"article","og_title":"WWVVPET Corta\u00fa\u00f1as para Mascotas con luz LED para Perros, Gatos, Recortadora de u\u00f1as y Garras el\u00e9ctricas, Juego Profesional Seguro con atrapapuestas y Lima de u\u00f1as, Cuchillas afiladas de Sensor r\u00e1pido - Guautastik","og_description":"Troba llits, joguines, menjar i accessoris per a gossos a Guautastik \ud83d\udc3e. Productes de qualitat seleccionats per al benestar i la felicitat.","og_url":"https:\/\/guautastik.com\/ca\/wwvvpet-cortaunas-para-mascotas-con-luz-led-para-perros-gatos-recortadora-de-unas-y-garras-electricas-juego-profesional-seguro-con-atrapapuestas-y-lima-de-unas-cuchillas-afiladas-de-sensor-rapido\/","og_site_name":"Guautastik","article_modified_time":"2025-10-03T05:07:45+00:00","og_image":[{"width":500,"height":500,"url":"https:\/\/m.media-amazon.com\/images\/I\/41GiA9zEfAL._SL500_.jpg","type":"image\/jpeg"}],"twitter_card":"summary_large_image","twitter_misc":{"Temps estimat de lectura":"2 minuts"},"schema":{"@context":"https:\/\/schema.org","@graph":[{"@type":"WebPage","@id":"https:\/\/guautastik.com\/ca\/wwvvpet-cortaunas-para-mascotas-con-luz-led-para-perros-gatos-recortadora-de-unas-y-garras-electricas-juego-profesional-seguro-con-atrapapuestas-y-lima-de-unas-cuchillas-afiladas-de-sensor-rapido\/","url":"https:\/\/guautastik.com\/ca\/wwvvpet-cortaunas-para-mascotas-con-luz-led-para-perros-gatos-recortadora-de-unas-y-garras-electricas-juego-profesional-seguro-con-atrapapuestas-y-lima-de-unas-cuchillas-afiladas-de-sensor-rapido\/","name":"WWVVPET Corta\u00fa\u00f1as para Mascotas con luz LED para Perros, Gatos, Recortadora de u\u00f1as y Garras el\u00e9ctricas, Juego Profesional Seguro con atrapapuestas y Lima de u\u00f1as, Cuchillas afiladas de Sensor r\u00e1pido - Guautastik","isPartOf":{"@id":"https:\/\/guautastik.com\/ca\/#website"},"primaryImageOfPage":{"@id":"https:\/\/guautastik.com\/ca\/wwvvpet-cortaunas-para-mascotas-con-luz-led-para-perros-gatos-recortadora-de-unas-y-garras-electricas-juego-profesional-seguro-con-atrapapuestas-y-lima-de-unas-cuchillas-afiladas-de-sensor-rapido\/#primaryimage"},"image":{"@id":"https:\/\/guautastik.com\/ca\/wwvvpet-cortaunas-para-mascotas-con-luz-led-para-perros-gatos-recortadora-de-unas-y-garras-electricas-juego-profesional-seguro-con-atrapapuestas-y-lima-de-unas-cuchillas-afiladas-de-sensor-rapido\/#primaryimage"},"thumbnailUrl":"https:\/\/m.media-amazon.com\/images\/I\/41GiA9zEfAL._SL500_.jpg","datePublished":"2025-10-03T04:54:15+00:00","dateModified":"2025-10-03T05:07:45+00:00","description":"Troba llits, joguines, menjar i accessoris per a gossos a Guautastik \ud83d\udc3e. Productes de qualitat seleccionats per al benestar i la felicitat.","breadcrumb":{"@id":"https:\/\/guautastik.com\/ca\/wwvvpet-cortaunas-para-mascotas-con-luz-led-para-perros-gatos-recortadora-de-unas-y-garras-electricas-juego-profesional-seguro-con-atrapapuestas-y-lima-de-unas-cuchillas-afiladas-de-sensor-rapido\/#breadcrumb"},"inLanguage":"ca","potentialAction":[{"@type":"ReadAction","target":["https:\/\/guautastik.com\/ca\/wwvvpet-cortaunas-para-mascotas-con-luz-led-para-perros-gatos-recortadora-de-unas-y-garras-electricas-juego-profesional-seguro-con-atrapapuestas-y-lima-de-unas-cuchillas-afiladas-de-sensor-rapido\/"]}]},{"@type":"ImageObject","inLanguage":"ca","@id":"https:\/\/guautastik.com\/ca\/wwvvpet-cortaunas-para-mascotas-con-luz-led-para-perros-gatos-recortadora-de-unas-y-garras-electricas-juego-profesional-seguro-con-atrapapuestas-y-lima-de-unas-cuchillas-afiladas-de-sensor-rapido\/#primaryimage","url":"https:\/\/m.media-amazon.com\/images\/I\/41GiA9zEfAL._SL500_.jpg","contentUrl":"https:\/\/m.media-amazon.com\/images\/I\/41GiA9zEfAL._SL500_.jpg","width":500,"height":500},{"@type":"BreadcrumbList","@id":"https:\/\/guautastik.com\/ca\/wwvvpet-cortaunas-para-mascotas-con-luz-led-para-perros-gatos-recortadora-de-unas-y-garras-electricas-juego-profesional-seguro-con-atrapapuestas-y-lima-de-unas-cuchillas-afiladas-de-sensor-rapido\/#breadcrumb","itemListElement":[{"@type":"ListItem","position":1,"name":"Home","item":"https:\/\/guautastik.com\/ca\/"},{"@type":"ListItem","position":2,"name":"Shop","item":"https:\/\/guautastik.com\/ca\/shop\/"},{"@type":"ListItem","position":3,"name":"WWVVPET Corta\u00fa\u00f1as para Mascotas c..."}]},{"@type":"WebSite","@id":"https:\/\/guautastik.com\/ca\/#website","url":"https:\/\/guautastik.com\/ca\/","name":"Guautastik","description":"Millors Productes, Joguines i Accessoris per a Gossos","publisher":{"@id":"https:\/\/guautastik.com\/ca\/#organization"},"potentialAction":[{"@type":"SearchAction","target":{"@type":"EntryPoint","urlTemplate":"https:\/\/guautastik.com\/ca\/?s={search_term_string}"},"query-input":{"@type":"PropertyValueSpecification","valueRequired":true,"valueName":"search_term_string"}}],"inLanguage":"ca"},{"@type":"Organization","@id":"https:\/\/guautastik.com\/ca\/#organization","name":"Guautastik","url":"https:\/\/guautastik.com\/ca\/","logo":{"@type":"ImageObject","inLanguage":"ca","@id":"https:\/\/guautastik.com\/ca\/#\/schema\/logo\/image\/","url":"https:\/\/guautastik.com\/ca\/wp-content\/uploads\/2026\/01\/Screenshot_2026-01-13_at_8.13.08_AM-removebg-preview.png","contentUrl":"https:\/\/guautastik.com\/ca\/wp-content\/uploads\/2026\/01\/Screenshot_2026-01-13_at_8.13.08_AM-removebg-preview.png","width":762,"height":232,"caption":"Guautastik"},"image":{"@id":"https:\/\/guautastik.com\/ca\/#\/schema\/logo\/image\/"}}]}},"_links":{"self":[{"href":"https:\/\/guautastik.com\/ca\/wp-json\/wp\/v2\/product\/1039","targetHints":{"allow":["GET"]}}],"collection":[{"href":"https:\/\/guautastik.com\/ca\/wp-json\/wp\/v2\/product"}],"about":[{"href":"https:\/\/guautastik.com\/ca\/wp-json\/wp\/v2\/types\/product"}],"wp:featuredmedia":[{"embeddable":true,"href":"https:\/\/guautastik.com\/ca\/wp-json\/wp\/v2\/media\/1040"}],"wp:attachment":[{"href":"https:\/\/guautastik.com\/ca\/wp-json\/wp\/v2\/media?parent=1039"}],"wp:term":[{"taxonomy":"store","embeddable":true,"href":"https:\/\/guautastik.com\/ca\/wp-json\/wp\/v2\/store?post=1039"},{"taxonomy":"product_brand","embeddable":true,"href":"https:\/\/guautastik.com\/ca\/wp-json\/wp\/v2\/product_brand?post=1039"},{"taxonomy":"product_cat","embeddable":true,"href":"https:\/\/guautastik.com\/ca\/wp-json\/wp\/v2\/product_cat?post=1039"},{"taxonomy":"product_tag","embeddable":true,"href":"https:\/\/guautastik.com\/ca\/wp-json\/wp\/v2\/product_tag?post=1039"}],"curies":[{"name":"wp","href":"https:\/\/api.w.org\/{rel}","templated":true}]}}