{"id":1168,"date":"2025-10-03T15:50:07","date_gmt":"2025-10-03T15:50:07","guid":{"rendered":"https:\/\/guautastik.com\/ca\/koku-home-crema-hidratante-vegana-para-almohadillas-perros-y-gatos-cera-y-balsamo-patas-y-nariz-para-perro-hidratante-natural-con-ingredientes-organicos-y-manteca-de-karite-protector-nariz-50ml\/"},"modified":"2025-10-03T15:50:07","modified_gmt":"2025-10-03T15:50:07","slug":"koku-home-crema-hidratante-vegana-para-almohadillas-perros-y-gatos-cera-y-balsamo-patas-y-nariz-para-perro-hidratante-natural-con-ingredientes-organicos-y-manteca-de-karite-protector-nariz-50ml","status":"publish","type":"product","link":"https:\/\/guautastik.com\/ca\/koku-home-crema-hidratante-vegana-para-almohadillas-perros-y-gatos-cera-y-balsamo-patas-y-nariz-para-perro-hidratante-natural-con-ingredientes-organicos-y-manteca-de-karite-protector-nariz-50ml\/","title":{"rendered":"KOKU HOME Crema Hidratante Vegana p..."},"content":{"rendered":"<p>\ud83d\udc3e CUIDADO NATURAL Y VEGANO PARA PATAS Y NARIZ: Este b\u00e1lsamo especial para perros hidrata y protege la piel de la nariz y las almohadillas, ayudando a reparar la sequedad y el agrietamiento. Su f\u00f3rmula vegana, enriquecida con vitamina E, nutre profundamente, brindando bienestar y alivio a tu mascota.<br \/>\n\ud83d\udc3e HIDRATACI\u00d3N INTENSIVA Y PROTECCI\u00d3N DURADERA: El aceite de aguacate y la manteca de karit\u00e9 aportan una hidrataci\u00f3n superior, manteniendo la piel flexible y suave. Es perfecto para proteger las patas del contacto con superficies calientes o fr\u00edas, evitando da\u00f1os y molestias.<br \/>\n\ud83d\udc3e F\u00d3RMULA SEGURA Y RESPETUOSA CON EL PLANETA: Elaborado con ingredientes naturales y org\u00e1nicos, este b\u00e1lsamo es completamente seguro incluso si tu perro lo lame. Su envase reciclable refuerza nuestro compromiso con el medio ambiente, ofreciendo una opci\u00f3n sostenible para el cuidado de tu mascota.<br \/>\n\ud83d\udc3e BIENESTAR Y CONFORT PARA TU MASCOTA: Ideal para el uso diario, este b\u00e1lsamo mantiene las almohadillas y la nariz de tu perro suaves y saludables. Su acci\u00f3n calmante y reparadora ayuda a evitar molestias, garantizando que tu compa\u00f1ero est\u00e9 siempre c\u00f3modo y protegido.<br \/>\n\ud83d\udc3e GARANT\u00cdA: Nuestra prioridad en KOKU HOME es ofrecer una atenci\u00f3n personalizada o consulta sobre nuestros productos. KOKU HOME es una tienda espa\u00f1ola, as\u00ed que no dude en contactar con nosotros para cualquier tipo de incidencia o consulta, obtendr\u00e1 respuesta en 24 horas.<br \/>\n<div class=\"main-cross-sell\" data-asin=\"B0DG4BB9QH\">\n\n\t<div class=\"WooZone-cross-sell-loader\">\n\t\t<div>\n\t\t\t<div id=\"floatingBarsG\">\n\t\t\t\t<div class=\"blockG\" id=\"rotateG_01\"><\/div>\n\t\t\t\t<div class=\"blockG\" id=\"rotateG_02\"><\/div>\n\t\t\t\t<div class=\"blockG\" id=\"rotateG_03\"><\/div>\n\t\t\t\t<div class=\"blockG\" id=\"rotateG_04\"><\/div>\n\t\t\t\t<div class=\"blockG\" id=\"rotateG_05\"><\/div>\n\t\t\t\t<div class=\"blockG\" id=\"rotateG_06\"><\/div>\n\t\t\t\t<div class=\"blockG\" id=\"rotateG_07\"><\/div>\n\t\t\t\t<div class=\"blockG\" id=\"rotateG_08\"><\/div>\n\t\t\t<\/div>\n\t\t\t<div class=\"WooZone-cross-sell-loader-text\"><\/div>\n\t\t<\/div>\n\t<\/div>\n\n\t\t\n<\/div>\n<div style=\"clear:both;\"><\/div><\/p>\n","protected":false},"excerpt":{"rendered":"<p>\ud83d\udc3e CUIDADO NATURAL Y VEGANO PARA PATAS Y NARIZ: Este b\u00e1lsamo especial para perros hidrata y protege la piel de la nariz y las almohadillas, ayudando a reparar la sequedad y el agrietamiento. Su f\u00f3rmula vegana, enriquecida con vitamina E, nutre profundamente, brindando bienestar y alivio a tu mascota.<br \/>\n\ud83d\udc3e HIDRATACI\u00d3N INTENSIVA Y PROTECCI\u00d3N DURADERA: El aceite de aguacate y la manteca de karit\u00e9 aportan una hidrataci\u00f3n superior, manteniendo la piel flexible y suave. Es perfecto para proteger las patas del contacto con superficies calientes o fr\u00edas, evitando da\u00f1os y molestias.<br \/>\n\ud83d\udc3e F\u00d3RMULA SEGURA Y RESPETUOSA CON EL PLANETA: Elaborado con ingredientes naturales y org\u00e1nicos, este b\u00e1lsamo es completamente seguro incluso si tu perro lo lame. Su envase reciclable refuerza nuestro compromiso con el medio ambiente, ofreciendo una opci\u00f3n sostenible para el cuidado de tu mascota.<\/p>\n","protected":false},"featured_media":1169,"template":"","meta":[],"store":[],"product_brand":[],"product_cat":[604,28],"product_tag":[],"class_list":{"0":"post-1168","1":"product","2":"type-product","3":"status-publish","4":"has-post-thumbnail","6":"product_cat-cremas-y-balsamos-para-patas","7":"product_cat-tendencia","8":"pa_binding-varios","9":"pa_brand-koku-home","10":"pa_color-blanco","11":"pa_manufacturer-koku-home","12":"pa_model-628","13":"pa_product-group-productos-para-animales","14":"pa_warranty-2-anos","16":"first","17":"instock","18":"shipping-taxable","19":"product-type-external"},"yoast_head":"<!-- This site is optimized with the Yoast SEO plugin v26.0 - https:\/\/yoast.com\/wordpress\/plugins\/seo\/ -->\n<title>KOKU HOME Crema Hidratante Vegana para Almohadillas Perros Y Gatos | Cera y B\u00e1lsamo Patas y Nariz para Perro, Hidratante Natural con Ingredientes Org\u00e1nicos y Manteca De Karit\u00e9, Protector Nariz | 50ml - Guautastik<\/title>\n<meta name=\"description\" content=\"Troba llits, joguines, menjar i accessoris per a gossos a Guautastik \ud83d\udc3e. Productes de qualitat seleccionats per al benestar i la felicitat.\" \/>\n<meta name=\"robots\" content=\"index, follow, max-snippet:-1, max-image-preview:large, max-video-preview:-1\" \/>\n<link rel=\"canonical\" href=\"https:\/\/guautastik.com\/ca\/koku-home-crema-hidratante-vegana-para-almohadillas-perros-y-gatos-cera-y-balsamo-patas-y-nariz-para-perro-hidratante-natural-con-ingredientes-organicos-y-manteca-de-karite-protector-nariz-50ml\/\" \/>\n<meta property=\"og:locale\" content=\"ca_ES\" \/>\n<meta property=\"og:type\" content=\"article\" \/>\n<meta property=\"og:title\" content=\"KOKU HOME Crema Hidratante Vegana para Almohadillas Perros Y Gatos | Cera y B\u00e1lsamo Patas y Nariz para Perro, Hidratante Natural con Ingredientes Org\u00e1nicos y Manteca De Karit\u00e9, Protector Nariz | 50ml - Guautastik\" \/>\n<meta property=\"og:description\" content=\"Troba llits, joguines, menjar i accessoris per a gossos a Guautastik \ud83d\udc3e. Productes de qualitat seleccionats per al benestar i la felicitat.\" \/>\n<meta property=\"og:url\" content=\"https:\/\/guautastik.com\/ca\/koku-home-crema-hidratante-vegana-para-almohadillas-perros-y-gatos-cera-y-balsamo-patas-y-nariz-para-perro-hidratante-natural-con-ingredientes-organicos-y-manteca-de-karite-protector-nariz-50ml\/\" \/>\n<meta property=\"og:site_name\" content=\"Guautastik\" \/>\n<meta name=\"twitter:card\" content=\"summary_large_image\" \/>\n<meta name=\"twitter:label1\" content=\"Temps estimat de lectura\" \/>\n\t<meta name=\"twitter:data1\" content=\"1 minut\" \/>\n<script type=\"application\/ld+json\" class=\"yoast-schema-graph\">{\"@context\":\"https:\/\/schema.org\",\"@graph\":[{\"@type\":\"WebPage\",\"@id\":\"https:\/\/guautastik.com\/ca\/koku-home-crema-hidratante-vegana-para-almohadillas-perros-y-gatos-cera-y-balsamo-patas-y-nariz-para-perro-hidratante-natural-con-ingredientes-organicos-y-manteca-de-karite-protector-nariz-50ml\/\",\"url\":\"https:\/\/guautastik.com\/ca\/koku-home-crema-hidratante-vegana-para-almohadillas-perros-y-gatos-cera-y-balsamo-patas-y-nariz-para-perro-hidratante-natural-con-ingredientes-organicos-y-manteca-de-karite-protector-nariz-50ml\/\",\"name\":\"KOKU HOME Crema Hidratante Vegana para Almohadillas Perros Y Gatos | Cera y B\u00e1lsamo Patas y Nariz para Perro, Hidratante Natural con Ingredientes Org\u00e1nicos y Manteca De Karit\u00e9, Protector Nariz | 50ml - Guautastik\",\"isPartOf\":{\"@id\":\"https:\/\/guautastik.com\/ca\/#website\"},\"primaryImageOfPage\":{\"@id\":\"https:\/\/guautastik.com\/ca\/koku-home-crema-hidratante-vegana-para-almohadillas-perros-y-gatos-cera-y-balsamo-patas-y-nariz-para-perro-hidratante-natural-con-ingredientes-organicos-y-manteca-de-karite-protector-nariz-50ml\/#primaryimage\"},\"image\":{\"@id\":\"https:\/\/guautastik.com\/ca\/koku-home-crema-hidratante-vegana-para-almohadillas-perros-y-gatos-cera-y-balsamo-patas-y-nariz-para-perro-hidratante-natural-con-ingredientes-organicos-y-manteca-de-karite-protector-nariz-50ml\/#primaryimage\"},\"thumbnailUrl\":\"https:\/\/m.media-amazon.com\/images\/I\/41a+hGlFj+L._SL500_.jpg\",\"datePublished\":\"2025-10-03T15:50:07+00:00\",\"description\":\"Troba llits, joguines, menjar i accessoris per a gossos a Guautastik \ud83d\udc3e. Productes de qualitat seleccionats per al benestar i la felicitat.\",\"breadcrumb\":{\"@id\":\"https:\/\/guautastik.com\/ca\/koku-home-crema-hidratante-vegana-para-almohadillas-perros-y-gatos-cera-y-balsamo-patas-y-nariz-para-perro-hidratante-natural-con-ingredientes-organicos-y-manteca-de-karite-protector-nariz-50ml\/#breadcrumb\"},\"inLanguage\":\"ca\",\"potentialAction\":[{\"@type\":\"ReadAction\",\"target\":[\"https:\/\/guautastik.com\/ca\/koku-home-crema-hidratante-vegana-para-almohadillas-perros-y-gatos-cera-y-balsamo-patas-y-nariz-para-perro-hidratante-natural-con-ingredientes-organicos-y-manteca-de-karite-protector-nariz-50ml\/\"]}]},{\"@type\":\"ImageObject\",\"inLanguage\":\"ca\",\"@id\":\"https:\/\/guautastik.com\/ca\/koku-home-crema-hidratante-vegana-para-almohadillas-perros-y-gatos-cera-y-balsamo-patas-y-nariz-para-perro-hidratante-natural-con-ingredientes-organicos-y-manteca-de-karite-protector-nariz-50ml\/#primaryimage\",\"url\":\"https:\/\/m.media-amazon.com\/images\/I\/41a+hGlFj+L._SL500_.jpg\",\"contentUrl\":\"https:\/\/m.media-amazon.com\/images\/I\/41a+hGlFj+L._SL500_.jpg\",\"width\":500,\"height\":500},{\"@type\":\"BreadcrumbList\",\"@id\":\"https:\/\/guautastik.com\/ca\/koku-home-crema-hidratante-vegana-para-almohadillas-perros-y-gatos-cera-y-balsamo-patas-y-nariz-para-perro-hidratante-natural-con-ingredientes-organicos-y-manteca-de-karite-protector-nariz-50ml\/#breadcrumb\",\"itemListElement\":[{\"@type\":\"ListItem\",\"position\":1,\"name\":\"Home\",\"item\":\"https:\/\/guautastik.com\/ca\/\"},{\"@type\":\"ListItem\",\"position\":2,\"name\":\"Shop\",\"item\":\"https:\/\/guautastik.com\/ca\/shop\/\"},{\"@type\":\"ListItem\",\"position\":3,\"name\":\"KOKU HOME Crema Hidratante Vegana p...\"}]},{\"@type\":\"WebSite\",\"@id\":\"https:\/\/guautastik.com\/ca\/#website\",\"url\":\"https:\/\/guautastik.com\/ca\/\",\"name\":\"Guautastik\",\"description\":\"Millors Productes, Joguines i Accessoris per a Gossos\",\"publisher\":{\"@id\":\"https:\/\/guautastik.com\/ca\/#organization\"},\"potentialAction\":[{\"@type\":\"SearchAction\",\"target\":{\"@type\":\"EntryPoint\",\"urlTemplate\":\"https:\/\/guautastik.com\/ca\/?s={search_term_string}\"},\"query-input\":{\"@type\":\"PropertyValueSpecification\",\"valueRequired\":true,\"valueName\":\"search_term_string\"}}],\"inLanguage\":\"ca\"},{\"@type\":\"Organization\",\"@id\":\"https:\/\/guautastik.com\/ca\/#organization\",\"name\":\"Guautastik\",\"url\":\"https:\/\/guautastik.com\/ca\/\",\"logo\":{\"@type\":\"ImageObject\",\"inLanguage\":\"ca\",\"@id\":\"https:\/\/guautastik.com\/ca\/#\/schema\/logo\/image\/\",\"url\":\"https:\/\/guautastik.com\/ca\/wp-content\/uploads\/2026\/01\/Screenshot_2026-01-13_at_8.13.08_AM-removebg-preview.png\",\"contentUrl\":\"https:\/\/guautastik.com\/ca\/wp-content\/uploads\/2026\/01\/Screenshot_2026-01-13_at_8.13.08_AM-removebg-preview.png\",\"width\":762,\"height\":232,\"caption\":\"Guautastik\"},\"image\":{\"@id\":\"https:\/\/guautastik.com\/ca\/#\/schema\/logo\/image\/\"}}]}<\/script>\n<!-- \/ Yoast SEO plugin. -->","yoast_head_json":{"title":"KOKU HOME Crema Hidratante Vegana para Almohadillas Perros Y Gatos | Cera y B\u00e1lsamo Patas y Nariz para Perro, Hidratante Natural con Ingredientes Org\u00e1nicos y Manteca De Karit\u00e9, Protector Nariz | 50ml - Guautastik","description":"Troba llits, joguines, menjar i accessoris per a gossos a Guautastik \ud83d\udc3e. Productes de qualitat seleccionats per al benestar i la felicitat.","robots":{"index":"index","follow":"follow","max-snippet":"max-snippet:-1","max-image-preview":"max-image-preview:large","max-video-preview":"max-video-preview:-1"},"canonical":"https:\/\/guautastik.com\/ca\/koku-home-crema-hidratante-vegana-para-almohadillas-perros-y-gatos-cera-y-balsamo-patas-y-nariz-para-perro-hidratante-natural-con-ingredientes-organicos-y-manteca-de-karite-protector-nariz-50ml\/","og_locale":"ca_ES","og_type":"article","og_title":"KOKU HOME Crema Hidratante Vegana para Almohadillas Perros Y Gatos | Cera y B\u00e1lsamo Patas y Nariz para Perro, Hidratante Natural con Ingredientes Org\u00e1nicos y Manteca De Karit\u00e9, Protector Nariz | 50ml - Guautastik","og_description":"Troba llits, joguines, menjar i accessoris per a gossos a Guautastik \ud83d\udc3e. Productes de qualitat seleccionats per al benestar i la felicitat.","og_url":"https:\/\/guautastik.com\/ca\/koku-home-crema-hidratante-vegana-para-almohadillas-perros-y-gatos-cera-y-balsamo-patas-y-nariz-para-perro-hidratante-natural-con-ingredientes-organicos-y-manteca-de-karite-protector-nariz-50ml\/","og_site_name":"Guautastik","twitter_card":"summary_large_image","twitter_misc":{"Temps estimat de lectura":"1 minut"},"schema":{"@context":"https:\/\/schema.org","@graph":[{"@type":"WebPage","@id":"https:\/\/guautastik.com\/ca\/koku-home-crema-hidratante-vegana-para-almohadillas-perros-y-gatos-cera-y-balsamo-patas-y-nariz-para-perro-hidratante-natural-con-ingredientes-organicos-y-manteca-de-karite-protector-nariz-50ml\/","url":"https:\/\/guautastik.com\/ca\/koku-home-crema-hidratante-vegana-para-almohadillas-perros-y-gatos-cera-y-balsamo-patas-y-nariz-para-perro-hidratante-natural-con-ingredientes-organicos-y-manteca-de-karite-protector-nariz-50ml\/","name":"KOKU HOME Crema Hidratante Vegana para Almohadillas Perros Y Gatos | Cera y B\u00e1lsamo Patas y Nariz para Perro, Hidratante Natural con Ingredientes Org\u00e1nicos y Manteca De Karit\u00e9, Protector Nariz | 50ml - Guautastik","isPartOf":{"@id":"https:\/\/guautastik.com\/ca\/#website"},"primaryImageOfPage":{"@id":"https:\/\/guautastik.com\/ca\/koku-home-crema-hidratante-vegana-para-almohadillas-perros-y-gatos-cera-y-balsamo-patas-y-nariz-para-perro-hidratante-natural-con-ingredientes-organicos-y-manteca-de-karite-protector-nariz-50ml\/#primaryimage"},"image":{"@id":"https:\/\/guautastik.com\/ca\/koku-home-crema-hidratante-vegana-para-almohadillas-perros-y-gatos-cera-y-balsamo-patas-y-nariz-para-perro-hidratante-natural-con-ingredientes-organicos-y-manteca-de-karite-protector-nariz-50ml\/#primaryimage"},"thumbnailUrl":"https:\/\/m.media-amazon.com\/images\/I\/41a+hGlFj+L._SL500_.jpg","datePublished":"2025-10-03T15:50:07+00:00","description":"Troba llits, joguines, menjar i accessoris per a gossos a Guautastik \ud83d\udc3e. Productes de qualitat seleccionats per al benestar i la felicitat.","breadcrumb":{"@id":"https:\/\/guautastik.com\/ca\/koku-home-crema-hidratante-vegana-para-almohadillas-perros-y-gatos-cera-y-balsamo-patas-y-nariz-para-perro-hidratante-natural-con-ingredientes-organicos-y-manteca-de-karite-protector-nariz-50ml\/#breadcrumb"},"inLanguage":"ca","potentialAction":[{"@type":"ReadAction","target":["https:\/\/guautastik.com\/ca\/koku-home-crema-hidratante-vegana-para-almohadillas-perros-y-gatos-cera-y-balsamo-patas-y-nariz-para-perro-hidratante-natural-con-ingredientes-organicos-y-manteca-de-karite-protector-nariz-50ml\/"]}]},{"@type":"ImageObject","inLanguage":"ca","@id":"https:\/\/guautastik.com\/ca\/koku-home-crema-hidratante-vegana-para-almohadillas-perros-y-gatos-cera-y-balsamo-patas-y-nariz-para-perro-hidratante-natural-con-ingredientes-organicos-y-manteca-de-karite-protector-nariz-50ml\/#primaryimage","url":"https:\/\/m.media-amazon.com\/images\/I\/41a+hGlFj+L._SL500_.jpg","contentUrl":"https:\/\/m.media-amazon.com\/images\/I\/41a+hGlFj+L._SL500_.jpg","width":500,"height":500},{"@type":"BreadcrumbList","@id":"https:\/\/guautastik.com\/ca\/koku-home-crema-hidratante-vegana-para-almohadillas-perros-y-gatos-cera-y-balsamo-patas-y-nariz-para-perro-hidratante-natural-con-ingredientes-organicos-y-manteca-de-karite-protector-nariz-50ml\/#breadcrumb","itemListElement":[{"@type":"ListItem","position":1,"name":"Home","item":"https:\/\/guautastik.com\/ca\/"},{"@type":"ListItem","position":2,"name":"Shop","item":"https:\/\/guautastik.com\/ca\/shop\/"},{"@type":"ListItem","position":3,"name":"KOKU HOME Crema Hidratante Vegana p..."}]},{"@type":"WebSite","@id":"https:\/\/guautastik.com\/ca\/#website","url":"https:\/\/guautastik.com\/ca\/","name":"Guautastik","description":"Millors Productes, Joguines i Accessoris per a Gossos","publisher":{"@id":"https:\/\/guautastik.com\/ca\/#organization"},"potentialAction":[{"@type":"SearchAction","target":{"@type":"EntryPoint","urlTemplate":"https:\/\/guautastik.com\/ca\/?s={search_term_string}"},"query-input":{"@type":"PropertyValueSpecification","valueRequired":true,"valueName":"search_term_string"}}],"inLanguage":"ca"},{"@type":"Organization","@id":"https:\/\/guautastik.com\/ca\/#organization","name":"Guautastik","url":"https:\/\/guautastik.com\/ca\/","logo":{"@type":"ImageObject","inLanguage":"ca","@id":"https:\/\/guautastik.com\/ca\/#\/schema\/logo\/image\/","url":"https:\/\/guautastik.com\/ca\/wp-content\/uploads\/2026\/01\/Screenshot_2026-01-13_at_8.13.08_AM-removebg-preview.png","contentUrl":"https:\/\/guautastik.com\/ca\/wp-content\/uploads\/2026\/01\/Screenshot_2026-01-13_at_8.13.08_AM-removebg-preview.png","width":762,"height":232,"caption":"Guautastik"},"image":{"@id":"https:\/\/guautastik.com\/ca\/#\/schema\/logo\/image\/"}}]}},"_links":{"self":[{"href":"https:\/\/guautastik.com\/ca\/wp-json\/wp\/v2\/product\/1168","targetHints":{"allow":["GET"]}}],"collection":[{"href":"https:\/\/guautastik.com\/ca\/wp-json\/wp\/v2\/product"}],"about":[{"href":"https:\/\/guautastik.com\/ca\/wp-json\/wp\/v2\/types\/product"}],"wp:featuredmedia":[{"embeddable":true,"href":"https:\/\/guautastik.com\/ca\/wp-json\/wp\/v2\/media\/1169"}],"wp:attachment":[{"href":"https:\/\/guautastik.com\/ca\/wp-json\/wp\/v2\/media?parent=1168"}],"wp:term":[{"taxonomy":"store","embeddable":true,"href":"https:\/\/guautastik.com\/ca\/wp-json\/wp\/v2\/store?post=1168"},{"taxonomy":"product_brand","embeddable":true,"href":"https:\/\/guautastik.com\/ca\/wp-json\/wp\/v2\/product_brand?post=1168"},{"taxonomy":"product_cat","embeddable":true,"href":"https:\/\/guautastik.com\/ca\/wp-json\/wp\/v2\/product_cat?post=1168"},{"taxonomy":"product_tag","embeddable":true,"href":"https:\/\/guautastik.com\/ca\/wp-json\/wp\/v2\/product_tag?post=1168"}],"curies":[{"name":"wp","href":"https:\/\/api.w.org\/{rel}","templated":true}]}}