{"id":1181,"date":"2025-10-03T15:50:12","date_gmt":"2025-10-03T15:50:12","guid":{"rendered":"https:\/\/guautastik.com\/ca\/animigo-balsamo-protector-de-almohadillas-y-nariz-de-perros-y-gatos-60-ml-crema-hidratante-natural-con-cera-de-abeja-y-aceites-esenciales-para-irritacion-picores-y-piel-agrietada-y-seca\/"},"modified":"2025-11-01T17:09:40","modified_gmt":"2025-11-01T17:09:40","slug":"animigo-balsamo-protector-de-almohadillas-y-nariz-de-perros-y-gatos-60-ml-crema-hidratante-natural-con-cera-de-abeja-y-aceites-esenciales-para-irritacion-picores-y-piel-agrietada-y-seca","status":"publish","type":"product","link":"https:\/\/guautastik.com\/ca\/animigo-balsamo-protector-de-almohadillas-y-nariz-de-perros-y-gatos-60-ml-crema-hidratante-natural-con-cera-de-abeja-y-aceites-esenciales-para-irritacion-picores-y-piel-agrietada-y-seca\/","title":{"rendered":"Animigo B\u00c3\u00a1lsamo Protector de Alm..."},"content":{"rendered":"<p>B\u00e1lsamo para Perros y Gatos, Protector de Patas y Nariz &#8211; Esta crema para almohadillas y nariz contiene una f\u00f3rmula natural de cera de abejas blancas que ofrece protecci\u00f3n para nariz y almohadillas frente a altas temperaturas, asfalto caliente, nieve, hielo y quemaduras de arena, adem\u00e1s de calmar el picor e irritaci\u00f3n en gatos y perros con pieles sensibles o secas.<br \/>\nMezcla de Aceites para Aliviar Picores y Piel Hidratada &#8211; Nuestra crema para perros y gatos con aceite de coco, jojoba, almendras, lavanda y oliva act\u00faa como una crema hidratante para la piel irritada en patas y nariz y previene sequedad y grietas. Tambi\u00e9n est\u00e1 enriquecido con vitamina E que es un reparador natural para cuidado de la piel en perros y gatos.<br \/>\nCrema para Almohadillas Perros y Gatos de Todas Las Razas &#8211; Nuestra crema protectora de nariz y almohadillas agrietadas es adecuada para gatos y perros peque\u00f1os, medianos y grandes de cualquier raza y edad y recomendado para el cuidado de patas y nariz de mascotas con pieles delicadas ya que nuestro b\u00e1lsamo no causan irritaci\u00f3n ni alergia. No testado en animales.<br \/>\nN\u00f3 T\u00f3xico, F\u00e1cil de Aplicar &#8211; Esta crema solar para perros y gatos es segura de lamer ya que nuestra f\u00f3rmula no tiene t\u00f3xicos ni deja manchas. Adem\u00e1s, es f\u00e1cil de utilizar, primero limpia las patas y el hocico y despu\u00e9s aplica un poco de b\u00e1lsamo en las almohadillas y nariz con un relajante masaje antes de dormir. Se recomienda usarlo 2-3 veces por semana.<br \/>\n\u00bfPor Qu\u00e9 Confiar en Animigo? &#8211; Nuestra pasi\u00f3n por los animales nos ha llevado a elaborar accesorios y productos Pet Care con f\u00f3rmulas avanzadas para cuidar del bienestar y la salud de las mascotas. Contamos con altos est\u00e1ndares de producci\u00f3n que garantizan nuestro compromiso con las personas que desean mejorar la calidad de vida de su mejor amigo.<br \/>\n<div class=\"main-cross-sell\" data-asin=\"B081RTQ1B3\">\n\n\t<div class=\"WooZone-cross-sell-loader\">\n\t\t<div>\n\t\t\t<div id=\"floatingBarsG\">\n\t\t\t\t<div class=\"blockG\" id=\"rotateG_01\"><\/div>\n\t\t\t\t<div class=\"blockG\" id=\"rotateG_02\"><\/div>\n\t\t\t\t<div class=\"blockG\" id=\"rotateG_03\"><\/div>\n\t\t\t\t<div class=\"blockG\" id=\"rotateG_04\"><\/div>\n\t\t\t\t<div class=\"blockG\" id=\"rotateG_05\"><\/div>\n\t\t\t\t<div class=\"blockG\" id=\"rotateG_06\"><\/div>\n\t\t\t\t<div class=\"blockG\" id=\"rotateG_07\"><\/div>\n\t\t\t\t<div class=\"blockG\" id=\"rotateG_08\"><\/div>\n\t\t\t<\/div>\n\t\t\t<div class=\"WooZone-cross-sell-loader-text\"><\/div>\n\t\t<\/div>\n\t<\/div>\n\n\t\t\n<\/div>\n<div style=\"clear:both;\"><\/div><\/p>\n","protected":false},"excerpt":{"rendered":"<p>B\u00e1lsamo para Perros y Gatos, Protector de Patas y Nariz &#8211; Esta crema para almohadillas y nariz contiene una f\u00f3rmula natural de cera de abejas blancas que ofrece protecci\u00f3n para nariz y almohadillas frente a altas temperaturas, asfalto caliente, nieve, hielo y quemaduras de arena, adem\u00e1s de calmar el picor e irritaci\u00f3n en gatos y perros con pieles sensibles o secas.<br \/>\nMezcla de Aceites para Aliviar Picores y Piel Hidratada &#8211; Nuestra crema para perros y gatos con aceite de coco, jojoba, almendras, lavanda y oliva act\u00faa como una crema hidratante para la piel irritada en patas y nariz y previene sequedad y grietas. Tambi\u00e9n est\u00e1 enriquecido con vitamina E que es un reparador natural para cuidado de la piel en perros y gatos.<br \/>\nCrema para Almohadillas Perros y Gatos de Todas Las Razas &#8211; Nuestra crema protectora de nariz y almohadillas agrietadas es adecuada para gatos y perros peque\u00f1os, medianos y grandes de cualquier raza y edad y recomendado para el cuidado de patas y nariz de mascotas con pieles delicadas ya que nuestro b\u00e1lsamo no causan irritaci\u00f3n ni alergia. No testado en animales.<\/p>\n","protected":false},"featured_media":1182,"template":"","meta":[],"store":[],"product_brand":[],"product_cat":[604,28],"product_tag":[],"class_list":{"0":"post-1181","1":"product","2":"type-product","3":"status-publish","4":"has-post-thumbnail","6":"product_cat-cremas-y-balsamos-para-patas","7":"product_cat-tendencia","8":"pa_binding-target","9":"pa_brand-animigo","10":"pa_eans-639","11":"pa_height-1-181102361-pulgadas","12":"pa_languages-idioma-original-ingles-desconocido-ingles-desconocido-aleman-desconocido-italiano-desconocido-frances-desconocido-espanol","13":"pa_length-2-9921259812-pulgadas","14":"pa_manufacturer-comfort-click-ltd","15":"pa_model-641","16":"pa_number-of-items-137","17":"pa_part-number-640","18":"pa_product-group-productos-para-animales","19":"pa_size-60-ml-paquete-de-1","20":"pa_weight-0-18298367746-libras","21":"pa_width-2-9921259812-pulgadas","23":"first","24":"instock","25":"shipping-taxable","26":"product-type-external"},"yoast_head":"<!-- This site is optimized with the Yoast SEO plugin v26.0 - https:\/\/yoast.com\/wordpress\/plugins\/seo\/ -->\n<title>Animigo B\u00c3\u00a1lsamo Protector de Almohadillas y Nariz de Perros y Gatos, 60 ml - Crema Hidratante Natural con Cera de Abeja y Aceites Esenciales, para Irritaci\u00c3\u00b3n, Picores y Piel Agrietada y Seca - Guautastik<\/title>\n<meta name=\"description\" content=\"Troba llits, joguines, menjar i accessoris per a gossos a Guautastik \ud83d\udc3e. Productes de qualitat seleccionats per al benestar i la felicitat.\" \/>\n<meta name=\"robots\" content=\"index, follow, max-snippet:-1, max-image-preview:large, max-video-preview:-1\" \/>\n<link rel=\"canonical\" href=\"https:\/\/guautastik.com\/ca\/animigo-balsamo-protector-de-almohadillas-y-nariz-de-perros-y-gatos-60-ml-crema-hidratante-natural-con-cera-de-abeja-y-aceites-esenciales-para-irritacion-picores-y-piel-agrietada-y-seca\/\" \/>\n<meta property=\"og:locale\" content=\"ca_ES\" \/>\n<meta property=\"og:type\" content=\"article\" \/>\n<meta property=\"og:title\" content=\"Animigo B\u00c3\u00a1lsamo Protector de Almohadillas y Nariz de Perros y Gatos, 60 ml - Crema Hidratante Natural con Cera de Abeja y Aceites Esenciales, para Irritaci\u00c3\u00b3n, Picores y Piel Agrietada y Seca - Guautastik\" \/>\n<meta property=\"og:description\" content=\"Troba llits, joguines, menjar i accessoris per a gossos a Guautastik \ud83d\udc3e. Productes de qualitat seleccionats per al benestar i la felicitat.\" \/>\n<meta property=\"og:url\" content=\"https:\/\/guautastik.com\/ca\/animigo-balsamo-protector-de-almohadillas-y-nariz-de-perros-y-gatos-60-ml-crema-hidratante-natural-con-cera-de-abeja-y-aceites-esenciales-para-irritacion-picores-y-piel-agrietada-y-seca\/\" \/>\n<meta property=\"og:site_name\" content=\"Guautastik\" \/>\n<meta property=\"article:modified_time\" content=\"2025-11-01T17:09:40+00:00\" \/>\n<meta property=\"og:image\" content=\"https:\/\/m.media-amazon.com\/images\/I\/41Z8FJvucKL._SL500_.jpg\" \/>\n\t<meta property=\"og:image:width\" content=\"500\" \/>\n\t<meta property=\"og:image:height\" content=\"500\" \/>\n\t<meta property=\"og:image:type\" content=\"image\/jpeg\" \/>\n<meta name=\"twitter:card\" content=\"summary_large_image\" \/>\n<meta name=\"twitter:label1\" content=\"Temps estimat de lectura\" \/>\n\t<meta name=\"twitter:data1\" content=\"2 minuts\" \/>\n<script type=\"application\/ld+json\" class=\"yoast-schema-graph\">{\"@context\":\"https:\/\/schema.org\",\"@graph\":[{\"@type\":\"WebPage\",\"@id\":\"https:\/\/guautastik.com\/ca\/animigo-balsamo-protector-de-almohadillas-y-nariz-de-perros-y-gatos-60-ml-crema-hidratante-natural-con-cera-de-abeja-y-aceites-esenciales-para-irritacion-picores-y-piel-agrietada-y-seca\/\",\"url\":\"https:\/\/guautastik.com\/ca\/animigo-balsamo-protector-de-almohadillas-y-nariz-de-perros-y-gatos-60-ml-crema-hidratante-natural-con-cera-de-abeja-y-aceites-esenciales-para-irritacion-picores-y-piel-agrietada-y-seca\/\",\"name\":\"Animigo B\u00c3\u00a1lsamo Protector de Almohadillas y Nariz de Perros y Gatos, 60 ml - Crema Hidratante Natural con Cera de Abeja y Aceites Esenciales, para Irritaci\u00c3\u00b3n, Picores y Piel Agrietada y Seca - Guautastik\",\"isPartOf\":{\"@id\":\"https:\/\/guautastik.com\/ca\/#website\"},\"primaryImageOfPage\":{\"@id\":\"https:\/\/guautastik.com\/ca\/animigo-balsamo-protector-de-almohadillas-y-nariz-de-perros-y-gatos-60-ml-crema-hidratante-natural-con-cera-de-abeja-y-aceites-esenciales-para-irritacion-picores-y-piel-agrietada-y-seca\/#primaryimage\"},\"image\":{\"@id\":\"https:\/\/guautastik.com\/ca\/animigo-balsamo-protector-de-almohadillas-y-nariz-de-perros-y-gatos-60-ml-crema-hidratante-natural-con-cera-de-abeja-y-aceites-esenciales-para-irritacion-picores-y-piel-agrietada-y-seca\/#primaryimage\"},\"thumbnailUrl\":\"https:\/\/m.media-amazon.com\/images\/I\/41Z8FJvucKL._SL500_.jpg\",\"datePublished\":\"2025-10-03T15:50:12+00:00\",\"dateModified\":\"2025-11-01T17:09:40+00:00\",\"description\":\"Troba llits, joguines, menjar i accessoris per a gossos a Guautastik \ud83d\udc3e. Productes de qualitat seleccionats per al benestar i la felicitat.\",\"breadcrumb\":{\"@id\":\"https:\/\/guautastik.com\/ca\/animigo-balsamo-protector-de-almohadillas-y-nariz-de-perros-y-gatos-60-ml-crema-hidratante-natural-con-cera-de-abeja-y-aceites-esenciales-para-irritacion-picores-y-piel-agrietada-y-seca\/#breadcrumb\"},\"inLanguage\":\"ca\",\"potentialAction\":[{\"@type\":\"ReadAction\",\"target\":[\"https:\/\/guautastik.com\/ca\/animigo-balsamo-protector-de-almohadillas-y-nariz-de-perros-y-gatos-60-ml-crema-hidratante-natural-con-cera-de-abeja-y-aceites-esenciales-para-irritacion-picores-y-piel-agrietada-y-seca\/\"]}]},{\"@type\":\"ImageObject\",\"inLanguage\":\"ca\",\"@id\":\"https:\/\/guautastik.com\/ca\/animigo-balsamo-protector-de-almohadillas-y-nariz-de-perros-y-gatos-60-ml-crema-hidratante-natural-con-cera-de-abeja-y-aceites-esenciales-para-irritacion-picores-y-piel-agrietada-y-seca\/#primaryimage\",\"url\":\"https:\/\/m.media-amazon.com\/images\/I\/41Z8FJvucKL._SL500_.jpg\",\"contentUrl\":\"https:\/\/m.media-amazon.com\/images\/I\/41Z8FJvucKL._SL500_.jpg\",\"width\":500,\"height\":500},{\"@type\":\"BreadcrumbList\",\"@id\":\"https:\/\/guautastik.com\/ca\/animigo-balsamo-protector-de-almohadillas-y-nariz-de-perros-y-gatos-60-ml-crema-hidratante-natural-con-cera-de-abeja-y-aceites-esenciales-para-irritacion-picores-y-piel-agrietada-y-seca\/#breadcrumb\",\"itemListElement\":[{\"@type\":\"ListItem\",\"position\":1,\"name\":\"Home\",\"item\":\"https:\/\/guautastik.com\/ca\/\"},{\"@type\":\"ListItem\",\"position\":2,\"name\":\"Shop\",\"item\":\"https:\/\/guautastik.com\/ca\/shop\/\"},{\"@type\":\"ListItem\",\"position\":3,\"name\":\"Animigo B\u00c3\u00a1lsamo Protector de Alm...\"}]},{\"@type\":\"WebSite\",\"@id\":\"https:\/\/guautastik.com\/ca\/#website\",\"url\":\"https:\/\/guautastik.com\/ca\/\",\"name\":\"Guautastik\",\"description\":\"Millors Productes, Joguines i Accessoris per a Gossos\",\"publisher\":{\"@id\":\"https:\/\/guautastik.com\/ca\/#organization\"},\"potentialAction\":[{\"@type\":\"SearchAction\",\"target\":{\"@type\":\"EntryPoint\",\"urlTemplate\":\"https:\/\/guautastik.com\/ca\/?s={search_term_string}\"},\"query-input\":{\"@type\":\"PropertyValueSpecification\",\"valueRequired\":true,\"valueName\":\"search_term_string\"}}],\"inLanguage\":\"ca\"},{\"@type\":\"Organization\",\"@id\":\"https:\/\/guautastik.com\/ca\/#organization\",\"name\":\"Guautastik\",\"url\":\"https:\/\/guautastik.com\/ca\/\",\"logo\":{\"@type\":\"ImageObject\",\"inLanguage\":\"ca\",\"@id\":\"https:\/\/guautastik.com\/ca\/#\/schema\/logo\/image\/\",\"url\":\"https:\/\/guautastik.com\/ca\/wp-content\/uploads\/2026\/01\/Screenshot_2026-01-13_at_8.13.08_AM-removebg-preview.png\",\"contentUrl\":\"https:\/\/guautastik.com\/ca\/wp-content\/uploads\/2026\/01\/Screenshot_2026-01-13_at_8.13.08_AM-removebg-preview.png\",\"width\":762,\"height\":232,\"caption\":\"Guautastik\"},\"image\":{\"@id\":\"https:\/\/guautastik.com\/ca\/#\/schema\/logo\/image\/\"}}]}<\/script>\n<!-- \/ Yoast SEO plugin. -->","yoast_head_json":{"title":"Animigo B\u00c3\u00a1lsamo Protector de Almohadillas y Nariz de Perros y Gatos, 60 ml - Crema Hidratante Natural con Cera de Abeja y Aceites Esenciales, para Irritaci\u00c3\u00b3n, Picores y Piel Agrietada y Seca - Guautastik","description":"Troba llits, joguines, menjar i accessoris per a gossos a Guautastik \ud83d\udc3e. Productes de qualitat seleccionats per al benestar i la felicitat.","robots":{"index":"index","follow":"follow","max-snippet":"max-snippet:-1","max-image-preview":"max-image-preview:large","max-video-preview":"max-video-preview:-1"},"canonical":"https:\/\/guautastik.com\/ca\/animigo-balsamo-protector-de-almohadillas-y-nariz-de-perros-y-gatos-60-ml-crema-hidratante-natural-con-cera-de-abeja-y-aceites-esenciales-para-irritacion-picores-y-piel-agrietada-y-seca\/","og_locale":"ca_ES","og_type":"article","og_title":"Animigo B\u00c3\u00a1lsamo Protector de Almohadillas y Nariz de Perros y Gatos, 60 ml - Crema Hidratante Natural con Cera de Abeja y Aceites Esenciales, para Irritaci\u00c3\u00b3n, Picores y Piel Agrietada y Seca - Guautastik","og_description":"Troba llits, joguines, menjar i accessoris per a gossos a Guautastik \ud83d\udc3e. Productes de qualitat seleccionats per al benestar i la felicitat.","og_url":"https:\/\/guautastik.com\/ca\/animigo-balsamo-protector-de-almohadillas-y-nariz-de-perros-y-gatos-60-ml-crema-hidratante-natural-con-cera-de-abeja-y-aceites-esenciales-para-irritacion-picores-y-piel-agrietada-y-seca\/","og_site_name":"Guautastik","article_modified_time":"2025-11-01T17:09:40+00:00","og_image":[{"width":500,"height":500,"url":"https:\/\/m.media-amazon.com\/images\/I\/41Z8FJvucKL._SL500_.jpg","type":"image\/jpeg"}],"twitter_card":"summary_large_image","twitter_misc":{"Temps estimat de lectura":"2 minuts"},"schema":{"@context":"https:\/\/schema.org","@graph":[{"@type":"WebPage","@id":"https:\/\/guautastik.com\/ca\/animigo-balsamo-protector-de-almohadillas-y-nariz-de-perros-y-gatos-60-ml-crema-hidratante-natural-con-cera-de-abeja-y-aceites-esenciales-para-irritacion-picores-y-piel-agrietada-y-seca\/","url":"https:\/\/guautastik.com\/ca\/animigo-balsamo-protector-de-almohadillas-y-nariz-de-perros-y-gatos-60-ml-crema-hidratante-natural-con-cera-de-abeja-y-aceites-esenciales-para-irritacion-picores-y-piel-agrietada-y-seca\/","name":"Animigo B\u00c3\u00a1lsamo Protector de Almohadillas y Nariz de Perros y Gatos, 60 ml - Crema Hidratante Natural con Cera de Abeja y Aceites Esenciales, para Irritaci\u00c3\u00b3n, Picores y Piel Agrietada y Seca - Guautastik","isPartOf":{"@id":"https:\/\/guautastik.com\/ca\/#website"},"primaryImageOfPage":{"@id":"https:\/\/guautastik.com\/ca\/animigo-balsamo-protector-de-almohadillas-y-nariz-de-perros-y-gatos-60-ml-crema-hidratante-natural-con-cera-de-abeja-y-aceites-esenciales-para-irritacion-picores-y-piel-agrietada-y-seca\/#primaryimage"},"image":{"@id":"https:\/\/guautastik.com\/ca\/animigo-balsamo-protector-de-almohadillas-y-nariz-de-perros-y-gatos-60-ml-crema-hidratante-natural-con-cera-de-abeja-y-aceites-esenciales-para-irritacion-picores-y-piel-agrietada-y-seca\/#primaryimage"},"thumbnailUrl":"https:\/\/m.media-amazon.com\/images\/I\/41Z8FJvucKL._SL500_.jpg","datePublished":"2025-10-03T15:50:12+00:00","dateModified":"2025-11-01T17:09:40+00:00","description":"Troba llits, joguines, menjar i accessoris per a gossos a Guautastik \ud83d\udc3e. Productes de qualitat seleccionats per al benestar i la felicitat.","breadcrumb":{"@id":"https:\/\/guautastik.com\/ca\/animigo-balsamo-protector-de-almohadillas-y-nariz-de-perros-y-gatos-60-ml-crema-hidratante-natural-con-cera-de-abeja-y-aceites-esenciales-para-irritacion-picores-y-piel-agrietada-y-seca\/#breadcrumb"},"inLanguage":"ca","potentialAction":[{"@type":"ReadAction","target":["https:\/\/guautastik.com\/ca\/animigo-balsamo-protector-de-almohadillas-y-nariz-de-perros-y-gatos-60-ml-crema-hidratante-natural-con-cera-de-abeja-y-aceites-esenciales-para-irritacion-picores-y-piel-agrietada-y-seca\/"]}]},{"@type":"ImageObject","inLanguage":"ca","@id":"https:\/\/guautastik.com\/ca\/animigo-balsamo-protector-de-almohadillas-y-nariz-de-perros-y-gatos-60-ml-crema-hidratante-natural-con-cera-de-abeja-y-aceites-esenciales-para-irritacion-picores-y-piel-agrietada-y-seca\/#primaryimage","url":"https:\/\/m.media-amazon.com\/images\/I\/41Z8FJvucKL._SL500_.jpg","contentUrl":"https:\/\/m.media-amazon.com\/images\/I\/41Z8FJvucKL._SL500_.jpg","width":500,"height":500},{"@type":"BreadcrumbList","@id":"https:\/\/guautastik.com\/ca\/animigo-balsamo-protector-de-almohadillas-y-nariz-de-perros-y-gatos-60-ml-crema-hidratante-natural-con-cera-de-abeja-y-aceites-esenciales-para-irritacion-picores-y-piel-agrietada-y-seca\/#breadcrumb","itemListElement":[{"@type":"ListItem","position":1,"name":"Home","item":"https:\/\/guautastik.com\/ca\/"},{"@type":"ListItem","position":2,"name":"Shop","item":"https:\/\/guautastik.com\/ca\/shop\/"},{"@type":"ListItem","position":3,"name":"Animigo B\u00c3\u00a1lsamo Protector de Alm..."}]},{"@type":"WebSite","@id":"https:\/\/guautastik.com\/ca\/#website","url":"https:\/\/guautastik.com\/ca\/","name":"Guautastik","description":"Millors Productes, Joguines i Accessoris per a Gossos","publisher":{"@id":"https:\/\/guautastik.com\/ca\/#organization"},"potentialAction":[{"@type":"SearchAction","target":{"@type":"EntryPoint","urlTemplate":"https:\/\/guautastik.com\/ca\/?s={search_term_string}"},"query-input":{"@type":"PropertyValueSpecification","valueRequired":true,"valueName":"search_term_string"}}],"inLanguage":"ca"},{"@type":"Organization","@id":"https:\/\/guautastik.com\/ca\/#organization","name":"Guautastik","url":"https:\/\/guautastik.com\/ca\/","logo":{"@type":"ImageObject","inLanguage":"ca","@id":"https:\/\/guautastik.com\/ca\/#\/schema\/logo\/image\/","url":"https:\/\/guautastik.com\/ca\/wp-content\/uploads\/2026\/01\/Screenshot_2026-01-13_at_8.13.08_AM-removebg-preview.png","contentUrl":"https:\/\/guautastik.com\/ca\/wp-content\/uploads\/2026\/01\/Screenshot_2026-01-13_at_8.13.08_AM-removebg-preview.png","width":762,"height":232,"caption":"Guautastik"},"image":{"@id":"https:\/\/guautastik.com\/ca\/#\/schema\/logo\/image\/"}}]}},"_links":{"self":[{"href":"https:\/\/guautastik.com\/ca\/wp-json\/wp\/v2\/product\/1181","targetHints":{"allow":["GET"]}}],"collection":[{"href":"https:\/\/guautastik.com\/ca\/wp-json\/wp\/v2\/product"}],"about":[{"href":"https:\/\/guautastik.com\/ca\/wp-json\/wp\/v2\/types\/product"}],"wp:featuredmedia":[{"embeddable":true,"href":"https:\/\/guautastik.com\/ca\/wp-json\/wp\/v2\/media\/1182"}],"wp:attachment":[{"href":"https:\/\/guautastik.com\/ca\/wp-json\/wp\/v2\/media?parent=1181"}],"wp:term":[{"taxonomy":"store","embeddable":true,"href":"https:\/\/guautastik.com\/ca\/wp-json\/wp\/v2\/store?post=1181"},{"taxonomy":"product_brand","embeddable":true,"href":"https:\/\/guautastik.com\/ca\/wp-json\/wp\/v2\/product_brand?post=1181"},{"taxonomy":"product_cat","embeddable":true,"href":"https:\/\/guautastik.com\/ca\/wp-json\/wp\/v2\/product_cat?post=1181"},{"taxonomy":"product_tag","embeddable":true,"href":"https:\/\/guautastik.com\/ca\/wp-json\/wp\/v2\/product_tag?post=1181"}],"curies":[{"name":"wp","href":"https:\/\/api.w.org\/{rel}","templated":true}]}}