{"id":1190,"date":"2025-10-03T15:50:14","date_gmt":"2025-10-03T15:50:14","guid":{"rendered":"https:\/\/guautastik.com\/ca\/40g-balsamo-para-patas-de-perros-y-gatosbalsamo-patas-para-perrocrema-de-proteccion-de-patasnatural-balsamo-patasprotector-patas-perrocrema-almohadillas-perrospara-cachorros-y-gatos\/"},"modified":"2025-11-02T20:58:31","modified_gmt":"2025-11-02T20:58:31","slug":"40g-balsamo-para-patas-de-perros-y-gatosbalsamo-patas-para-perrocrema-de-proteccion-de-patasnatural-balsamo-patasprotector-patas-perrocrema-almohadillas-perrospara-cachorros-y-gatos","status":"publish","type":"product","link":"https:\/\/guautastik.com\/ca\/40g-balsamo-para-patas-de-perros-y-gatosbalsamo-patas-para-perrocrema-de-proteccion-de-patasnatural-balsamo-patasprotector-patas-perrocrema-almohadillas-perrospara-cachorros-y-gatos\/","title":{"rendered":"40g B\u00c3\u00a1lsamo para Patas de Perros..."},"content":{"rendered":"<p>Recibir\u00e1 un b\u00e1lsamo humectante para patas para mascotas de 40 g, que brinda la mejor protecci\u00f3n para las patas de su mascota y es el compa\u00f1ero perfecto para su mascota.<br \/>\nLimpie y seque las patas de su mascota antes de usarlas, abra el producto, apl\u00edquelo uniformemente en las patas de su mascota y masajee suavemente hasta que se absorba.<br \/>\nSe puede aplicar r\u00e1pida y f\u00e1cilmente en las patas antes de cada paseo para hidratar profundamente las patas y reparar la piel de los pies de la mascota.<br \/>\nLas barras de cuidado en roll-on ayudan a formar una capa protectora sobre los animales para prevenir la sequedad y el da\u00f1o, manteniendo las almohadillas de las patas saludables.<br \/>\nEl b\u00e1lsamo hidratante para patas proporciona cuidado y protecci\u00f3n total para las patas y la piel y se puede utilizar en las patas de perros, gatos u otras mascotas.<br \/>\n<div class=\"main-cross-sell\" data-asin=\"B0DG91RLSP\">\n\n\t<div class=\"WooZone-cross-sell-loader\">\n\t\t<div>\n\t\t\t<div id=\"floatingBarsG\">\n\t\t\t\t<div class=\"blockG\" id=\"rotateG_01\"><\/div>\n\t\t\t\t<div class=\"blockG\" id=\"rotateG_02\"><\/div>\n\t\t\t\t<div class=\"blockG\" id=\"rotateG_03\"><\/div>\n\t\t\t\t<div class=\"blockG\" id=\"rotateG_04\"><\/div>\n\t\t\t\t<div class=\"blockG\" id=\"rotateG_05\"><\/div>\n\t\t\t\t<div class=\"blockG\" id=\"rotateG_06\"><\/div>\n\t\t\t\t<div class=\"blockG\" id=\"rotateG_07\"><\/div>\n\t\t\t\t<div class=\"blockG\" id=\"rotateG_08\"><\/div>\n\t\t\t<\/div>\n\t\t\t<div class=\"WooZone-cross-sell-loader-text\"><\/div>\n\t\t<\/div>\n\t<\/div>\n\n\t\t\n<\/div>\n<div style=\"clear:both;\"><\/div><\/p>\n","protected":false},"excerpt":{"rendered":"<p>Recibir\u00e1 un b\u00e1lsamo humectante para patas para mascotas de 40 g, que brinda la mejor protecci\u00f3n para las patas de su mascota y es el compa\u00f1ero perfecto para su mascota.<br \/>\nLimpie y seque las patas de su mascota antes de usarlas, abra el producto, apl\u00edquelo uniformemente en las patas de su mascota y masajee suavemente hasta que se absorba.<br \/>\nSe puede aplicar r\u00e1pida y f\u00e1cilmente en las patas antes de cada paseo para hidratar profundamente las patas y reparar la piel de los pies de la mascota.<\/p>\n","protected":false},"featured_media":1191,"template":"","meta":[],"store":[],"product_brand":[],"product_cat":[604,28],"product_tag":[],"class_list":{"0":"post-1190","1":"product","2":"type-product","3":"status-publish","4":"has-post-thumbnail","6":"product_cat-cremas-y-balsamos-para-patas","7":"product_cat-tendencia","8":"pa_binding-varios","9":"pa_brand-gzdaoxia","10":"pa_color-blanco","11":"pa_eans-648","12":"pa_manufacturer-gzdaoxia","13":"pa_model-137","14":"pa_product-group-productos-para-animales","15":"pa_upcs-649","16":"pa_warranty-650","18":"first","19":"instock","20":"shipping-taxable","21":"product-type-external"},"yoast_head":"<!-- This site is optimized with the Yoast SEO plugin v26.0 - https:\/\/yoast.com\/wordpress\/plugins\/seo\/ -->\n<title>40g B\u00c3\u00a1lsamo para Patas de Perros y Gatos,balsamo Patas para Perro,Crema de protecci\u00c3\u00b3n de Patas,Natural Balsamo Patas,Protector Patas Perro,Crema Almohadillas Perros,para Cachorros y Gatos - Guautastik<\/title>\n<meta name=\"description\" content=\"Troba llits, joguines, menjar i accessoris per a gossos a Guautastik \ud83d\udc3e. Productes de qualitat seleccionats per al benestar i la felicitat.\" \/>\n<meta name=\"robots\" content=\"index, follow, max-snippet:-1, max-image-preview:large, max-video-preview:-1\" \/>\n<link rel=\"canonical\" href=\"https:\/\/guautastik.com\/ca\/40g-balsamo-para-patas-de-perros-y-gatosbalsamo-patas-para-perrocrema-de-proteccion-de-patasnatural-balsamo-patasprotector-patas-perrocrema-almohadillas-perrospara-cachorros-y-gatos\/\" \/>\n<meta property=\"og:locale\" content=\"ca_ES\" \/>\n<meta property=\"og:type\" content=\"article\" \/>\n<meta property=\"og:title\" content=\"40g B\u00c3\u00a1lsamo para Patas de Perros y Gatos,balsamo Patas para Perro,Crema de protecci\u00c3\u00b3n de Patas,Natural Balsamo Patas,Protector Patas Perro,Crema Almohadillas Perros,para Cachorros y Gatos - Guautastik\" \/>\n<meta property=\"og:description\" content=\"Troba llits, joguines, menjar i accessoris per a gossos a Guautastik \ud83d\udc3e. Productes de qualitat seleccionats per al benestar i la felicitat.\" \/>\n<meta property=\"og:url\" content=\"https:\/\/guautastik.com\/ca\/40g-balsamo-para-patas-de-perros-y-gatosbalsamo-patas-para-perrocrema-de-proteccion-de-patasnatural-balsamo-patasprotector-patas-perrocrema-almohadillas-perrospara-cachorros-y-gatos\/\" \/>\n<meta property=\"og:site_name\" content=\"Guautastik\" \/>\n<meta property=\"article:modified_time\" content=\"2025-11-02T20:58:31+00:00\" \/>\n<meta property=\"og:image\" content=\"https:\/\/m.media-amazon.com\/images\/I\/31r01mYC6ZL._SL500_.jpg\" \/>\n\t<meta property=\"og:image:width\" content=\"500\" \/>\n\t<meta property=\"og:image:height\" content=\"500\" \/>\n\t<meta property=\"og:image:type\" content=\"image\/jpeg\" \/>\n<meta name=\"twitter:card\" content=\"summary_large_image\" \/>\n<meta name=\"twitter:label1\" content=\"Temps estimat de lectura\" \/>\n\t<meta name=\"twitter:data1\" content=\"1 minut\" \/>\n<script type=\"application\/ld+json\" class=\"yoast-schema-graph\">{\"@context\":\"https:\/\/schema.org\",\"@graph\":[{\"@type\":\"WebPage\",\"@id\":\"https:\/\/guautastik.com\/ca\/40g-balsamo-para-patas-de-perros-y-gatosbalsamo-patas-para-perrocrema-de-proteccion-de-patasnatural-balsamo-patasprotector-patas-perrocrema-almohadillas-perrospara-cachorros-y-gatos\/\",\"url\":\"https:\/\/guautastik.com\/ca\/40g-balsamo-para-patas-de-perros-y-gatosbalsamo-patas-para-perrocrema-de-proteccion-de-patasnatural-balsamo-patasprotector-patas-perrocrema-almohadillas-perrospara-cachorros-y-gatos\/\",\"name\":\"40g B\u00c3\u00a1lsamo para Patas de Perros y Gatos,balsamo Patas para Perro,Crema de protecci\u00c3\u00b3n de Patas,Natural Balsamo Patas,Protector Patas Perro,Crema Almohadillas Perros,para Cachorros y Gatos - Guautastik\",\"isPartOf\":{\"@id\":\"https:\/\/guautastik.com\/ca\/#website\"},\"primaryImageOfPage\":{\"@id\":\"https:\/\/guautastik.com\/ca\/40g-balsamo-para-patas-de-perros-y-gatosbalsamo-patas-para-perrocrema-de-proteccion-de-patasnatural-balsamo-patasprotector-patas-perrocrema-almohadillas-perrospara-cachorros-y-gatos\/#primaryimage\"},\"image\":{\"@id\":\"https:\/\/guautastik.com\/ca\/40g-balsamo-para-patas-de-perros-y-gatosbalsamo-patas-para-perrocrema-de-proteccion-de-patasnatural-balsamo-patasprotector-patas-perrocrema-almohadillas-perrospara-cachorros-y-gatos\/#primaryimage\"},\"thumbnailUrl\":\"https:\/\/m.media-amazon.com\/images\/I\/31r01mYC6ZL._SL500_.jpg\",\"datePublished\":\"2025-10-03T15:50:14+00:00\",\"dateModified\":\"2025-11-02T20:58:31+00:00\",\"description\":\"Troba llits, joguines, menjar i accessoris per a gossos a Guautastik \ud83d\udc3e. Productes de qualitat seleccionats per al benestar i la felicitat.\",\"breadcrumb\":{\"@id\":\"https:\/\/guautastik.com\/ca\/40g-balsamo-para-patas-de-perros-y-gatosbalsamo-patas-para-perrocrema-de-proteccion-de-patasnatural-balsamo-patasprotector-patas-perrocrema-almohadillas-perrospara-cachorros-y-gatos\/#breadcrumb\"},\"inLanguage\":\"ca\",\"potentialAction\":[{\"@type\":\"ReadAction\",\"target\":[\"https:\/\/guautastik.com\/ca\/40g-balsamo-para-patas-de-perros-y-gatosbalsamo-patas-para-perrocrema-de-proteccion-de-patasnatural-balsamo-patasprotector-patas-perrocrema-almohadillas-perrospara-cachorros-y-gatos\/\"]}]},{\"@type\":\"ImageObject\",\"inLanguage\":\"ca\",\"@id\":\"https:\/\/guautastik.com\/ca\/40g-balsamo-para-patas-de-perros-y-gatosbalsamo-patas-para-perrocrema-de-proteccion-de-patasnatural-balsamo-patasprotector-patas-perrocrema-almohadillas-perrospara-cachorros-y-gatos\/#primaryimage\",\"url\":\"https:\/\/m.media-amazon.com\/images\/I\/31r01mYC6ZL._SL500_.jpg\",\"contentUrl\":\"https:\/\/m.media-amazon.com\/images\/I\/31r01mYC6ZL._SL500_.jpg\",\"width\":500,\"height\":500},{\"@type\":\"BreadcrumbList\",\"@id\":\"https:\/\/guautastik.com\/ca\/40g-balsamo-para-patas-de-perros-y-gatosbalsamo-patas-para-perrocrema-de-proteccion-de-patasnatural-balsamo-patasprotector-patas-perrocrema-almohadillas-perrospara-cachorros-y-gatos\/#breadcrumb\",\"itemListElement\":[{\"@type\":\"ListItem\",\"position\":1,\"name\":\"Home\",\"item\":\"https:\/\/guautastik.com\/ca\/\"},{\"@type\":\"ListItem\",\"position\":2,\"name\":\"Shop\",\"item\":\"https:\/\/guautastik.com\/ca\/shop\/\"},{\"@type\":\"ListItem\",\"position\":3,\"name\":\"40g B\u00c3\u00a1lsamo para Patas de Perros...\"}]},{\"@type\":\"WebSite\",\"@id\":\"https:\/\/guautastik.com\/ca\/#website\",\"url\":\"https:\/\/guautastik.com\/ca\/\",\"name\":\"Guautastik\",\"description\":\"Millors Productes, Joguines i Accessoris per a Gossos\",\"publisher\":{\"@id\":\"https:\/\/guautastik.com\/ca\/#organization\"},\"potentialAction\":[{\"@type\":\"SearchAction\",\"target\":{\"@type\":\"EntryPoint\",\"urlTemplate\":\"https:\/\/guautastik.com\/ca\/?s={search_term_string}\"},\"query-input\":{\"@type\":\"PropertyValueSpecification\",\"valueRequired\":true,\"valueName\":\"search_term_string\"}}],\"inLanguage\":\"ca\"},{\"@type\":\"Organization\",\"@id\":\"https:\/\/guautastik.com\/ca\/#organization\",\"name\":\"Guautastik\",\"url\":\"https:\/\/guautastik.com\/ca\/\",\"logo\":{\"@type\":\"ImageObject\",\"inLanguage\":\"ca\",\"@id\":\"https:\/\/guautastik.com\/ca\/#\/schema\/logo\/image\/\",\"url\":\"https:\/\/guautastik.com\/ca\/wp-content\/uploads\/2026\/01\/Screenshot_2026-01-13_at_8.13.08_AM-removebg-preview.png\",\"contentUrl\":\"https:\/\/guautastik.com\/ca\/wp-content\/uploads\/2026\/01\/Screenshot_2026-01-13_at_8.13.08_AM-removebg-preview.png\",\"width\":762,\"height\":232,\"caption\":\"Guautastik\"},\"image\":{\"@id\":\"https:\/\/guautastik.com\/ca\/#\/schema\/logo\/image\/\"}}]}<\/script>\n<!-- \/ Yoast SEO plugin. -->","yoast_head_json":{"title":"40g B\u00c3\u00a1lsamo para Patas de Perros y Gatos,balsamo Patas para Perro,Crema de protecci\u00c3\u00b3n de Patas,Natural Balsamo Patas,Protector Patas Perro,Crema Almohadillas Perros,para Cachorros y Gatos - Guautastik","description":"Troba llits, joguines, menjar i accessoris per a gossos a Guautastik \ud83d\udc3e. Productes de qualitat seleccionats per al benestar i la felicitat.","robots":{"index":"index","follow":"follow","max-snippet":"max-snippet:-1","max-image-preview":"max-image-preview:large","max-video-preview":"max-video-preview:-1"},"canonical":"https:\/\/guautastik.com\/ca\/40g-balsamo-para-patas-de-perros-y-gatosbalsamo-patas-para-perrocrema-de-proteccion-de-patasnatural-balsamo-patasprotector-patas-perrocrema-almohadillas-perrospara-cachorros-y-gatos\/","og_locale":"ca_ES","og_type":"article","og_title":"40g B\u00c3\u00a1lsamo para Patas de Perros y Gatos,balsamo Patas para Perro,Crema de protecci\u00c3\u00b3n de Patas,Natural Balsamo Patas,Protector Patas Perro,Crema Almohadillas Perros,para Cachorros y Gatos - Guautastik","og_description":"Troba llits, joguines, menjar i accessoris per a gossos a Guautastik \ud83d\udc3e. Productes de qualitat seleccionats per al benestar i la felicitat.","og_url":"https:\/\/guautastik.com\/ca\/40g-balsamo-para-patas-de-perros-y-gatosbalsamo-patas-para-perrocrema-de-proteccion-de-patasnatural-balsamo-patasprotector-patas-perrocrema-almohadillas-perrospara-cachorros-y-gatos\/","og_site_name":"Guautastik","article_modified_time":"2025-11-02T20:58:31+00:00","og_image":[{"width":500,"height":500,"url":"https:\/\/m.media-amazon.com\/images\/I\/31r01mYC6ZL._SL500_.jpg","type":"image\/jpeg"}],"twitter_card":"summary_large_image","twitter_misc":{"Temps estimat de lectura":"1 minut"},"schema":{"@context":"https:\/\/schema.org","@graph":[{"@type":"WebPage","@id":"https:\/\/guautastik.com\/ca\/40g-balsamo-para-patas-de-perros-y-gatosbalsamo-patas-para-perrocrema-de-proteccion-de-patasnatural-balsamo-patasprotector-patas-perrocrema-almohadillas-perrospara-cachorros-y-gatos\/","url":"https:\/\/guautastik.com\/ca\/40g-balsamo-para-patas-de-perros-y-gatosbalsamo-patas-para-perrocrema-de-proteccion-de-patasnatural-balsamo-patasprotector-patas-perrocrema-almohadillas-perrospara-cachorros-y-gatos\/","name":"40g B\u00c3\u00a1lsamo para Patas de Perros y Gatos,balsamo Patas para Perro,Crema de protecci\u00c3\u00b3n de Patas,Natural Balsamo Patas,Protector Patas Perro,Crema Almohadillas Perros,para Cachorros y Gatos - Guautastik","isPartOf":{"@id":"https:\/\/guautastik.com\/ca\/#website"},"primaryImageOfPage":{"@id":"https:\/\/guautastik.com\/ca\/40g-balsamo-para-patas-de-perros-y-gatosbalsamo-patas-para-perrocrema-de-proteccion-de-patasnatural-balsamo-patasprotector-patas-perrocrema-almohadillas-perrospara-cachorros-y-gatos\/#primaryimage"},"image":{"@id":"https:\/\/guautastik.com\/ca\/40g-balsamo-para-patas-de-perros-y-gatosbalsamo-patas-para-perrocrema-de-proteccion-de-patasnatural-balsamo-patasprotector-patas-perrocrema-almohadillas-perrospara-cachorros-y-gatos\/#primaryimage"},"thumbnailUrl":"https:\/\/m.media-amazon.com\/images\/I\/31r01mYC6ZL._SL500_.jpg","datePublished":"2025-10-03T15:50:14+00:00","dateModified":"2025-11-02T20:58:31+00:00","description":"Troba llits, joguines, menjar i accessoris per a gossos a Guautastik \ud83d\udc3e. Productes de qualitat seleccionats per al benestar i la felicitat.","breadcrumb":{"@id":"https:\/\/guautastik.com\/ca\/40g-balsamo-para-patas-de-perros-y-gatosbalsamo-patas-para-perrocrema-de-proteccion-de-patasnatural-balsamo-patasprotector-patas-perrocrema-almohadillas-perrospara-cachorros-y-gatos\/#breadcrumb"},"inLanguage":"ca","potentialAction":[{"@type":"ReadAction","target":["https:\/\/guautastik.com\/ca\/40g-balsamo-para-patas-de-perros-y-gatosbalsamo-patas-para-perrocrema-de-proteccion-de-patasnatural-balsamo-patasprotector-patas-perrocrema-almohadillas-perrospara-cachorros-y-gatos\/"]}]},{"@type":"ImageObject","inLanguage":"ca","@id":"https:\/\/guautastik.com\/ca\/40g-balsamo-para-patas-de-perros-y-gatosbalsamo-patas-para-perrocrema-de-proteccion-de-patasnatural-balsamo-patasprotector-patas-perrocrema-almohadillas-perrospara-cachorros-y-gatos\/#primaryimage","url":"https:\/\/m.media-amazon.com\/images\/I\/31r01mYC6ZL._SL500_.jpg","contentUrl":"https:\/\/m.media-amazon.com\/images\/I\/31r01mYC6ZL._SL500_.jpg","width":500,"height":500},{"@type":"BreadcrumbList","@id":"https:\/\/guautastik.com\/ca\/40g-balsamo-para-patas-de-perros-y-gatosbalsamo-patas-para-perrocrema-de-proteccion-de-patasnatural-balsamo-patasprotector-patas-perrocrema-almohadillas-perrospara-cachorros-y-gatos\/#breadcrumb","itemListElement":[{"@type":"ListItem","position":1,"name":"Home","item":"https:\/\/guautastik.com\/ca\/"},{"@type":"ListItem","position":2,"name":"Shop","item":"https:\/\/guautastik.com\/ca\/shop\/"},{"@type":"ListItem","position":3,"name":"40g B\u00c3\u00a1lsamo para Patas de Perros..."}]},{"@type":"WebSite","@id":"https:\/\/guautastik.com\/ca\/#website","url":"https:\/\/guautastik.com\/ca\/","name":"Guautastik","description":"Millors Productes, Joguines i Accessoris per a Gossos","publisher":{"@id":"https:\/\/guautastik.com\/ca\/#organization"},"potentialAction":[{"@type":"SearchAction","target":{"@type":"EntryPoint","urlTemplate":"https:\/\/guautastik.com\/ca\/?s={search_term_string}"},"query-input":{"@type":"PropertyValueSpecification","valueRequired":true,"valueName":"search_term_string"}}],"inLanguage":"ca"},{"@type":"Organization","@id":"https:\/\/guautastik.com\/ca\/#organization","name":"Guautastik","url":"https:\/\/guautastik.com\/ca\/","logo":{"@type":"ImageObject","inLanguage":"ca","@id":"https:\/\/guautastik.com\/ca\/#\/schema\/logo\/image\/","url":"https:\/\/guautastik.com\/ca\/wp-content\/uploads\/2026\/01\/Screenshot_2026-01-13_at_8.13.08_AM-removebg-preview.png","contentUrl":"https:\/\/guautastik.com\/ca\/wp-content\/uploads\/2026\/01\/Screenshot_2026-01-13_at_8.13.08_AM-removebg-preview.png","width":762,"height":232,"caption":"Guautastik"},"image":{"@id":"https:\/\/guautastik.com\/ca\/#\/schema\/logo\/image\/"}}]}},"_links":{"self":[{"href":"https:\/\/guautastik.com\/ca\/wp-json\/wp\/v2\/product\/1190","targetHints":{"allow":["GET"]}}],"collection":[{"href":"https:\/\/guautastik.com\/ca\/wp-json\/wp\/v2\/product"}],"about":[{"href":"https:\/\/guautastik.com\/ca\/wp-json\/wp\/v2\/types\/product"}],"wp:featuredmedia":[{"embeddable":true,"href":"https:\/\/guautastik.com\/ca\/wp-json\/wp\/v2\/media\/1191"}],"wp:attachment":[{"href":"https:\/\/guautastik.com\/ca\/wp-json\/wp\/v2\/media?parent=1190"}],"wp:term":[{"taxonomy":"store","embeddable":true,"href":"https:\/\/guautastik.com\/ca\/wp-json\/wp\/v2\/store?post=1190"},{"taxonomy":"product_brand","embeddable":true,"href":"https:\/\/guautastik.com\/ca\/wp-json\/wp\/v2\/product_brand?post=1190"},{"taxonomy":"product_cat","embeddable":true,"href":"https:\/\/guautastik.com\/ca\/wp-json\/wp\/v2\/product_cat?post=1190"},{"taxonomy":"product_tag","embeddable":true,"href":"https:\/\/guautastik.com\/ca\/wp-json\/wp\/v2\/product_tag?post=1190"}],"curies":[{"name":"wp","href":"https:\/\/api.w.org\/{rel}","templated":true}]}}