{"id":1198,"date":"2025-10-03T15:50:17","date_gmt":"2025-10-03T15:50:17","guid":{"rendered":"https:\/\/guautastik.com\/ca\/boiler-balsamo-para-rescatar-patas-crema-para-nariz-y-codo-para-mascotas-crema-para-nariz-y-codo-crema-de-cera-para-patas-secas-y-nariz-30-g-eficaz-y-seguro-para-perros\/"},"modified":"2025-10-04T12:15:40","modified_gmt":"2025-10-04T12:15:40","slug":"boiler-balsamo-para-rescatar-patas-crema-para-nariz-y-codo-para-mascotas-crema-para-nariz-y-codo-crema-de-cera-para-patas-secas-y-nariz-30-g-eficaz-y-seguro-para-perros","status":"publish","type":"product","link":"https:\/\/guautastik.com\/ca\/boiler-balsamo-para-rescatar-patas-crema-para-nariz-y-codo-para-mascotas-crema-para-nariz-y-codo-crema-de-cera-para-patas-secas-y-nariz-30-g-eficaz-y-seguro-para-perros\/","title":{"rendered":"boiler B\u00c3\u00a1lsamo para rescatar pat..."},"content":{"rendered":"<p>Patas secas c\u00f3modas: este b\u00e1lsamo para patas contiene aceites naturales prensados en fr\u00edo y ceras que calman y curan las patas secas y agrietadas de tu mascota. Tambi\u00e9n ayuda a prevenir la descamaci\u00f3n causada por el fr\u00edo y el terreno accidentado. Tu mascota estar\u00e1 encantada con las patas c\u00f3modas, sanas y flexibles.<br \/>\nEfecto hidratante: nuestro b\u00e1lsamo para rescatar patas de perro tiene un efecto hidratante profundo, que evita que se agriete y mantenga las patas de su mascota flexibles y la nariz sana.<br \/>\nIngredientes suaves: este b\u00e1lsamo para patas est\u00e1 hecho de ingredientes naturales como manteca de karit\u00e9, aceite de coco y cera de abejas. Es adecuado para todas las mascotas, independientemente de su tipo de piel. Hidrata y cura las patas de tu casa.<br \/>\nF\u00e1cil de usar: simplemente aplica el b\u00e1lsamo para patas directamente sobre las patas de tu mascota y deja que funcione. No requiere masaje o enjuague. Pr\u00e1ctico y eficaz para todas las estaciones y terrenos.<br \/>\nR\u00e1pida penetraci\u00f3n: este b\u00e1lsamo para patas tiene un efecto reparador instant\u00e1neo que puede reparar las patas secas y agrietadas de su mascota. Adem\u00e1s, se absorbe r\u00e1pidamente y penetra r\u00e1pidamente, por lo que no hay manchas de grasa.<br \/>\n<div class=\"main-cross-sell\" data-asin=\"B0C9C1XL9P\">\n\n\t<div class=\"WooZone-cross-sell-loader\">\n\t\t<div>\n\t\t\t<div id=\"floatingBarsG\">\n\t\t\t\t<div class=\"blockG\" id=\"rotateG_01\"><\/div>\n\t\t\t\t<div class=\"blockG\" id=\"rotateG_02\"><\/div>\n\t\t\t\t<div class=\"blockG\" id=\"rotateG_03\"><\/div>\n\t\t\t\t<div class=\"blockG\" id=\"rotateG_04\"><\/div>\n\t\t\t\t<div class=\"blockG\" id=\"rotateG_05\"><\/div>\n\t\t\t\t<div class=\"blockG\" id=\"rotateG_06\"><\/div>\n\t\t\t\t<div class=\"blockG\" id=\"rotateG_07\"><\/div>\n\t\t\t\t<div class=\"blockG\" id=\"rotateG_08\"><\/div>\n\t\t\t<\/div>\n\t\t\t<div class=\"WooZone-cross-sell-loader-text\"><\/div>\n\t\t<\/div>\n\t<\/div>\n\n\t\t\n<\/div>\n<div style=\"clear:both;\"><\/div><\/p>\n","protected":false},"excerpt":{"rendered":"<p>Patas secas c\u00f3modas: este b\u00e1lsamo para patas contiene aceites naturales prensados en fr\u00edo y ceras que calman y curan las patas secas y agrietadas de tu mascota. Tambi\u00e9n ayuda a prevenir la descamaci\u00f3n causada por el fr\u00edo y el terreno accidentado. Tu mascota estar\u00e1 encantada con las patas c\u00f3modas, sanas y flexibles.<br \/>\nEfecto hidratante: nuestro b\u00e1lsamo para rescatar patas de perro tiene un efecto hidratante profundo, que evita que se agriete y mantenga las patas de su mascota flexibles y la nariz sana.<br \/>\nIngredientes suaves: este b\u00e1lsamo para patas est\u00e1 hecho de ingredientes naturales como manteca de karit\u00e9, aceite de coco y cera de abejas. Es adecuado para todas las mascotas, independientemente de su tipo de piel. Hidrata y cura las patas de tu casa.<\/p>\n","protected":false},"featured_media":1199,"template":"","meta":[],"store":[],"product_brand":[],"product_cat":[604,28],"product_tag":[],"class_list":{"0":"post-1198","1":"product","2":"type-product","3":"status-publish","4":"has-post-thumbnail","6":"product_cat-cremas-y-balsamos-para-patas","7":"product_cat-tendencia","8":"pa_binding-cocina","9":"pa_brand-boiler","10":"pa_color-30-g","11":"pa_eans-654","12":"pa_manufacturer-boiler","13":"pa_model-137","14":"pa_number-of-items-137","15":"pa_part-number-pog5ko4v2bkqnlrgc","16":"pa_product-group-casa","17":"pa_size-658","18":"pa_upcs-655","20":"first","21":"instock","22":"shipping-taxable","23":"product-type-external"},"yoast_head":"<!-- This site is optimized with the Yoast SEO plugin v26.0 - https:\/\/yoast.com\/wordpress\/plugins\/seo\/ -->\n<title>boiler B\u00c3\u00a1lsamo para rescatar patas, crema para nariz y codo para mascotas, crema para nariz y codo, crema de cera para patas secas y nariz, 30 g, eficaz y seguro para perros - Guautastik<\/title>\n<meta name=\"description\" content=\"Troba llits, joguines, menjar i accessoris per a gossos a Guautastik \ud83d\udc3e. Productes de qualitat seleccionats per al benestar i la felicitat.\" \/>\n<meta name=\"robots\" content=\"index, follow, max-snippet:-1, max-image-preview:large, max-video-preview:-1\" \/>\n<link rel=\"canonical\" href=\"https:\/\/guautastik.com\/ca\/boiler-balsamo-para-rescatar-patas-crema-para-nariz-y-codo-para-mascotas-crema-para-nariz-y-codo-crema-de-cera-para-patas-secas-y-nariz-30-g-eficaz-y-seguro-para-perros\/\" \/>\n<meta property=\"og:locale\" content=\"ca_ES\" \/>\n<meta property=\"og:type\" content=\"article\" \/>\n<meta property=\"og:title\" content=\"boiler B\u00c3\u00a1lsamo para rescatar patas, crema para nariz y codo para mascotas, crema para nariz y codo, crema de cera para patas secas y nariz, 30 g, eficaz y seguro para perros - Guautastik\" \/>\n<meta property=\"og:description\" content=\"Troba llits, joguines, menjar i accessoris per a gossos a Guautastik \ud83d\udc3e. Productes de qualitat seleccionats per al benestar i la felicitat.\" \/>\n<meta property=\"og:url\" content=\"https:\/\/guautastik.com\/ca\/boiler-balsamo-para-rescatar-patas-crema-para-nariz-y-codo-para-mascotas-crema-para-nariz-y-codo-crema-de-cera-para-patas-secas-y-nariz-30-g-eficaz-y-seguro-para-perros\/\" \/>\n<meta property=\"og:site_name\" content=\"Guautastik\" \/>\n<meta property=\"article:modified_time\" content=\"2025-10-04T12:15:40+00:00\" \/>\n<meta property=\"og:image\" content=\"https:\/\/m.media-amazon.com\/images\/I\/51fU8bH7OYL._SL500_.jpg\" \/>\n\t<meta property=\"og:image:width\" content=\"500\" \/>\n\t<meta property=\"og:image:height\" content=\"500\" \/>\n\t<meta property=\"og:image:type\" content=\"image\/jpeg\" \/>\n<meta name=\"twitter:card\" content=\"summary_large_image\" \/>\n<meta name=\"twitter:label1\" content=\"Temps estimat de lectura\" \/>\n\t<meta name=\"twitter:data1\" content=\"1 minut\" \/>\n<script type=\"application\/ld+json\" class=\"yoast-schema-graph\">{\"@context\":\"https:\/\/schema.org\",\"@graph\":[{\"@type\":\"WebPage\",\"@id\":\"https:\/\/guautastik.com\/ca\/boiler-balsamo-para-rescatar-patas-crema-para-nariz-y-codo-para-mascotas-crema-para-nariz-y-codo-crema-de-cera-para-patas-secas-y-nariz-30-g-eficaz-y-seguro-para-perros\/\",\"url\":\"https:\/\/guautastik.com\/ca\/boiler-balsamo-para-rescatar-patas-crema-para-nariz-y-codo-para-mascotas-crema-para-nariz-y-codo-crema-de-cera-para-patas-secas-y-nariz-30-g-eficaz-y-seguro-para-perros\/\",\"name\":\"boiler B\u00c3\u00a1lsamo para rescatar patas, crema para nariz y codo para mascotas, crema para nariz y codo, crema de cera para patas secas y nariz, 30 g, eficaz y seguro para perros - Guautastik\",\"isPartOf\":{\"@id\":\"https:\/\/guautastik.com\/ca\/#website\"},\"primaryImageOfPage\":{\"@id\":\"https:\/\/guautastik.com\/ca\/boiler-balsamo-para-rescatar-patas-crema-para-nariz-y-codo-para-mascotas-crema-para-nariz-y-codo-crema-de-cera-para-patas-secas-y-nariz-30-g-eficaz-y-seguro-para-perros\/#primaryimage\"},\"image\":{\"@id\":\"https:\/\/guautastik.com\/ca\/boiler-balsamo-para-rescatar-patas-crema-para-nariz-y-codo-para-mascotas-crema-para-nariz-y-codo-crema-de-cera-para-patas-secas-y-nariz-30-g-eficaz-y-seguro-para-perros\/#primaryimage\"},\"thumbnailUrl\":\"https:\/\/m.media-amazon.com\/images\/I\/51fU8bH7OYL._SL500_.jpg\",\"datePublished\":\"2025-10-03T15:50:17+00:00\",\"dateModified\":\"2025-10-04T12:15:40+00:00\",\"description\":\"Troba llits, joguines, menjar i accessoris per a gossos a Guautastik \ud83d\udc3e. Productes de qualitat seleccionats per al benestar i la felicitat.\",\"breadcrumb\":{\"@id\":\"https:\/\/guautastik.com\/ca\/boiler-balsamo-para-rescatar-patas-crema-para-nariz-y-codo-para-mascotas-crema-para-nariz-y-codo-crema-de-cera-para-patas-secas-y-nariz-30-g-eficaz-y-seguro-para-perros\/#breadcrumb\"},\"inLanguage\":\"ca\",\"potentialAction\":[{\"@type\":\"ReadAction\",\"target\":[\"https:\/\/guautastik.com\/ca\/boiler-balsamo-para-rescatar-patas-crema-para-nariz-y-codo-para-mascotas-crema-para-nariz-y-codo-crema-de-cera-para-patas-secas-y-nariz-30-g-eficaz-y-seguro-para-perros\/\"]}]},{\"@type\":\"ImageObject\",\"inLanguage\":\"ca\",\"@id\":\"https:\/\/guautastik.com\/ca\/boiler-balsamo-para-rescatar-patas-crema-para-nariz-y-codo-para-mascotas-crema-para-nariz-y-codo-crema-de-cera-para-patas-secas-y-nariz-30-g-eficaz-y-seguro-para-perros\/#primaryimage\",\"url\":\"https:\/\/m.media-amazon.com\/images\/I\/51fU8bH7OYL._SL500_.jpg\",\"contentUrl\":\"https:\/\/m.media-amazon.com\/images\/I\/51fU8bH7OYL._SL500_.jpg\",\"width\":500,\"height\":500},{\"@type\":\"BreadcrumbList\",\"@id\":\"https:\/\/guautastik.com\/ca\/boiler-balsamo-para-rescatar-patas-crema-para-nariz-y-codo-para-mascotas-crema-para-nariz-y-codo-crema-de-cera-para-patas-secas-y-nariz-30-g-eficaz-y-seguro-para-perros\/#breadcrumb\",\"itemListElement\":[{\"@type\":\"ListItem\",\"position\":1,\"name\":\"Home\",\"item\":\"https:\/\/guautastik.com\/ca\/\"},{\"@type\":\"ListItem\",\"position\":2,\"name\":\"Shop\",\"item\":\"https:\/\/guautastik.com\/ca\/shop\/\"},{\"@type\":\"ListItem\",\"position\":3,\"name\":\"boiler B\u00c3\u00a1lsamo para rescatar pat...\"}]},{\"@type\":\"WebSite\",\"@id\":\"https:\/\/guautastik.com\/ca\/#website\",\"url\":\"https:\/\/guautastik.com\/ca\/\",\"name\":\"Guautastik\",\"description\":\"Millors Productes, Joguines i Accessoris per a Gossos\",\"publisher\":{\"@id\":\"https:\/\/guautastik.com\/ca\/#organization\"},\"potentialAction\":[{\"@type\":\"SearchAction\",\"target\":{\"@type\":\"EntryPoint\",\"urlTemplate\":\"https:\/\/guautastik.com\/ca\/?s={search_term_string}\"},\"query-input\":{\"@type\":\"PropertyValueSpecification\",\"valueRequired\":true,\"valueName\":\"search_term_string\"}}],\"inLanguage\":\"ca\"},{\"@type\":\"Organization\",\"@id\":\"https:\/\/guautastik.com\/ca\/#organization\",\"name\":\"Guautastik\",\"url\":\"https:\/\/guautastik.com\/ca\/\",\"logo\":{\"@type\":\"ImageObject\",\"inLanguage\":\"ca\",\"@id\":\"https:\/\/guautastik.com\/ca\/#\/schema\/logo\/image\/\",\"url\":\"https:\/\/guautastik.com\/ca\/wp-content\/uploads\/2026\/01\/Screenshot_2026-01-13_at_8.13.08_AM-removebg-preview.png\",\"contentUrl\":\"https:\/\/guautastik.com\/ca\/wp-content\/uploads\/2026\/01\/Screenshot_2026-01-13_at_8.13.08_AM-removebg-preview.png\",\"width\":762,\"height\":232,\"caption\":\"Guautastik\"},\"image\":{\"@id\":\"https:\/\/guautastik.com\/ca\/#\/schema\/logo\/image\/\"}}]}<\/script>\n<!-- \/ Yoast SEO plugin. -->","yoast_head_json":{"title":"boiler B\u00c3\u00a1lsamo para rescatar patas, crema para nariz y codo para mascotas, crema para nariz y codo, crema de cera para patas secas y nariz, 30 g, eficaz y seguro para perros - Guautastik","description":"Troba llits, joguines, menjar i accessoris per a gossos a Guautastik \ud83d\udc3e. Productes de qualitat seleccionats per al benestar i la felicitat.","robots":{"index":"index","follow":"follow","max-snippet":"max-snippet:-1","max-image-preview":"max-image-preview:large","max-video-preview":"max-video-preview:-1"},"canonical":"https:\/\/guautastik.com\/ca\/boiler-balsamo-para-rescatar-patas-crema-para-nariz-y-codo-para-mascotas-crema-para-nariz-y-codo-crema-de-cera-para-patas-secas-y-nariz-30-g-eficaz-y-seguro-para-perros\/","og_locale":"ca_ES","og_type":"article","og_title":"boiler B\u00c3\u00a1lsamo para rescatar patas, crema para nariz y codo para mascotas, crema para nariz y codo, crema de cera para patas secas y nariz, 30 g, eficaz y seguro para perros - Guautastik","og_description":"Troba llits, joguines, menjar i accessoris per a gossos a Guautastik \ud83d\udc3e. Productes de qualitat seleccionats per al benestar i la felicitat.","og_url":"https:\/\/guautastik.com\/ca\/boiler-balsamo-para-rescatar-patas-crema-para-nariz-y-codo-para-mascotas-crema-para-nariz-y-codo-crema-de-cera-para-patas-secas-y-nariz-30-g-eficaz-y-seguro-para-perros\/","og_site_name":"Guautastik","article_modified_time":"2025-10-04T12:15:40+00:00","og_image":[{"width":500,"height":500,"url":"https:\/\/m.media-amazon.com\/images\/I\/51fU8bH7OYL._SL500_.jpg","type":"image\/jpeg"}],"twitter_card":"summary_large_image","twitter_misc":{"Temps estimat de lectura":"1 minut"},"schema":{"@context":"https:\/\/schema.org","@graph":[{"@type":"WebPage","@id":"https:\/\/guautastik.com\/ca\/boiler-balsamo-para-rescatar-patas-crema-para-nariz-y-codo-para-mascotas-crema-para-nariz-y-codo-crema-de-cera-para-patas-secas-y-nariz-30-g-eficaz-y-seguro-para-perros\/","url":"https:\/\/guautastik.com\/ca\/boiler-balsamo-para-rescatar-patas-crema-para-nariz-y-codo-para-mascotas-crema-para-nariz-y-codo-crema-de-cera-para-patas-secas-y-nariz-30-g-eficaz-y-seguro-para-perros\/","name":"boiler B\u00c3\u00a1lsamo para rescatar patas, crema para nariz y codo para mascotas, crema para nariz y codo, crema de cera para patas secas y nariz, 30 g, eficaz y seguro para perros - Guautastik","isPartOf":{"@id":"https:\/\/guautastik.com\/ca\/#website"},"primaryImageOfPage":{"@id":"https:\/\/guautastik.com\/ca\/boiler-balsamo-para-rescatar-patas-crema-para-nariz-y-codo-para-mascotas-crema-para-nariz-y-codo-crema-de-cera-para-patas-secas-y-nariz-30-g-eficaz-y-seguro-para-perros\/#primaryimage"},"image":{"@id":"https:\/\/guautastik.com\/ca\/boiler-balsamo-para-rescatar-patas-crema-para-nariz-y-codo-para-mascotas-crema-para-nariz-y-codo-crema-de-cera-para-patas-secas-y-nariz-30-g-eficaz-y-seguro-para-perros\/#primaryimage"},"thumbnailUrl":"https:\/\/m.media-amazon.com\/images\/I\/51fU8bH7OYL._SL500_.jpg","datePublished":"2025-10-03T15:50:17+00:00","dateModified":"2025-10-04T12:15:40+00:00","description":"Troba llits, joguines, menjar i accessoris per a gossos a Guautastik \ud83d\udc3e. Productes de qualitat seleccionats per al benestar i la felicitat.","breadcrumb":{"@id":"https:\/\/guautastik.com\/ca\/boiler-balsamo-para-rescatar-patas-crema-para-nariz-y-codo-para-mascotas-crema-para-nariz-y-codo-crema-de-cera-para-patas-secas-y-nariz-30-g-eficaz-y-seguro-para-perros\/#breadcrumb"},"inLanguage":"ca","potentialAction":[{"@type":"ReadAction","target":["https:\/\/guautastik.com\/ca\/boiler-balsamo-para-rescatar-patas-crema-para-nariz-y-codo-para-mascotas-crema-para-nariz-y-codo-crema-de-cera-para-patas-secas-y-nariz-30-g-eficaz-y-seguro-para-perros\/"]}]},{"@type":"ImageObject","inLanguage":"ca","@id":"https:\/\/guautastik.com\/ca\/boiler-balsamo-para-rescatar-patas-crema-para-nariz-y-codo-para-mascotas-crema-para-nariz-y-codo-crema-de-cera-para-patas-secas-y-nariz-30-g-eficaz-y-seguro-para-perros\/#primaryimage","url":"https:\/\/m.media-amazon.com\/images\/I\/51fU8bH7OYL._SL500_.jpg","contentUrl":"https:\/\/m.media-amazon.com\/images\/I\/51fU8bH7OYL._SL500_.jpg","width":500,"height":500},{"@type":"BreadcrumbList","@id":"https:\/\/guautastik.com\/ca\/boiler-balsamo-para-rescatar-patas-crema-para-nariz-y-codo-para-mascotas-crema-para-nariz-y-codo-crema-de-cera-para-patas-secas-y-nariz-30-g-eficaz-y-seguro-para-perros\/#breadcrumb","itemListElement":[{"@type":"ListItem","position":1,"name":"Home","item":"https:\/\/guautastik.com\/ca\/"},{"@type":"ListItem","position":2,"name":"Shop","item":"https:\/\/guautastik.com\/ca\/shop\/"},{"@type":"ListItem","position":3,"name":"boiler B\u00c3\u00a1lsamo para rescatar pat..."}]},{"@type":"WebSite","@id":"https:\/\/guautastik.com\/ca\/#website","url":"https:\/\/guautastik.com\/ca\/","name":"Guautastik","description":"Millors Productes, Joguines i Accessoris per a Gossos","publisher":{"@id":"https:\/\/guautastik.com\/ca\/#organization"},"potentialAction":[{"@type":"SearchAction","target":{"@type":"EntryPoint","urlTemplate":"https:\/\/guautastik.com\/ca\/?s={search_term_string}"},"query-input":{"@type":"PropertyValueSpecification","valueRequired":true,"valueName":"search_term_string"}}],"inLanguage":"ca"},{"@type":"Organization","@id":"https:\/\/guautastik.com\/ca\/#organization","name":"Guautastik","url":"https:\/\/guautastik.com\/ca\/","logo":{"@type":"ImageObject","inLanguage":"ca","@id":"https:\/\/guautastik.com\/ca\/#\/schema\/logo\/image\/","url":"https:\/\/guautastik.com\/ca\/wp-content\/uploads\/2026\/01\/Screenshot_2026-01-13_at_8.13.08_AM-removebg-preview.png","contentUrl":"https:\/\/guautastik.com\/ca\/wp-content\/uploads\/2026\/01\/Screenshot_2026-01-13_at_8.13.08_AM-removebg-preview.png","width":762,"height":232,"caption":"Guautastik"},"image":{"@id":"https:\/\/guautastik.com\/ca\/#\/schema\/logo\/image\/"}}]}},"_links":{"self":[{"href":"https:\/\/guautastik.com\/ca\/wp-json\/wp\/v2\/product\/1198","targetHints":{"allow":["GET"]}}],"collection":[{"href":"https:\/\/guautastik.com\/ca\/wp-json\/wp\/v2\/product"}],"about":[{"href":"https:\/\/guautastik.com\/ca\/wp-json\/wp\/v2\/types\/product"}],"wp:featuredmedia":[{"embeddable":true,"href":"https:\/\/guautastik.com\/ca\/wp-json\/wp\/v2\/media\/1199"}],"wp:attachment":[{"href":"https:\/\/guautastik.com\/ca\/wp-json\/wp\/v2\/media?parent=1198"}],"wp:term":[{"taxonomy":"store","embeddable":true,"href":"https:\/\/guautastik.com\/ca\/wp-json\/wp\/v2\/store?post=1198"},{"taxonomy":"product_brand","embeddable":true,"href":"https:\/\/guautastik.com\/ca\/wp-json\/wp\/v2\/product_brand?post=1198"},{"taxonomy":"product_cat","embeddable":true,"href":"https:\/\/guautastik.com\/ca\/wp-json\/wp\/v2\/product_cat?post=1198"},{"taxonomy":"product_tag","embeddable":true,"href":"https:\/\/guautastik.com\/ca\/wp-json\/wp\/v2\/product_tag?post=1198"}],"curies":[{"name":"wp","href":"https:\/\/api.w.org\/{rel}","templated":true}]}}