{"id":1236,"date":"2025-10-03T15:50:32","date_gmt":"2025-10-03T15:50:32","guid":{"rendered":"https:\/\/guautastik.com\/ca\/generico-balsamo-para-perros-crema-nutritiva-para-mascotas-los-mejores-balsamos-para-las-patas-para-perros-balsamos-de-esencia-balsamo-de-aseo-de-la-pata-hidratante-para-nieve-para-camina\/"},"modified":"2025-11-05T03:14:42","modified_gmt":"2025-11-05T03:14:42","slug":"generico-balsamo-para-perros-crema-nutritiva-para-mascotas-los-mejores-balsamos-para-las-patas-para-perros-balsamos-de-esencia-balsamo-de-aseo-de-la-pata-hidratante-para-nieve-para-camina","status":"publish","type":"product","link":"https:\/\/guautastik.com\/ca\/generico-balsamo-para-perros-crema-nutritiva-para-mascotas-los-mejores-balsamos-para-las-patas-para-perros-balsamos-de-esencia-balsamo-de-aseo-de-la-pata-hidratante-para-nieve-para-camina\/","title":{"rendered":"Gen\u00c3\u00a9rico B\u00c3\u00a1lsamo para Perros ..."},"content":{"rendered":"<p>Potencia de reparaci\u00f3n de la pata: la reparaci\u00f3n de tejido acelerado con ingrediente de reparaci\u00f3n natural garantiza una penetraci\u00f3n profunda para la recuperaci\u00f3n de elasticidad de la almohadilla de la pata y la restauraci\u00f3n de suavidad en perros, mejorando la comodidad y la movilidad naturalmente<br \/>\nF\u00e1cil de operar: la textura suave y propagable garantiza un uso t\u00f3pico sin esfuerzo, con un acabado no grasiento, para una comodidad de absorci\u00f3n r\u00e1pida y absorci\u00f3n sin izquierda.<br \/>\nHandy to Carry: Optimizado para uso en el hogar y al aire libre, este b\u00e1lsamo compacto de la pata ofrece un cuidado de mascotas al aire libre sin esfuerzo, combinando la practicidad con el embalaje listo para el viaje para uso diario<br \/>\nCuidado de la almohadilla de la pata agrietada: dise\u00f1ado con tecnolog\u00eda de bloqueo de agua, para ofrecer una acci\u00f3n de hidrataci\u00f3n profunda, que garantiza la retenci\u00f3n de humedad extendida y la protecci\u00f3n efectiva de la patada durante todo el d\u00eda<br \/>\nCuidado suave para las patas: la f\u00f3rmula a prueba de lamer de nuestro b\u00e1lsamo asegura una formulaci\u00f3n segura lejos de las sustancias nocivas, lo que la hace ideal para todas las razas y promoviendo la protecci\u00f3n suave de la pata diariamente<br \/>\n<div class=\"main-cross-sell\" data-asin=\"B0FP1T34Q9\">\n\n\t<div class=\"WooZone-cross-sell-loader\">\n\t\t<div>\n\t\t\t<div id=\"floatingBarsG\">\n\t\t\t\t<div class=\"blockG\" id=\"rotateG_01\"><\/div>\n\t\t\t\t<div class=\"blockG\" id=\"rotateG_02\"><\/div>\n\t\t\t\t<div class=\"blockG\" id=\"rotateG_03\"><\/div>\n\t\t\t\t<div class=\"blockG\" id=\"rotateG_04\"><\/div>\n\t\t\t\t<div class=\"blockG\" id=\"rotateG_05\"><\/div>\n\t\t\t\t<div class=\"blockG\" id=\"rotateG_06\"><\/div>\n\t\t\t\t<div class=\"blockG\" id=\"rotateG_07\"><\/div>\n\t\t\t\t<div class=\"blockG\" id=\"rotateG_08\"><\/div>\n\t\t\t<\/div>\n\t\t\t<div class=\"WooZone-cross-sell-loader-text\"><\/div>\n\t\t<\/div>\n\t<\/div>\n\n\t\t\n<\/div>\n<div style=\"clear:both;\"><\/div><\/p>\n","protected":false},"excerpt":{"rendered":"<p>Potencia de reparaci\u00f3n de la pata: la reparaci\u00f3n de tejido acelerado con ingrediente de reparaci\u00f3n natural garantiza una penetraci\u00f3n profunda para la recuperaci\u00f3n de elasticidad de la almohadilla de la pata y la restauraci\u00f3n de suavidad en perros, mejorando la comodidad y la movilidad naturalmente<br \/>\nF\u00e1cil de operar: la textura suave y propagable garantiza un uso t\u00f3pico sin esfuerzo, con un acabado no grasiento, para una comodidad de absorci\u00f3n r\u00e1pida y absorci\u00f3n sin izquierda.<br \/>\nHandy to Carry: Optimizado para uso en el hogar y al aire libre, este b\u00e1lsamo compacto de la pata ofrece un cuidado de mascotas al aire libre sin esfuerzo, combinando la practicidad con el embalaje listo para el viaje para uso diario<\/p>\n","protected":false},"featured_media":1237,"template":"","meta":[],"store":[],"product_brand":[],"product_cat":[604,28],"product_tag":[],"class_list":{"0":"post-1236","1":"product","2":"type-product","3":"status-publish","4":"has-post-thumbnail","6":"product_cat-cremas-y-balsamos-para-patas","7":"product_cat-tendencia","8":"pa_binding-varios","9":"pa_brand-generico","10":"pa_color-single-attribute","11":"pa_manufacturer-generico","12":"pa_model-mk178m6dtsnp5ldtmjf6","13":"pa_part-number-mk178m6dtsnp5ldtmjf6","14":"pa_product-group-productos-para-animales","15":"pa_size-consulte-la-descripcion","16":"pa_warranty-consulte-la-descripcion","18":"first","19":"instock","20":"shipping-taxable","21":"product-type-external"},"yoast_head":"<!-- This site is optimized with the Yoast SEO plugin v26.0 - https:\/\/yoast.com\/wordpress\/plugins\/seo\/ -->\n<title>Gen\u00c3\u00a9rico B\u00c3\u00a1lsamo para Perros - Crema nutritiva para Mascotas, los Mejores b\u00c3\u00a1lsamos para Las Patas para Perros | B\u00c3\u00a1lsamos de Esencia, b\u00c3\u00a1lsamo de Aseo de la Pata hidratante para Nieve para Camina - Guautastik<\/title>\n<meta name=\"description\" content=\"Troba llits, joguines, menjar i accessoris per a gossos a Guautastik \ud83d\udc3e. Productes de qualitat seleccionats per al benestar i la felicitat.\" \/>\n<meta name=\"robots\" content=\"index, follow, max-snippet:-1, max-image-preview:large, max-video-preview:-1\" \/>\n<link rel=\"canonical\" href=\"https:\/\/guautastik.com\/ca\/generico-balsamo-para-perros-crema-nutritiva-para-mascotas-los-mejores-balsamos-para-las-patas-para-perros-balsamos-de-esencia-balsamo-de-aseo-de-la-pata-hidratante-para-nieve-para-camina\/\" \/>\n<meta property=\"og:locale\" content=\"ca_ES\" \/>\n<meta property=\"og:type\" content=\"article\" \/>\n<meta property=\"og:title\" content=\"Gen\u00c3\u00a9rico B\u00c3\u00a1lsamo para Perros - Crema nutritiva para Mascotas, los Mejores b\u00c3\u00a1lsamos para Las Patas para Perros | B\u00c3\u00a1lsamos de Esencia, b\u00c3\u00a1lsamo de Aseo de la Pata hidratante para Nieve para Camina - Guautastik\" \/>\n<meta property=\"og:description\" content=\"Troba llits, joguines, menjar i accessoris per a gossos a Guautastik \ud83d\udc3e. Productes de qualitat seleccionats per al benestar i la felicitat.\" \/>\n<meta property=\"og:url\" content=\"https:\/\/guautastik.com\/ca\/generico-balsamo-para-perros-crema-nutritiva-para-mascotas-los-mejores-balsamos-para-las-patas-para-perros-balsamos-de-esencia-balsamo-de-aseo-de-la-pata-hidratante-para-nieve-para-camina\/\" \/>\n<meta property=\"og:site_name\" content=\"Guautastik\" \/>\n<meta property=\"article:modified_time\" content=\"2025-11-05T03:14:42+00:00\" \/>\n<meta property=\"og:image\" content=\"https:\/\/m.media-amazon.com\/images\/I\/414wmTiMr2L._SL500_.jpg\" \/>\n\t<meta property=\"og:image:width\" content=\"500\" \/>\n\t<meta property=\"og:image:height\" content=\"500\" \/>\n\t<meta property=\"og:image:type\" content=\"image\/jpeg\" \/>\n<meta name=\"twitter:card\" content=\"summary_large_image\" \/>\n<meta name=\"twitter:label1\" content=\"Temps estimat de lectura\" \/>\n\t<meta name=\"twitter:data1\" content=\"1 minut\" \/>\n<script type=\"application\/ld+json\" class=\"yoast-schema-graph\">{\"@context\":\"https:\/\/schema.org\",\"@graph\":[{\"@type\":\"WebPage\",\"@id\":\"https:\/\/guautastik.com\/ca\/generico-balsamo-para-perros-crema-nutritiva-para-mascotas-los-mejores-balsamos-para-las-patas-para-perros-balsamos-de-esencia-balsamo-de-aseo-de-la-pata-hidratante-para-nieve-para-camina\/\",\"url\":\"https:\/\/guautastik.com\/ca\/generico-balsamo-para-perros-crema-nutritiva-para-mascotas-los-mejores-balsamos-para-las-patas-para-perros-balsamos-de-esencia-balsamo-de-aseo-de-la-pata-hidratante-para-nieve-para-camina\/\",\"name\":\"Gen\u00c3\u00a9rico B\u00c3\u00a1lsamo para Perros - Crema nutritiva para Mascotas, los Mejores b\u00c3\u00a1lsamos para Las Patas para Perros | B\u00c3\u00a1lsamos de Esencia, b\u00c3\u00a1lsamo de Aseo de la Pata hidratante para Nieve para Camina - Guautastik\",\"isPartOf\":{\"@id\":\"https:\/\/guautastik.com\/ca\/#website\"},\"primaryImageOfPage\":{\"@id\":\"https:\/\/guautastik.com\/ca\/generico-balsamo-para-perros-crema-nutritiva-para-mascotas-los-mejores-balsamos-para-las-patas-para-perros-balsamos-de-esencia-balsamo-de-aseo-de-la-pata-hidratante-para-nieve-para-camina\/#primaryimage\"},\"image\":{\"@id\":\"https:\/\/guautastik.com\/ca\/generico-balsamo-para-perros-crema-nutritiva-para-mascotas-los-mejores-balsamos-para-las-patas-para-perros-balsamos-de-esencia-balsamo-de-aseo-de-la-pata-hidratante-para-nieve-para-camina\/#primaryimage\"},\"thumbnailUrl\":\"https:\/\/m.media-amazon.com\/images\/I\/414wmTiMr2L._SL500_.jpg\",\"datePublished\":\"2025-10-03T15:50:32+00:00\",\"dateModified\":\"2025-11-05T03:14:42+00:00\",\"description\":\"Troba llits, joguines, menjar i accessoris per a gossos a Guautastik \ud83d\udc3e. Productes de qualitat seleccionats per al benestar i la felicitat.\",\"breadcrumb\":{\"@id\":\"https:\/\/guautastik.com\/ca\/generico-balsamo-para-perros-crema-nutritiva-para-mascotas-los-mejores-balsamos-para-las-patas-para-perros-balsamos-de-esencia-balsamo-de-aseo-de-la-pata-hidratante-para-nieve-para-camina\/#breadcrumb\"},\"inLanguage\":\"ca\",\"potentialAction\":[{\"@type\":\"ReadAction\",\"target\":[\"https:\/\/guautastik.com\/ca\/generico-balsamo-para-perros-crema-nutritiva-para-mascotas-los-mejores-balsamos-para-las-patas-para-perros-balsamos-de-esencia-balsamo-de-aseo-de-la-pata-hidratante-para-nieve-para-camina\/\"]}]},{\"@type\":\"ImageObject\",\"inLanguage\":\"ca\",\"@id\":\"https:\/\/guautastik.com\/ca\/generico-balsamo-para-perros-crema-nutritiva-para-mascotas-los-mejores-balsamos-para-las-patas-para-perros-balsamos-de-esencia-balsamo-de-aseo-de-la-pata-hidratante-para-nieve-para-camina\/#primaryimage\",\"url\":\"https:\/\/m.media-amazon.com\/images\/I\/414wmTiMr2L._SL500_.jpg\",\"contentUrl\":\"https:\/\/m.media-amazon.com\/images\/I\/414wmTiMr2L._SL500_.jpg\",\"width\":500,\"height\":500},{\"@type\":\"BreadcrumbList\",\"@id\":\"https:\/\/guautastik.com\/ca\/generico-balsamo-para-perros-crema-nutritiva-para-mascotas-los-mejores-balsamos-para-las-patas-para-perros-balsamos-de-esencia-balsamo-de-aseo-de-la-pata-hidratante-para-nieve-para-camina\/#breadcrumb\",\"itemListElement\":[{\"@type\":\"ListItem\",\"position\":1,\"name\":\"Home\",\"item\":\"https:\/\/guautastik.com\/ca\/\"},{\"@type\":\"ListItem\",\"position\":2,\"name\":\"Shop\",\"item\":\"https:\/\/guautastik.com\/ca\/shop\/\"},{\"@type\":\"ListItem\",\"position\":3,\"name\":\"Gen\u00c3\u00a9rico B\u00c3\u00a1lsamo para Perros ...\"}]},{\"@type\":\"WebSite\",\"@id\":\"https:\/\/guautastik.com\/ca\/#website\",\"url\":\"https:\/\/guautastik.com\/ca\/\",\"name\":\"Guautastik\",\"description\":\"Millors Productes, Joguines i Accessoris per a Gossos\",\"publisher\":{\"@id\":\"https:\/\/guautastik.com\/ca\/#organization\"},\"potentialAction\":[{\"@type\":\"SearchAction\",\"target\":{\"@type\":\"EntryPoint\",\"urlTemplate\":\"https:\/\/guautastik.com\/ca\/?s={search_term_string}\"},\"query-input\":{\"@type\":\"PropertyValueSpecification\",\"valueRequired\":true,\"valueName\":\"search_term_string\"}}],\"inLanguage\":\"ca\"},{\"@type\":\"Organization\",\"@id\":\"https:\/\/guautastik.com\/ca\/#organization\",\"name\":\"Guautastik\",\"url\":\"https:\/\/guautastik.com\/ca\/\",\"logo\":{\"@type\":\"ImageObject\",\"inLanguage\":\"ca\",\"@id\":\"https:\/\/guautastik.com\/ca\/#\/schema\/logo\/image\/\",\"url\":\"https:\/\/guautastik.com\/ca\/wp-content\/uploads\/2026\/01\/Screenshot_2026-01-13_at_8.13.08_AM-removebg-preview.png\",\"contentUrl\":\"https:\/\/guautastik.com\/ca\/wp-content\/uploads\/2026\/01\/Screenshot_2026-01-13_at_8.13.08_AM-removebg-preview.png\",\"width\":762,\"height\":232,\"caption\":\"Guautastik\"},\"image\":{\"@id\":\"https:\/\/guautastik.com\/ca\/#\/schema\/logo\/image\/\"}}]}<\/script>\n<!-- \/ Yoast SEO plugin. -->","yoast_head_json":{"title":"Gen\u00c3\u00a9rico B\u00c3\u00a1lsamo para Perros - Crema nutritiva para Mascotas, los Mejores b\u00c3\u00a1lsamos para Las Patas para Perros | B\u00c3\u00a1lsamos de Esencia, b\u00c3\u00a1lsamo de Aseo de la Pata hidratante para Nieve para Camina - Guautastik","description":"Troba llits, joguines, menjar i accessoris per a gossos a Guautastik \ud83d\udc3e. Productes de qualitat seleccionats per al benestar i la felicitat.","robots":{"index":"index","follow":"follow","max-snippet":"max-snippet:-1","max-image-preview":"max-image-preview:large","max-video-preview":"max-video-preview:-1"},"canonical":"https:\/\/guautastik.com\/ca\/generico-balsamo-para-perros-crema-nutritiva-para-mascotas-los-mejores-balsamos-para-las-patas-para-perros-balsamos-de-esencia-balsamo-de-aseo-de-la-pata-hidratante-para-nieve-para-camina\/","og_locale":"ca_ES","og_type":"article","og_title":"Gen\u00c3\u00a9rico B\u00c3\u00a1lsamo para Perros - Crema nutritiva para Mascotas, los Mejores b\u00c3\u00a1lsamos para Las Patas para Perros | B\u00c3\u00a1lsamos de Esencia, b\u00c3\u00a1lsamo de Aseo de la Pata hidratante para Nieve para Camina - Guautastik","og_description":"Troba llits, joguines, menjar i accessoris per a gossos a Guautastik \ud83d\udc3e. Productes de qualitat seleccionats per al benestar i la felicitat.","og_url":"https:\/\/guautastik.com\/ca\/generico-balsamo-para-perros-crema-nutritiva-para-mascotas-los-mejores-balsamos-para-las-patas-para-perros-balsamos-de-esencia-balsamo-de-aseo-de-la-pata-hidratante-para-nieve-para-camina\/","og_site_name":"Guautastik","article_modified_time":"2025-11-05T03:14:42+00:00","og_image":[{"width":500,"height":500,"url":"https:\/\/m.media-amazon.com\/images\/I\/414wmTiMr2L._SL500_.jpg","type":"image\/jpeg"}],"twitter_card":"summary_large_image","twitter_misc":{"Temps estimat de lectura":"1 minut"},"schema":{"@context":"https:\/\/schema.org","@graph":[{"@type":"WebPage","@id":"https:\/\/guautastik.com\/ca\/generico-balsamo-para-perros-crema-nutritiva-para-mascotas-los-mejores-balsamos-para-las-patas-para-perros-balsamos-de-esencia-balsamo-de-aseo-de-la-pata-hidratante-para-nieve-para-camina\/","url":"https:\/\/guautastik.com\/ca\/generico-balsamo-para-perros-crema-nutritiva-para-mascotas-los-mejores-balsamos-para-las-patas-para-perros-balsamos-de-esencia-balsamo-de-aseo-de-la-pata-hidratante-para-nieve-para-camina\/","name":"Gen\u00c3\u00a9rico B\u00c3\u00a1lsamo para Perros - Crema nutritiva para Mascotas, los Mejores b\u00c3\u00a1lsamos para Las Patas para Perros | B\u00c3\u00a1lsamos de Esencia, b\u00c3\u00a1lsamo de Aseo de la Pata hidratante para Nieve para Camina - Guautastik","isPartOf":{"@id":"https:\/\/guautastik.com\/ca\/#website"},"primaryImageOfPage":{"@id":"https:\/\/guautastik.com\/ca\/generico-balsamo-para-perros-crema-nutritiva-para-mascotas-los-mejores-balsamos-para-las-patas-para-perros-balsamos-de-esencia-balsamo-de-aseo-de-la-pata-hidratante-para-nieve-para-camina\/#primaryimage"},"image":{"@id":"https:\/\/guautastik.com\/ca\/generico-balsamo-para-perros-crema-nutritiva-para-mascotas-los-mejores-balsamos-para-las-patas-para-perros-balsamos-de-esencia-balsamo-de-aseo-de-la-pata-hidratante-para-nieve-para-camina\/#primaryimage"},"thumbnailUrl":"https:\/\/m.media-amazon.com\/images\/I\/414wmTiMr2L._SL500_.jpg","datePublished":"2025-10-03T15:50:32+00:00","dateModified":"2025-11-05T03:14:42+00:00","description":"Troba llits, joguines, menjar i accessoris per a gossos a Guautastik \ud83d\udc3e. Productes de qualitat seleccionats per al benestar i la felicitat.","breadcrumb":{"@id":"https:\/\/guautastik.com\/ca\/generico-balsamo-para-perros-crema-nutritiva-para-mascotas-los-mejores-balsamos-para-las-patas-para-perros-balsamos-de-esencia-balsamo-de-aseo-de-la-pata-hidratante-para-nieve-para-camina\/#breadcrumb"},"inLanguage":"ca","potentialAction":[{"@type":"ReadAction","target":["https:\/\/guautastik.com\/ca\/generico-balsamo-para-perros-crema-nutritiva-para-mascotas-los-mejores-balsamos-para-las-patas-para-perros-balsamos-de-esencia-balsamo-de-aseo-de-la-pata-hidratante-para-nieve-para-camina\/"]}]},{"@type":"ImageObject","inLanguage":"ca","@id":"https:\/\/guautastik.com\/ca\/generico-balsamo-para-perros-crema-nutritiva-para-mascotas-los-mejores-balsamos-para-las-patas-para-perros-balsamos-de-esencia-balsamo-de-aseo-de-la-pata-hidratante-para-nieve-para-camina\/#primaryimage","url":"https:\/\/m.media-amazon.com\/images\/I\/414wmTiMr2L._SL500_.jpg","contentUrl":"https:\/\/m.media-amazon.com\/images\/I\/414wmTiMr2L._SL500_.jpg","width":500,"height":500},{"@type":"BreadcrumbList","@id":"https:\/\/guautastik.com\/ca\/generico-balsamo-para-perros-crema-nutritiva-para-mascotas-los-mejores-balsamos-para-las-patas-para-perros-balsamos-de-esencia-balsamo-de-aseo-de-la-pata-hidratante-para-nieve-para-camina\/#breadcrumb","itemListElement":[{"@type":"ListItem","position":1,"name":"Home","item":"https:\/\/guautastik.com\/ca\/"},{"@type":"ListItem","position":2,"name":"Shop","item":"https:\/\/guautastik.com\/ca\/shop\/"},{"@type":"ListItem","position":3,"name":"Gen\u00c3\u00a9rico B\u00c3\u00a1lsamo para Perros ..."}]},{"@type":"WebSite","@id":"https:\/\/guautastik.com\/ca\/#website","url":"https:\/\/guautastik.com\/ca\/","name":"Guautastik","description":"Millors Productes, Joguines i Accessoris per a Gossos","publisher":{"@id":"https:\/\/guautastik.com\/ca\/#organization"},"potentialAction":[{"@type":"SearchAction","target":{"@type":"EntryPoint","urlTemplate":"https:\/\/guautastik.com\/ca\/?s={search_term_string}"},"query-input":{"@type":"PropertyValueSpecification","valueRequired":true,"valueName":"search_term_string"}}],"inLanguage":"ca"},{"@type":"Organization","@id":"https:\/\/guautastik.com\/ca\/#organization","name":"Guautastik","url":"https:\/\/guautastik.com\/ca\/","logo":{"@type":"ImageObject","inLanguage":"ca","@id":"https:\/\/guautastik.com\/ca\/#\/schema\/logo\/image\/","url":"https:\/\/guautastik.com\/ca\/wp-content\/uploads\/2026\/01\/Screenshot_2026-01-13_at_8.13.08_AM-removebg-preview.png","contentUrl":"https:\/\/guautastik.com\/ca\/wp-content\/uploads\/2026\/01\/Screenshot_2026-01-13_at_8.13.08_AM-removebg-preview.png","width":762,"height":232,"caption":"Guautastik"},"image":{"@id":"https:\/\/guautastik.com\/ca\/#\/schema\/logo\/image\/"}}]}},"_links":{"self":[{"href":"https:\/\/guautastik.com\/ca\/wp-json\/wp\/v2\/product\/1236","targetHints":{"allow":["GET"]}}],"collection":[{"href":"https:\/\/guautastik.com\/ca\/wp-json\/wp\/v2\/product"}],"about":[{"href":"https:\/\/guautastik.com\/ca\/wp-json\/wp\/v2\/types\/product"}],"wp:featuredmedia":[{"embeddable":true,"href":"https:\/\/guautastik.com\/ca\/wp-json\/wp\/v2\/media\/1237"}],"wp:attachment":[{"href":"https:\/\/guautastik.com\/ca\/wp-json\/wp\/v2\/media?parent=1236"}],"wp:term":[{"taxonomy":"store","embeddable":true,"href":"https:\/\/guautastik.com\/ca\/wp-json\/wp\/v2\/store?post=1236"},{"taxonomy":"product_brand","embeddable":true,"href":"https:\/\/guautastik.com\/ca\/wp-json\/wp\/v2\/product_brand?post=1236"},{"taxonomy":"product_cat","embeddable":true,"href":"https:\/\/guautastik.com\/ca\/wp-json\/wp\/v2\/product_cat?post=1236"},{"taxonomy":"product_tag","embeddable":true,"href":"https:\/\/guautastik.com\/ca\/wp-json\/wp\/v2\/product_tag?post=1236"}],"curies":[{"name":"wp","href":"https:\/\/api.w.org\/{rel}","templated":true}]}}