{"id":1298,"date":"2025-10-03T15:51:08","date_gmt":"2025-10-03T15:51:08","guid":{"rendered":"https:\/\/guautastik.com\/ca\/nina-woof-spray-desodorante-vegano-para-perros-perfume-y-colonia-para-perros-neutralizador-de-olores-con-aloe-vera-y-amaranto-bruma-refrescante-de-larga-duracion-para-el-pelaje-150-ml\/"},"modified":"2025-10-30T15:46:49","modified_gmt":"2025-10-30T15:46:49","slug":"nina-woof-spray-desodorante-vegano-para-perros-perfume-y-colonia-para-perros-neutralizador-de-olores-con-aloe-vera-y-amaranto-bruma-refrescante-de-larga-duracion-para-el-pelaje-150-ml","status":"publish","type":"product","link":"https:\/\/guautastik.com\/ca\/nina-woof-spray-desodorante-vegano-para-perros-perfume-y-colonia-para-perros-neutralizador-de-olores-con-aloe-vera-y-amaranto-bruma-refrescante-de-larga-duracion-para-el-pelaje-150-ml\/","title":{"rendered":"Nina Woof Spray Desodorante Vegano ..."},"content":{"rendered":"<p>CONTROL DE OLOR INSTANT\u00c1NEO \u2013 El spray desodorante para perros neutraliza los olores en segundos, su ligera fragancia natural mantiene el pelaje fresco.<br \/>\nDESENREDADO F\u00c1CIL Y BRILLO \u2013 Spray acondicionador para perros con amaranto y alga roja que suaviza el pelaje y restaura el brillo natural.<br \/>\nALIVIA LA PIEL SENSIBLE &#8211; Perfume vegano para perros con aloe vera org\u00e1nico que hidrata y calma el pelaje seco y con picaz\u00f3n, f\u00f3rmula equilibrada en pH.<br \/>\nFRESCURA 3 EN 1 DIARIA \u2013 Refresca, desodoriza y acondiciona con un spray corporal ligero para perros que no necesita enjuague, en un pr\u00e1ctico envase de 5 oz.<br \/>\nF\u00d3RMULA AMIGABLE CON EL PLANETA \u2013 Cuidado vegano eco-consciente con pl\u00e1stico m\u00ednimo, libre de crueldad y sin qu\u00edmicos agresivos.<br \/>\n<div class=\"main-cross-sell\" data-asin=\"B0FBWYK288\">\n\n\t<div class=\"WooZone-cross-sell-loader\">\n\t\t<div>\n\t\t\t<div id=\"floatingBarsG\">\n\t\t\t\t<div class=\"blockG\" id=\"rotateG_01\"><\/div>\n\t\t\t\t<div class=\"blockG\" id=\"rotateG_02\"><\/div>\n\t\t\t\t<div class=\"blockG\" id=\"rotateG_03\"><\/div>\n\t\t\t\t<div class=\"blockG\" id=\"rotateG_04\"><\/div>\n\t\t\t\t<div class=\"blockG\" id=\"rotateG_05\"><\/div>\n\t\t\t\t<div class=\"blockG\" id=\"rotateG_06\"><\/div>\n\t\t\t\t<div class=\"blockG\" id=\"rotateG_07\"><\/div>\n\t\t\t\t<div class=\"blockG\" id=\"rotateG_08\"><\/div>\n\t\t\t<\/div>\n\t\t\t<div class=\"WooZone-cross-sell-loader-text\"><\/div>\n\t\t<\/div>\n\t<\/div>\n\n\t\t\n<\/div>\n<div style=\"clear:both;\"><\/div><\/p>\n","protected":false},"excerpt":{"rendered":"<p>CONTROL DE OLOR INSTANT\u00c1NEO \u2013 El spray desodorante para perros neutraliza los olores en segundos, su ligera fragancia natural mantiene el pelaje fresco.<br \/>\nDESENREDADO F\u00c1CIL Y BRILLO \u2013 Spray acondicionador para perros con amaranto y alga roja que suaviza el pelaje y restaura el brillo natural.<br \/>\nALIVIA LA PIEL SENSIBLE &#8211; Perfume vegano para perros con aloe vera org\u00e1nico que hidrata y calma el pelaje seco y con picaz\u00f3n, f\u00f3rmula equilibrada en pH.<\/p>\n","protected":false},"featured_media":1299,"template":"","meta":[],"store":[],"product_brand":[],"product_cat":[605,28],"product_tag":[],"class_list":{"0":"post-1298","1":"product","2":"type-product","3":"status-publish","4":"has-post-thumbnail","6":"product_cat-perfumes-o-desodorantes-caninos","7":"product_cat-tendencia","8":"pa_brand-nina-woof","9":"pa_eans-699","10":"pa_manufacturer-nina-woof","11":"pa_number-of-items-137","12":"pa_product-group-belleza","13":"pa_size-150-ml-paquete-de-1","14":"pa_upcs-700","16":"first","17":"instock","18":"shipping-taxable","19":"product-type-external"},"yoast_head":"<!-- This site is optimized with the Yoast SEO plugin v26.0 - https:\/\/yoast.com\/wordpress\/plugins\/seo\/ -->\n<title>Nina Woof Spray Desodorante Vegano para Perros \u00e2\u0080\u0093 Perfume y Colonia para Perros, Neutralizador de Olores con Aloe Vera y Amaranto, Bruma Refrescante de Larga Duraci\u00c3\u00b3n para el Pelaje - 150 mL - Guautastik<\/title>\n<meta name=\"description\" content=\"Troba llits, joguines, menjar i accessoris per a gossos a Guautastik \ud83d\udc3e. Productes de qualitat seleccionats per al benestar i la felicitat.\" \/>\n<meta name=\"robots\" content=\"index, follow, max-snippet:-1, max-image-preview:large, max-video-preview:-1\" \/>\n<link rel=\"canonical\" href=\"https:\/\/guautastik.com\/ca\/nina-woof-spray-desodorante-vegano-para-perros-perfume-y-colonia-para-perros-neutralizador-de-olores-con-aloe-vera-y-amaranto-bruma-refrescante-de-larga-duracion-para-el-pelaje-150-ml\/\" \/>\n<meta property=\"og:locale\" content=\"ca_ES\" \/>\n<meta property=\"og:type\" content=\"article\" \/>\n<meta property=\"og:title\" content=\"Nina Woof Spray Desodorante Vegano para Perros \u00e2\u0080\u0093 Perfume y Colonia para Perros, Neutralizador de Olores con Aloe Vera y Amaranto, Bruma Refrescante de Larga Duraci\u00c3\u00b3n para el Pelaje - 150 mL - Guautastik\" \/>\n<meta property=\"og:description\" content=\"Troba llits, joguines, menjar i accessoris per a gossos a Guautastik \ud83d\udc3e. Productes de qualitat seleccionats per al benestar i la felicitat.\" \/>\n<meta property=\"og:url\" content=\"https:\/\/guautastik.com\/ca\/nina-woof-spray-desodorante-vegano-para-perros-perfume-y-colonia-para-perros-neutralizador-de-olores-con-aloe-vera-y-amaranto-bruma-refrescante-de-larga-duracion-para-el-pelaje-150-ml\/\" \/>\n<meta property=\"og:site_name\" content=\"Guautastik\" \/>\n<meta property=\"article:modified_time\" content=\"2025-10-30T15:46:49+00:00\" \/>\n<meta property=\"og:image\" content=\"https:\/\/m.media-amazon.com\/images\/I\/21TKODvZhPL._SL500_.jpg\" \/>\n\t<meta property=\"og:image:width\" content=\"500\" \/>\n\t<meta property=\"og:image:height\" content=\"500\" \/>\n\t<meta property=\"og:image:type\" content=\"image\/jpeg\" \/>\n<meta name=\"twitter:card\" content=\"summary_large_image\" \/>\n<meta name=\"twitter:label1\" content=\"Temps estimat de lectura\" \/>\n\t<meta name=\"twitter:data1\" content=\"1 minut\" \/>\n<script type=\"application\/ld+json\" class=\"yoast-schema-graph\">{\"@context\":\"https:\/\/schema.org\",\"@graph\":[{\"@type\":\"WebPage\",\"@id\":\"https:\/\/guautastik.com\/ca\/nina-woof-spray-desodorante-vegano-para-perros-perfume-y-colonia-para-perros-neutralizador-de-olores-con-aloe-vera-y-amaranto-bruma-refrescante-de-larga-duracion-para-el-pelaje-150-ml\/\",\"url\":\"https:\/\/guautastik.com\/ca\/nina-woof-spray-desodorante-vegano-para-perros-perfume-y-colonia-para-perros-neutralizador-de-olores-con-aloe-vera-y-amaranto-bruma-refrescante-de-larga-duracion-para-el-pelaje-150-ml\/\",\"name\":\"Nina Woof Spray Desodorante Vegano para Perros \u00e2\u0080\u0093 Perfume y Colonia para Perros, Neutralizador de Olores con Aloe Vera y Amaranto, Bruma Refrescante de Larga Duraci\u00c3\u00b3n para el Pelaje - 150 mL - Guautastik\",\"isPartOf\":{\"@id\":\"https:\/\/guautastik.com\/ca\/#website\"},\"primaryImageOfPage\":{\"@id\":\"https:\/\/guautastik.com\/ca\/nina-woof-spray-desodorante-vegano-para-perros-perfume-y-colonia-para-perros-neutralizador-de-olores-con-aloe-vera-y-amaranto-bruma-refrescante-de-larga-duracion-para-el-pelaje-150-ml\/#primaryimage\"},\"image\":{\"@id\":\"https:\/\/guautastik.com\/ca\/nina-woof-spray-desodorante-vegano-para-perros-perfume-y-colonia-para-perros-neutralizador-de-olores-con-aloe-vera-y-amaranto-bruma-refrescante-de-larga-duracion-para-el-pelaje-150-ml\/#primaryimage\"},\"thumbnailUrl\":\"https:\/\/m.media-amazon.com\/images\/I\/21TKODvZhPL._SL500_.jpg\",\"datePublished\":\"2025-10-03T15:51:08+00:00\",\"dateModified\":\"2025-10-30T15:46:49+00:00\",\"description\":\"Troba llits, joguines, menjar i accessoris per a gossos a Guautastik \ud83d\udc3e. Productes de qualitat seleccionats per al benestar i la felicitat.\",\"breadcrumb\":{\"@id\":\"https:\/\/guautastik.com\/ca\/nina-woof-spray-desodorante-vegano-para-perros-perfume-y-colonia-para-perros-neutralizador-de-olores-con-aloe-vera-y-amaranto-bruma-refrescante-de-larga-duracion-para-el-pelaje-150-ml\/#breadcrumb\"},\"inLanguage\":\"ca\",\"potentialAction\":[{\"@type\":\"ReadAction\",\"target\":[\"https:\/\/guautastik.com\/ca\/nina-woof-spray-desodorante-vegano-para-perros-perfume-y-colonia-para-perros-neutralizador-de-olores-con-aloe-vera-y-amaranto-bruma-refrescante-de-larga-duracion-para-el-pelaje-150-ml\/\"]}]},{\"@type\":\"ImageObject\",\"inLanguage\":\"ca\",\"@id\":\"https:\/\/guautastik.com\/ca\/nina-woof-spray-desodorante-vegano-para-perros-perfume-y-colonia-para-perros-neutralizador-de-olores-con-aloe-vera-y-amaranto-bruma-refrescante-de-larga-duracion-para-el-pelaje-150-ml\/#primaryimage\",\"url\":\"https:\/\/m.media-amazon.com\/images\/I\/21TKODvZhPL._SL500_.jpg\",\"contentUrl\":\"https:\/\/m.media-amazon.com\/images\/I\/21TKODvZhPL._SL500_.jpg\",\"width\":500,\"height\":500},{\"@type\":\"BreadcrumbList\",\"@id\":\"https:\/\/guautastik.com\/ca\/nina-woof-spray-desodorante-vegano-para-perros-perfume-y-colonia-para-perros-neutralizador-de-olores-con-aloe-vera-y-amaranto-bruma-refrescante-de-larga-duracion-para-el-pelaje-150-ml\/#breadcrumb\",\"itemListElement\":[{\"@type\":\"ListItem\",\"position\":1,\"name\":\"Home\",\"item\":\"https:\/\/guautastik.com\/ca\/\"},{\"@type\":\"ListItem\",\"position\":2,\"name\":\"Shop\",\"item\":\"https:\/\/guautastik.com\/ca\/shop\/\"},{\"@type\":\"ListItem\",\"position\":3,\"name\":\"Nina Woof Spray Desodorante Vegano ...\"}]},{\"@type\":\"WebSite\",\"@id\":\"https:\/\/guautastik.com\/ca\/#website\",\"url\":\"https:\/\/guautastik.com\/ca\/\",\"name\":\"Guautastik\",\"description\":\"Millors Productes, Joguines i Accessoris per a Gossos\",\"publisher\":{\"@id\":\"https:\/\/guautastik.com\/ca\/#organization\"},\"potentialAction\":[{\"@type\":\"SearchAction\",\"target\":{\"@type\":\"EntryPoint\",\"urlTemplate\":\"https:\/\/guautastik.com\/ca\/?s={search_term_string}\"},\"query-input\":{\"@type\":\"PropertyValueSpecification\",\"valueRequired\":true,\"valueName\":\"search_term_string\"}}],\"inLanguage\":\"ca\"},{\"@type\":\"Organization\",\"@id\":\"https:\/\/guautastik.com\/ca\/#organization\",\"name\":\"Guautastik\",\"url\":\"https:\/\/guautastik.com\/ca\/\",\"logo\":{\"@type\":\"ImageObject\",\"inLanguage\":\"ca\",\"@id\":\"https:\/\/guautastik.com\/ca\/#\/schema\/logo\/image\/\",\"url\":\"https:\/\/guautastik.com\/ca\/wp-content\/uploads\/2026\/01\/Screenshot_2026-01-13_at_8.13.08_AM-removebg-preview.png\",\"contentUrl\":\"https:\/\/guautastik.com\/ca\/wp-content\/uploads\/2026\/01\/Screenshot_2026-01-13_at_8.13.08_AM-removebg-preview.png\",\"width\":762,\"height\":232,\"caption\":\"Guautastik\"},\"image\":{\"@id\":\"https:\/\/guautastik.com\/ca\/#\/schema\/logo\/image\/\"}}]}<\/script>\n<!-- \/ Yoast SEO plugin. -->","yoast_head_json":{"title":"Nina Woof Spray Desodorante Vegano para Perros \u00e2\u0080\u0093 Perfume y Colonia para Perros, Neutralizador de Olores con Aloe Vera y Amaranto, Bruma Refrescante de Larga Duraci\u00c3\u00b3n para el Pelaje - 150 mL - Guautastik","description":"Troba llits, joguines, menjar i accessoris per a gossos a Guautastik \ud83d\udc3e. Productes de qualitat seleccionats per al benestar i la felicitat.","robots":{"index":"index","follow":"follow","max-snippet":"max-snippet:-1","max-image-preview":"max-image-preview:large","max-video-preview":"max-video-preview:-1"},"canonical":"https:\/\/guautastik.com\/ca\/nina-woof-spray-desodorante-vegano-para-perros-perfume-y-colonia-para-perros-neutralizador-de-olores-con-aloe-vera-y-amaranto-bruma-refrescante-de-larga-duracion-para-el-pelaje-150-ml\/","og_locale":"ca_ES","og_type":"article","og_title":"Nina Woof Spray Desodorante Vegano para Perros \u00e2\u0080\u0093 Perfume y Colonia para Perros, Neutralizador de Olores con Aloe Vera y Amaranto, Bruma Refrescante de Larga Duraci\u00c3\u00b3n para el Pelaje - 150 mL - Guautastik","og_description":"Troba llits, joguines, menjar i accessoris per a gossos a Guautastik \ud83d\udc3e. Productes de qualitat seleccionats per al benestar i la felicitat.","og_url":"https:\/\/guautastik.com\/ca\/nina-woof-spray-desodorante-vegano-para-perros-perfume-y-colonia-para-perros-neutralizador-de-olores-con-aloe-vera-y-amaranto-bruma-refrescante-de-larga-duracion-para-el-pelaje-150-ml\/","og_site_name":"Guautastik","article_modified_time":"2025-10-30T15:46:49+00:00","og_image":[{"width":500,"height":500,"url":"https:\/\/m.media-amazon.com\/images\/I\/21TKODvZhPL._SL500_.jpg","type":"image\/jpeg"}],"twitter_card":"summary_large_image","twitter_misc":{"Temps estimat de lectura":"1 minut"},"schema":{"@context":"https:\/\/schema.org","@graph":[{"@type":"WebPage","@id":"https:\/\/guautastik.com\/ca\/nina-woof-spray-desodorante-vegano-para-perros-perfume-y-colonia-para-perros-neutralizador-de-olores-con-aloe-vera-y-amaranto-bruma-refrescante-de-larga-duracion-para-el-pelaje-150-ml\/","url":"https:\/\/guautastik.com\/ca\/nina-woof-spray-desodorante-vegano-para-perros-perfume-y-colonia-para-perros-neutralizador-de-olores-con-aloe-vera-y-amaranto-bruma-refrescante-de-larga-duracion-para-el-pelaje-150-ml\/","name":"Nina Woof Spray Desodorante Vegano para Perros \u00e2\u0080\u0093 Perfume y Colonia para Perros, Neutralizador de Olores con Aloe Vera y Amaranto, Bruma Refrescante de Larga Duraci\u00c3\u00b3n para el Pelaje - 150 mL - Guautastik","isPartOf":{"@id":"https:\/\/guautastik.com\/ca\/#website"},"primaryImageOfPage":{"@id":"https:\/\/guautastik.com\/ca\/nina-woof-spray-desodorante-vegano-para-perros-perfume-y-colonia-para-perros-neutralizador-de-olores-con-aloe-vera-y-amaranto-bruma-refrescante-de-larga-duracion-para-el-pelaje-150-ml\/#primaryimage"},"image":{"@id":"https:\/\/guautastik.com\/ca\/nina-woof-spray-desodorante-vegano-para-perros-perfume-y-colonia-para-perros-neutralizador-de-olores-con-aloe-vera-y-amaranto-bruma-refrescante-de-larga-duracion-para-el-pelaje-150-ml\/#primaryimage"},"thumbnailUrl":"https:\/\/m.media-amazon.com\/images\/I\/21TKODvZhPL._SL500_.jpg","datePublished":"2025-10-03T15:51:08+00:00","dateModified":"2025-10-30T15:46:49+00:00","description":"Troba llits, joguines, menjar i accessoris per a gossos a Guautastik \ud83d\udc3e. Productes de qualitat seleccionats per al benestar i la felicitat.","breadcrumb":{"@id":"https:\/\/guautastik.com\/ca\/nina-woof-spray-desodorante-vegano-para-perros-perfume-y-colonia-para-perros-neutralizador-de-olores-con-aloe-vera-y-amaranto-bruma-refrescante-de-larga-duracion-para-el-pelaje-150-ml\/#breadcrumb"},"inLanguage":"ca","potentialAction":[{"@type":"ReadAction","target":["https:\/\/guautastik.com\/ca\/nina-woof-spray-desodorante-vegano-para-perros-perfume-y-colonia-para-perros-neutralizador-de-olores-con-aloe-vera-y-amaranto-bruma-refrescante-de-larga-duracion-para-el-pelaje-150-ml\/"]}]},{"@type":"ImageObject","inLanguage":"ca","@id":"https:\/\/guautastik.com\/ca\/nina-woof-spray-desodorante-vegano-para-perros-perfume-y-colonia-para-perros-neutralizador-de-olores-con-aloe-vera-y-amaranto-bruma-refrescante-de-larga-duracion-para-el-pelaje-150-ml\/#primaryimage","url":"https:\/\/m.media-amazon.com\/images\/I\/21TKODvZhPL._SL500_.jpg","contentUrl":"https:\/\/m.media-amazon.com\/images\/I\/21TKODvZhPL._SL500_.jpg","width":500,"height":500},{"@type":"BreadcrumbList","@id":"https:\/\/guautastik.com\/ca\/nina-woof-spray-desodorante-vegano-para-perros-perfume-y-colonia-para-perros-neutralizador-de-olores-con-aloe-vera-y-amaranto-bruma-refrescante-de-larga-duracion-para-el-pelaje-150-ml\/#breadcrumb","itemListElement":[{"@type":"ListItem","position":1,"name":"Home","item":"https:\/\/guautastik.com\/ca\/"},{"@type":"ListItem","position":2,"name":"Shop","item":"https:\/\/guautastik.com\/ca\/shop\/"},{"@type":"ListItem","position":3,"name":"Nina Woof Spray Desodorante Vegano ..."}]},{"@type":"WebSite","@id":"https:\/\/guautastik.com\/ca\/#website","url":"https:\/\/guautastik.com\/ca\/","name":"Guautastik","description":"Millors Productes, Joguines i Accessoris per a Gossos","publisher":{"@id":"https:\/\/guautastik.com\/ca\/#organization"},"potentialAction":[{"@type":"SearchAction","target":{"@type":"EntryPoint","urlTemplate":"https:\/\/guautastik.com\/ca\/?s={search_term_string}"},"query-input":{"@type":"PropertyValueSpecification","valueRequired":true,"valueName":"search_term_string"}}],"inLanguage":"ca"},{"@type":"Organization","@id":"https:\/\/guautastik.com\/ca\/#organization","name":"Guautastik","url":"https:\/\/guautastik.com\/ca\/","logo":{"@type":"ImageObject","inLanguage":"ca","@id":"https:\/\/guautastik.com\/ca\/#\/schema\/logo\/image\/","url":"https:\/\/guautastik.com\/ca\/wp-content\/uploads\/2026\/01\/Screenshot_2026-01-13_at_8.13.08_AM-removebg-preview.png","contentUrl":"https:\/\/guautastik.com\/ca\/wp-content\/uploads\/2026\/01\/Screenshot_2026-01-13_at_8.13.08_AM-removebg-preview.png","width":762,"height":232,"caption":"Guautastik"},"image":{"@id":"https:\/\/guautastik.com\/ca\/#\/schema\/logo\/image\/"}}]}},"_links":{"self":[{"href":"https:\/\/guautastik.com\/ca\/wp-json\/wp\/v2\/product\/1298","targetHints":{"allow":["GET"]}}],"collection":[{"href":"https:\/\/guautastik.com\/ca\/wp-json\/wp\/v2\/product"}],"about":[{"href":"https:\/\/guautastik.com\/ca\/wp-json\/wp\/v2\/types\/product"}],"wp:featuredmedia":[{"embeddable":true,"href":"https:\/\/guautastik.com\/ca\/wp-json\/wp\/v2\/media\/1299"}],"wp:attachment":[{"href":"https:\/\/guautastik.com\/ca\/wp-json\/wp\/v2\/media?parent=1298"}],"wp:term":[{"taxonomy":"store","embeddable":true,"href":"https:\/\/guautastik.com\/ca\/wp-json\/wp\/v2\/store?post=1298"},{"taxonomy":"product_brand","embeddable":true,"href":"https:\/\/guautastik.com\/ca\/wp-json\/wp\/v2\/product_brand?post=1298"},{"taxonomy":"product_cat","embeddable":true,"href":"https:\/\/guautastik.com\/ca\/wp-json\/wp\/v2\/product_cat?post=1298"},{"taxonomy":"product_tag","embeddable":true,"href":"https:\/\/guautastik.com\/ca\/wp-json\/wp\/v2\/product_tag?post=1298"}],"curies":[{"name":"wp","href":"https:\/\/api.w.org\/{rel}","templated":true}]}}