{"id":1308,"date":"2025-10-03T15:51:13","date_gmt":"2025-10-03T15:51:13","guid":{"rendered":"https:\/\/guautastik.com\/ca\/spray-perfume-para-perros-y-gatos-fragancia-de-talco-para-bebe-desodorante-de-larga-duracion-acondicionador-para-pelaje-con-mal-olor-formula-no-pegajosa-practico-para-viajes-100-ml\/"},"modified":"2025-10-30T15:55:11","modified_gmt":"2025-10-30T15:55:11","slug":"spray-perfume-para-perros-y-gatos-fragancia-de-talco-para-bebe-desodorante-de-larga-duracion-acondicionador-para-pelaje-con-mal-olor-formula-no-pegajosa-practico-para-viajes-100-ml","status":"publish","type":"product","link":"https:\/\/guautastik.com\/ca\/spray-perfume-para-perros-y-gatos-fragancia-de-talco-para-bebe-desodorante-de-larga-duracion-acondicionador-para-pelaje-con-mal-olor-formula-no-pegajosa-practico-para-viajes-100-ml\/","title":{"rendered":"Spray Perfume para Perros y Gatos, ..."},"content":{"rendered":"<p>Sutil fragancia de talco para beb\u00e9: deleita a tu mascota con el delicado y fresco aroma del talco para beb\u00e9s. Este spray de perfume para perros proporciona una fragancia suave que no abrumar\u00e1 la nariz sensible de tu amigo peludo, haciendo que las sesiones de aseo sean tranquilas y agradables.<br \/>\nNeutraliza los olores al instante: di adi\u00f3s a los olores dif\u00edciles de mascotas con nuestro spray de colonia para perros. Dise\u00f1ado para neutralizar eficazmente los olores desagradables, deja a tu mascota con un olor limpio y fresco, perfecto para abrazos y momentos cercanos.<br \/>\nIngredientes aptos para mascotas y seguros para la piel: impregnado con extractos de aloe vera, avena y manzanilla, este spray de fragancia para perros es suave con la piel de tu mascota mientras nutre su pelaje. Deja el pelo suave, sedoso y sin residuos para un aspecto pulido y saludable.<br \/>\nComodidad de tama\u00f1o de viaje: la botella compacta de 100 ml es perfecta para la frescura sobre la marcha. Ya sea en casa, en el parque o de viaje, esta colonia para mascotas mantiene a tu perro limpio y con un olor genial dondequiera que est\u00e9s.<br \/>\nSeguro para todas las mascotas: dise\u00f1ado con una f\u00f3rmula libre de crueldad animal y no irritante, nuestro spray de perfume para perros es seguro para perros, gatos y otros compa\u00f1eros peludos de todo tipo de piel. Disfruta de la tranquilidad sabiendo que la comodidad de tu mascota es lo primero.<br \/>\n<div class=\"main-cross-sell\" data-asin=\"B0DTK3KM1N\">\n\n\t<div class=\"WooZone-cross-sell-loader\">\n\t\t<div>\n\t\t\t<div id=\"floatingBarsG\">\n\t\t\t\t<div class=\"blockG\" id=\"rotateG_01\"><\/div>\n\t\t\t\t<div class=\"blockG\" id=\"rotateG_02\"><\/div>\n\t\t\t\t<div class=\"blockG\" id=\"rotateG_03\"><\/div>\n\t\t\t\t<div class=\"blockG\" id=\"rotateG_04\"><\/div>\n\t\t\t\t<div class=\"blockG\" id=\"rotateG_05\"><\/div>\n\t\t\t\t<div class=\"blockG\" id=\"rotateG_06\"><\/div>\n\t\t\t\t<div class=\"blockG\" id=\"rotateG_07\"><\/div>\n\t\t\t\t<div class=\"blockG\" id=\"rotateG_08\"><\/div>\n\t\t\t<\/div>\n\t\t\t<div class=\"WooZone-cross-sell-loader-text\"><\/div>\n\t\t<\/div>\n\t<\/div>\n\n\t\t\n<\/div>\n<div style=\"clear:both;\"><\/div><\/p>\n","protected":false},"excerpt":{"rendered":"<p>Sutil fragancia de talco para beb\u00e9: deleita a tu mascota con el delicado y fresco aroma del talco para beb\u00e9s. Este spray de perfume para perros proporciona una fragancia suave que no abrumar\u00e1 la nariz sensible de tu amigo peludo, haciendo que las sesiones de aseo sean tranquilas y agradables.<br \/>\nNeutraliza los olores al instante: di adi\u00f3s a los olores dif\u00edciles de mascotas con nuestro spray de colonia para perros. Dise\u00f1ado para neutralizar eficazmente los olores desagradables, deja a tu mascota con un olor limpio y fresco, perfecto para abrazos y momentos cercanos.<br \/>\nIngredientes aptos para mascotas y seguros para la piel: impregnado con extractos de aloe vera, avena y manzanilla, este spray de fragancia para perros es suave con la piel de tu mascota mientras nutre su pelaje. Deja el pelo suave, sedoso y sin residuos para un aspecto pulido y saludable.<\/p>\n","protected":false},"featured_media":1309,"template":"","meta":[],"store":[],"product_brand":[],"product_cat":[605,28],"product_tag":[],"class_list":{"0":"post-1308","1":"product","2":"type-product","3":"status-publish","4":"has-post-thumbnail","6":"product_cat-perfumes-o-desodorantes-caninos","7":"product_cat-tendencia","8":"pa_binding-encuadernacion-desconocida","9":"pa_brand-gjyc-pet","10":"pa_manufacturer-gjyc-pet","11":"pa_model-ymx039-cwxseu","12":"pa_number-of-items-137","13":"pa_part-number-ymx039-cwxseu","14":"pa_product-group-belleza","15":"pa_size-100-ml-paquete-de-1","16":"pa_weight-0-3747858454-libras","18":"first","19":"instock","20":"shipping-taxable","21":"product-type-external"},"yoast_head":"<!-- This site is optimized with the Yoast SEO plugin v26.0 - https:\/\/yoast.com\/wordpress\/plugins\/seo\/ -->\n<title>Spray Perfume para Perros y Gatos, Fragancia de Talco para Beb\u00c3\u00a9, Desodorante de Larga Duraci\u00c3\u00b3n, Acondicionador para Pelaje con Mal Olor, F\u00c3\u00b3rmula No Pegajosa, Pr\u00c3\u00a1ctico para Viajes, 100 ml - Guautastik<\/title>\n<meta name=\"description\" content=\"Troba llits, joguines, menjar i accessoris per a gossos a Guautastik \ud83d\udc3e. Productes de qualitat seleccionats per al benestar i la felicitat.\" \/>\n<meta name=\"robots\" content=\"index, follow, max-snippet:-1, max-image-preview:large, max-video-preview:-1\" \/>\n<link rel=\"canonical\" href=\"https:\/\/guautastik.com\/ca\/spray-perfume-para-perros-y-gatos-fragancia-de-talco-para-bebe-desodorante-de-larga-duracion-acondicionador-para-pelaje-con-mal-olor-formula-no-pegajosa-practico-para-viajes-100-ml\/\" \/>\n<meta property=\"og:locale\" content=\"ca_ES\" \/>\n<meta property=\"og:type\" content=\"article\" \/>\n<meta property=\"og:title\" content=\"Spray Perfume para Perros y Gatos, Fragancia de Talco para Beb\u00c3\u00a9, Desodorante de Larga Duraci\u00c3\u00b3n, Acondicionador para Pelaje con Mal Olor, F\u00c3\u00b3rmula No Pegajosa, Pr\u00c3\u00a1ctico para Viajes, 100 ml - Guautastik\" \/>\n<meta property=\"og:description\" content=\"Troba llits, joguines, menjar i accessoris per a gossos a Guautastik \ud83d\udc3e. Productes de qualitat seleccionats per al benestar i la felicitat.\" \/>\n<meta property=\"og:url\" content=\"https:\/\/guautastik.com\/ca\/spray-perfume-para-perros-y-gatos-fragancia-de-talco-para-bebe-desodorante-de-larga-duracion-acondicionador-para-pelaje-con-mal-olor-formula-no-pegajosa-practico-para-viajes-100-ml\/\" \/>\n<meta property=\"og:site_name\" content=\"Guautastik\" \/>\n<meta property=\"article:modified_time\" content=\"2025-10-30T15:55:11+00:00\" \/>\n<meta property=\"og:image\" content=\"https:\/\/m.media-amazon.com\/images\/I\/41Gxk1daFmL._SL500_.jpg\" \/>\n\t<meta property=\"og:image:width\" content=\"500\" \/>\n\t<meta property=\"og:image:height\" content=\"500\" \/>\n\t<meta property=\"og:image:type\" content=\"image\/jpeg\" \/>\n<meta name=\"twitter:card\" content=\"summary_large_image\" \/>\n<meta name=\"twitter:label1\" content=\"Temps estimat de lectura\" \/>\n\t<meta name=\"twitter:data1\" content=\"1 minut\" \/>\n<script type=\"application\/ld+json\" class=\"yoast-schema-graph\">{\"@context\":\"https:\/\/schema.org\",\"@graph\":[{\"@type\":\"WebPage\",\"@id\":\"https:\/\/guautastik.com\/ca\/spray-perfume-para-perros-y-gatos-fragancia-de-talco-para-bebe-desodorante-de-larga-duracion-acondicionador-para-pelaje-con-mal-olor-formula-no-pegajosa-practico-para-viajes-100-ml\/\",\"url\":\"https:\/\/guautastik.com\/ca\/spray-perfume-para-perros-y-gatos-fragancia-de-talco-para-bebe-desodorante-de-larga-duracion-acondicionador-para-pelaje-con-mal-olor-formula-no-pegajosa-practico-para-viajes-100-ml\/\",\"name\":\"Spray Perfume para Perros y Gatos, Fragancia de Talco para Beb\u00c3\u00a9, Desodorante de Larga Duraci\u00c3\u00b3n, Acondicionador para Pelaje con Mal Olor, F\u00c3\u00b3rmula No Pegajosa, Pr\u00c3\u00a1ctico para Viajes, 100 ml - Guautastik\",\"isPartOf\":{\"@id\":\"https:\/\/guautastik.com\/ca\/#website\"},\"primaryImageOfPage\":{\"@id\":\"https:\/\/guautastik.com\/ca\/spray-perfume-para-perros-y-gatos-fragancia-de-talco-para-bebe-desodorante-de-larga-duracion-acondicionador-para-pelaje-con-mal-olor-formula-no-pegajosa-practico-para-viajes-100-ml\/#primaryimage\"},\"image\":{\"@id\":\"https:\/\/guautastik.com\/ca\/spray-perfume-para-perros-y-gatos-fragancia-de-talco-para-bebe-desodorante-de-larga-duracion-acondicionador-para-pelaje-con-mal-olor-formula-no-pegajosa-practico-para-viajes-100-ml\/#primaryimage\"},\"thumbnailUrl\":\"https:\/\/m.media-amazon.com\/images\/I\/41Gxk1daFmL._SL500_.jpg\",\"datePublished\":\"2025-10-03T15:51:13+00:00\",\"dateModified\":\"2025-10-30T15:55:11+00:00\",\"description\":\"Troba llits, joguines, menjar i accessoris per a gossos a Guautastik \ud83d\udc3e. Productes de qualitat seleccionats per al benestar i la felicitat.\",\"breadcrumb\":{\"@id\":\"https:\/\/guautastik.com\/ca\/spray-perfume-para-perros-y-gatos-fragancia-de-talco-para-bebe-desodorante-de-larga-duracion-acondicionador-para-pelaje-con-mal-olor-formula-no-pegajosa-practico-para-viajes-100-ml\/#breadcrumb\"},\"inLanguage\":\"ca\",\"potentialAction\":[{\"@type\":\"ReadAction\",\"target\":[\"https:\/\/guautastik.com\/ca\/spray-perfume-para-perros-y-gatos-fragancia-de-talco-para-bebe-desodorante-de-larga-duracion-acondicionador-para-pelaje-con-mal-olor-formula-no-pegajosa-practico-para-viajes-100-ml\/\"]}]},{\"@type\":\"ImageObject\",\"inLanguage\":\"ca\",\"@id\":\"https:\/\/guautastik.com\/ca\/spray-perfume-para-perros-y-gatos-fragancia-de-talco-para-bebe-desodorante-de-larga-duracion-acondicionador-para-pelaje-con-mal-olor-formula-no-pegajosa-practico-para-viajes-100-ml\/#primaryimage\",\"url\":\"https:\/\/m.media-amazon.com\/images\/I\/41Gxk1daFmL._SL500_.jpg\",\"contentUrl\":\"https:\/\/m.media-amazon.com\/images\/I\/41Gxk1daFmL._SL500_.jpg\",\"width\":500,\"height\":500},{\"@type\":\"BreadcrumbList\",\"@id\":\"https:\/\/guautastik.com\/ca\/spray-perfume-para-perros-y-gatos-fragancia-de-talco-para-bebe-desodorante-de-larga-duracion-acondicionador-para-pelaje-con-mal-olor-formula-no-pegajosa-practico-para-viajes-100-ml\/#breadcrumb\",\"itemListElement\":[{\"@type\":\"ListItem\",\"position\":1,\"name\":\"Home\",\"item\":\"https:\/\/guautastik.com\/ca\/\"},{\"@type\":\"ListItem\",\"position\":2,\"name\":\"Shop\",\"item\":\"https:\/\/guautastik.com\/ca\/shop\/\"},{\"@type\":\"ListItem\",\"position\":3,\"name\":\"Spray Perfume para Perros y Gatos, ...\"}]},{\"@type\":\"WebSite\",\"@id\":\"https:\/\/guautastik.com\/ca\/#website\",\"url\":\"https:\/\/guautastik.com\/ca\/\",\"name\":\"Guautastik\",\"description\":\"Millors Productes, Joguines i Accessoris per a Gossos\",\"publisher\":{\"@id\":\"https:\/\/guautastik.com\/ca\/#organization\"},\"potentialAction\":[{\"@type\":\"SearchAction\",\"target\":{\"@type\":\"EntryPoint\",\"urlTemplate\":\"https:\/\/guautastik.com\/ca\/?s={search_term_string}\"},\"query-input\":{\"@type\":\"PropertyValueSpecification\",\"valueRequired\":true,\"valueName\":\"search_term_string\"}}],\"inLanguage\":\"ca\"},{\"@type\":\"Organization\",\"@id\":\"https:\/\/guautastik.com\/ca\/#organization\",\"name\":\"Guautastik\",\"url\":\"https:\/\/guautastik.com\/ca\/\",\"logo\":{\"@type\":\"ImageObject\",\"inLanguage\":\"ca\",\"@id\":\"https:\/\/guautastik.com\/ca\/#\/schema\/logo\/image\/\",\"url\":\"https:\/\/guautastik.com\/ca\/wp-content\/uploads\/2026\/01\/Screenshot_2026-01-13_at_8.13.08_AM-removebg-preview.png\",\"contentUrl\":\"https:\/\/guautastik.com\/ca\/wp-content\/uploads\/2026\/01\/Screenshot_2026-01-13_at_8.13.08_AM-removebg-preview.png\",\"width\":762,\"height\":232,\"caption\":\"Guautastik\"},\"image\":{\"@id\":\"https:\/\/guautastik.com\/ca\/#\/schema\/logo\/image\/\"}}]}<\/script>\n<!-- \/ Yoast SEO plugin. -->","yoast_head_json":{"title":"Spray Perfume para Perros y Gatos, Fragancia de Talco para Beb\u00c3\u00a9, Desodorante de Larga Duraci\u00c3\u00b3n, Acondicionador para Pelaje con Mal Olor, F\u00c3\u00b3rmula No Pegajosa, Pr\u00c3\u00a1ctico para Viajes, 100 ml - Guautastik","description":"Troba llits, joguines, menjar i accessoris per a gossos a Guautastik \ud83d\udc3e. Productes de qualitat seleccionats per al benestar i la felicitat.","robots":{"index":"index","follow":"follow","max-snippet":"max-snippet:-1","max-image-preview":"max-image-preview:large","max-video-preview":"max-video-preview:-1"},"canonical":"https:\/\/guautastik.com\/ca\/spray-perfume-para-perros-y-gatos-fragancia-de-talco-para-bebe-desodorante-de-larga-duracion-acondicionador-para-pelaje-con-mal-olor-formula-no-pegajosa-practico-para-viajes-100-ml\/","og_locale":"ca_ES","og_type":"article","og_title":"Spray Perfume para Perros y Gatos, Fragancia de Talco para Beb\u00c3\u00a9, Desodorante de Larga Duraci\u00c3\u00b3n, Acondicionador para Pelaje con Mal Olor, F\u00c3\u00b3rmula No Pegajosa, Pr\u00c3\u00a1ctico para Viajes, 100 ml - Guautastik","og_description":"Troba llits, joguines, menjar i accessoris per a gossos a Guautastik \ud83d\udc3e. Productes de qualitat seleccionats per al benestar i la felicitat.","og_url":"https:\/\/guautastik.com\/ca\/spray-perfume-para-perros-y-gatos-fragancia-de-talco-para-bebe-desodorante-de-larga-duracion-acondicionador-para-pelaje-con-mal-olor-formula-no-pegajosa-practico-para-viajes-100-ml\/","og_site_name":"Guautastik","article_modified_time":"2025-10-30T15:55:11+00:00","og_image":[{"width":500,"height":500,"url":"https:\/\/m.media-amazon.com\/images\/I\/41Gxk1daFmL._SL500_.jpg","type":"image\/jpeg"}],"twitter_card":"summary_large_image","twitter_misc":{"Temps estimat de lectura":"1 minut"},"schema":{"@context":"https:\/\/schema.org","@graph":[{"@type":"WebPage","@id":"https:\/\/guautastik.com\/ca\/spray-perfume-para-perros-y-gatos-fragancia-de-talco-para-bebe-desodorante-de-larga-duracion-acondicionador-para-pelaje-con-mal-olor-formula-no-pegajosa-practico-para-viajes-100-ml\/","url":"https:\/\/guautastik.com\/ca\/spray-perfume-para-perros-y-gatos-fragancia-de-talco-para-bebe-desodorante-de-larga-duracion-acondicionador-para-pelaje-con-mal-olor-formula-no-pegajosa-practico-para-viajes-100-ml\/","name":"Spray Perfume para Perros y Gatos, Fragancia de Talco para Beb\u00c3\u00a9, Desodorante de Larga Duraci\u00c3\u00b3n, Acondicionador para Pelaje con Mal Olor, F\u00c3\u00b3rmula No Pegajosa, Pr\u00c3\u00a1ctico para Viajes, 100 ml - Guautastik","isPartOf":{"@id":"https:\/\/guautastik.com\/ca\/#website"},"primaryImageOfPage":{"@id":"https:\/\/guautastik.com\/ca\/spray-perfume-para-perros-y-gatos-fragancia-de-talco-para-bebe-desodorante-de-larga-duracion-acondicionador-para-pelaje-con-mal-olor-formula-no-pegajosa-practico-para-viajes-100-ml\/#primaryimage"},"image":{"@id":"https:\/\/guautastik.com\/ca\/spray-perfume-para-perros-y-gatos-fragancia-de-talco-para-bebe-desodorante-de-larga-duracion-acondicionador-para-pelaje-con-mal-olor-formula-no-pegajosa-practico-para-viajes-100-ml\/#primaryimage"},"thumbnailUrl":"https:\/\/m.media-amazon.com\/images\/I\/41Gxk1daFmL._SL500_.jpg","datePublished":"2025-10-03T15:51:13+00:00","dateModified":"2025-10-30T15:55:11+00:00","description":"Troba llits, joguines, menjar i accessoris per a gossos a Guautastik \ud83d\udc3e. Productes de qualitat seleccionats per al benestar i la felicitat.","breadcrumb":{"@id":"https:\/\/guautastik.com\/ca\/spray-perfume-para-perros-y-gatos-fragancia-de-talco-para-bebe-desodorante-de-larga-duracion-acondicionador-para-pelaje-con-mal-olor-formula-no-pegajosa-practico-para-viajes-100-ml\/#breadcrumb"},"inLanguage":"ca","potentialAction":[{"@type":"ReadAction","target":["https:\/\/guautastik.com\/ca\/spray-perfume-para-perros-y-gatos-fragancia-de-talco-para-bebe-desodorante-de-larga-duracion-acondicionador-para-pelaje-con-mal-olor-formula-no-pegajosa-practico-para-viajes-100-ml\/"]}]},{"@type":"ImageObject","inLanguage":"ca","@id":"https:\/\/guautastik.com\/ca\/spray-perfume-para-perros-y-gatos-fragancia-de-talco-para-bebe-desodorante-de-larga-duracion-acondicionador-para-pelaje-con-mal-olor-formula-no-pegajosa-practico-para-viajes-100-ml\/#primaryimage","url":"https:\/\/m.media-amazon.com\/images\/I\/41Gxk1daFmL._SL500_.jpg","contentUrl":"https:\/\/m.media-amazon.com\/images\/I\/41Gxk1daFmL._SL500_.jpg","width":500,"height":500},{"@type":"BreadcrumbList","@id":"https:\/\/guautastik.com\/ca\/spray-perfume-para-perros-y-gatos-fragancia-de-talco-para-bebe-desodorante-de-larga-duracion-acondicionador-para-pelaje-con-mal-olor-formula-no-pegajosa-practico-para-viajes-100-ml\/#breadcrumb","itemListElement":[{"@type":"ListItem","position":1,"name":"Home","item":"https:\/\/guautastik.com\/ca\/"},{"@type":"ListItem","position":2,"name":"Shop","item":"https:\/\/guautastik.com\/ca\/shop\/"},{"@type":"ListItem","position":3,"name":"Spray Perfume para Perros y Gatos, ..."}]},{"@type":"WebSite","@id":"https:\/\/guautastik.com\/ca\/#website","url":"https:\/\/guautastik.com\/ca\/","name":"Guautastik","description":"Millors Productes, Joguines i Accessoris per a Gossos","publisher":{"@id":"https:\/\/guautastik.com\/ca\/#organization"},"potentialAction":[{"@type":"SearchAction","target":{"@type":"EntryPoint","urlTemplate":"https:\/\/guautastik.com\/ca\/?s={search_term_string}"},"query-input":{"@type":"PropertyValueSpecification","valueRequired":true,"valueName":"search_term_string"}}],"inLanguage":"ca"},{"@type":"Organization","@id":"https:\/\/guautastik.com\/ca\/#organization","name":"Guautastik","url":"https:\/\/guautastik.com\/ca\/","logo":{"@type":"ImageObject","inLanguage":"ca","@id":"https:\/\/guautastik.com\/ca\/#\/schema\/logo\/image\/","url":"https:\/\/guautastik.com\/ca\/wp-content\/uploads\/2026\/01\/Screenshot_2026-01-13_at_8.13.08_AM-removebg-preview.png","contentUrl":"https:\/\/guautastik.com\/ca\/wp-content\/uploads\/2026\/01\/Screenshot_2026-01-13_at_8.13.08_AM-removebg-preview.png","width":762,"height":232,"caption":"Guautastik"},"image":{"@id":"https:\/\/guautastik.com\/ca\/#\/schema\/logo\/image\/"}}]}},"_links":{"self":[{"href":"https:\/\/guautastik.com\/ca\/wp-json\/wp\/v2\/product\/1308","targetHints":{"allow":["GET"]}}],"collection":[{"href":"https:\/\/guautastik.com\/ca\/wp-json\/wp\/v2\/product"}],"about":[{"href":"https:\/\/guautastik.com\/ca\/wp-json\/wp\/v2\/types\/product"}],"wp:featuredmedia":[{"embeddable":true,"href":"https:\/\/guautastik.com\/ca\/wp-json\/wp\/v2\/media\/1309"}],"wp:attachment":[{"href":"https:\/\/guautastik.com\/ca\/wp-json\/wp\/v2\/media?parent=1308"}],"wp:term":[{"taxonomy":"store","embeddable":true,"href":"https:\/\/guautastik.com\/ca\/wp-json\/wp\/v2\/store?post=1308"},{"taxonomy":"product_brand","embeddable":true,"href":"https:\/\/guautastik.com\/ca\/wp-json\/wp\/v2\/product_brand?post=1308"},{"taxonomy":"product_cat","embeddable":true,"href":"https:\/\/guautastik.com\/ca\/wp-json\/wp\/v2\/product_cat?post=1308"},{"taxonomy":"product_tag","embeddable":true,"href":"https:\/\/guautastik.com\/ca\/wp-json\/wp\/v2\/product_tag?post=1308"}],"curies":[{"name":"wp","href":"https:\/\/api.w.org\/{rel}","templated":true}]}}