{"id":1389,"date":"2025-10-03T15:51:41","date_gmt":"2025-10-03T15:51:41","guid":{"rendered":"https:\/\/guautastik.com\/ca\/spray-de-perfume-para-perros-spray-eliminador-de-olores-de-mascotas-spray-desodorizante-para-perros-desodorante-calmante-para-perros-de-larga-duracion-spray-acondicionador-para-perros\/"},"modified":"2025-10-03T15:51:41","modified_gmt":"2025-10-03T15:51:41","slug":"spray-de-perfume-para-perros-spray-eliminador-de-olores-de-mascotas-spray-desodorizante-para-perros-desodorante-calmante-para-perros-de-larga-duracion-spray-acondicionador-para-perros","status":"publish","type":"product","link":"https:\/\/guautastik.com\/ca\/spray-de-perfume-para-perros-spray-eliminador-de-olores-de-mascotas-spray-desodorizante-para-perros-desodorante-calmante-para-perros-de-larga-duracion-spray-acondicionador-para-perros\/","title":{"rendered":"Spray de perfume para perros | Spra..."},"content":{"rendered":"<p>Escudo de salud: mant\u00e9n a tu mascota a salvo de sustancias nocivas y mant\u00e9n su frescura con la f\u00f3rmula bio-enzim\u00e1tica de nuestro spray de perfume para perros que proporciona una limpieza profunda del pelaje mientras que tambi\u00e9n promueve la salud de las mascotas<br \/>\nF\u00f3rmula segura: nuestro spray de perfume para perros es una soluci\u00f3n segura, con buen olor y respetuosa con el medio ambiente para mantener a tu amigo peludo oliendo muy bien sin ning\u00fan da\u00f1o al medio ambiente o a tu mascota<br \/>\nDiversas utilidades: dise\u00f1o de gran capacidad adecuado para perros, gatos y otras mascotas, asegurando frescura y limpieza diarias, ampliamente utilizable para varios tipos de mascotas<br \/>\nRelajaci\u00f3n duradera: nuestro spray de perfume para perros proporciona a tu mascota un aroma refrescante y relajante que dura horas, promoviendo la comodidad y la relajaci\u00f3n para tu amigo peludo<br \/>\nActualizaci\u00f3n perfumada: impregnado con aceites arom\u00e1ticos, el spray de perfume para perros transforma el olor de tu mascota de ordinario a excelente. Mant\u00e9n a tu mascota de buen humor todo el d\u00eda<br \/>\n<div class=\"main-cross-sell\" data-asin=\"B0DGGLXSLH\">\n\n\t<div class=\"WooZone-cross-sell-loader\">\n\t\t<div>\n\t\t\t<div id=\"floatingBarsG\">\n\t\t\t\t<div class=\"blockG\" id=\"rotateG_01\"><\/div>\n\t\t\t\t<div class=\"blockG\" id=\"rotateG_02\"><\/div>\n\t\t\t\t<div class=\"blockG\" id=\"rotateG_03\"><\/div>\n\t\t\t\t<div class=\"blockG\" id=\"rotateG_04\"><\/div>\n\t\t\t\t<div class=\"blockG\" id=\"rotateG_05\"><\/div>\n\t\t\t\t<div class=\"blockG\" id=\"rotateG_06\"><\/div>\n\t\t\t\t<div class=\"blockG\" id=\"rotateG_07\"><\/div>\n\t\t\t\t<div class=\"blockG\" id=\"rotateG_08\"><\/div>\n\t\t\t<\/div>\n\t\t\t<div class=\"WooZone-cross-sell-loader-text\"><\/div>\n\t\t<\/div>\n\t<\/div>\n\n\t\t\n<\/div>\n<div style=\"clear:both;\"><\/div><\/p>\n","protected":false},"excerpt":{"rendered":"<p>Escudo de salud: mant\u00e9n a tu mascota a salvo de sustancias nocivas y mant\u00e9n su frescura con la f\u00f3rmula bio-enzim\u00e1tica de nuestro spray de perfume para perros que proporciona una limpieza profunda del pelaje mientras que tambi\u00e9n promueve la salud de las mascotas<br \/>\nF\u00f3rmula segura: nuestro spray de perfume para perros es una soluci\u00f3n segura, con buen olor y respetuosa con el medio ambiente para mantener a tu amigo peludo oliendo muy bien sin ning\u00fan da\u00f1o al medio ambiente o a tu mascota<br \/>\nDiversas utilidades: dise\u00f1o de gran capacidad adecuado para perros, gatos y otras mascotas, asegurando frescura y limpieza diarias, ampliamente utilizable para varios tipos de mascotas<\/p>\n","protected":false},"featured_media":1390,"template":"","meta":[],"store":[],"product_brand":[],"product_cat":[605,28],"product_tag":[],"class_list":{"0":"post-1389","1":"product","2":"type-product","3":"status-publish","4":"has-post-thumbnail","6":"product_cat-perfumes-o-desodorantes-caninos","7":"product_cat-tendencia","8":"pa_brand-generic","9":"pa_color-multicolor","10":"pa_edition-edicion-estandar","11":"pa_length-12-5-centimetros","12":"pa_manufacturer-generic","13":"pa_model-nl7469y4bbvfp2xu4tq9","14":"pa_number-of-items-137","15":"pa_part-number-nl7469y4bbvfp2xu4tq9","16":"pa_product-group-drugstore","17":"pa_size-1-unidad-paquete-de-1","18":"pa_weight-0-19-libras","20":"first","21":"instock","22":"shipping-taxable","23":"product-type-external"},"yoast_head":"<!-- This site is optimized with the Yoast SEO plugin v26.0 - https:\/\/yoast.com\/wordpress\/plugins\/seo\/ -->\n<title>Spray de perfume para perros | Spray eliminador de olores de mascotas | Spray desodorizante para perros | Desodorante calmante para perros de larga duraci\u00f3n, spray acondicionador para perros - Guautastik<\/title>\n<meta name=\"description\" content=\"Troba llits, joguines, menjar i accessoris per a gossos a Guautastik \ud83d\udc3e. Productes de qualitat seleccionats per al benestar i la felicitat.\" \/>\n<meta name=\"robots\" content=\"index, follow, max-snippet:-1, max-image-preview:large, max-video-preview:-1\" \/>\n<link rel=\"canonical\" href=\"https:\/\/guautastik.com\/ca\/spray-de-perfume-para-perros-spray-eliminador-de-olores-de-mascotas-spray-desodorizante-para-perros-desodorante-calmante-para-perros-de-larga-duracion-spray-acondicionador-para-perros\/\" \/>\n<meta property=\"og:locale\" content=\"ca_ES\" \/>\n<meta property=\"og:type\" content=\"article\" \/>\n<meta property=\"og:title\" content=\"Spray de perfume para perros | Spray eliminador de olores de mascotas | Spray desodorizante para perros | Desodorante calmante para perros de larga duraci\u00f3n, spray acondicionador para perros - Guautastik\" \/>\n<meta property=\"og:description\" content=\"Troba llits, joguines, menjar i accessoris per a gossos a Guautastik \ud83d\udc3e. Productes de qualitat seleccionats per al benestar i la felicitat.\" \/>\n<meta property=\"og:url\" content=\"https:\/\/guautastik.com\/ca\/spray-de-perfume-para-perros-spray-eliminador-de-olores-de-mascotas-spray-desodorizante-para-perros-desodorante-calmante-para-perros-de-larga-duracion-spray-acondicionador-para-perros\/\" \/>\n<meta property=\"og:site_name\" content=\"Guautastik\" \/>\n<meta name=\"twitter:card\" content=\"summary_large_image\" \/>\n<meta name=\"twitter:label1\" content=\"Temps estimat de lectura\" \/>\n\t<meta name=\"twitter:data1\" content=\"1 minut\" \/>\n<script type=\"application\/ld+json\" class=\"yoast-schema-graph\">{\"@context\":\"https:\/\/schema.org\",\"@graph\":[{\"@type\":\"WebPage\",\"@id\":\"https:\/\/guautastik.com\/ca\/spray-de-perfume-para-perros-spray-eliminador-de-olores-de-mascotas-spray-desodorizante-para-perros-desodorante-calmante-para-perros-de-larga-duracion-spray-acondicionador-para-perros\/\",\"url\":\"https:\/\/guautastik.com\/ca\/spray-de-perfume-para-perros-spray-eliminador-de-olores-de-mascotas-spray-desodorizante-para-perros-desodorante-calmante-para-perros-de-larga-duracion-spray-acondicionador-para-perros\/\",\"name\":\"Spray de perfume para perros | Spray eliminador de olores de mascotas | Spray desodorizante para perros | Desodorante calmante para perros de larga duraci\u00f3n, spray acondicionador para perros - Guautastik\",\"isPartOf\":{\"@id\":\"https:\/\/guautastik.com\/ca\/#website\"},\"primaryImageOfPage\":{\"@id\":\"https:\/\/guautastik.com\/ca\/spray-de-perfume-para-perros-spray-eliminador-de-olores-de-mascotas-spray-desodorizante-para-perros-desodorante-calmante-para-perros-de-larga-duracion-spray-acondicionador-para-perros\/#primaryimage\"},\"image\":{\"@id\":\"https:\/\/guautastik.com\/ca\/spray-de-perfume-para-perros-spray-eliminador-de-olores-de-mascotas-spray-desodorizante-para-perros-desodorante-calmante-para-perros-de-larga-duracion-spray-acondicionador-para-perros\/#primaryimage\"},\"thumbnailUrl\":\"https:\/\/m.media-amazon.com\/images\/I\/41S3S+SPUkL._SL500_.jpg\",\"datePublished\":\"2025-10-03T15:51:41+00:00\",\"description\":\"Troba llits, joguines, menjar i accessoris per a gossos a Guautastik \ud83d\udc3e. Productes de qualitat seleccionats per al benestar i la felicitat.\",\"breadcrumb\":{\"@id\":\"https:\/\/guautastik.com\/ca\/spray-de-perfume-para-perros-spray-eliminador-de-olores-de-mascotas-spray-desodorizante-para-perros-desodorante-calmante-para-perros-de-larga-duracion-spray-acondicionador-para-perros\/#breadcrumb\"},\"inLanguage\":\"ca\",\"potentialAction\":[{\"@type\":\"ReadAction\",\"target\":[\"https:\/\/guautastik.com\/ca\/spray-de-perfume-para-perros-spray-eliminador-de-olores-de-mascotas-spray-desodorizante-para-perros-desodorante-calmante-para-perros-de-larga-duracion-spray-acondicionador-para-perros\/\"]}]},{\"@type\":\"ImageObject\",\"inLanguage\":\"ca\",\"@id\":\"https:\/\/guautastik.com\/ca\/spray-de-perfume-para-perros-spray-eliminador-de-olores-de-mascotas-spray-desodorizante-para-perros-desodorante-calmante-para-perros-de-larga-duracion-spray-acondicionador-para-perros\/#primaryimage\",\"url\":\"https:\/\/m.media-amazon.com\/images\/I\/41S3S+SPUkL._SL500_.jpg\",\"contentUrl\":\"https:\/\/m.media-amazon.com\/images\/I\/41S3S+SPUkL._SL500_.jpg\",\"width\":500,\"height\":500},{\"@type\":\"BreadcrumbList\",\"@id\":\"https:\/\/guautastik.com\/ca\/spray-de-perfume-para-perros-spray-eliminador-de-olores-de-mascotas-spray-desodorizante-para-perros-desodorante-calmante-para-perros-de-larga-duracion-spray-acondicionador-para-perros\/#breadcrumb\",\"itemListElement\":[{\"@type\":\"ListItem\",\"position\":1,\"name\":\"Home\",\"item\":\"https:\/\/guautastik.com\/ca\/\"},{\"@type\":\"ListItem\",\"position\":2,\"name\":\"Shop\",\"item\":\"https:\/\/guautastik.com\/ca\/shop\/\"},{\"@type\":\"ListItem\",\"position\":3,\"name\":\"Spray de perfume para perros | Spra...\"}]},{\"@type\":\"WebSite\",\"@id\":\"https:\/\/guautastik.com\/ca\/#website\",\"url\":\"https:\/\/guautastik.com\/ca\/\",\"name\":\"Guautastik\",\"description\":\"Millors Productes, Joguines i Accessoris per a Gossos\",\"publisher\":{\"@id\":\"https:\/\/guautastik.com\/ca\/#organization\"},\"potentialAction\":[{\"@type\":\"SearchAction\",\"target\":{\"@type\":\"EntryPoint\",\"urlTemplate\":\"https:\/\/guautastik.com\/ca\/?s={search_term_string}\"},\"query-input\":{\"@type\":\"PropertyValueSpecification\",\"valueRequired\":true,\"valueName\":\"search_term_string\"}}],\"inLanguage\":\"ca\"},{\"@type\":\"Organization\",\"@id\":\"https:\/\/guautastik.com\/ca\/#organization\",\"name\":\"Guautastik\",\"url\":\"https:\/\/guautastik.com\/ca\/\",\"logo\":{\"@type\":\"ImageObject\",\"inLanguage\":\"ca\",\"@id\":\"https:\/\/guautastik.com\/ca\/#\/schema\/logo\/image\/\",\"url\":\"https:\/\/guautastik.com\/ca\/wp-content\/uploads\/2026\/01\/Screenshot_2026-01-13_at_8.13.08_AM-removebg-preview.png\",\"contentUrl\":\"https:\/\/guautastik.com\/ca\/wp-content\/uploads\/2026\/01\/Screenshot_2026-01-13_at_8.13.08_AM-removebg-preview.png\",\"width\":762,\"height\":232,\"caption\":\"Guautastik\"},\"image\":{\"@id\":\"https:\/\/guautastik.com\/ca\/#\/schema\/logo\/image\/\"}}]}<\/script>\n<!-- \/ Yoast SEO plugin. -->","yoast_head_json":{"title":"Spray de perfume para perros | Spray eliminador de olores de mascotas | Spray desodorizante para perros | Desodorante calmante para perros de larga duraci\u00f3n, spray acondicionador para perros - Guautastik","description":"Troba llits, joguines, menjar i accessoris per a gossos a Guautastik \ud83d\udc3e. Productes de qualitat seleccionats per al benestar i la felicitat.","robots":{"index":"index","follow":"follow","max-snippet":"max-snippet:-1","max-image-preview":"max-image-preview:large","max-video-preview":"max-video-preview:-1"},"canonical":"https:\/\/guautastik.com\/ca\/spray-de-perfume-para-perros-spray-eliminador-de-olores-de-mascotas-spray-desodorizante-para-perros-desodorante-calmante-para-perros-de-larga-duracion-spray-acondicionador-para-perros\/","og_locale":"ca_ES","og_type":"article","og_title":"Spray de perfume para perros | Spray eliminador de olores de mascotas | Spray desodorizante para perros | Desodorante calmante para perros de larga duraci\u00f3n, spray acondicionador para perros - Guautastik","og_description":"Troba llits, joguines, menjar i accessoris per a gossos a Guautastik \ud83d\udc3e. Productes de qualitat seleccionats per al benestar i la felicitat.","og_url":"https:\/\/guautastik.com\/ca\/spray-de-perfume-para-perros-spray-eliminador-de-olores-de-mascotas-spray-desodorizante-para-perros-desodorante-calmante-para-perros-de-larga-duracion-spray-acondicionador-para-perros\/","og_site_name":"Guautastik","twitter_card":"summary_large_image","twitter_misc":{"Temps estimat de lectura":"1 minut"},"schema":{"@context":"https:\/\/schema.org","@graph":[{"@type":"WebPage","@id":"https:\/\/guautastik.com\/ca\/spray-de-perfume-para-perros-spray-eliminador-de-olores-de-mascotas-spray-desodorizante-para-perros-desodorante-calmante-para-perros-de-larga-duracion-spray-acondicionador-para-perros\/","url":"https:\/\/guautastik.com\/ca\/spray-de-perfume-para-perros-spray-eliminador-de-olores-de-mascotas-spray-desodorizante-para-perros-desodorante-calmante-para-perros-de-larga-duracion-spray-acondicionador-para-perros\/","name":"Spray de perfume para perros | Spray eliminador de olores de mascotas | Spray desodorizante para perros | Desodorante calmante para perros de larga duraci\u00f3n, spray acondicionador para perros - Guautastik","isPartOf":{"@id":"https:\/\/guautastik.com\/ca\/#website"},"primaryImageOfPage":{"@id":"https:\/\/guautastik.com\/ca\/spray-de-perfume-para-perros-spray-eliminador-de-olores-de-mascotas-spray-desodorizante-para-perros-desodorante-calmante-para-perros-de-larga-duracion-spray-acondicionador-para-perros\/#primaryimage"},"image":{"@id":"https:\/\/guautastik.com\/ca\/spray-de-perfume-para-perros-spray-eliminador-de-olores-de-mascotas-spray-desodorizante-para-perros-desodorante-calmante-para-perros-de-larga-duracion-spray-acondicionador-para-perros\/#primaryimage"},"thumbnailUrl":"https:\/\/m.media-amazon.com\/images\/I\/41S3S+SPUkL._SL500_.jpg","datePublished":"2025-10-03T15:51:41+00:00","description":"Troba llits, joguines, menjar i accessoris per a gossos a Guautastik \ud83d\udc3e. Productes de qualitat seleccionats per al benestar i la felicitat.","breadcrumb":{"@id":"https:\/\/guautastik.com\/ca\/spray-de-perfume-para-perros-spray-eliminador-de-olores-de-mascotas-spray-desodorizante-para-perros-desodorante-calmante-para-perros-de-larga-duracion-spray-acondicionador-para-perros\/#breadcrumb"},"inLanguage":"ca","potentialAction":[{"@type":"ReadAction","target":["https:\/\/guautastik.com\/ca\/spray-de-perfume-para-perros-spray-eliminador-de-olores-de-mascotas-spray-desodorizante-para-perros-desodorante-calmante-para-perros-de-larga-duracion-spray-acondicionador-para-perros\/"]}]},{"@type":"ImageObject","inLanguage":"ca","@id":"https:\/\/guautastik.com\/ca\/spray-de-perfume-para-perros-spray-eliminador-de-olores-de-mascotas-spray-desodorizante-para-perros-desodorante-calmante-para-perros-de-larga-duracion-spray-acondicionador-para-perros\/#primaryimage","url":"https:\/\/m.media-amazon.com\/images\/I\/41S3S+SPUkL._SL500_.jpg","contentUrl":"https:\/\/m.media-amazon.com\/images\/I\/41S3S+SPUkL._SL500_.jpg","width":500,"height":500},{"@type":"BreadcrumbList","@id":"https:\/\/guautastik.com\/ca\/spray-de-perfume-para-perros-spray-eliminador-de-olores-de-mascotas-spray-desodorizante-para-perros-desodorante-calmante-para-perros-de-larga-duracion-spray-acondicionador-para-perros\/#breadcrumb","itemListElement":[{"@type":"ListItem","position":1,"name":"Home","item":"https:\/\/guautastik.com\/ca\/"},{"@type":"ListItem","position":2,"name":"Shop","item":"https:\/\/guautastik.com\/ca\/shop\/"},{"@type":"ListItem","position":3,"name":"Spray de perfume para perros | Spra..."}]},{"@type":"WebSite","@id":"https:\/\/guautastik.com\/ca\/#website","url":"https:\/\/guautastik.com\/ca\/","name":"Guautastik","description":"Millors Productes, Joguines i Accessoris per a Gossos","publisher":{"@id":"https:\/\/guautastik.com\/ca\/#organization"},"potentialAction":[{"@type":"SearchAction","target":{"@type":"EntryPoint","urlTemplate":"https:\/\/guautastik.com\/ca\/?s={search_term_string}"},"query-input":{"@type":"PropertyValueSpecification","valueRequired":true,"valueName":"search_term_string"}}],"inLanguage":"ca"},{"@type":"Organization","@id":"https:\/\/guautastik.com\/ca\/#organization","name":"Guautastik","url":"https:\/\/guautastik.com\/ca\/","logo":{"@type":"ImageObject","inLanguage":"ca","@id":"https:\/\/guautastik.com\/ca\/#\/schema\/logo\/image\/","url":"https:\/\/guautastik.com\/ca\/wp-content\/uploads\/2026\/01\/Screenshot_2026-01-13_at_8.13.08_AM-removebg-preview.png","contentUrl":"https:\/\/guautastik.com\/ca\/wp-content\/uploads\/2026\/01\/Screenshot_2026-01-13_at_8.13.08_AM-removebg-preview.png","width":762,"height":232,"caption":"Guautastik"},"image":{"@id":"https:\/\/guautastik.com\/ca\/#\/schema\/logo\/image\/"}}]}},"_links":{"self":[{"href":"https:\/\/guautastik.com\/ca\/wp-json\/wp\/v2\/product\/1389","targetHints":{"allow":["GET"]}}],"collection":[{"href":"https:\/\/guautastik.com\/ca\/wp-json\/wp\/v2\/product"}],"about":[{"href":"https:\/\/guautastik.com\/ca\/wp-json\/wp\/v2\/types\/product"}],"wp:featuredmedia":[{"embeddable":true,"href":"https:\/\/guautastik.com\/ca\/wp-json\/wp\/v2\/media\/1390"}],"wp:attachment":[{"href":"https:\/\/guautastik.com\/ca\/wp-json\/wp\/v2\/media?parent=1389"}],"wp:term":[{"taxonomy":"store","embeddable":true,"href":"https:\/\/guautastik.com\/ca\/wp-json\/wp\/v2\/store?post=1389"},{"taxonomy":"product_brand","embeddable":true,"href":"https:\/\/guautastik.com\/ca\/wp-json\/wp\/v2\/product_brand?post=1389"},{"taxonomy":"product_cat","embeddable":true,"href":"https:\/\/guautastik.com\/ca\/wp-json\/wp\/v2\/product_cat?post=1389"},{"taxonomy":"product_tag","embeddable":true,"href":"https:\/\/guautastik.com\/ca\/wp-json\/wp\/v2\/product_tag?post=1389"}],"curies":[{"name":"wp","href":"https:\/\/api.w.org\/{rel}","templated":true}]}}