{"id":1476,"date":"2025-10-03T15:53:35","date_gmt":"2025-10-03T15:53:35","guid":{"rendered":"https:\/\/guautastik.com\/ca\/petemoo-bandolera-para-perro-transportin-bolsa-de-viaje-para-mascotas-bolsa-portador-de-perro-bolso-de-hombro-para-perros-gatos\/"},"modified":"2025-10-03T15:53:35","modified_gmt":"2025-10-03T15:53:35","slug":"petemoo-bandolera-para-perro-transportin-bolsa-de-viaje-para-mascotas-bolsa-portador-de-perro-bolso-de-hombro-para-perros-gatos","status":"publish","type":"product","link":"https:\/\/guautastik.com\/ca\/petemoo-bandolera-para-perro-transportin-bolsa-de-viaje-para-mascotas-bolsa-portador-de-perro-bolso-de-hombro-para-perros-gatos\/","title":{"rendered":"PETEMOO Bandolera para Perro Transp..."},"content":{"rendered":"<p>Ampliamente compatible &#8211; Bufanda de transporte para mascotas de hasta 5 kg (peque\u00f1a y pesada), ideal para exteriores, senderismo, caminar, viajar o en cualquier lugar que tenga a su mascota con usted.<br \/>\nReutilizable y ajustable: esta bolsa de transporte para mascotas se puede lavar a m\u00e1quina y secar r\u00e1pidamente. La bolsa de transporte ajustable de un solo hombro es adecuada para todos los tama\u00f1os para tener las manos libres.<br \/>\nSeguro y c\u00f3modo: nuestra caja de transporte tiene un gancho en el interior para colgar el collar. Evite que su mascota se caiga de la bolsa de transporte para mascotas y aseg\u00farese de que se sienta c\u00f3moda por dentro.<br \/>\nTranspirable y no t\u00f3xico: el bolso de hombro de tela Oxford de alta calidad y malla transpirable es bueno para la salud de tu mascota.<br \/>\nOfrecemos la mejor calidad del producto y una experiencia excepcional al cliente. No dude en ponerse en contacto con nosotros si tiene alg\u00fan problema con el producto.<br \/>\n<div class=\"main-cross-sell\" data-asin=\"B07Q1BQF3D\">\n\n\t<div class=\"WooZone-cross-sell-loader\">\n\t\t<div>\n\t\t\t<div id=\"floatingBarsG\">\n\t\t\t\t<div class=\"blockG\" id=\"rotateG_01\"><\/div>\n\t\t\t\t<div class=\"blockG\" id=\"rotateG_02\"><\/div>\n\t\t\t\t<div class=\"blockG\" id=\"rotateG_03\"><\/div>\n\t\t\t\t<div class=\"blockG\" id=\"rotateG_04\"><\/div>\n\t\t\t\t<div class=\"blockG\" id=\"rotateG_05\"><\/div>\n\t\t\t\t<div class=\"blockG\" id=\"rotateG_06\"><\/div>\n\t\t\t\t<div class=\"blockG\" id=\"rotateG_07\"><\/div>\n\t\t\t\t<div class=\"blockG\" id=\"rotateG_08\"><\/div>\n\t\t\t<\/div>\n\t\t\t<div class=\"WooZone-cross-sell-loader-text\"><\/div>\n\t\t<\/div>\n\t<\/div>\n\n\t\t\n<\/div>\n<div style=\"clear:both;\"><\/div><\/p>\n","protected":false},"excerpt":{"rendered":"<p>Ampliamente compatible &#8211; Bufanda de transporte para mascotas de hasta 5 kg (peque\u00f1a y pesada), ideal para exteriores, senderismo, caminar, viajar o en cualquier lugar que tenga a su mascota con usted.<br \/>\nReutilizable y ajustable: esta bolsa de transporte para mascotas se puede lavar a m\u00e1quina y secar r\u00e1pidamente. La bolsa de transporte ajustable de un solo hombro es adecuada para todos los tama\u00f1os para tener las manos libres.<br \/>\nSeguro y c\u00f3modo: nuestra caja de transporte tiene un gancho en el interior para colgar el collar. Evite que su mascota se caiga de la bolsa de transporte para mascotas y aseg\u00farese de que se sienta c\u00f3moda por dentro.<\/p>\n","protected":false},"featured_media":1477,"template":"","meta":[],"store":[],"product_brand":[],"product_cat":[606,28],"product_tag":[],"class_list":{"0":"post-1476","1":"product","2":"type-product","3":"status-publish","4":"has-post-thumbnail","6":"product_cat-accesorios-de-viaje-o-paseo","7":"product_cat-tendencia","8":"pa_binding-varios","9":"pa_brand-petemoo","10":"pa_manufacturer-petemoo","11":"pa_product-group-productos-para-animales","13":"first","14":"instock","15":"shipping-taxable","16":"product-type-external"},"yoast_head":"<!-- This site is optimized with the Yoast SEO plugin v26.0 - https:\/\/yoast.com\/wordpress\/plugins\/seo\/ -->\n<title>PETEMOO Bandolera para Perro Transport\u00edn Bolsa de Viaje para Mascotas Bolsa Portador de Perro Bolso de Hombro para Perros Gatos - Guautastik<\/title>\n<meta name=\"description\" content=\"Troba llits, joguines, menjar i accessoris per a gossos a Guautastik \ud83d\udc3e. Productes de qualitat seleccionats per al benestar i la felicitat.\" \/>\n<meta name=\"robots\" content=\"index, follow, max-snippet:-1, max-image-preview:large, max-video-preview:-1\" \/>\n<link rel=\"canonical\" href=\"https:\/\/guautastik.com\/ca\/petemoo-bandolera-para-perro-transportin-bolsa-de-viaje-para-mascotas-bolsa-portador-de-perro-bolso-de-hombro-para-perros-gatos\/\" \/>\n<meta property=\"og:locale\" content=\"ca_ES\" \/>\n<meta property=\"og:type\" content=\"article\" \/>\n<meta property=\"og:title\" content=\"PETEMOO Bandolera para Perro Transport\u00edn Bolsa de Viaje para Mascotas Bolsa Portador de Perro Bolso de Hombro para Perros Gatos - Guautastik\" \/>\n<meta property=\"og:description\" content=\"Troba llits, joguines, menjar i accessoris per a gossos a Guautastik \ud83d\udc3e. Productes de qualitat seleccionats per al benestar i la felicitat.\" \/>\n<meta property=\"og:url\" content=\"https:\/\/guautastik.com\/ca\/petemoo-bandolera-para-perro-transportin-bolsa-de-viaje-para-mascotas-bolsa-portador-de-perro-bolso-de-hombro-para-perros-gatos\/\" \/>\n<meta property=\"og:site_name\" content=\"Guautastik\" \/>\n<meta name=\"twitter:card\" content=\"summary_large_image\" \/>\n<meta name=\"twitter:label1\" content=\"Temps estimat de lectura\" \/>\n\t<meta name=\"twitter:data1\" content=\"1 minut\" \/>\n<script type=\"application\/ld+json\" class=\"yoast-schema-graph\">{\"@context\":\"https:\/\/schema.org\",\"@graph\":[{\"@type\":\"WebPage\",\"@id\":\"https:\/\/guautastik.com\/ca\/petemoo-bandolera-para-perro-transportin-bolsa-de-viaje-para-mascotas-bolsa-portador-de-perro-bolso-de-hombro-para-perros-gatos\/\",\"url\":\"https:\/\/guautastik.com\/ca\/petemoo-bandolera-para-perro-transportin-bolsa-de-viaje-para-mascotas-bolsa-portador-de-perro-bolso-de-hombro-para-perros-gatos\/\",\"name\":\"PETEMOO Bandolera para Perro Transport\u00edn Bolsa de Viaje para Mascotas Bolsa Portador de Perro Bolso de Hombro para Perros Gatos - Guautastik\",\"isPartOf\":{\"@id\":\"https:\/\/guautastik.com\/ca\/#website\"},\"primaryImageOfPage\":{\"@id\":\"https:\/\/guautastik.com\/ca\/petemoo-bandolera-para-perro-transportin-bolsa-de-viaje-para-mascotas-bolsa-portador-de-perro-bolso-de-hombro-para-perros-gatos\/#primaryimage\"},\"image\":{\"@id\":\"https:\/\/guautastik.com\/ca\/petemoo-bandolera-para-perro-transportin-bolsa-de-viaje-para-mascotas-bolsa-portador-de-perro-bolso-de-hombro-para-perros-gatos\/#primaryimage\"},\"thumbnailUrl\":\"https:\/\/m.media-amazon.com\/images\/I\/411q2dWsVEL._SL500_.jpg\",\"datePublished\":\"2025-10-03T15:53:35+00:00\",\"description\":\"Troba llits, joguines, menjar i accessoris per a gossos a Guautastik \ud83d\udc3e. Productes de qualitat seleccionats per al benestar i la felicitat.\",\"breadcrumb\":{\"@id\":\"https:\/\/guautastik.com\/ca\/petemoo-bandolera-para-perro-transportin-bolsa-de-viaje-para-mascotas-bolsa-portador-de-perro-bolso-de-hombro-para-perros-gatos\/#breadcrumb\"},\"inLanguage\":\"ca\",\"potentialAction\":[{\"@type\":\"ReadAction\",\"target\":[\"https:\/\/guautastik.com\/ca\/petemoo-bandolera-para-perro-transportin-bolsa-de-viaje-para-mascotas-bolsa-portador-de-perro-bolso-de-hombro-para-perros-gatos\/\"]}]},{\"@type\":\"ImageObject\",\"inLanguage\":\"ca\",\"@id\":\"https:\/\/guautastik.com\/ca\/petemoo-bandolera-para-perro-transportin-bolsa-de-viaje-para-mascotas-bolsa-portador-de-perro-bolso-de-hombro-para-perros-gatos\/#primaryimage\",\"url\":\"https:\/\/m.media-amazon.com\/images\/I\/411q2dWsVEL._SL500_.jpg\",\"contentUrl\":\"https:\/\/m.media-amazon.com\/images\/I\/411q2dWsVEL._SL500_.jpg\",\"width\":500,\"height\":461},{\"@type\":\"BreadcrumbList\",\"@id\":\"https:\/\/guautastik.com\/ca\/petemoo-bandolera-para-perro-transportin-bolsa-de-viaje-para-mascotas-bolsa-portador-de-perro-bolso-de-hombro-para-perros-gatos\/#breadcrumb\",\"itemListElement\":[{\"@type\":\"ListItem\",\"position\":1,\"name\":\"Home\",\"item\":\"https:\/\/guautastik.com\/ca\/\"},{\"@type\":\"ListItem\",\"position\":2,\"name\":\"Shop\",\"item\":\"https:\/\/guautastik.com\/ca\/shop\/\"},{\"@type\":\"ListItem\",\"position\":3,\"name\":\"PETEMOO Bandolera para Perro Transp...\"}]},{\"@type\":\"WebSite\",\"@id\":\"https:\/\/guautastik.com\/ca\/#website\",\"url\":\"https:\/\/guautastik.com\/ca\/\",\"name\":\"Guautastik\",\"description\":\"Millors Productes, Joguines i Accessoris per a Gossos\",\"publisher\":{\"@id\":\"https:\/\/guautastik.com\/ca\/#organization\"},\"potentialAction\":[{\"@type\":\"SearchAction\",\"target\":{\"@type\":\"EntryPoint\",\"urlTemplate\":\"https:\/\/guautastik.com\/ca\/?s={search_term_string}\"},\"query-input\":{\"@type\":\"PropertyValueSpecification\",\"valueRequired\":true,\"valueName\":\"search_term_string\"}}],\"inLanguage\":\"ca\"},{\"@type\":\"Organization\",\"@id\":\"https:\/\/guautastik.com\/ca\/#organization\",\"name\":\"Guautastik\",\"url\":\"https:\/\/guautastik.com\/ca\/\",\"logo\":{\"@type\":\"ImageObject\",\"inLanguage\":\"ca\",\"@id\":\"https:\/\/guautastik.com\/ca\/#\/schema\/logo\/image\/\",\"url\":\"https:\/\/guautastik.com\/ca\/wp-content\/uploads\/2026\/01\/Screenshot_2026-01-13_at_8.13.08_AM-removebg-preview.png\",\"contentUrl\":\"https:\/\/guautastik.com\/ca\/wp-content\/uploads\/2026\/01\/Screenshot_2026-01-13_at_8.13.08_AM-removebg-preview.png\",\"width\":762,\"height\":232,\"caption\":\"Guautastik\"},\"image\":{\"@id\":\"https:\/\/guautastik.com\/ca\/#\/schema\/logo\/image\/\"}}]}<\/script>\n<!-- \/ Yoast SEO plugin. -->","yoast_head_json":{"title":"PETEMOO Bandolera para Perro Transport\u00edn Bolsa de Viaje para Mascotas Bolsa Portador de Perro Bolso de Hombro para Perros Gatos - Guautastik","description":"Troba llits, joguines, menjar i accessoris per a gossos a Guautastik \ud83d\udc3e. Productes de qualitat seleccionats per al benestar i la felicitat.","robots":{"index":"index","follow":"follow","max-snippet":"max-snippet:-1","max-image-preview":"max-image-preview:large","max-video-preview":"max-video-preview:-1"},"canonical":"https:\/\/guautastik.com\/ca\/petemoo-bandolera-para-perro-transportin-bolsa-de-viaje-para-mascotas-bolsa-portador-de-perro-bolso-de-hombro-para-perros-gatos\/","og_locale":"ca_ES","og_type":"article","og_title":"PETEMOO Bandolera para Perro Transport\u00edn Bolsa de Viaje para Mascotas Bolsa Portador de Perro Bolso de Hombro para Perros Gatos - Guautastik","og_description":"Troba llits, joguines, menjar i accessoris per a gossos a Guautastik \ud83d\udc3e. Productes de qualitat seleccionats per al benestar i la felicitat.","og_url":"https:\/\/guautastik.com\/ca\/petemoo-bandolera-para-perro-transportin-bolsa-de-viaje-para-mascotas-bolsa-portador-de-perro-bolso-de-hombro-para-perros-gatos\/","og_site_name":"Guautastik","twitter_card":"summary_large_image","twitter_misc":{"Temps estimat de lectura":"1 minut"},"schema":{"@context":"https:\/\/schema.org","@graph":[{"@type":"WebPage","@id":"https:\/\/guautastik.com\/ca\/petemoo-bandolera-para-perro-transportin-bolsa-de-viaje-para-mascotas-bolsa-portador-de-perro-bolso-de-hombro-para-perros-gatos\/","url":"https:\/\/guautastik.com\/ca\/petemoo-bandolera-para-perro-transportin-bolsa-de-viaje-para-mascotas-bolsa-portador-de-perro-bolso-de-hombro-para-perros-gatos\/","name":"PETEMOO Bandolera para Perro Transport\u00edn Bolsa de Viaje para Mascotas Bolsa Portador de Perro Bolso de Hombro para Perros Gatos - Guautastik","isPartOf":{"@id":"https:\/\/guautastik.com\/ca\/#website"},"primaryImageOfPage":{"@id":"https:\/\/guautastik.com\/ca\/petemoo-bandolera-para-perro-transportin-bolsa-de-viaje-para-mascotas-bolsa-portador-de-perro-bolso-de-hombro-para-perros-gatos\/#primaryimage"},"image":{"@id":"https:\/\/guautastik.com\/ca\/petemoo-bandolera-para-perro-transportin-bolsa-de-viaje-para-mascotas-bolsa-portador-de-perro-bolso-de-hombro-para-perros-gatos\/#primaryimage"},"thumbnailUrl":"https:\/\/m.media-amazon.com\/images\/I\/411q2dWsVEL._SL500_.jpg","datePublished":"2025-10-03T15:53:35+00:00","description":"Troba llits, joguines, menjar i accessoris per a gossos a Guautastik \ud83d\udc3e. Productes de qualitat seleccionats per al benestar i la felicitat.","breadcrumb":{"@id":"https:\/\/guautastik.com\/ca\/petemoo-bandolera-para-perro-transportin-bolsa-de-viaje-para-mascotas-bolsa-portador-de-perro-bolso-de-hombro-para-perros-gatos\/#breadcrumb"},"inLanguage":"ca","potentialAction":[{"@type":"ReadAction","target":["https:\/\/guautastik.com\/ca\/petemoo-bandolera-para-perro-transportin-bolsa-de-viaje-para-mascotas-bolsa-portador-de-perro-bolso-de-hombro-para-perros-gatos\/"]}]},{"@type":"ImageObject","inLanguage":"ca","@id":"https:\/\/guautastik.com\/ca\/petemoo-bandolera-para-perro-transportin-bolsa-de-viaje-para-mascotas-bolsa-portador-de-perro-bolso-de-hombro-para-perros-gatos\/#primaryimage","url":"https:\/\/m.media-amazon.com\/images\/I\/411q2dWsVEL._SL500_.jpg","contentUrl":"https:\/\/m.media-amazon.com\/images\/I\/411q2dWsVEL._SL500_.jpg","width":500,"height":461},{"@type":"BreadcrumbList","@id":"https:\/\/guautastik.com\/ca\/petemoo-bandolera-para-perro-transportin-bolsa-de-viaje-para-mascotas-bolsa-portador-de-perro-bolso-de-hombro-para-perros-gatos\/#breadcrumb","itemListElement":[{"@type":"ListItem","position":1,"name":"Home","item":"https:\/\/guautastik.com\/ca\/"},{"@type":"ListItem","position":2,"name":"Shop","item":"https:\/\/guautastik.com\/ca\/shop\/"},{"@type":"ListItem","position":3,"name":"PETEMOO Bandolera para Perro Transp..."}]},{"@type":"WebSite","@id":"https:\/\/guautastik.com\/ca\/#website","url":"https:\/\/guautastik.com\/ca\/","name":"Guautastik","description":"Millors Productes, Joguines i Accessoris per a Gossos","publisher":{"@id":"https:\/\/guautastik.com\/ca\/#organization"},"potentialAction":[{"@type":"SearchAction","target":{"@type":"EntryPoint","urlTemplate":"https:\/\/guautastik.com\/ca\/?s={search_term_string}"},"query-input":{"@type":"PropertyValueSpecification","valueRequired":true,"valueName":"search_term_string"}}],"inLanguage":"ca"},{"@type":"Organization","@id":"https:\/\/guautastik.com\/ca\/#organization","name":"Guautastik","url":"https:\/\/guautastik.com\/ca\/","logo":{"@type":"ImageObject","inLanguage":"ca","@id":"https:\/\/guautastik.com\/ca\/#\/schema\/logo\/image\/","url":"https:\/\/guautastik.com\/ca\/wp-content\/uploads\/2026\/01\/Screenshot_2026-01-13_at_8.13.08_AM-removebg-preview.png","contentUrl":"https:\/\/guautastik.com\/ca\/wp-content\/uploads\/2026\/01\/Screenshot_2026-01-13_at_8.13.08_AM-removebg-preview.png","width":762,"height":232,"caption":"Guautastik"},"image":{"@id":"https:\/\/guautastik.com\/ca\/#\/schema\/logo\/image\/"}}]}},"_links":{"self":[{"href":"https:\/\/guautastik.com\/ca\/wp-json\/wp\/v2\/product\/1476","targetHints":{"allow":["GET"]}}],"collection":[{"href":"https:\/\/guautastik.com\/ca\/wp-json\/wp\/v2\/product"}],"about":[{"href":"https:\/\/guautastik.com\/ca\/wp-json\/wp\/v2\/types\/product"}],"wp:featuredmedia":[{"embeddable":true,"href":"https:\/\/guautastik.com\/ca\/wp-json\/wp\/v2\/media\/1477"}],"wp:attachment":[{"href":"https:\/\/guautastik.com\/ca\/wp-json\/wp\/v2\/media?parent=1476"}],"wp:term":[{"taxonomy":"store","embeddable":true,"href":"https:\/\/guautastik.com\/ca\/wp-json\/wp\/v2\/store?post=1476"},{"taxonomy":"product_brand","embeddable":true,"href":"https:\/\/guautastik.com\/ca\/wp-json\/wp\/v2\/product_brand?post=1476"},{"taxonomy":"product_cat","embeddable":true,"href":"https:\/\/guautastik.com\/ca\/wp-json\/wp\/v2\/product_cat?post=1476"},{"taxonomy":"product_tag","embeddable":true,"href":"https:\/\/guautastik.com\/ca\/wp-json\/wp\/v2\/product_tag?post=1476"}],"curies":[{"name":"wp","href":"https:\/\/api.w.org\/{rel}","templated":true}]}}