{"id":1691,"date":"2025-10-03T15:54:37","date_gmt":"2025-10-03T15:54:37","guid":{"rendered":"https:\/\/guautastik.com\/ca\/kippy-dog-gps-para-perros-rastreador-gps-impermeable-para-perros-con-sujecion-para-collar-seguimiento-de-actividad-y-salud-para-tu-perro-con-geofence-y-notificaciones-color-verde\/"},"modified":"2025-10-24T16:01:19","modified_gmt":"2025-10-24T16:01:19","slug":"kippy-dog-gps-para-perros-rastreador-gps-impermeable-para-perros-con-sujecion-para-collar-seguimiento-de-actividad-y-salud-para-tu-perro-con-geofence-y-notificaciones-color-verde","status":"publish","type":"product","link":"https:\/\/guautastik.com\/ca\/kippy-dog-gps-para-perros-rastreador-gps-impermeable-para-perros-con-sujecion-para-collar-seguimiento-de-actividad-y-salud-para-tu-perro-con-geofence-y-notificaciones-color-verde\/","title":{"rendered":"Kippy Dog | GPS para Perros &#8211;..."},"content":{"rendered":"<p>SE REQUIERE SUSCRIPCI\u00d3N: Cubre los costos del servicio de la SIM integrada en el dispositivo; a partir de 3,33 \u20ac\/mes (opciones prepago: 1 mes, 1 a\u00f1o, 2 a\u00f1os o 5 a\u00f1os).<br \/>\nSEGUIMIENTO EN VIVO: Seguimiento ilimitado de la distancia de tu perro a trav\u00e9s de GPS por toda Europa, incluyendo el historial de ubicaciones; requiere cobertura m\u00f3vil 4G LTE-M o 2G.<br \/>\nALERTAS ANTI-ESCAPE: Configura una geofence para recibir notificaciones si tu perro se aleja demasiado.<br \/>\nSEGUIMIENTO DE ACTIVIDAD: Realiza un seguimiento del nivel de actividad de tu perro y comp\u00e1ralo con otros animales similares.<br \/>\nAUTONOM\u00cdA DE LA BATER\u00cdA: Entre 3 y 15 d\u00edas, dependiendo del uso, la calidad de la red y el nivel de actividad de tu perro; puedes optimizar la duraci\u00f3n de la bater\u00eda activando la zona de ahorro de energ\u00eda.<br \/>\nINCLUIDO EN EL PAQUETE: 1 dispositivo de rastreo Kippy DOG, ligero (29 g), resistente e impermeable; sujeci\u00f3n de velcro compatible con collares y arneses; y cargador.<br \/>\n<div class=\"main-cross-sell\" data-asin=\"B0DN71S69G\">\n\n\t<div class=\"WooZone-cross-sell-loader\">\n\t\t<div>\n\t\t\t<div id=\"floatingBarsG\">\n\t\t\t\t<div class=\"blockG\" id=\"rotateG_01\"><\/div>\n\t\t\t\t<div class=\"blockG\" id=\"rotateG_02\"><\/div>\n\t\t\t\t<div class=\"blockG\" id=\"rotateG_03\"><\/div>\n\t\t\t\t<div class=\"blockG\" id=\"rotateG_04\"><\/div>\n\t\t\t\t<div class=\"blockG\" id=\"rotateG_05\"><\/div>\n\t\t\t\t<div class=\"blockG\" id=\"rotateG_06\"><\/div>\n\t\t\t\t<div class=\"blockG\" id=\"rotateG_07\"><\/div>\n\t\t\t\t<div class=\"blockG\" id=\"rotateG_08\"><\/div>\n\t\t\t<\/div>\n\t\t\t<div class=\"WooZone-cross-sell-loader-text\"><\/div>\n\t\t<\/div>\n\t<\/div>\n\n\t\t\n<\/div>\n<div style=\"clear:both;\"><\/div><\/p>\n","protected":false},"excerpt":{"rendered":"<p>SE REQUIERE SUSCRIPCI\u00d3N: Cubre los costos del servicio de la SIM integrada en el dispositivo; a partir de 3,33 \u20ac\/mes (opciones prepago: 1 mes, 1 a\u00f1o, 2 a\u00f1os o 5 a\u00f1os).<br \/>\nSEGUIMIENTO EN VIVO: Seguimiento ilimitado de la distancia de tu perro a trav\u00e9s de GPS por toda Europa, incluyendo el historial de ubicaciones; requiere cobertura m\u00f3vil 4G LTE-M o 2G.<br \/>\nALERTAS ANTI-ESCAPE: Configura una geofence para recibir notificaciones si tu perro se aleja demasiado.<\/p>\n","protected":false},"featured_media":1692,"template":"","meta":[],"store":[],"product_brand":[],"product_cat":[607,28],"product_tag":[],"class_list":{"0":"post-1691","1":"product","2":"type-product","3":"status-publish","4":"has-post-thumbnail","6":"product_cat-accesorios-tecnologicos-gps-camaras-etc","7":"product_cat-tendencia","8":"pa_binding-electronica","9":"pa_brand-kippy","10":"pa_eans-891","11":"pa_is-adult-product-137","12":"pa_manufacturer-kippy","13":"pa_product-group-electronica","14":"pa_warranty-231","16":"first","17":"instock","18":"shipping-taxable","19":"product-type-external"},"yoast_head":"<!-- This site is optimized with the Yoast SEO plugin v26.0 - https:\/\/yoast.com\/wordpress\/plugins\/seo\/ -->\n<title>Kippy Dog | GPS para Perros - Rastreador GPS Impermeable para Perros con sujeci\u00c3\u00b3n para Collar - Seguimiento de Actividad y Salud para tu Perro, con GEOFENCE y notificaciones - Color Verde - Guautastik<\/title>\n<meta name=\"description\" content=\"Troba llits, joguines, menjar i accessoris per a gossos a Guautastik \ud83d\udc3e. Productes de qualitat seleccionats per al benestar i la felicitat.\" \/>\n<meta name=\"robots\" content=\"index, follow, max-snippet:-1, max-image-preview:large, max-video-preview:-1\" \/>\n<link rel=\"canonical\" href=\"https:\/\/guautastik.com\/ca\/kippy-dog-gps-para-perros-rastreador-gps-impermeable-para-perros-con-sujecion-para-collar-seguimiento-de-actividad-y-salud-para-tu-perro-con-geofence-y-notificaciones-color-verde\/\" \/>\n<meta property=\"og:locale\" content=\"ca_ES\" \/>\n<meta property=\"og:type\" content=\"article\" \/>\n<meta property=\"og:title\" content=\"Kippy Dog | GPS para Perros - Rastreador GPS Impermeable para Perros con sujeci\u00c3\u00b3n para Collar - Seguimiento de Actividad y Salud para tu Perro, con GEOFENCE y notificaciones - Color Verde - Guautastik\" \/>\n<meta property=\"og:description\" content=\"Troba llits, joguines, menjar i accessoris per a gossos a Guautastik \ud83d\udc3e. Productes de qualitat seleccionats per al benestar i la felicitat.\" \/>\n<meta property=\"og:url\" content=\"https:\/\/guautastik.com\/ca\/kippy-dog-gps-para-perros-rastreador-gps-impermeable-para-perros-con-sujecion-para-collar-seguimiento-de-actividad-y-salud-para-tu-perro-con-geofence-y-notificaciones-color-verde\/\" \/>\n<meta property=\"og:site_name\" content=\"Guautastik\" \/>\n<meta property=\"article:modified_time\" content=\"2025-10-24T16:01:19+00:00\" \/>\n<meta property=\"og:image\" content=\"https:\/\/m.media-amazon.com\/images\/I\/412GCKYTvAL._SL500_.jpg\" \/>\n\t<meta property=\"og:image:width\" content=\"500\" \/>\n\t<meta property=\"og:image:height\" content=\"500\" \/>\n\t<meta property=\"og:image:type\" content=\"image\/jpeg\" \/>\n<meta name=\"twitter:card\" content=\"summary_large_image\" \/>\n<meta name=\"twitter:label1\" content=\"Temps estimat de lectura\" \/>\n\t<meta name=\"twitter:data1\" content=\"1 minut\" \/>\n<script type=\"application\/ld+json\" class=\"yoast-schema-graph\">{\"@context\":\"https:\/\/schema.org\",\"@graph\":[{\"@type\":\"WebPage\",\"@id\":\"https:\/\/guautastik.com\/ca\/kippy-dog-gps-para-perros-rastreador-gps-impermeable-para-perros-con-sujecion-para-collar-seguimiento-de-actividad-y-salud-para-tu-perro-con-geofence-y-notificaciones-color-verde\/\",\"url\":\"https:\/\/guautastik.com\/ca\/kippy-dog-gps-para-perros-rastreador-gps-impermeable-para-perros-con-sujecion-para-collar-seguimiento-de-actividad-y-salud-para-tu-perro-con-geofence-y-notificaciones-color-verde\/\",\"name\":\"Kippy Dog | GPS para Perros - Rastreador GPS Impermeable para Perros con sujeci\u00c3\u00b3n para Collar - Seguimiento de Actividad y Salud para tu Perro, con GEOFENCE y notificaciones - Color Verde - Guautastik\",\"isPartOf\":{\"@id\":\"https:\/\/guautastik.com\/ca\/#website\"},\"primaryImageOfPage\":{\"@id\":\"https:\/\/guautastik.com\/ca\/kippy-dog-gps-para-perros-rastreador-gps-impermeable-para-perros-con-sujecion-para-collar-seguimiento-de-actividad-y-salud-para-tu-perro-con-geofence-y-notificaciones-color-verde\/#primaryimage\"},\"image\":{\"@id\":\"https:\/\/guautastik.com\/ca\/kippy-dog-gps-para-perros-rastreador-gps-impermeable-para-perros-con-sujecion-para-collar-seguimiento-de-actividad-y-salud-para-tu-perro-con-geofence-y-notificaciones-color-verde\/#primaryimage\"},\"thumbnailUrl\":\"https:\/\/m.media-amazon.com\/images\/I\/412GCKYTvAL._SL500_.jpg\",\"datePublished\":\"2025-10-03T15:54:37+00:00\",\"dateModified\":\"2025-10-24T16:01:19+00:00\",\"description\":\"Troba llits, joguines, menjar i accessoris per a gossos a Guautastik \ud83d\udc3e. Productes de qualitat seleccionats per al benestar i la felicitat.\",\"breadcrumb\":{\"@id\":\"https:\/\/guautastik.com\/ca\/kippy-dog-gps-para-perros-rastreador-gps-impermeable-para-perros-con-sujecion-para-collar-seguimiento-de-actividad-y-salud-para-tu-perro-con-geofence-y-notificaciones-color-verde\/#breadcrumb\"},\"inLanguage\":\"ca\",\"potentialAction\":[{\"@type\":\"ReadAction\",\"target\":[\"https:\/\/guautastik.com\/ca\/kippy-dog-gps-para-perros-rastreador-gps-impermeable-para-perros-con-sujecion-para-collar-seguimiento-de-actividad-y-salud-para-tu-perro-con-geofence-y-notificaciones-color-verde\/\"]}]},{\"@type\":\"ImageObject\",\"inLanguage\":\"ca\",\"@id\":\"https:\/\/guautastik.com\/ca\/kippy-dog-gps-para-perros-rastreador-gps-impermeable-para-perros-con-sujecion-para-collar-seguimiento-de-actividad-y-salud-para-tu-perro-con-geofence-y-notificaciones-color-verde\/#primaryimage\",\"url\":\"https:\/\/m.media-amazon.com\/images\/I\/412GCKYTvAL._SL500_.jpg\",\"contentUrl\":\"https:\/\/m.media-amazon.com\/images\/I\/412GCKYTvAL._SL500_.jpg\",\"width\":500,\"height\":500},{\"@type\":\"BreadcrumbList\",\"@id\":\"https:\/\/guautastik.com\/ca\/kippy-dog-gps-para-perros-rastreador-gps-impermeable-para-perros-con-sujecion-para-collar-seguimiento-de-actividad-y-salud-para-tu-perro-con-geofence-y-notificaciones-color-verde\/#breadcrumb\",\"itemListElement\":[{\"@type\":\"ListItem\",\"position\":1,\"name\":\"Home\",\"item\":\"https:\/\/guautastik.com\/ca\/\"},{\"@type\":\"ListItem\",\"position\":2,\"name\":\"Shop\",\"item\":\"https:\/\/guautastik.com\/ca\/shop\/\"},{\"@type\":\"ListItem\",\"position\":3,\"name\":\"Kippy Dog | GPS para Perros &#8211;...\"}]},{\"@type\":\"WebSite\",\"@id\":\"https:\/\/guautastik.com\/ca\/#website\",\"url\":\"https:\/\/guautastik.com\/ca\/\",\"name\":\"Guautastik\",\"description\":\"Millors Productes, Joguines i Accessoris per a Gossos\",\"publisher\":{\"@id\":\"https:\/\/guautastik.com\/ca\/#organization\"},\"potentialAction\":[{\"@type\":\"SearchAction\",\"target\":{\"@type\":\"EntryPoint\",\"urlTemplate\":\"https:\/\/guautastik.com\/ca\/?s={search_term_string}\"},\"query-input\":{\"@type\":\"PropertyValueSpecification\",\"valueRequired\":true,\"valueName\":\"search_term_string\"}}],\"inLanguage\":\"ca\"},{\"@type\":\"Organization\",\"@id\":\"https:\/\/guautastik.com\/ca\/#organization\",\"name\":\"Guautastik\",\"url\":\"https:\/\/guautastik.com\/ca\/\",\"logo\":{\"@type\":\"ImageObject\",\"inLanguage\":\"ca\",\"@id\":\"https:\/\/guautastik.com\/ca\/#\/schema\/logo\/image\/\",\"url\":\"https:\/\/guautastik.com\/ca\/wp-content\/uploads\/2026\/01\/Screenshot_2026-01-13_at_8.13.08_AM-removebg-preview.png\",\"contentUrl\":\"https:\/\/guautastik.com\/ca\/wp-content\/uploads\/2026\/01\/Screenshot_2026-01-13_at_8.13.08_AM-removebg-preview.png\",\"width\":762,\"height\":232,\"caption\":\"Guautastik\"},\"image\":{\"@id\":\"https:\/\/guautastik.com\/ca\/#\/schema\/logo\/image\/\"}}]}<\/script>\n<!-- \/ Yoast SEO plugin. -->","yoast_head_json":{"title":"Kippy Dog | GPS para Perros - Rastreador GPS Impermeable para Perros con sujeci\u00c3\u00b3n para Collar - Seguimiento de Actividad y Salud para tu Perro, con GEOFENCE y notificaciones - Color Verde - Guautastik","description":"Troba llits, joguines, menjar i accessoris per a gossos a Guautastik \ud83d\udc3e. Productes de qualitat seleccionats per al benestar i la felicitat.","robots":{"index":"index","follow":"follow","max-snippet":"max-snippet:-1","max-image-preview":"max-image-preview:large","max-video-preview":"max-video-preview:-1"},"canonical":"https:\/\/guautastik.com\/ca\/kippy-dog-gps-para-perros-rastreador-gps-impermeable-para-perros-con-sujecion-para-collar-seguimiento-de-actividad-y-salud-para-tu-perro-con-geofence-y-notificaciones-color-verde\/","og_locale":"ca_ES","og_type":"article","og_title":"Kippy Dog | GPS para Perros - Rastreador GPS Impermeable para Perros con sujeci\u00c3\u00b3n para Collar - Seguimiento de Actividad y Salud para tu Perro, con GEOFENCE y notificaciones - Color Verde - Guautastik","og_description":"Troba llits, joguines, menjar i accessoris per a gossos a Guautastik \ud83d\udc3e. Productes de qualitat seleccionats per al benestar i la felicitat.","og_url":"https:\/\/guautastik.com\/ca\/kippy-dog-gps-para-perros-rastreador-gps-impermeable-para-perros-con-sujecion-para-collar-seguimiento-de-actividad-y-salud-para-tu-perro-con-geofence-y-notificaciones-color-verde\/","og_site_name":"Guautastik","article_modified_time":"2025-10-24T16:01:19+00:00","og_image":[{"width":500,"height":500,"url":"https:\/\/m.media-amazon.com\/images\/I\/412GCKYTvAL._SL500_.jpg","type":"image\/jpeg"}],"twitter_card":"summary_large_image","twitter_misc":{"Temps estimat de lectura":"1 minut"},"schema":{"@context":"https:\/\/schema.org","@graph":[{"@type":"WebPage","@id":"https:\/\/guautastik.com\/ca\/kippy-dog-gps-para-perros-rastreador-gps-impermeable-para-perros-con-sujecion-para-collar-seguimiento-de-actividad-y-salud-para-tu-perro-con-geofence-y-notificaciones-color-verde\/","url":"https:\/\/guautastik.com\/ca\/kippy-dog-gps-para-perros-rastreador-gps-impermeable-para-perros-con-sujecion-para-collar-seguimiento-de-actividad-y-salud-para-tu-perro-con-geofence-y-notificaciones-color-verde\/","name":"Kippy Dog | GPS para Perros - Rastreador GPS Impermeable para Perros con sujeci\u00c3\u00b3n para Collar - Seguimiento de Actividad y Salud para tu Perro, con GEOFENCE y notificaciones - Color Verde - Guautastik","isPartOf":{"@id":"https:\/\/guautastik.com\/ca\/#website"},"primaryImageOfPage":{"@id":"https:\/\/guautastik.com\/ca\/kippy-dog-gps-para-perros-rastreador-gps-impermeable-para-perros-con-sujecion-para-collar-seguimiento-de-actividad-y-salud-para-tu-perro-con-geofence-y-notificaciones-color-verde\/#primaryimage"},"image":{"@id":"https:\/\/guautastik.com\/ca\/kippy-dog-gps-para-perros-rastreador-gps-impermeable-para-perros-con-sujecion-para-collar-seguimiento-de-actividad-y-salud-para-tu-perro-con-geofence-y-notificaciones-color-verde\/#primaryimage"},"thumbnailUrl":"https:\/\/m.media-amazon.com\/images\/I\/412GCKYTvAL._SL500_.jpg","datePublished":"2025-10-03T15:54:37+00:00","dateModified":"2025-10-24T16:01:19+00:00","description":"Troba llits, joguines, menjar i accessoris per a gossos a Guautastik \ud83d\udc3e. Productes de qualitat seleccionats per al benestar i la felicitat.","breadcrumb":{"@id":"https:\/\/guautastik.com\/ca\/kippy-dog-gps-para-perros-rastreador-gps-impermeable-para-perros-con-sujecion-para-collar-seguimiento-de-actividad-y-salud-para-tu-perro-con-geofence-y-notificaciones-color-verde\/#breadcrumb"},"inLanguage":"ca","potentialAction":[{"@type":"ReadAction","target":["https:\/\/guautastik.com\/ca\/kippy-dog-gps-para-perros-rastreador-gps-impermeable-para-perros-con-sujecion-para-collar-seguimiento-de-actividad-y-salud-para-tu-perro-con-geofence-y-notificaciones-color-verde\/"]}]},{"@type":"ImageObject","inLanguage":"ca","@id":"https:\/\/guautastik.com\/ca\/kippy-dog-gps-para-perros-rastreador-gps-impermeable-para-perros-con-sujecion-para-collar-seguimiento-de-actividad-y-salud-para-tu-perro-con-geofence-y-notificaciones-color-verde\/#primaryimage","url":"https:\/\/m.media-amazon.com\/images\/I\/412GCKYTvAL._SL500_.jpg","contentUrl":"https:\/\/m.media-amazon.com\/images\/I\/412GCKYTvAL._SL500_.jpg","width":500,"height":500},{"@type":"BreadcrumbList","@id":"https:\/\/guautastik.com\/ca\/kippy-dog-gps-para-perros-rastreador-gps-impermeable-para-perros-con-sujecion-para-collar-seguimiento-de-actividad-y-salud-para-tu-perro-con-geofence-y-notificaciones-color-verde\/#breadcrumb","itemListElement":[{"@type":"ListItem","position":1,"name":"Home","item":"https:\/\/guautastik.com\/ca\/"},{"@type":"ListItem","position":2,"name":"Shop","item":"https:\/\/guautastik.com\/ca\/shop\/"},{"@type":"ListItem","position":3,"name":"Kippy Dog | GPS para Perros &#8211;..."}]},{"@type":"WebSite","@id":"https:\/\/guautastik.com\/ca\/#website","url":"https:\/\/guautastik.com\/ca\/","name":"Guautastik","description":"Millors Productes, Joguines i Accessoris per a Gossos","publisher":{"@id":"https:\/\/guautastik.com\/ca\/#organization"},"potentialAction":[{"@type":"SearchAction","target":{"@type":"EntryPoint","urlTemplate":"https:\/\/guautastik.com\/ca\/?s={search_term_string}"},"query-input":{"@type":"PropertyValueSpecification","valueRequired":true,"valueName":"search_term_string"}}],"inLanguage":"ca"},{"@type":"Organization","@id":"https:\/\/guautastik.com\/ca\/#organization","name":"Guautastik","url":"https:\/\/guautastik.com\/ca\/","logo":{"@type":"ImageObject","inLanguage":"ca","@id":"https:\/\/guautastik.com\/ca\/#\/schema\/logo\/image\/","url":"https:\/\/guautastik.com\/ca\/wp-content\/uploads\/2026\/01\/Screenshot_2026-01-13_at_8.13.08_AM-removebg-preview.png","contentUrl":"https:\/\/guautastik.com\/ca\/wp-content\/uploads\/2026\/01\/Screenshot_2026-01-13_at_8.13.08_AM-removebg-preview.png","width":762,"height":232,"caption":"Guautastik"},"image":{"@id":"https:\/\/guautastik.com\/ca\/#\/schema\/logo\/image\/"}}]}},"_links":{"self":[{"href":"https:\/\/guautastik.com\/ca\/wp-json\/wp\/v2\/product\/1691","targetHints":{"allow":["GET"]}}],"collection":[{"href":"https:\/\/guautastik.com\/ca\/wp-json\/wp\/v2\/product"}],"about":[{"href":"https:\/\/guautastik.com\/ca\/wp-json\/wp\/v2\/types\/product"}],"wp:featuredmedia":[{"embeddable":true,"href":"https:\/\/guautastik.com\/ca\/wp-json\/wp\/v2\/media\/1692"}],"wp:attachment":[{"href":"https:\/\/guautastik.com\/ca\/wp-json\/wp\/v2\/media?parent=1691"}],"wp:term":[{"taxonomy":"store","embeddable":true,"href":"https:\/\/guautastik.com\/ca\/wp-json\/wp\/v2\/store?post=1691"},{"taxonomy":"product_brand","embeddable":true,"href":"https:\/\/guautastik.com\/ca\/wp-json\/wp\/v2\/product_brand?post=1691"},{"taxonomy":"product_cat","embeddable":true,"href":"https:\/\/guautastik.com\/ca\/wp-json\/wp\/v2\/product_cat?post=1691"},{"taxonomy":"product_tag","embeddable":true,"href":"https:\/\/guautastik.com\/ca\/wp-json\/wp\/v2\/product_tag?post=1691"}],"curies":[{"name":"wp","href":"https:\/\/api.w.org\/{rel}","templated":true}]}}