{"id":1706,"date":"2025-10-03T15:54:41","date_gmt":"2025-10-03T15:54:41","guid":{"rendered":"https:\/\/guautastik.com\/ca\/pettec-cam-free-camara-inalambrica-para-mascotas-con-app-sin-suscripcion-para-gatos-y-perros-interior-exterior-deteccion-de-movimiento-funcion-de-voz-bateria-hasta-9-meses-sin-cargar\/"},"modified":"2025-11-05T10:16:43","modified_gmt":"2025-11-05T10:16:43","slug":"pettec-cam-free-camara-inalambrica-para-mascotas-con-app-sin-suscripcion-para-gatos-y-perros-interior-exterior-deteccion-de-movimiento-funcion-de-voz-bateria-hasta-9-meses-sin-cargar","status":"publish","type":"product","link":"https:\/\/guautastik.com\/ca\/pettec-cam-free-camara-inalambrica-para-mascotas-con-app-sin-suscripcion-para-gatos-y-perros-interior-exterior-deteccion-de-movimiento-funcion-de-voz-bateria-hasta-9-meses-sin-cargar\/","title":{"rendered":"PetTec\u00c2\u00ae CAM Free &#8211; C\u00c3\u00a1ma..."},"content":{"rendered":"<p>C\u00e1mara HD de alta calidad: la c\u00e1mara para perros PetTec Outdoor es una c\u00e1mara de vigilancia para perros resistente a la intemperie y compatible con WLAN que proporciona im\u00e1genes y v\u00eddeos n\u00edtidos en calidad Full HD 1080p. Gracias a la visi\u00f3n diurna y nocturna, puedes vigilar a tu mascota las 24 horas.<br \/>\nBater\u00eda extremadamente potente (9000mAh): con una duraci\u00f3n de hasta 9 meses, la c\u00e1mara para perros PetTec Outdoor es especialmente resistente y fiable. Use la c\u00e1mara al aire libre simplemente en el jard\u00edn, sin electricidad, en cualquier posici\u00f3n.<br \/>\nF\u00e1cil instalaci\u00f3n y conectividad WLAN: la c\u00e1mara se puede instalar r\u00e1pida y f\u00e1cilmente y se conecta sin problemas a su red WLAN. Esto significa que tiene acceso a transmisiones en vivo y grabaciones en cualquier momento, incluso cuando no est\u00e1 en casa.<br \/>\nZoom digital y audio bidireccional: el zoom digital de la c\u00e1mara para perros PetTec Outdoor le permite ampliar y detallar algunas \u00e1reas. Gracias al audio bidireccional, tambi\u00e9n puede comunicarse con su mascota y calmarla si se siente inc\u00f3modo.<br \/>\nAmplia gama de aplicaciones: ya sea como c\u00e1mara de jard\u00edn o c\u00e1mara para exteriores o interiores, la c\u00e1mara para perros PetTec Outdoor es adecuada para una multitud de aplicaciones interiores y exteriores. Adem\u00e1s, varias Pet Cams de PetTec se pueden combinar en una sola aplicaci\u00f3n. Cada espacio y \u00e1ngulo est\u00e1n siempre bajo control.<br \/>\n<div class=\"main-cross-sell\" data-asin=\"B0BLCMKQDW\">\n\n\t<div class=\"WooZone-cross-sell-loader\">\n\t\t<div>\n\t\t\t<div id=\"floatingBarsG\">\n\t\t\t\t<div class=\"blockG\" id=\"rotateG_01\"><\/div>\n\t\t\t\t<div class=\"blockG\" id=\"rotateG_02\"><\/div>\n\t\t\t\t<div class=\"blockG\" id=\"rotateG_03\"><\/div>\n\t\t\t\t<div class=\"blockG\" id=\"rotateG_04\"><\/div>\n\t\t\t\t<div class=\"blockG\" id=\"rotateG_05\"><\/div>\n\t\t\t\t<div class=\"blockG\" id=\"rotateG_06\"><\/div>\n\t\t\t\t<div class=\"blockG\" id=\"rotateG_07\"><\/div>\n\t\t\t\t<div class=\"blockG\" id=\"rotateG_08\"><\/div>\n\t\t\t<\/div>\n\t\t\t<div class=\"WooZone-cross-sell-loader-text\"><\/div>\n\t\t<\/div>\n\t<\/div>\n\n\t\t\n<\/div>\n<div style=\"clear:both;\"><\/div><\/p>\n","protected":false},"excerpt":{"rendered":"<p>C\u00e1mara HD de alta calidad: la c\u00e1mara para perros PetTec Outdoor es una c\u00e1mara de vigilancia para perros resistente a la intemperie y compatible con WLAN que proporciona im\u00e1genes y v\u00eddeos n\u00edtidos en calidad Full HD 1080p. Gracias a la visi\u00f3n diurna y nocturna, puedes vigilar a tu mascota las 24 horas.<br \/>\nBater\u00eda extremadamente potente (9000mAh): con una duraci\u00f3n de hasta 9 meses, la c\u00e1mara para perros PetTec Outdoor es especialmente resistente y fiable. Use la c\u00e1mara al aire libre simplemente en el jard\u00edn, sin electricidad, en cualquier posici\u00f3n.<br \/>\nF\u00e1cil instalaci\u00f3n y conectividad WLAN: la c\u00e1mara se puede instalar r\u00e1pida y f\u00e1cilmente y se conecta sin problemas a su red WLAN. Esto significa que tiene acceso a transmisiones en vivo y grabaciones en cualquier momento, incluso cuando no est\u00e1 en casa.<\/p>\n","protected":false},"featured_media":1707,"template":"","meta":[],"store":[],"product_brand":[],"product_cat":[607,28],"product_tag":[],"class_list":{"0":"post-1706","1":"product","2":"type-product","3":"status-publish","4":"has-post-thumbnail","6":"product_cat-accesorios-tecnologicos-gps-camaras-etc","7":"product_cat-tendencia","8":"pa_binding-herramientas-y-mejora-del-hogar","9":"pa_brand-pettec","10":"pa_color-cam-free","11":"pa_eans-897","12":"pa_height-4-5669291292-pulgadas","13":"pa_is-adult-product-137","14":"pa_length-2-3228346433-pulgadas","15":"pa_manufacturer-pettec","16":"pa_model-899","17":"pa_part-number-898","18":"pa_product-group-mejora-del-hogar","19":"pa_size-cam-free","20":"pa_weight-1-0141264052-libras","21":"pa_width-2-3228346433-pulgadas","23":"first","24":"instock","25":"shipping-taxable","26":"product-type-external"},"yoast_head":"<!-- This site is optimized with the Yoast SEO plugin v26.0 - https:\/\/yoast.com\/wordpress\/plugins\/seo\/ -->\n<title>PetTec\u00c2\u00ae CAM Free - C\u00c3\u00a1mara Inal\u00c3\u00a1mbrica para Mascotas con App [SIN SUSCRIPCI\u00c3\u0093N] - para Gatos y Perros, Interior\/Exterior - Detecci\u00c3\u00b3n de Movimiento, Funci\u00c3\u00b3n de Voz - Bater\u00c3\u00ada hasta 9 Meses sin Cargar - Guautastik<\/title>\n<meta name=\"description\" content=\"Troba llits, joguines, menjar i accessoris per a gossos a Guautastik \ud83d\udc3e. Productes de qualitat seleccionats per al benestar i la felicitat.\" \/>\n<meta name=\"robots\" content=\"index, follow, max-snippet:-1, max-image-preview:large, max-video-preview:-1\" \/>\n<link rel=\"canonical\" href=\"https:\/\/guautastik.com\/ca\/pettec-cam-free-camara-inalambrica-para-mascotas-con-app-sin-suscripcion-para-gatos-y-perros-interior-exterior-deteccion-de-movimiento-funcion-de-voz-bateria-hasta-9-meses-sin-cargar\/\" \/>\n<meta property=\"og:locale\" content=\"ca_ES\" \/>\n<meta property=\"og:type\" content=\"article\" \/>\n<meta property=\"og:title\" content=\"PetTec\u00c2\u00ae CAM Free - C\u00c3\u00a1mara Inal\u00c3\u00a1mbrica para Mascotas con App [SIN SUSCRIPCI\u00c3\u0093N] - para Gatos y Perros, Interior\/Exterior - Detecci\u00c3\u00b3n de Movimiento, Funci\u00c3\u00b3n de Voz - Bater\u00c3\u00ada hasta 9 Meses sin Cargar - Guautastik\" \/>\n<meta property=\"og:description\" content=\"Troba llits, joguines, menjar i accessoris per a gossos a Guautastik \ud83d\udc3e. Productes de qualitat seleccionats per al benestar i la felicitat.\" \/>\n<meta property=\"og:url\" content=\"https:\/\/guautastik.com\/ca\/pettec-cam-free-camara-inalambrica-para-mascotas-con-app-sin-suscripcion-para-gatos-y-perros-interior-exterior-deteccion-de-movimiento-funcion-de-voz-bateria-hasta-9-meses-sin-cargar\/\" \/>\n<meta property=\"og:site_name\" content=\"Guautastik\" \/>\n<meta property=\"article:modified_time\" content=\"2025-11-05T10:16:43+00:00\" \/>\n<meta property=\"og:image\" content=\"https:\/\/m.media-amazon.com\/images\/I\/51r9Iv8FV1L._SL500_.jpg\" \/>\n\t<meta property=\"og:image:width\" content=\"500\" \/>\n\t<meta property=\"og:image:height\" content=\"500\" \/>\n\t<meta property=\"og:image:type\" content=\"image\/jpeg\" \/>\n<meta name=\"twitter:card\" content=\"summary_large_image\" \/>\n<meta name=\"twitter:label1\" content=\"Temps estimat de lectura\" \/>\n\t<meta name=\"twitter:data1\" content=\"1 minut\" \/>\n<script type=\"application\/ld+json\" class=\"yoast-schema-graph\">{\"@context\":\"https:\/\/schema.org\",\"@graph\":[{\"@type\":\"WebPage\",\"@id\":\"https:\/\/guautastik.com\/ca\/pettec-cam-free-camara-inalambrica-para-mascotas-con-app-sin-suscripcion-para-gatos-y-perros-interior-exterior-deteccion-de-movimiento-funcion-de-voz-bateria-hasta-9-meses-sin-cargar\/\",\"url\":\"https:\/\/guautastik.com\/ca\/pettec-cam-free-camara-inalambrica-para-mascotas-con-app-sin-suscripcion-para-gatos-y-perros-interior-exterior-deteccion-de-movimiento-funcion-de-voz-bateria-hasta-9-meses-sin-cargar\/\",\"name\":\"PetTec\u00c2\u00ae CAM Free - C\u00c3\u00a1mara Inal\u00c3\u00a1mbrica para Mascotas con App [SIN SUSCRIPCI\u00c3\u0093N] - para Gatos y Perros, Interior\/Exterior - Detecci\u00c3\u00b3n de Movimiento, Funci\u00c3\u00b3n de Voz - Bater\u00c3\u00ada hasta 9 Meses sin Cargar - Guautastik\",\"isPartOf\":{\"@id\":\"https:\/\/guautastik.com\/ca\/#website\"},\"primaryImageOfPage\":{\"@id\":\"https:\/\/guautastik.com\/ca\/pettec-cam-free-camara-inalambrica-para-mascotas-con-app-sin-suscripcion-para-gatos-y-perros-interior-exterior-deteccion-de-movimiento-funcion-de-voz-bateria-hasta-9-meses-sin-cargar\/#primaryimage\"},\"image\":{\"@id\":\"https:\/\/guautastik.com\/ca\/pettec-cam-free-camara-inalambrica-para-mascotas-con-app-sin-suscripcion-para-gatos-y-perros-interior-exterior-deteccion-de-movimiento-funcion-de-voz-bateria-hasta-9-meses-sin-cargar\/#primaryimage\"},\"thumbnailUrl\":\"https:\/\/m.media-amazon.com\/images\/I\/51r9Iv8FV1L._SL500_.jpg\",\"datePublished\":\"2025-10-03T15:54:41+00:00\",\"dateModified\":\"2025-11-05T10:16:43+00:00\",\"description\":\"Troba llits, joguines, menjar i accessoris per a gossos a Guautastik \ud83d\udc3e. Productes de qualitat seleccionats per al benestar i la felicitat.\",\"breadcrumb\":{\"@id\":\"https:\/\/guautastik.com\/ca\/pettec-cam-free-camara-inalambrica-para-mascotas-con-app-sin-suscripcion-para-gatos-y-perros-interior-exterior-deteccion-de-movimiento-funcion-de-voz-bateria-hasta-9-meses-sin-cargar\/#breadcrumb\"},\"inLanguage\":\"ca\",\"potentialAction\":[{\"@type\":\"ReadAction\",\"target\":[\"https:\/\/guautastik.com\/ca\/pettec-cam-free-camara-inalambrica-para-mascotas-con-app-sin-suscripcion-para-gatos-y-perros-interior-exterior-deteccion-de-movimiento-funcion-de-voz-bateria-hasta-9-meses-sin-cargar\/\"]}]},{\"@type\":\"ImageObject\",\"inLanguage\":\"ca\",\"@id\":\"https:\/\/guautastik.com\/ca\/pettec-cam-free-camara-inalambrica-para-mascotas-con-app-sin-suscripcion-para-gatos-y-perros-interior-exterior-deteccion-de-movimiento-funcion-de-voz-bateria-hasta-9-meses-sin-cargar\/#primaryimage\",\"url\":\"https:\/\/m.media-amazon.com\/images\/I\/51r9Iv8FV1L._SL500_.jpg\",\"contentUrl\":\"https:\/\/m.media-amazon.com\/images\/I\/51r9Iv8FV1L._SL500_.jpg\",\"width\":500,\"height\":500},{\"@type\":\"BreadcrumbList\",\"@id\":\"https:\/\/guautastik.com\/ca\/pettec-cam-free-camara-inalambrica-para-mascotas-con-app-sin-suscripcion-para-gatos-y-perros-interior-exterior-deteccion-de-movimiento-funcion-de-voz-bateria-hasta-9-meses-sin-cargar\/#breadcrumb\",\"itemListElement\":[{\"@type\":\"ListItem\",\"position\":1,\"name\":\"Home\",\"item\":\"https:\/\/guautastik.com\/ca\/\"},{\"@type\":\"ListItem\",\"position\":2,\"name\":\"Shop\",\"item\":\"https:\/\/guautastik.com\/ca\/shop\/\"},{\"@type\":\"ListItem\",\"position\":3,\"name\":\"PetTec\u00c2\u00ae CAM Free &#8211; C\u00c3\u00a1ma...\"}]},{\"@type\":\"WebSite\",\"@id\":\"https:\/\/guautastik.com\/ca\/#website\",\"url\":\"https:\/\/guautastik.com\/ca\/\",\"name\":\"Guautastik\",\"description\":\"Millors Productes, Joguines i Accessoris per a Gossos\",\"publisher\":{\"@id\":\"https:\/\/guautastik.com\/ca\/#organization\"},\"potentialAction\":[{\"@type\":\"SearchAction\",\"target\":{\"@type\":\"EntryPoint\",\"urlTemplate\":\"https:\/\/guautastik.com\/ca\/?s={search_term_string}\"},\"query-input\":{\"@type\":\"PropertyValueSpecification\",\"valueRequired\":true,\"valueName\":\"search_term_string\"}}],\"inLanguage\":\"ca\"},{\"@type\":\"Organization\",\"@id\":\"https:\/\/guautastik.com\/ca\/#organization\",\"name\":\"Guautastik\",\"url\":\"https:\/\/guautastik.com\/ca\/\",\"logo\":{\"@type\":\"ImageObject\",\"inLanguage\":\"ca\",\"@id\":\"https:\/\/guautastik.com\/ca\/#\/schema\/logo\/image\/\",\"url\":\"https:\/\/guautastik.com\/ca\/wp-content\/uploads\/2026\/01\/Screenshot_2026-01-13_at_8.13.08_AM-removebg-preview.png\",\"contentUrl\":\"https:\/\/guautastik.com\/ca\/wp-content\/uploads\/2026\/01\/Screenshot_2026-01-13_at_8.13.08_AM-removebg-preview.png\",\"width\":762,\"height\":232,\"caption\":\"Guautastik\"},\"image\":{\"@id\":\"https:\/\/guautastik.com\/ca\/#\/schema\/logo\/image\/\"}}]}<\/script>\n<!-- \/ Yoast SEO plugin. -->","yoast_head_json":{"title":"PetTec\u00c2\u00ae CAM Free - C\u00c3\u00a1mara Inal\u00c3\u00a1mbrica para Mascotas con App [SIN SUSCRIPCI\u00c3\u0093N] - para Gatos y Perros, Interior\/Exterior - Detecci\u00c3\u00b3n de Movimiento, Funci\u00c3\u00b3n de Voz - Bater\u00c3\u00ada hasta 9 Meses sin Cargar - Guautastik","description":"Troba llits, joguines, menjar i accessoris per a gossos a Guautastik \ud83d\udc3e. Productes de qualitat seleccionats per al benestar i la felicitat.","robots":{"index":"index","follow":"follow","max-snippet":"max-snippet:-1","max-image-preview":"max-image-preview:large","max-video-preview":"max-video-preview:-1"},"canonical":"https:\/\/guautastik.com\/ca\/pettec-cam-free-camara-inalambrica-para-mascotas-con-app-sin-suscripcion-para-gatos-y-perros-interior-exterior-deteccion-de-movimiento-funcion-de-voz-bateria-hasta-9-meses-sin-cargar\/","og_locale":"ca_ES","og_type":"article","og_title":"PetTec\u00c2\u00ae CAM Free - C\u00c3\u00a1mara Inal\u00c3\u00a1mbrica para Mascotas con App [SIN SUSCRIPCI\u00c3\u0093N] - para Gatos y Perros, Interior\/Exterior - Detecci\u00c3\u00b3n de Movimiento, Funci\u00c3\u00b3n de Voz - Bater\u00c3\u00ada hasta 9 Meses sin Cargar - Guautastik","og_description":"Troba llits, joguines, menjar i accessoris per a gossos a Guautastik \ud83d\udc3e. Productes de qualitat seleccionats per al benestar i la felicitat.","og_url":"https:\/\/guautastik.com\/ca\/pettec-cam-free-camara-inalambrica-para-mascotas-con-app-sin-suscripcion-para-gatos-y-perros-interior-exterior-deteccion-de-movimiento-funcion-de-voz-bateria-hasta-9-meses-sin-cargar\/","og_site_name":"Guautastik","article_modified_time":"2025-11-05T10:16:43+00:00","og_image":[{"width":500,"height":500,"url":"https:\/\/m.media-amazon.com\/images\/I\/51r9Iv8FV1L._SL500_.jpg","type":"image\/jpeg"}],"twitter_card":"summary_large_image","twitter_misc":{"Temps estimat de lectura":"1 minut"},"schema":{"@context":"https:\/\/schema.org","@graph":[{"@type":"WebPage","@id":"https:\/\/guautastik.com\/ca\/pettec-cam-free-camara-inalambrica-para-mascotas-con-app-sin-suscripcion-para-gatos-y-perros-interior-exterior-deteccion-de-movimiento-funcion-de-voz-bateria-hasta-9-meses-sin-cargar\/","url":"https:\/\/guautastik.com\/ca\/pettec-cam-free-camara-inalambrica-para-mascotas-con-app-sin-suscripcion-para-gatos-y-perros-interior-exterior-deteccion-de-movimiento-funcion-de-voz-bateria-hasta-9-meses-sin-cargar\/","name":"PetTec\u00c2\u00ae CAM Free - C\u00c3\u00a1mara Inal\u00c3\u00a1mbrica para Mascotas con App [SIN SUSCRIPCI\u00c3\u0093N] - para Gatos y Perros, Interior\/Exterior - Detecci\u00c3\u00b3n de Movimiento, Funci\u00c3\u00b3n de Voz - Bater\u00c3\u00ada hasta 9 Meses sin Cargar - Guautastik","isPartOf":{"@id":"https:\/\/guautastik.com\/ca\/#website"},"primaryImageOfPage":{"@id":"https:\/\/guautastik.com\/ca\/pettec-cam-free-camara-inalambrica-para-mascotas-con-app-sin-suscripcion-para-gatos-y-perros-interior-exterior-deteccion-de-movimiento-funcion-de-voz-bateria-hasta-9-meses-sin-cargar\/#primaryimage"},"image":{"@id":"https:\/\/guautastik.com\/ca\/pettec-cam-free-camara-inalambrica-para-mascotas-con-app-sin-suscripcion-para-gatos-y-perros-interior-exterior-deteccion-de-movimiento-funcion-de-voz-bateria-hasta-9-meses-sin-cargar\/#primaryimage"},"thumbnailUrl":"https:\/\/m.media-amazon.com\/images\/I\/51r9Iv8FV1L._SL500_.jpg","datePublished":"2025-10-03T15:54:41+00:00","dateModified":"2025-11-05T10:16:43+00:00","description":"Troba llits, joguines, menjar i accessoris per a gossos a Guautastik \ud83d\udc3e. Productes de qualitat seleccionats per al benestar i la felicitat.","breadcrumb":{"@id":"https:\/\/guautastik.com\/ca\/pettec-cam-free-camara-inalambrica-para-mascotas-con-app-sin-suscripcion-para-gatos-y-perros-interior-exterior-deteccion-de-movimiento-funcion-de-voz-bateria-hasta-9-meses-sin-cargar\/#breadcrumb"},"inLanguage":"ca","potentialAction":[{"@type":"ReadAction","target":["https:\/\/guautastik.com\/ca\/pettec-cam-free-camara-inalambrica-para-mascotas-con-app-sin-suscripcion-para-gatos-y-perros-interior-exterior-deteccion-de-movimiento-funcion-de-voz-bateria-hasta-9-meses-sin-cargar\/"]}]},{"@type":"ImageObject","inLanguage":"ca","@id":"https:\/\/guautastik.com\/ca\/pettec-cam-free-camara-inalambrica-para-mascotas-con-app-sin-suscripcion-para-gatos-y-perros-interior-exterior-deteccion-de-movimiento-funcion-de-voz-bateria-hasta-9-meses-sin-cargar\/#primaryimage","url":"https:\/\/m.media-amazon.com\/images\/I\/51r9Iv8FV1L._SL500_.jpg","contentUrl":"https:\/\/m.media-amazon.com\/images\/I\/51r9Iv8FV1L._SL500_.jpg","width":500,"height":500},{"@type":"BreadcrumbList","@id":"https:\/\/guautastik.com\/ca\/pettec-cam-free-camara-inalambrica-para-mascotas-con-app-sin-suscripcion-para-gatos-y-perros-interior-exterior-deteccion-de-movimiento-funcion-de-voz-bateria-hasta-9-meses-sin-cargar\/#breadcrumb","itemListElement":[{"@type":"ListItem","position":1,"name":"Home","item":"https:\/\/guautastik.com\/ca\/"},{"@type":"ListItem","position":2,"name":"Shop","item":"https:\/\/guautastik.com\/ca\/shop\/"},{"@type":"ListItem","position":3,"name":"PetTec\u00c2\u00ae CAM Free &#8211; C\u00c3\u00a1ma..."}]},{"@type":"WebSite","@id":"https:\/\/guautastik.com\/ca\/#website","url":"https:\/\/guautastik.com\/ca\/","name":"Guautastik","description":"Millors Productes, Joguines i Accessoris per a Gossos","publisher":{"@id":"https:\/\/guautastik.com\/ca\/#organization"},"potentialAction":[{"@type":"SearchAction","target":{"@type":"EntryPoint","urlTemplate":"https:\/\/guautastik.com\/ca\/?s={search_term_string}"},"query-input":{"@type":"PropertyValueSpecification","valueRequired":true,"valueName":"search_term_string"}}],"inLanguage":"ca"},{"@type":"Organization","@id":"https:\/\/guautastik.com\/ca\/#organization","name":"Guautastik","url":"https:\/\/guautastik.com\/ca\/","logo":{"@type":"ImageObject","inLanguage":"ca","@id":"https:\/\/guautastik.com\/ca\/#\/schema\/logo\/image\/","url":"https:\/\/guautastik.com\/ca\/wp-content\/uploads\/2026\/01\/Screenshot_2026-01-13_at_8.13.08_AM-removebg-preview.png","contentUrl":"https:\/\/guautastik.com\/ca\/wp-content\/uploads\/2026\/01\/Screenshot_2026-01-13_at_8.13.08_AM-removebg-preview.png","width":762,"height":232,"caption":"Guautastik"},"image":{"@id":"https:\/\/guautastik.com\/ca\/#\/schema\/logo\/image\/"}}]}},"_links":{"self":[{"href":"https:\/\/guautastik.com\/ca\/wp-json\/wp\/v2\/product\/1706","targetHints":{"allow":["GET"]}}],"collection":[{"href":"https:\/\/guautastik.com\/ca\/wp-json\/wp\/v2\/product"}],"about":[{"href":"https:\/\/guautastik.com\/ca\/wp-json\/wp\/v2\/types\/product"}],"wp:featuredmedia":[{"embeddable":true,"href":"https:\/\/guautastik.com\/ca\/wp-json\/wp\/v2\/media\/1707"}],"wp:attachment":[{"href":"https:\/\/guautastik.com\/ca\/wp-json\/wp\/v2\/media?parent=1706"}],"wp:term":[{"taxonomy":"store","embeddable":true,"href":"https:\/\/guautastik.com\/ca\/wp-json\/wp\/v2\/store?post=1706"},{"taxonomy":"product_brand","embeddable":true,"href":"https:\/\/guautastik.com\/ca\/wp-json\/wp\/v2\/product_brand?post=1706"},{"taxonomy":"product_cat","embeddable":true,"href":"https:\/\/guautastik.com\/ca\/wp-json\/wp\/v2\/product_cat?post=1706"},{"taxonomy":"product_tag","embeddable":true,"href":"https:\/\/guautastik.com\/ca\/wp-json\/wp\/v2\/product_tag?post=1706"}],"curies":[{"name":"wp","href":"https:\/\/api.w.org\/{rel}","templated":true}]}}