{"id":1714,"date":"2025-10-03T15:54:42","date_gmt":"2025-10-03T15:54:42","guid":{"rendered":"https:\/\/guautastik.com\/ca\/pawfit-3-rastreador-gps-para-perros-con-seguimiento-en-vivo-4g-alertas-inteligentes-monitor-de-actividad-impermeable-para-gatos-alcance-ilimitado-llamada-de-voz-remota-para-todos-los-collares\/"},"modified":"2025-11-05T10:34:07","modified_gmt":"2025-11-05T10:34:07","slug":"pawfit-3-rastreador-gps-para-perros-con-seguimiento-en-vivo-4g-alertas-inteligentes-monitor-de-actividad-impermeable-para-gatos-alcance-ilimitado-llamada-de-voz-remota-para-todos-los-collares","status":"publish","type":"product","link":"https:\/\/guautastik.com\/ca\/pawfit-3-rastreador-gps-para-perros-con-seguimiento-en-vivo-4g-alertas-inteligentes-monitor-de-actividad-impermeable-para-gatos-alcance-ilimitado-llamada-de-voz-remota-para-todos-los-collares\/","title":{"rendered":"Pawfit 3 Rastreador GPS para Perros..."},"content":{"rendered":"<p>\ud83d\udc3e Seguimiento GPS en Tiempo Real: Con\u00e9ctate a m\u00e1s de 3 sat\u00e9lites para c\u00e1lculos precisos de la ubicaci\u00f3n de tu mascota. Obt\u00e9n actualizaciones instant\u00e1neas en tu aplicaci\u00f3n Pawfit a trav\u00e9s de la red m\u00f3vil, con mapas en vivo para mantener un ojo en cada movimiento de tu compa\u00f1ero peludo.<br \/>\n\ud83d\udc3e Alcance Ilimitado: Usando tecnolog\u00eda avanzada 4G, el rastreador Pawfit 3 funciona perfectamente en Europa y Am\u00e9rica del Norte. Con su tarjeta SIM integrada, no hay l\u00edmites para el alcance de rastreo de Pawfit siempre que haya cobertura de red.<br \/>\n\ud83d\udc3e Luz LED Integrada y Alerta de Escape: Si tu mascota se aventura m\u00e1s all\u00e1 de la zona segura virtual designada, ten la seguridad de que tu tel\u00e9fono recibir\u00e1 notificaciones instant\u00e1neas. La brillante luz LED en el rastreador GPS para mascotas Pawfit 3 te ayuda a localizar a tu mascota incluso en entornos de baja luz.<br \/>\n\ud83d\udc3e Habla con Tu Mascota: Mantente conectado con tus mascotas incluso cuando est\u00e1n fuera de alcance auditivo. Con el altavoz integrado, el rastreador GPS para perros Pawfit 3 te permite comunicarte con tu mascota a trav\u00e9s de hasta 5 comandos de voz personalizados, que tambi\u00e9n pueden ser una ayuda para el entrenamiento.<br \/>\n\ud83d\udc3e Funciona con Suscripci\u00f3n: Nuestros planes de suscripci\u00f3n cubren todos los costos de la tarjeta SIM integrada y los datos, empezando desde solo \u20ac3.89 por mes (var\u00eda seg\u00fan el plan de suscripci\u00f3n). Disfruta de un per\u00edodo de prueba sin riesgos y benef\u00edciate de una garant\u00eda de reembolso de 30 d\u00edas.<br \/>\n\ud83d\udc3e Bater\u00eda de Larga Duraci\u00f3n: Gracias a los algoritmos inteligentes de Pawfit, una carga de solo 2.5 horas asegura hasta 6 d\u00edas de uso (nota: la vida \u00fatil de la bater\u00eda puede variar seg\u00fan lost patrones de uso y la fuerza de la se\u00f1al).<br \/>\n\ud83d\udc3e Monitoreo de Actividad e Historial de Ubicaciones: Toma control del viaje de fitness de tu mascota estableciendo metas de actividad personalizadas y monitoreando sus niveles de movimiento. Ya sea un paseo tranquilo o una escapada emocionante, el rastreador GPS para perros Pawfit 3 asegura que nunca te pierdas un momento.<br \/>\n<div class=\"main-cross-sell\" data-asin=\"B082F7J7LW\">\n\n\t<div class=\"WooZone-cross-sell-loader\">\n\t\t<div>\n\t\t\t<div id=\"floatingBarsG\">\n\t\t\t\t<div class=\"blockG\" id=\"rotateG_01\"><\/div>\n\t\t\t\t<div class=\"blockG\" id=\"rotateG_02\"><\/div>\n\t\t\t\t<div class=\"blockG\" id=\"rotateG_03\"><\/div>\n\t\t\t\t<div class=\"blockG\" id=\"rotateG_04\"><\/div>\n\t\t\t\t<div class=\"blockG\" id=\"rotateG_05\"><\/div>\n\t\t\t\t<div class=\"blockG\" id=\"rotateG_06\"><\/div>\n\t\t\t\t<div class=\"blockG\" id=\"rotateG_07\"><\/div>\n\t\t\t\t<div class=\"blockG\" id=\"rotateG_08\"><\/div>\n\t\t\t<\/div>\n\t\t\t<div class=\"WooZone-cross-sell-loader-text\"><\/div>\n\t\t<\/div>\n\t<\/div>\n\n\t\t\n<\/div>\n<div style=\"clear:both;\"><\/div><\/p>\n","protected":false},"excerpt":{"rendered":"<p>\ud83d\udc3e Seguimiento GPS en Tiempo Real: Con\u00e9ctate a m\u00e1s de 3 sat\u00e9lites para c\u00e1lculos precisos de la ubicaci\u00f3n de tu mascota. Obt\u00e9n actualizaciones instant\u00e1neas en tu aplicaci\u00f3n Pawfit a trav\u00e9s de la red m\u00f3vil, con mapas en vivo para mantener un ojo en cada movimiento de tu compa\u00f1ero peludo.<br \/>\n\ud83d\udc3e Alcance Ilimitado: Usando tecnolog\u00eda avanzada 4G, el rastreador Pawfit 3 funciona perfectamente en Europa y Am\u00e9rica del Norte. Con su tarjeta SIM integrada, no hay l\u00edmites para el alcance de rastreo de Pawfit siempre que haya cobertura de red.<br \/>\n\ud83d\udc3e Luz LED Integrada y Alerta de Escape: Si tu mascota se aventura m\u00e1s all\u00e1 de la zona segura virtual designada, ten la seguridad de que tu tel\u00e9fono recibir\u00e1 notificaciones instant\u00e1neas. La brillante luz LED en el rastreador GPS para mascotas Pawfit 3 te ayuda a localizar a tu mascota incluso en entornos de baja luz.<\/p>\n","protected":false},"featured_media":1715,"template":"","meta":[],"store":[],"product_brand":[],"product_cat":[607,28],"product_tag":[],"class_list":{"0":"post-1714","1":"product","2":"type-product","3":"status-publish","4":"has-post-thumbnail","6":"product_cat-accesorios-tecnologicos-gps-camaras-etc","7":"product_cat-tendencia","8":"pa_brand-pawfit","9":"pa_color-blanco","10":"pa_eans-908","11":"pa_height-0-5511811018-pulgadas","12":"pa_is-adult-product-137","13":"pa_length-1-8897637776-pulgadas","14":"pa_manufacturer-pawfit","15":"pa_model-tr3b","16":"pa_part-number-tr3b","17":"pa_product-group-electronica","18":"pa_size-4-8x3-3x1-4-cm","19":"pa_weight-0-05952481074-libras","20":"pa_width-1-2992125971-pulgadas","22":"first","23":"instock","24":"shipping-taxable","25":"product-type-external"},"yoast_head":"<!-- This site is optimized with the Yoast SEO plugin v26.0 - https:\/\/yoast.com\/wordpress\/plugins\/seo\/ -->\n<title>Pawfit 3 Rastreador GPS para Perros con Seguimiento en Vivo 4G, Alertas Inteligentes, Monitor de Actividad Impermeable para Gatos, Alcance Ilimitado, Llamada de Voz Remota, para Todos los Collares - Guautastik<\/title>\n<meta name=\"description\" content=\"Troba llits, joguines, menjar i accessoris per a gossos a Guautastik \ud83d\udc3e. Productes de qualitat seleccionats per al benestar i la felicitat.\" \/>\n<meta name=\"robots\" content=\"index, follow, max-snippet:-1, max-image-preview:large, max-video-preview:-1\" \/>\n<link rel=\"canonical\" href=\"https:\/\/guautastik.com\/ca\/pawfit-3-rastreador-gps-para-perros-con-seguimiento-en-vivo-4g-alertas-inteligentes-monitor-de-actividad-impermeable-para-gatos-alcance-ilimitado-llamada-de-voz-remota-para-todos-los-collares\/\" \/>\n<meta property=\"og:locale\" content=\"ca_ES\" \/>\n<meta property=\"og:type\" content=\"article\" \/>\n<meta property=\"og:title\" content=\"Pawfit 3 Rastreador GPS para Perros con Seguimiento en Vivo 4G, Alertas Inteligentes, Monitor de Actividad Impermeable para Gatos, Alcance Ilimitado, Llamada de Voz Remota, para Todos los Collares - Guautastik\" \/>\n<meta property=\"og:description\" content=\"Troba llits, joguines, menjar i accessoris per a gossos a Guautastik \ud83d\udc3e. Productes de qualitat seleccionats per al benestar i la felicitat.\" \/>\n<meta property=\"og:url\" content=\"https:\/\/guautastik.com\/ca\/pawfit-3-rastreador-gps-para-perros-con-seguimiento-en-vivo-4g-alertas-inteligentes-monitor-de-actividad-impermeable-para-gatos-alcance-ilimitado-llamada-de-voz-remota-para-todos-los-collares\/\" \/>\n<meta property=\"og:site_name\" content=\"Guautastik\" \/>\n<meta property=\"article:modified_time\" content=\"2025-11-05T10:34:07+00:00\" \/>\n<meta property=\"og:image\" content=\"https:\/\/m.media-amazon.com\/images\/I\/41JlbxO6o7L._SL500_.jpg\" \/>\n\t<meta property=\"og:image:width\" content=\"500\" \/>\n\t<meta property=\"og:image:height\" content=\"500\" \/>\n\t<meta property=\"og:image:type\" content=\"image\/jpeg\" \/>\n<meta name=\"twitter:card\" content=\"summary_large_image\" \/>\n<meta name=\"twitter:label1\" content=\"Temps estimat de lectura\" \/>\n\t<meta name=\"twitter:data1\" content=\"2 minuts\" \/>\n<script type=\"application\/ld+json\" class=\"yoast-schema-graph\">{\"@context\":\"https:\/\/schema.org\",\"@graph\":[{\"@type\":\"WebPage\",\"@id\":\"https:\/\/guautastik.com\/ca\/pawfit-3-rastreador-gps-para-perros-con-seguimiento-en-vivo-4g-alertas-inteligentes-monitor-de-actividad-impermeable-para-gatos-alcance-ilimitado-llamada-de-voz-remota-para-todos-los-collares\/\",\"url\":\"https:\/\/guautastik.com\/ca\/pawfit-3-rastreador-gps-para-perros-con-seguimiento-en-vivo-4g-alertas-inteligentes-monitor-de-actividad-impermeable-para-gatos-alcance-ilimitado-llamada-de-voz-remota-para-todos-los-collares\/\",\"name\":\"Pawfit 3 Rastreador GPS para Perros con Seguimiento en Vivo 4G, Alertas Inteligentes, Monitor de Actividad Impermeable para Gatos, Alcance Ilimitado, Llamada de Voz Remota, para Todos los Collares - Guautastik\",\"isPartOf\":{\"@id\":\"https:\/\/guautastik.com\/ca\/#website\"},\"primaryImageOfPage\":{\"@id\":\"https:\/\/guautastik.com\/ca\/pawfit-3-rastreador-gps-para-perros-con-seguimiento-en-vivo-4g-alertas-inteligentes-monitor-de-actividad-impermeable-para-gatos-alcance-ilimitado-llamada-de-voz-remota-para-todos-los-collares\/#primaryimage\"},\"image\":{\"@id\":\"https:\/\/guautastik.com\/ca\/pawfit-3-rastreador-gps-para-perros-con-seguimiento-en-vivo-4g-alertas-inteligentes-monitor-de-actividad-impermeable-para-gatos-alcance-ilimitado-llamada-de-voz-remota-para-todos-los-collares\/#primaryimage\"},\"thumbnailUrl\":\"https:\/\/m.media-amazon.com\/images\/I\/41JlbxO6o7L._SL500_.jpg\",\"datePublished\":\"2025-10-03T15:54:42+00:00\",\"dateModified\":\"2025-11-05T10:34:07+00:00\",\"description\":\"Troba llits, joguines, menjar i accessoris per a gossos a Guautastik \ud83d\udc3e. Productes de qualitat seleccionats per al benestar i la felicitat.\",\"breadcrumb\":{\"@id\":\"https:\/\/guautastik.com\/ca\/pawfit-3-rastreador-gps-para-perros-con-seguimiento-en-vivo-4g-alertas-inteligentes-monitor-de-actividad-impermeable-para-gatos-alcance-ilimitado-llamada-de-voz-remota-para-todos-los-collares\/#breadcrumb\"},\"inLanguage\":\"ca\",\"potentialAction\":[{\"@type\":\"ReadAction\",\"target\":[\"https:\/\/guautastik.com\/ca\/pawfit-3-rastreador-gps-para-perros-con-seguimiento-en-vivo-4g-alertas-inteligentes-monitor-de-actividad-impermeable-para-gatos-alcance-ilimitado-llamada-de-voz-remota-para-todos-los-collares\/\"]}]},{\"@type\":\"ImageObject\",\"inLanguage\":\"ca\",\"@id\":\"https:\/\/guautastik.com\/ca\/pawfit-3-rastreador-gps-para-perros-con-seguimiento-en-vivo-4g-alertas-inteligentes-monitor-de-actividad-impermeable-para-gatos-alcance-ilimitado-llamada-de-voz-remota-para-todos-los-collares\/#primaryimage\",\"url\":\"https:\/\/m.media-amazon.com\/images\/I\/41JlbxO6o7L._SL500_.jpg\",\"contentUrl\":\"https:\/\/m.media-amazon.com\/images\/I\/41JlbxO6o7L._SL500_.jpg\",\"width\":500,\"height\":500},{\"@type\":\"BreadcrumbList\",\"@id\":\"https:\/\/guautastik.com\/ca\/pawfit-3-rastreador-gps-para-perros-con-seguimiento-en-vivo-4g-alertas-inteligentes-monitor-de-actividad-impermeable-para-gatos-alcance-ilimitado-llamada-de-voz-remota-para-todos-los-collares\/#breadcrumb\",\"itemListElement\":[{\"@type\":\"ListItem\",\"position\":1,\"name\":\"Home\",\"item\":\"https:\/\/guautastik.com\/ca\/\"},{\"@type\":\"ListItem\",\"position\":2,\"name\":\"Shop\",\"item\":\"https:\/\/guautastik.com\/ca\/shop\/\"},{\"@type\":\"ListItem\",\"position\":3,\"name\":\"Pawfit 3 Rastreador GPS para Perros...\"}]},{\"@type\":\"WebSite\",\"@id\":\"https:\/\/guautastik.com\/ca\/#website\",\"url\":\"https:\/\/guautastik.com\/ca\/\",\"name\":\"Guautastik\",\"description\":\"Millors Productes, Joguines i Accessoris per a Gossos\",\"publisher\":{\"@id\":\"https:\/\/guautastik.com\/ca\/#organization\"},\"potentialAction\":[{\"@type\":\"SearchAction\",\"target\":{\"@type\":\"EntryPoint\",\"urlTemplate\":\"https:\/\/guautastik.com\/ca\/?s={search_term_string}\"},\"query-input\":{\"@type\":\"PropertyValueSpecification\",\"valueRequired\":true,\"valueName\":\"search_term_string\"}}],\"inLanguage\":\"ca\"},{\"@type\":\"Organization\",\"@id\":\"https:\/\/guautastik.com\/ca\/#organization\",\"name\":\"Guautastik\",\"url\":\"https:\/\/guautastik.com\/ca\/\",\"logo\":{\"@type\":\"ImageObject\",\"inLanguage\":\"ca\",\"@id\":\"https:\/\/guautastik.com\/ca\/#\/schema\/logo\/image\/\",\"url\":\"https:\/\/guautastik.com\/ca\/wp-content\/uploads\/2026\/01\/Screenshot_2026-01-13_at_8.13.08_AM-removebg-preview.png\",\"contentUrl\":\"https:\/\/guautastik.com\/ca\/wp-content\/uploads\/2026\/01\/Screenshot_2026-01-13_at_8.13.08_AM-removebg-preview.png\",\"width\":762,\"height\":232,\"caption\":\"Guautastik\"},\"image\":{\"@id\":\"https:\/\/guautastik.com\/ca\/#\/schema\/logo\/image\/\"}}]}<\/script>\n<!-- \/ Yoast SEO plugin. -->","yoast_head_json":{"title":"Pawfit 3 Rastreador GPS para Perros con Seguimiento en Vivo 4G, Alertas Inteligentes, Monitor de Actividad Impermeable para Gatos, Alcance Ilimitado, Llamada de Voz Remota, para Todos los Collares - Guautastik","description":"Troba llits, joguines, menjar i accessoris per a gossos a Guautastik \ud83d\udc3e. Productes de qualitat seleccionats per al benestar i la felicitat.","robots":{"index":"index","follow":"follow","max-snippet":"max-snippet:-1","max-image-preview":"max-image-preview:large","max-video-preview":"max-video-preview:-1"},"canonical":"https:\/\/guautastik.com\/ca\/pawfit-3-rastreador-gps-para-perros-con-seguimiento-en-vivo-4g-alertas-inteligentes-monitor-de-actividad-impermeable-para-gatos-alcance-ilimitado-llamada-de-voz-remota-para-todos-los-collares\/","og_locale":"ca_ES","og_type":"article","og_title":"Pawfit 3 Rastreador GPS para Perros con Seguimiento en Vivo 4G, Alertas Inteligentes, Monitor de Actividad Impermeable para Gatos, Alcance Ilimitado, Llamada de Voz Remota, para Todos los Collares - Guautastik","og_description":"Troba llits, joguines, menjar i accessoris per a gossos a Guautastik \ud83d\udc3e. Productes de qualitat seleccionats per al benestar i la felicitat.","og_url":"https:\/\/guautastik.com\/ca\/pawfit-3-rastreador-gps-para-perros-con-seguimiento-en-vivo-4g-alertas-inteligentes-monitor-de-actividad-impermeable-para-gatos-alcance-ilimitado-llamada-de-voz-remota-para-todos-los-collares\/","og_site_name":"Guautastik","article_modified_time":"2025-11-05T10:34:07+00:00","og_image":[{"width":500,"height":500,"url":"https:\/\/m.media-amazon.com\/images\/I\/41JlbxO6o7L._SL500_.jpg","type":"image\/jpeg"}],"twitter_card":"summary_large_image","twitter_misc":{"Temps estimat de lectura":"2 minuts"},"schema":{"@context":"https:\/\/schema.org","@graph":[{"@type":"WebPage","@id":"https:\/\/guautastik.com\/ca\/pawfit-3-rastreador-gps-para-perros-con-seguimiento-en-vivo-4g-alertas-inteligentes-monitor-de-actividad-impermeable-para-gatos-alcance-ilimitado-llamada-de-voz-remota-para-todos-los-collares\/","url":"https:\/\/guautastik.com\/ca\/pawfit-3-rastreador-gps-para-perros-con-seguimiento-en-vivo-4g-alertas-inteligentes-monitor-de-actividad-impermeable-para-gatos-alcance-ilimitado-llamada-de-voz-remota-para-todos-los-collares\/","name":"Pawfit 3 Rastreador GPS para Perros con Seguimiento en Vivo 4G, Alertas Inteligentes, Monitor de Actividad Impermeable para Gatos, Alcance Ilimitado, Llamada de Voz Remota, para Todos los Collares - Guautastik","isPartOf":{"@id":"https:\/\/guautastik.com\/ca\/#website"},"primaryImageOfPage":{"@id":"https:\/\/guautastik.com\/ca\/pawfit-3-rastreador-gps-para-perros-con-seguimiento-en-vivo-4g-alertas-inteligentes-monitor-de-actividad-impermeable-para-gatos-alcance-ilimitado-llamada-de-voz-remota-para-todos-los-collares\/#primaryimage"},"image":{"@id":"https:\/\/guautastik.com\/ca\/pawfit-3-rastreador-gps-para-perros-con-seguimiento-en-vivo-4g-alertas-inteligentes-monitor-de-actividad-impermeable-para-gatos-alcance-ilimitado-llamada-de-voz-remota-para-todos-los-collares\/#primaryimage"},"thumbnailUrl":"https:\/\/m.media-amazon.com\/images\/I\/41JlbxO6o7L._SL500_.jpg","datePublished":"2025-10-03T15:54:42+00:00","dateModified":"2025-11-05T10:34:07+00:00","description":"Troba llits, joguines, menjar i accessoris per a gossos a Guautastik \ud83d\udc3e. Productes de qualitat seleccionats per al benestar i la felicitat.","breadcrumb":{"@id":"https:\/\/guautastik.com\/ca\/pawfit-3-rastreador-gps-para-perros-con-seguimiento-en-vivo-4g-alertas-inteligentes-monitor-de-actividad-impermeable-para-gatos-alcance-ilimitado-llamada-de-voz-remota-para-todos-los-collares\/#breadcrumb"},"inLanguage":"ca","potentialAction":[{"@type":"ReadAction","target":["https:\/\/guautastik.com\/ca\/pawfit-3-rastreador-gps-para-perros-con-seguimiento-en-vivo-4g-alertas-inteligentes-monitor-de-actividad-impermeable-para-gatos-alcance-ilimitado-llamada-de-voz-remota-para-todos-los-collares\/"]}]},{"@type":"ImageObject","inLanguage":"ca","@id":"https:\/\/guautastik.com\/ca\/pawfit-3-rastreador-gps-para-perros-con-seguimiento-en-vivo-4g-alertas-inteligentes-monitor-de-actividad-impermeable-para-gatos-alcance-ilimitado-llamada-de-voz-remota-para-todos-los-collares\/#primaryimage","url":"https:\/\/m.media-amazon.com\/images\/I\/41JlbxO6o7L._SL500_.jpg","contentUrl":"https:\/\/m.media-amazon.com\/images\/I\/41JlbxO6o7L._SL500_.jpg","width":500,"height":500},{"@type":"BreadcrumbList","@id":"https:\/\/guautastik.com\/ca\/pawfit-3-rastreador-gps-para-perros-con-seguimiento-en-vivo-4g-alertas-inteligentes-monitor-de-actividad-impermeable-para-gatos-alcance-ilimitado-llamada-de-voz-remota-para-todos-los-collares\/#breadcrumb","itemListElement":[{"@type":"ListItem","position":1,"name":"Home","item":"https:\/\/guautastik.com\/ca\/"},{"@type":"ListItem","position":2,"name":"Shop","item":"https:\/\/guautastik.com\/ca\/shop\/"},{"@type":"ListItem","position":3,"name":"Pawfit 3 Rastreador GPS para Perros..."}]},{"@type":"WebSite","@id":"https:\/\/guautastik.com\/ca\/#website","url":"https:\/\/guautastik.com\/ca\/","name":"Guautastik","description":"Millors Productes, Joguines i Accessoris per a Gossos","publisher":{"@id":"https:\/\/guautastik.com\/ca\/#organization"},"potentialAction":[{"@type":"SearchAction","target":{"@type":"EntryPoint","urlTemplate":"https:\/\/guautastik.com\/ca\/?s={search_term_string}"},"query-input":{"@type":"PropertyValueSpecification","valueRequired":true,"valueName":"search_term_string"}}],"inLanguage":"ca"},{"@type":"Organization","@id":"https:\/\/guautastik.com\/ca\/#organization","name":"Guautastik","url":"https:\/\/guautastik.com\/ca\/","logo":{"@type":"ImageObject","inLanguage":"ca","@id":"https:\/\/guautastik.com\/ca\/#\/schema\/logo\/image\/","url":"https:\/\/guautastik.com\/ca\/wp-content\/uploads\/2026\/01\/Screenshot_2026-01-13_at_8.13.08_AM-removebg-preview.png","contentUrl":"https:\/\/guautastik.com\/ca\/wp-content\/uploads\/2026\/01\/Screenshot_2026-01-13_at_8.13.08_AM-removebg-preview.png","width":762,"height":232,"caption":"Guautastik"},"image":{"@id":"https:\/\/guautastik.com\/ca\/#\/schema\/logo\/image\/"}}]}},"_links":{"self":[{"href":"https:\/\/guautastik.com\/ca\/wp-json\/wp\/v2\/product\/1714","targetHints":{"allow":["GET"]}}],"collection":[{"href":"https:\/\/guautastik.com\/ca\/wp-json\/wp\/v2\/product"}],"about":[{"href":"https:\/\/guautastik.com\/ca\/wp-json\/wp\/v2\/types\/product"}],"wp:featuredmedia":[{"embeddable":true,"href":"https:\/\/guautastik.com\/ca\/wp-json\/wp\/v2\/media\/1715"}],"wp:attachment":[{"href":"https:\/\/guautastik.com\/ca\/wp-json\/wp\/v2\/media?parent=1714"}],"wp:term":[{"taxonomy":"store","embeddable":true,"href":"https:\/\/guautastik.com\/ca\/wp-json\/wp\/v2\/store?post=1714"},{"taxonomy":"product_brand","embeddable":true,"href":"https:\/\/guautastik.com\/ca\/wp-json\/wp\/v2\/product_brand?post=1714"},{"taxonomy":"product_cat","embeddable":true,"href":"https:\/\/guautastik.com\/ca\/wp-json\/wp\/v2\/product_cat?post=1714"},{"taxonomy":"product_tag","embeddable":true,"href":"https:\/\/guautastik.com\/ca\/wp-json\/wp\/v2\/product_tag?post=1714"}],"curies":[{"name":"wp","href":"https:\/\/api.w.org\/{rel}","templated":true}]}}