{"id":1766,"date":"2025-10-03T15:54:58","date_gmt":"2025-10-03T15:54:58","guid":{"rendered":"https:\/\/guautastik.com\/ca\/paj-localizador-gps-para-perros-4g-alarmas-de-fuga-seguimiento-en-vivo-hasta-15-dias-en-modo-ahorro-de-bateria-led-luminosos-resistente-al-agua-ip67-apto-para-cualquier-collar\/"},"modified":"2025-10-03T15:54:58","modified_gmt":"2025-10-03T15:54:58","slug":"paj-localizador-gps-para-perros-4g-alarmas-de-fuga-seguimiento-en-vivo-hasta-15-dias-en-modo-ahorro-de-bateria-led-luminosos-resistente-al-agua-ip67-apto-para-cualquier-collar","status":"publish","type":"product","link":"https:\/\/guautastik.com\/ca\/paj-localizador-gps-para-perros-4g-alarmas-de-fuga-seguimiento-en-vivo-hasta-15-dias-en-modo-ahorro-de-bateria-led-luminosos-resistente-al-agua-ip67-apto-para-cualquier-collar\/","title":{"rendered":"PAJ Localizador GPS para Perros &#8..."},"content":{"rendered":"<p>MANTEN A TU PERRO SIEMPRE BAJO VIGILANCIA: Con una localizaci\u00f3n precisa en tiempo real podr\u00e1s saber en todo momento la ubicaci\u00f3n de tu perro gracias al rastreador GPS. Se fija f\u00e1cilmente mediante tiras de velcro dise\u00f1adas para no da\u00f1ar el pelaje. VENTAJA EXTRA: gracias al velcro, el PAJ GPS PET Tracker 4G se adapta a cualquier collar o arn\u00e9s, independientemente del ancho.<br \/>\nALARMA DE FUGA: Si tu mascota se escapa, recibir\u00e1s de inmediato una alerta a trav\u00e9s de la app inform\u00e1ndote que ha salido del \u00e1rea de seguridad definida por ti.<br \/>\nPEQUE\u00d1O Y RESISTENTE AL AGUA: No habr\u00e1 ning\u00fan problema si tu perro se moja, pues este rastreador para mascotas es resistente al agua con certificaci\u00f3n IP67. Adem\u00e1s, pesa solo 48 gramos y es del tama\u00f1o aproximado de una peque\u00f1a chocolatina.<br \/>\nDURACI\u00d3N DE LA BATERIA: Puedes configurarlo t\u00fa mismo. Si activas la funci\u00f3n ahorro de bater\u00eda, durar\u00e1 hasta 15 d\u00edas. Si activas el modo de rastreo diario, durar\u00e1 de 1 a 3 d\u00edas.<br \/>\nSUSCRIPCI\u00d3N: Incluye una tarjeta SIM y soporte al cliente 24 horas los 7 d\u00edas de la semana en varios idiomas. De f\u00e1cil manejo a trav\u00e9s de nuestra app gratuita (compatible con Android e iOS), que puedes compartir con toda la familia. Elige entre los planes Premium o Basic, con opciones de suscripci\u00f3n, que pueden ser desde mensuales hasta bianuales. Pagar\u00e1s desde 5\u20ac, dependiendo del m\u00e9todo de pago seleccionado. Para ver los precios detallados, mira las im\u00e1genes.<br \/>\n<div class=\"main-cross-sell\" data-asin=\"B0DZXTR1CQ\">\n\n\t<div class=\"WooZone-cross-sell-loader\">\n\t\t<div>\n\t\t\t<div id=\"floatingBarsG\">\n\t\t\t\t<div class=\"blockG\" id=\"rotateG_01\"><\/div>\n\t\t\t\t<div class=\"blockG\" id=\"rotateG_02\"><\/div>\n\t\t\t\t<div class=\"blockG\" id=\"rotateG_03\"><\/div>\n\t\t\t\t<div class=\"blockG\" id=\"rotateG_04\"><\/div>\n\t\t\t\t<div class=\"blockG\" id=\"rotateG_05\"><\/div>\n\t\t\t\t<div class=\"blockG\" id=\"rotateG_06\"><\/div>\n\t\t\t\t<div class=\"blockG\" id=\"rotateG_07\"><\/div>\n\t\t\t\t<div class=\"blockG\" id=\"rotateG_08\"><\/div>\n\t\t\t<\/div>\n\t\t\t<div class=\"WooZone-cross-sell-loader-text\"><\/div>\n\t\t<\/div>\n\t<\/div>\n\n\t\t\n<\/div>\n<div style=\"clear:both;\"><\/div><\/p>\n","protected":false},"excerpt":{"rendered":"<p>MANTEN A TU PERRO SIEMPRE BAJO VIGILANCIA: Con una localizaci\u00f3n precisa en tiempo real podr\u00e1s saber en todo momento la ubicaci\u00f3n de tu perro gracias al rastreador GPS. Se fija f\u00e1cilmente mediante tiras de velcro dise\u00f1adas para no da\u00f1ar el pelaje. VENTAJA EXTRA: gracias al velcro, el PAJ GPS PET Tracker 4G se adapta a cualquier collar o arn\u00e9s, independientemente del ancho.<br \/>\nALARMA DE FUGA: Si tu mascota se escapa, recibir\u00e1s de inmediato una alerta a trav\u00e9s de la app inform\u00e1ndote que ha salido del \u00e1rea de seguridad definida por ti.<br \/>\nPEQUE\u00d1O Y RESISTENTE AL AGUA: No habr\u00e1 ning\u00fan problema si tu perro se moja, pues este rastreador para mascotas es resistente al agua con certificaci\u00f3n IP67. Adem\u00e1s, pesa solo 48 gramos y es del tama\u00f1o aproximado de una peque\u00f1a chocolatina.<\/p>\n","protected":false},"featured_media":1767,"template":"","meta":[],"store":[],"product_brand":[],"product_cat":[607,28],"product_tag":[],"class_list":{"0":"post-1766","1":"product","2":"type-product","3":"status-publish","4":"has-post-thumbnail","6":"product_cat-accesorios-tecnologicos-gps-camaras-etc","7":"product_cat-tendencia","8":"pa_brand-paj-gps","9":"pa_manufacturer-paj-gps","10":"pa_product-group-productos-para-animales","12":"first","13":"instock","14":"shipping-taxable","15":"product-type-external"},"yoast_head":"<!-- This site is optimized with the Yoast SEO plugin v26.0 - https:\/\/yoast.com\/wordpress\/plugins\/seo\/ -->\n<title>PAJ Localizador GPS para Perros - 4G - alarmas de Fuga + Seguimiento en Vivo - hasta 15 d\u00edas en Modo Ahorro de bater\u00eda - LED Luminosos - Resistente al Agua (IP67) - Apto para Cualquier Collar - Guautastik<\/title>\n<meta name=\"description\" content=\"Troba llits, joguines, menjar i accessoris per a gossos a Guautastik \ud83d\udc3e. Productes de qualitat seleccionats per al benestar i la felicitat.\" \/>\n<meta name=\"robots\" content=\"index, follow, max-snippet:-1, max-image-preview:large, max-video-preview:-1\" \/>\n<link rel=\"canonical\" href=\"https:\/\/guautastik.com\/ca\/paj-localizador-gps-para-perros-4g-alarmas-de-fuga-seguimiento-en-vivo-hasta-15-dias-en-modo-ahorro-de-bateria-led-luminosos-resistente-al-agua-ip67-apto-para-cualquier-collar\/\" \/>\n<meta property=\"og:locale\" content=\"ca_ES\" \/>\n<meta property=\"og:type\" content=\"article\" \/>\n<meta property=\"og:title\" content=\"PAJ Localizador GPS para Perros - 4G - alarmas de Fuga + Seguimiento en Vivo - hasta 15 d\u00edas en Modo Ahorro de bater\u00eda - LED Luminosos - Resistente al Agua (IP67) - Apto para Cualquier Collar - Guautastik\" \/>\n<meta property=\"og:description\" content=\"Troba llits, joguines, menjar i accessoris per a gossos a Guautastik \ud83d\udc3e. Productes de qualitat seleccionats per al benestar i la felicitat.\" \/>\n<meta property=\"og:url\" content=\"https:\/\/guautastik.com\/ca\/paj-localizador-gps-para-perros-4g-alarmas-de-fuga-seguimiento-en-vivo-hasta-15-dias-en-modo-ahorro-de-bateria-led-luminosos-resistente-al-agua-ip67-apto-para-cualquier-collar\/\" \/>\n<meta property=\"og:site_name\" content=\"Guautastik\" \/>\n<meta name=\"twitter:card\" content=\"summary_large_image\" \/>\n<meta name=\"twitter:label1\" content=\"Temps estimat de lectura\" \/>\n\t<meta name=\"twitter:data1\" content=\"1 minut\" \/>\n<script type=\"application\/ld+json\" class=\"yoast-schema-graph\">{\"@context\":\"https:\/\/schema.org\",\"@graph\":[{\"@type\":\"WebPage\",\"@id\":\"https:\/\/guautastik.com\/ca\/paj-localizador-gps-para-perros-4g-alarmas-de-fuga-seguimiento-en-vivo-hasta-15-dias-en-modo-ahorro-de-bateria-led-luminosos-resistente-al-agua-ip67-apto-para-cualquier-collar\/\",\"url\":\"https:\/\/guautastik.com\/ca\/paj-localizador-gps-para-perros-4g-alarmas-de-fuga-seguimiento-en-vivo-hasta-15-dias-en-modo-ahorro-de-bateria-led-luminosos-resistente-al-agua-ip67-apto-para-cualquier-collar\/\",\"name\":\"PAJ Localizador GPS para Perros - 4G - alarmas de Fuga + Seguimiento en Vivo - hasta 15 d\u00edas en Modo Ahorro de bater\u00eda - LED Luminosos - Resistente al Agua (IP67) - Apto para Cualquier Collar - Guautastik\",\"isPartOf\":{\"@id\":\"https:\/\/guautastik.com\/ca\/#website\"},\"primaryImageOfPage\":{\"@id\":\"https:\/\/guautastik.com\/ca\/paj-localizador-gps-para-perros-4g-alarmas-de-fuga-seguimiento-en-vivo-hasta-15-dias-en-modo-ahorro-de-bateria-led-luminosos-resistente-al-agua-ip67-apto-para-cualquier-collar\/#primaryimage\"},\"image\":{\"@id\":\"https:\/\/guautastik.com\/ca\/paj-localizador-gps-para-perros-4g-alarmas-de-fuga-seguimiento-en-vivo-hasta-15-dias-en-modo-ahorro-de-bateria-led-luminosos-resistente-al-agua-ip67-apto-para-cualquier-collar\/#primaryimage\"},\"thumbnailUrl\":\"https:\/\/m.media-amazon.com\/images\/I\/511tHs580nL._SL500_.jpg\",\"datePublished\":\"2025-10-03T15:54:58+00:00\",\"description\":\"Troba llits, joguines, menjar i accessoris per a gossos a Guautastik \ud83d\udc3e. Productes de qualitat seleccionats per al benestar i la felicitat.\",\"breadcrumb\":{\"@id\":\"https:\/\/guautastik.com\/ca\/paj-localizador-gps-para-perros-4g-alarmas-de-fuga-seguimiento-en-vivo-hasta-15-dias-en-modo-ahorro-de-bateria-led-luminosos-resistente-al-agua-ip67-apto-para-cualquier-collar\/#breadcrumb\"},\"inLanguage\":\"ca\",\"potentialAction\":[{\"@type\":\"ReadAction\",\"target\":[\"https:\/\/guautastik.com\/ca\/paj-localizador-gps-para-perros-4g-alarmas-de-fuga-seguimiento-en-vivo-hasta-15-dias-en-modo-ahorro-de-bateria-led-luminosos-resistente-al-agua-ip67-apto-para-cualquier-collar\/\"]}]},{\"@type\":\"ImageObject\",\"inLanguage\":\"ca\",\"@id\":\"https:\/\/guautastik.com\/ca\/paj-localizador-gps-para-perros-4g-alarmas-de-fuga-seguimiento-en-vivo-hasta-15-dias-en-modo-ahorro-de-bateria-led-luminosos-resistente-al-agua-ip67-apto-para-cualquier-collar\/#primaryimage\",\"url\":\"https:\/\/m.media-amazon.com\/images\/I\/511tHs580nL._SL500_.jpg\",\"contentUrl\":\"https:\/\/m.media-amazon.com\/images\/I\/511tHs580nL._SL500_.jpg\",\"width\":500,\"height\":500},{\"@type\":\"BreadcrumbList\",\"@id\":\"https:\/\/guautastik.com\/ca\/paj-localizador-gps-para-perros-4g-alarmas-de-fuga-seguimiento-en-vivo-hasta-15-dias-en-modo-ahorro-de-bateria-led-luminosos-resistente-al-agua-ip67-apto-para-cualquier-collar\/#breadcrumb\",\"itemListElement\":[{\"@type\":\"ListItem\",\"position\":1,\"name\":\"Home\",\"item\":\"https:\/\/guautastik.com\/ca\/\"},{\"@type\":\"ListItem\",\"position\":2,\"name\":\"Shop\",\"item\":\"https:\/\/guautastik.com\/ca\/shop\/\"},{\"@type\":\"ListItem\",\"position\":3,\"name\":\"PAJ Localizador GPS para Perros &#8...\"}]},{\"@type\":\"WebSite\",\"@id\":\"https:\/\/guautastik.com\/ca\/#website\",\"url\":\"https:\/\/guautastik.com\/ca\/\",\"name\":\"Guautastik\",\"description\":\"Millors Productes, Joguines i Accessoris per a Gossos\",\"publisher\":{\"@id\":\"https:\/\/guautastik.com\/ca\/#organization\"},\"potentialAction\":[{\"@type\":\"SearchAction\",\"target\":{\"@type\":\"EntryPoint\",\"urlTemplate\":\"https:\/\/guautastik.com\/ca\/?s={search_term_string}\"},\"query-input\":{\"@type\":\"PropertyValueSpecification\",\"valueRequired\":true,\"valueName\":\"search_term_string\"}}],\"inLanguage\":\"ca\"},{\"@type\":\"Organization\",\"@id\":\"https:\/\/guautastik.com\/ca\/#organization\",\"name\":\"Guautastik\",\"url\":\"https:\/\/guautastik.com\/ca\/\",\"logo\":{\"@type\":\"ImageObject\",\"inLanguage\":\"ca\",\"@id\":\"https:\/\/guautastik.com\/ca\/#\/schema\/logo\/image\/\",\"url\":\"https:\/\/guautastik.com\/ca\/wp-content\/uploads\/2026\/01\/Screenshot_2026-01-13_at_8.13.08_AM-removebg-preview.png\",\"contentUrl\":\"https:\/\/guautastik.com\/ca\/wp-content\/uploads\/2026\/01\/Screenshot_2026-01-13_at_8.13.08_AM-removebg-preview.png\",\"width\":762,\"height\":232,\"caption\":\"Guautastik\"},\"image\":{\"@id\":\"https:\/\/guautastik.com\/ca\/#\/schema\/logo\/image\/\"}}]}<\/script>\n<!-- \/ Yoast SEO plugin. -->","yoast_head_json":{"title":"PAJ Localizador GPS para Perros - 4G - alarmas de Fuga + Seguimiento en Vivo - hasta 15 d\u00edas en Modo Ahorro de bater\u00eda - LED Luminosos - Resistente al Agua (IP67) - Apto para Cualquier Collar - Guautastik","description":"Troba llits, joguines, menjar i accessoris per a gossos a Guautastik \ud83d\udc3e. Productes de qualitat seleccionats per al benestar i la felicitat.","robots":{"index":"index","follow":"follow","max-snippet":"max-snippet:-1","max-image-preview":"max-image-preview:large","max-video-preview":"max-video-preview:-1"},"canonical":"https:\/\/guautastik.com\/ca\/paj-localizador-gps-para-perros-4g-alarmas-de-fuga-seguimiento-en-vivo-hasta-15-dias-en-modo-ahorro-de-bateria-led-luminosos-resistente-al-agua-ip67-apto-para-cualquier-collar\/","og_locale":"ca_ES","og_type":"article","og_title":"PAJ Localizador GPS para Perros - 4G - alarmas de Fuga + Seguimiento en Vivo - hasta 15 d\u00edas en Modo Ahorro de bater\u00eda - LED Luminosos - Resistente al Agua (IP67) - Apto para Cualquier Collar - Guautastik","og_description":"Troba llits, joguines, menjar i accessoris per a gossos a Guautastik \ud83d\udc3e. Productes de qualitat seleccionats per al benestar i la felicitat.","og_url":"https:\/\/guautastik.com\/ca\/paj-localizador-gps-para-perros-4g-alarmas-de-fuga-seguimiento-en-vivo-hasta-15-dias-en-modo-ahorro-de-bateria-led-luminosos-resistente-al-agua-ip67-apto-para-cualquier-collar\/","og_site_name":"Guautastik","twitter_card":"summary_large_image","twitter_misc":{"Temps estimat de lectura":"1 minut"},"schema":{"@context":"https:\/\/schema.org","@graph":[{"@type":"WebPage","@id":"https:\/\/guautastik.com\/ca\/paj-localizador-gps-para-perros-4g-alarmas-de-fuga-seguimiento-en-vivo-hasta-15-dias-en-modo-ahorro-de-bateria-led-luminosos-resistente-al-agua-ip67-apto-para-cualquier-collar\/","url":"https:\/\/guautastik.com\/ca\/paj-localizador-gps-para-perros-4g-alarmas-de-fuga-seguimiento-en-vivo-hasta-15-dias-en-modo-ahorro-de-bateria-led-luminosos-resistente-al-agua-ip67-apto-para-cualquier-collar\/","name":"PAJ Localizador GPS para Perros - 4G - alarmas de Fuga + Seguimiento en Vivo - hasta 15 d\u00edas en Modo Ahorro de bater\u00eda - LED Luminosos - Resistente al Agua (IP67) - Apto para Cualquier Collar - Guautastik","isPartOf":{"@id":"https:\/\/guautastik.com\/ca\/#website"},"primaryImageOfPage":{"@id":"https:\/\/guautastik.com\/ca\/paj-localizador-gps-para-perros-4g-alarmas-de-fuga-seguimiento-en-vivo-hasta-15-dias-en-modo-ahorro-de-bateria-led-luminosos-resistente-al-agua-ip67-apto-para-cualquier-collar\/#primaryimage"},"image":{"@id":"https:\/\/guautastik.com\/ca\/paj-localizador-gps-para-perros-4g-alarmas-de-fuga-seguimiento-en-vivo-hasta-15-dias-en-modo-ahorro-de-bateria-led-luminosos-resistente-al-agua-ip67-apto-para-cualquier-collar\/#primaryimage"},"thumbnailUrl":"https:\/\/m.media-amazon.com\/images\/I\/511tHs580nL._SL500_.jpg","datePublished":"2025-10-03T15:54:58+00:00","description":"Troba llits, joguines, menjar i accessoris per a gossos a Guautastik \ud83d\udc3e. Productes de qualitat seleccionats per al benestar i la felicitat.","breadcrumb":{"@id":"https:\/\/guautastik.com\/ca\/paj-localizador-gps-para-perros-4g-alarmas-de-fuga-seguimiento-en-vivo-hasta-15-dias-en-modo-ahorro-de-bateria-led-luminosos-resistente-al-agua-ip67-apto-para-cualquier-collar\/#breadcrumb"},"inLanguage":"ca","potentialAction":[{"@type":"ReadAction","target":["https:\/\/guautastik.com\/ca\/paj-localizador-gps-para-perros-4g-alarmas-de-fuga-seguimiento-en-vivo-hasta-15-dias-en-modo-ahorro-de-bateria-led-luminosos-resistente-al-agua-ip67-apto-para-cualquier-collar\/"]}]},{"@type":"ImageObject","inLanguage":"ca","@id":"https:\/\/guautastik.com\/ca\/paj-localizador-gps-para-perros-4g-alarmas-de-fuga-seguimiento-en-vivo-hasta-15-dias-en-modo-ahorro-de-bateria-led-luminosos-resistente-al-agua-ip67-apto-para-cualquier-collar\/#primaryimage","url":"https:\/\/m.media-amazon.com\/images\/I\/511tHs580nL._SL500_.jpg","contentUrl":"https:\/\/m.media-amazon.com\/images\/I\/511tHs580nL._SL500_.jpg","width":500,"height":500},{"@type":"BreadcrumbList","@id":"https:\/\/guautastik.com\/ca\/paj-localizador-gps-para-perros-4g-alarmas-de-fuga-seguimiento-en-vivo-hasta-15-dias-en-modo-ahorro-de-bateria-led-luminosos-resistente-al-agua-ip67-apto-para-cualquier-collar\/#breadcrumb","itemListElement":[{"@type":"ListItem","position":1,"name":"Home","item":"https:\/\/guautastik.com\/ca\/"},{"@type":"ListItem","position":2,"name":"Shop","item":"https:\/\/guautastik.com\/ca\/shop\/"},{"@type":"ListItem","position":3,"name":"PAJ Localizador GPS para Perros &#8..."}]},{"@type":"WebSite","@id":"https:\/\/guautastik.com\/ca\/#website","url":"https:\/\/guautastik.com\/ca\/","name":"Guautastik","description":"Millors Productes, Joguines i Accessoris per a Gossos","publisher":{"@id":"https:\/\/guautastik.com\/ca\/#organization"},"potentialAction":[{"@type":"SearchAction","target":{"@type":"EntryPoint","urlTemplate":"https:\/\/guautastik.com\/ca\/?s={search_term_string}"},"query-input":{"@type":"PropertyValueSpecification","valueRequired":true,"valueName":"search_term_string"}}],"inLanguage":"ca"},{"@type":"Organization","@id":"https:\/\/guautastik.com\/ca\/#organization","name":"Guautastik","url":"https:\/\/guautastik.com\/ca\/","logo":{"@type":"ImageObject","inLanguage":"ca","@id":"https:\/\/guautastik.com\/ca\/#\/schema\/logo\/image\/","url":"https:\/\/guautastik.com\/ca\/wp-content\/uploads\/2026\/01\/Screenshot_2026-01-13_at_8.13.08_AM-removebg-preview.png","contentUrl":"https:\/\/guautastik.com\/ca\/wp-content\/uploads\/2026\/01\/Screenshot_2026-01-13_at_8.13.08_AM-removebg-preview.png","width":762,"height":232,"caption":"Guautastik"},"image":{"@id":"https:\/\/guautastik.com\/ca\/#\/schema\/logo\/image\/"}}]}},"_links":{"self":[{"href":"https:\/\/guautastik.com\/ca\/wp-json\/wp\/v2\/product\/1766","targetHints":{"allow":["GET"]}}],"collection":[{"href":"https:\/\/guautastik.com\/ca\/wp-json\/wp\/v2\/product"}],"about":[{"href":"https:\/\/guautastik.com\/ca\/wp-json\/wp\/v2\/types\/product"}],"wp:featuredmedia":[{"embeddable":true,"href":"https:\/\/guautastik.com\/ca\/wp-json\/wp\/v2\/media\/1767"}],"wp:attachment":[{"href":"https:\/\/guautastik.com\/ca\/wp-json\/wp\/v2\/media?parent=1766"}],"wp:term":[{"taxonomy":"store","embeddable":true,"href":"https:\/\/guautastik.com\/ca\/wp-json\/wp\/v2\/store?post=1766"},{"taxonomy":"product_brand","embeddable":true,"href":"https:\/\/guautastik.com\/ca\/wp-json\/wp\/v2\/product_brand?post=1766"},{"taxonomy":"product_cat","embeddable":true,"href":"https:\/\/guautastik.com\/ca\/wp-json\/wp\/v2\/product_cat?post=1766"},{"taxonomy":"product_tag","embeddable":true,"href":"https:\/\/guautastik.com\/ca\/wp-json\/wp\/v2\/product_tag?post=1766"}],"curies":[{"name":"wp","href":"https:\/\/api.w.org\/{rel}","templated":true}]}}