{"id":1777,"date":"2025-10-03T15:55:00","date_gmt":"2025-10-03T15:55:00","guid":{"rendered":"https:\/\/guautastik.com\/ca\/gncc-camara-vigilancia-wifi-interior-360-ptz-2k-camara-vigilancia-interior-con-seguimiento-para-adecuado-para-bebes-mascotas-familia-deteccion-de-ia-audio-bidireccional-vision-nocturna-24g\/"},"modified":"2025-10-03T15:55:00","modified_gmt":"2025-10-03T15:55:00","slug":"gncc-camara-vigilancia-wifi-interior-360-ptz-2k-camara-vigilancia-interior-con-seguimiento-para-adecuado-para-bebes-mascotas-familia-deteccion-de-ia-audio-bidireccional-vision-nocturna-24g","status":"publish","type":"product","link":"https:\/\/guautastik.com\/ca\/gncc-camara-vigilancia-wifi-interior-360-ptz-2k-camara-vigilancia-interior-con-seguimiento-para-adecuado-para-bebes-mascotas-familia-deteccion-de-ia-audio-bidireccional-vision-nocturna-24g\/","title":{"rendered":"GNCC Camara Vigilancia WiFi Interio..."},"content":{"rendered":"<p>camara vigilancia wifi interior c\u00e1mara vigilancia camara de vigilancia interior c\u00e1mara vigilancia interior c\u00e1mara de vigilancia camara vigilancia interior camara wifi interior c\u00e1mara wifi interior camera vigilancia interior camara ip wifi interior<br \/>\n<div class=\"main-cross-sell\" data-asin=\"B0FP2FRT4B\">\n\n\t<div class=\"WooZone-cross-sell-loader\">\n\t\t<div>\n\t\t\t<div id=\"floatingBarsG\">\n\t\t\t\t<div class=\"blockG\" id=\"rotateG_01\"><\/div>\n\t\t\t\t<div class=\"blockG\" id=\"rotateG_02\"><\/div>\n\t\t\t\t<div class=\"blockG\" id=\"rotateG_03\"><\/div>\n\t\t\t\t<div class=\"blockG\" id=\"rotateG_04\"><\/div>\n\t\t\t\t<div class=\"blockG\" id=\"rotateG_05\"><\/div>\n\t\t\t\t<div class=\"blockG\" id=\"rotateG_06\"><\/div>\n\t\t\t\t<div class=\"blockG\" id=\"rotateG_07\"><\/div>\n\t\t\t\t<div class=\"blockG\" id=\"rotateG_08\"><\/div>\n\t\t\t<\/div>\n\t\t\t<div class=\"WooZone-cross-sell-loader-text\"><\/div>\n\t\t<\/div>\n\t<\/div>\n\n\t\t\n<\/div>\n<div style=\"clear:both;\"><\/div><\/p>\n","protected":false},"excerpt":{"rendered":"<p>camara vigilancia wifi interior c\u00e1mara vigilancia camara de vigilancia interior c\u00e1mara vigilancia interior c\u00e1mara de vigilancia camara vigilancia interior camara wifi interior c\u00e1mara wifi interior camera vigilancia interior camara ip wifi interior<\/p>\n","protected":false},"featured_media":1778,"template":"","meta":[],"store":[],"product_brand":[],"product_cat":[607,28],"product_tag":[],"class_list":{"0":"post-1777","1":"product","2":"type-product","3":"status-publish","4":"has-post-thumbnail","6":"product_cat-accesorios-tecnologicos-gps-camaras-etc","7":"product_cat-tendencia","8":"pa_brand-gncc","9":"pa_manufacturer-kalado","10":"pa_product-group-mejora-del-hogar","12":"first","13":"instock","14":"shipping-taxable","15":"product-type-external"},"yoast_head":"<!-- This site is optimized with the Yoast SEO plugin v26.0 - https:\/\/yoast.com\/wordpress\/plugins\/seo\/ -->\n<title>GNCC Camara Vigilancia WiFi Interior 360\u00b0 PTZ 2K C\u00e1mara Vigilancia Interior con Seguimiento, para Adecuado para Beb\u00e9s\/Mascotas\/Familia, Detecci\u00f3n de IA, Audio Bidireccional, Visi\u00f3n Nocturna, 2,4GHz - Guautastik<\/title>\n<meta name=\"description\" content=\"Troba llits, joguines, menjar i accessoris per a gossos a Guautastik \ud83d\udc3e. Productes de qualitat seleccionats per al benestar i la felicitat.\" \/>\n<meta name=\"robots\" content=\"index, follow, max-snippet:-1, max-image-preview:large, max-video-preview:-1\" \/>\n<link rel=\"canonical\" href=\"https:\/\/guautastik.com\/ca\/gncc-camara-vigilancia-wifi-interior-360-ptz-2k-camara-vigilancia-interior-con-seguimiento-para-adecuado-para-bebes-mascotas-familia-deteccion-de-ia-audio-bidireccional-vision-nocturna-24g\/\" \/>\n<meta property=\"og:locale\" content=\"ca_ES\" \/>\n<meta property=\"og:type\" content=\"article\" \/>\n<meta property=\"og:title\" content=\"GNCC Camara Vigilancia WiFi Interior 360\u00b0 PTZ 2K C\u00e1mara Vigilancia Interior con Seguimiento, para Adecuado para Beb\u00e9s\/Mascotas\/Familia, Detecci\u00f3n de IA, Audio Bidireccional, Visi\u00f3n Nocturna, 2,4GHz - Guautastik\" \/>\n<meta property=\"og:description\" content=\"Troba llits, joguines, menjar i accessoris per a gossos a Guautastik \ud83d\udc3e. Productes de qualitat seleccionats per al benestar i la felicitat.\" \/>\n<meta property=\"og:url\" content=\"https:\/\/guautastik.com\/ca\/gncc-camara-vigilancia-wifi-interior-360-ptz-2k-camara-vigilancia-interior-con-seguimiento-para-adecuado-para-bebes-mascotas-familia-deteccion-de-ia-audio-bidireccional-vision-nocturna-24g\/\" \/>\n<meta property=\"og:site_name\" content=\"Guautastik\" \/>\n<meta name=\"twitter:card\" content=\"summary_large_image\" \/>\n<script type=\"application\/ld+json\" class=\"yoast-schema-graph\">{\"@context\":\"https:\/\/schema.org\",\"@graph\":[{\"@type\":\"WebPage\",\"@id\":\"https:\/\/guautastik.com\/ca\/gncc-camara-vigilancia-wifi-interior-360-ptz-2k-camara-vigilancia-interior-con-seguimiento-para-adecuado-para-bebes-mascotas-familia-deteccion-de-ia-audio-bidireccional-vision-nocturna-24g\/\",\"url\":\"https:\/\/guautastik.com\/ca\/gncc-camara-vigilancia-wifi-interior-360-ptz-2k-camara-vigilancia-interior-con-seguimiento-para-adecuado-para-bebes-mascotas-familia-deteccion-de-ia-audio-bidireccional-vision-nocturna-24g\/\",\"name\":\"GNCC Camara Vigilancia WiFi Interior 360\u00b0 PTZ 2K C\u00e1mara Vigilancia Interior con Seguimiento, para Adecuado para Beb\u00e9s\/Mascotas\/Familia, Detecci\u00f3n de IA, Audio Bidireccional, Visi\u00f3n Nocturna, 2,4GHz - Guautastik\",\"isPartOf\":{\"@id\":\"https:\/\/guautastik.com\/ca\/#website\"},\"primaryImageOfPage\":{\"@id\":\"https:\/\/guautastik.com\/ca\/gncc-camara-vigilancia-wifi-interior-360-ptz-2k-camara-vigilancia-interior-con-seguimiento-para-adecuado-para-bebes-mascotas-familia-deteccion-de-ia-audio-bidireccional-vision-nocturna-24g\/#primaryimage\"},\"image\":{\"@id\":\"https:\/\/guautastik.com\/ca\/gncc-camara-vigilancia-wifi-interior-360-ptz-2k-camara-vigilancia-interior-con-seguimiento-para-adecuado-para-bebes-mascotas-familia-deteccion-de-ia-audio-bidireccional-vision-nocturna-24g\/#primaryimage\"},\"thumbnailUrl\":\"https:\/\/m.media-amazon.com\/images\/I\/41Sm1Ymf2YL._SL500_.jpg\",\"datePublished\":\"2025-10-03T15:55:00+00:00\",\"description\":\"Troba llits, joguines, menjar i accessoris per a gossos a Guautastik \ud83d\udc3e. Productes de qualitat seleccionats per al benestar i la felicitat.\",\"breadcrumb\":{\"@id\":\"https:\/\/guautastik.com\/ca\/gncc-camara-vigilancia-wifi-interior-360-ptz-2k-camara-vigilancia-interior-con-seguimiento-para-adecuado-para-bebes-mascotas-familia-deteccion-de-ia-audio-bidireccional-vision-nocturna-24g\/#breadcrumb\"},\"inLanguage\":\"ca\",\"potentialAction\":[{\"@type\":\"ReadAction\",\"target\":[\"https:\/\/guautastik.com\/ca\/gncc-camara-vigilancia-wifi-interior-360-ptz-2k-camara-vigilancia-interior-con-seguimiento-para-adecuado-para-bebes-mascotas-familia-deteccion-de-ia-audio-bidireccional-vision-nocturna-24g\/\"]}]},{\"@type\":\"ImageObject\",\"inLanguage\":\"ca\",\"@id\":\"https:\/\/guautastik.com\/ca\/gncc-camara-vigilancia-wifi-interior-360-ptz-2k-camara-vigilancia-interior-con-seguimiento-para-adecuado-para-bebes-mascotas-familia-deteccion-de-ia-audio-bidireccional-vision-nocturna-24g\/#primaryimage\",\"url\":\"https:\/\/m.media-amazon.com\/images\/I\/41Sm1Ymf2YL._SL500_.jpg\",\"contentUrl\":\"https:\/\/m.media-amazon.com\/images\/I\/41Sm1Ymf2YL._SL500_.jpg\",\"width\":500,\"height\":500},{\"@type\":\"BreadcrumbList\",\"@id\":\"https:\/\/guautastik.com\/ca\/gncc-camara-vigilancia-wifi-interior-360-ptz-2k-camara-vigilancia-interior-con-seguimiento-para-adecuado-para-bebes-mascotas-familia-deteccion-de-ia-audio-bidireccional-vision-nocturna-24g\/#breadcrumb\",\"itemListElement\":[{\"@type\":\"ListItem\",\"position\":1,\"name\":\"Home\",\"item\":\"https:\/\/guautastik.com\/ca\/\"},{\"@type\":\"ListItem\",\"position\":2,\"name\":\"Shop\",\"item\":\"https:\/\/guautastik.com\/ca\/shop\/\"},{\"@type\":\"ListItem\",\"position\":3,\"name\":\"GNCC Camara Vigilancia WiFi Interio...\"}]},{\"@type\":\"WebSite\",\"@id\":\"https:\/\/guautastik.com\/ca\/#website\",\"url\":\"https:\/\/guautastik.com\/ca\/\",\"name\":\"Guautastik\",\"description\":\"Millors Productes, Joguines i Accessoris per a Gossos\",\"publisher\":{\"@id\":\"https:\/\/guautastik.com\/ca\/#organization\"},\"potentialAction\":[{\"@type\":\"SearchAction\",\"target\":{\"@type\":\"EntryPoint\",\"urlTemplate\":\"https:\/\/guautastik.com\/ca\/?s={search_term_string}\"},\"query-input\":{\"@type\":\"PropertyValueSpecification\",\"valueRequired\":true,\"valueName\":\"search_term_string\"}}],\"inLanguage\":\"ca\"},{\"@type\":\"Organization\",\"@id\":\"https:\/\/guautastik.com\/ca\/#organization\",\"name\":\"Guautastik\",\"url\":\"https:\/\/guautastik.com\/ca\/\",\"logo\":{\"@type\":\"ImageObject\",\"inLanguage\":\"ca\",\"@id\":\"https:\/\/guautastik.com\/ca\/#\/schema\/logo\/image\/\",\"url\":\"https:\/\/guautastik.com\/ca\/wp-content\/uploads\/2026\/01\/Screenshot_2026-01-13_at_8.13.08_AM-removebg-preview.png\",\"contentUrl\":\"https:\/\/guautastik.com\/ca\/wp-content\/uploads\/2026\/01\/Screenshot_2026-01-13_at_8.13.08_AM-removebg-preview.png\",\"width\":762,\"height\":232,\"caption\":\"Guautastik\"},\"image\":{\"@id\":\"https:\/\/guautastik.com\/ca\/#\/schema\/logo\/image\/\"}}]}<\/script>\n<!-- \/ Yoast SEO plugin. -->","yoast_head_json":{"title":"GNCC Camara Vigilancia WiFi Interior 360\u00b0 PTZ 2K C\u00e1mara Vigilancia Interior con Seguimiento, para Adecuado para Beb\u00e9s\/Mascotas\/Familia, Detecci\u00f3n de IA, Audio Bidireccional, Visi\u00f3n Nocturna, 2,4GHz - Guautastik","description":"Troba llits, joguines, menjar i accessoris per a gossos a Guautastik \ud83d\udc3e. Productes de qualitat seleccionats per al benestar i la felicitat.","robots":{"index":"index","follow":"follow","max-snippet":"max-snippet:-1","max-image-preview":"max-image-preview:large","max-video-preview":"max-video-preview:-1"},"canonical":"https:\/\/guautastik.com\/ca\/gncc-camara-vigilancia-wifi-interior-360-ptz-2k-camara-vigilancia-interior-con-seguimiento-para-adecuado-para-bebes-mascotas-familia-deteccion-de-ia-audio-bidireccional-vision-nocturna-24g\/","og_locale":"ca_ES","og_type":"article","og_title":"GNCC Camara Vigilancia WiFi Interior 360\u00b0 PTZ 2K C\u00e1mara Vigilancia Interior con Seguimiento, para Adecuado para Beb\u00e9s\/Mascotas\/Familia, Detecci\u00f3n de IA, Audio Bidireccional, Visi\u00f3n Nocturna, 2,4GHz - Guautastik","og_description":"Troba llits, joguines, menjar i accessoris per a gossos a Guautastik \ud83d\udc3e. Productes de qualitat seleccionats per al benestar i la felicitat.","og_url":"https:\/\/guautastik.com\/ca\/gncc-camara-vigilancia-wifi-interior-360-ptz-2k-camara-vigilancia-interior-con-seguimiento-para-adecuado-para-bebes-mascotas-familia-deteccion-de-ia-audio-bidireccional-vision-nocturna-24g\/","og_site_name":"Guautastik","twitter_card":"summary_large_image","schema":{"@context":"https:\/\/schema.org","@graph":[{"@type":"WebPage","@id":"https:\/\/guautastik.com\/ca\/gncc-camara-vigilancia-wifi-interior-360-ptz-2k-camara-vigilancia-interior-con-seguimiento-para-adecuado-para-bebes-mascotas-familia-deteccion-de-ia-audio-bidireccional-vision-nocturna-24g\/","url":"https:\/\/guautastik.com\/ca\/gncc-camara-vigilancia-wifi-interior-360-ptz-2k-camara-vigilancia-interior-con-seguimiento-para-adecuado-para-bebes-mascotas-familia-deteccion-de-ia-audio-bidireccional-vision-nocturna-24g\/","name":"GNCC Camara Vigilancia WiFi Interior 360\u00b0 PTZ 2K C\u00e1mara Vigilancia Interior con Seguimiento, para Adecuado para Beb\u00e9s\/Mascotas\/Familia, Detecci\u00f3n de IA, Audio Bidireccional, Visi\u00f3n Nocturna, 2,4GHz - Guautastik","isPartOf":{"@id":"https:\/\/guautastik.com\/ca\/#website"},"primaryImageOfPage":{"@id":"https:\/\/guautastik.com\/ca\/gncc-camara-vigilancia-wifi-interior-360-ptz-2k-camara-vigilancia-interior-con-seguimiento-para-adecuado-para-bebes-mascotas-familia-deteccion-de-ia-audio-bidireccional-vision-nocturna-24g\/#primaryimage"},"image":{"@id":"https:\/\/guautastik.com\/ca\/gncc-camara-vigilancia-wifi-interior-360-ptz-2k-camara-vigilancia-interior-con-seguimiento-para-adecuado-para-bebes-mascotas-familia-deteccion-de-ia-audio-bidireccional-vision-nocturna-24g\/#primaryimage"},"thumbnailUrl":"https:\/\/m.media-amazon.com\/images\/I\/41Sm1Ymf2YL._SL500_.jpg","datePublished":"2025-10-03T15:55:00+00:00","description":"Troba llits, joguines, menjar i accessoris per a gossos a Guautastik \ud83d\udc3e. Productes de qualitat seleccionats per al benestar i la felicitat.","breadcrumb":{"@id":"https:\/\/guautastik.com\/ca\/gncc-camara-vigilancia-wifi-interior-360-ptz-2k-camara-vigilancia-interior-con-seguimiento-para-adecuado-para-bebes-mascotas-familia-deteccion-de-ia-audio-bidireccional-vision-nocturna-24g\/#breadcrumb"},"inLanguage":"ca","potentialAction":[{"@type":"ReadAction","target":["https:\/\/guautastik.com\/ca\/gncc-camara-vigilancia-wifi-interior-360-ptz-2k-camara-vigilancia-interior-con-seguimiento-para-adecuado-para-bebes-mascotas-familia-deteccion-de-ia-audio-bidireccional-vision-nocturna-24g\/"]}]},{"@type":"ImageObject","inLanguage":"ca","@id":"https:\/\/guautastik.com\/ca\/gncc-camara-vigilancia-wifi-interior-360-ptz-2k-camara-vigilancia-interior-con-seguimiento-para-adecuado-para-bebes-mascotas-familia-deteccion-de-ia-audio-bidireccional-vision-nocturna-24g\/#primaryimage","url":"https:\/\/m.media-amazon.com\/images\/I\/41Sm1Ymf2YL._SL500_.jpg","contentUrl":"https:\/\/m.media-amazon.com\/images\/I\/41Sm1Ymf2YL._SL500_.jpg","width":500,"height":500},{"@type":"BreadcrumbList","@id":"https:\/\/guautastik.com\/ca\/gncc-camara-vigilancia-wifi-interior-360-ptz-2k-camara-vigilancia-interior-con-seguimiento-para-adecuado-para-bebes-mascotas-familia-deteccion-de-ia-audio-bidireccional-vision-nocturna-24g\/#breadcrumb","itemListElement":[{"@type":"ListItem","position":1,"name":"Home","item":"https:\/\/guautastik.com\/ca\/"},{"@type":"ListItem","position":2,"name":"Shop","item":"https:\/\/guautastik.com\/ca\/shop\/"},{"@type":"ListItem","position":3,"name":"GNCC Camara Vigilancia WiFi Interio..."}]},{"@type":"WebSite","@id":"https:\/\/guautastik.com\/ca\/#website","url":"https:\/\/guautastik.com\/ca\/","name":"Guautastik","description":"Millors Productes, Joguines i Accessoris per a Gossos","publisher":{"@id":"https:\/\/guautastik.com\/ca\/#organization"},"potentialAction":[{"@type":"SearchAction","target":{"@type":"EntryPoint","urlTemplate":"https:\/\/guautastik.com\/ca\/?s={search_term_string}"},"query-input":{"@type":"PropertyValueSpecification","valueRequired":true,"valueName":"search_term_string"}}],"inLanguage":"ca"},{"@type":"Organization","@id":"https:\/\/guautastik.com\/ca\/#organization","name":"Guautastik","url":"https:\/\/guautastik.com\/ca\/","logo":{"@type":"ImageObject","inLanguage":"ca","@id":"https:\/\/guautastik.com\/ca\/#\/schema\/logo\/image\/","url":"https:\/\/guautastik.com\/ca\/wp-content\/uploads\/2026\/01\/Screenshot_2026-01-13_at_8.13.08_AM-removebg-preview.png","contentUrl":"https:\/\/guautastik.com\/ca\/wp-content\/uploads\/2026\/01\/Screenshot_2026-01-13_at_8.13.08_AM-removebg-preview.png","width":762,"height":232,"caption":"Guautastik"},"image":{"@id":"https:\/\/guautastik.com\/ca\/#\/schema\/logo\/image\/"}}]}},"_links":{"self":[{"href":"https:\/\/guautastik.com\/ca\/wp-json\/wp\/v2\/product\/1777","targetHints":{"allow":["GET"]}}],"collection":[{"href":"https:\/\/guautastik.com\/ca\/wp-json\/wp\/v2\/product"}],"about":[{"href":"https:\/\/guautastik.com\/ca\/wp-json\/wp\/v2\/types\/product"}],"wp:featuredmedia":[{"embeddable":true,"href":"https:\/\/guautastik.com\/ca\/wp-json\/wp\/v2\/media\/1778"}],"wp:attachment":[{"href":"https:\/\/guautastik.com\/ca\/wp-json\/wp\/v2\/media?parent=1777"}],"wp:term":[{"taxonomy":"store","embeddable":true,"href":"https:\/\/guautastik.com\/ca\/wp-json\/wp\/v2\/store?post=1777"},{"taxonomy":"product_brand","embeddable":true,"href":"https:\/\/guautastik.com\/ca\/wp-json\/wp\/v2\/product_brand?post=1777"},{"taxonomy":"product_cat","embeddable":true,"href":"https:\/\/guautastik.com\/ca\/wp-json\/wp\/v2\/product_cat?post=1777"},{"taxonomy":"product_tag","embeddable":true,"href":"https:\/\/guautastik.com\/ca\/wp-json\/wp\/v2\/product_tag?post=1777"}],"curies":[{"name":"wp","href":"https:\/\/api.w.org\/{rel}","templated":true}]}}