{"id":1821,"date":"2025-10-03T15:55:11","date_gmt":"2025-10-03T15:55:11","guid":{"rendered":"https:\/\/guautastik.com\/ca\/camara-para-collar-de-mascotas-con-aplicacion-de-telefono-camara-deportiva-ajustable-para-mascotas-con-gran-angular-de-170-recargable-por-usb-mini-camara-corporal-hd-1080p\/"},"modified":"2025-11-06T16:37:01","modified_gmt":"2025-11-06T16:37:01","slug":"camara-para-collar-de-mascotas-con-aplicacion-de-telefono-camara-deportiva-ajustable-para-mascotas-con-gran-angular-de-170-recargable-por-usb-mini-camara-corporal-hd-1080p","status":"publish","type":"product","link":"https:\/\/guautastik.com\/ca\/camara-para-collar-de-mascotas-con-aplicacion-de-telefono-camara-deportiva-ajustable-para-mascotas-con-gran-angular-de-170-recargable-por-usb-mini-camara-corporal-hd-1080p\/","title":{"rendered":"C\u00c3\u00a1mara para Collar de Mascotas c..."},"content":{"rendered":"<p>CON FUNCI\u00d3N DE VIDEO Y FOTO: Soporta funci\u00f3n de video, 5 minutos por video, formato AVI. V\u00eddeo de c\u00e1mara en movimiento de hasta 30 fotogramas por segundo. Tambi\u00e9n puedes disparar manualmente, las fotos se guardan en formato JPEG en la tarjeta de memoria.<br \/>\nPANTALLA DIGITAL: La c\u00e1mara con collar para mascotas viene con una pantalla LCD de 0,96 pulgadas, puede ver la reproducci\u00f3n directamente en la c\u00e1mara, f\u00e1cil de usar. Puede funcionar durante 2 o 3 horas despu\u00e9s de cargarse completamente.<br \/>\nSOPORTE DE TARJETAS DE MEMORIA: Tambi\u00e9n puede insertar el lector de tarjetas del accesorio en su computadora para leer la tarjeta de memoria de video o tel\u00e9fono celular (el lector de tarjetas del accesorio es un adaptador de lector de tarjetas tipo C).<br \/>\nLENTE GRAN ANGULAR DE 170\u00b0: Equipada con una lente de vidrio \u00f3ptico de 6 capas, esta c\u00e1mara deportiva puede corregir la pantalla de manera inteligente y la imagen de video de gran angular de 170\u00b0 se configurar\u00e1 autom\u00e1ticamente sin ajuste.<br \/>\nLIGERA Y PORT\u00c1TIL: Con un peso de s\u00f3lo 27 g\/0,95 oz, esta es una c\u00e1mara deportiva muy compacta que puedes llevar a cualquier lugar. Con diferentes accesorios, aptos para diferentes situaciones. \u00a1F\u00e1cil de grabar, ideal para ciclismo de monta\u00f1a, mascotas, viajes y cualquier actividad!<br \/>\n<div class=\"main-cross-sell\" data-asin=\"B0D3J3KN97\">\n\n\t<div class=\"WooZone-cross-sell-loader\">\n\t\t<div>\n\t\t\t<div id=\"floatingBarsG\">\n\t\t\t\t<div class=\"blockG\" id=\"rotateG_01\"><\/div>\n\t\t\t\t<div class=\"blockG\" id=\"rotateG_02\"><\/div>\n\t\t\t\t<div class=\"blockG\" id=\"rotateG_03\"><\/div>\n\t\t\t\t<div class=\"blockG\" id=\"rotateG_04\"><\/div>\n\t\t\t\t<div class=\"blockG\" id=\"rotateG_05\"><\/div>\n\t\t\t\t<div class=\"blockG\" id=\"rotateG_06\"><\/div>\n\t\t\t\t<div class=\"blockG\" id=\"rotateG_07\"><\/div>\n\t\t\t\t<div class=\"blockG\" id=\"rotateG_08\"><\/div>\n\t\t\t<\/div>\n\t\t\t<div class=\"WooZone-cross-sell-loader-text\"><\/div>\n\t\t<\/div>\n\t<\/div>\n\n\t\t\n<\/div>\n<div style=\"clear:both;\"><\/div><\/p>\n","protected":false},"excerpt":{"rendered":"<p>CON FUNCI\u00d3N DE VIDEO Y FOTO: Soporta funci\u00f3n de video, 5 minutos por video, formato AVI. V\u00eddeo de c\u00e1mara en movimiento de hasta 30 fotogramas por segundo. Tambi\u00e9n puedes disparar manualmente, las fotos se guardan en formato JPEG en la tarjeta de memoria.<br \/>\nPANTALLA DIGITAL: La c\u00e1mara con collar para mascotas viene con una pantalla LCD de 0,96 pulgadas, puede ver la reproducci\u00f3n directamente en la c\u00e1mara, f\u00e1cil de usar. Puede funcionar durante 2 o 3 horas despu\u00e9s de cargarse completamente.<br \/>\nSOPORTE DE TARJETAS DE MEMORIA: Tambi\u00e9n puede insertar el lector de tarjetas del accesorio en su computadora para leer la tarjeta de memoria de video o tel\u00e9fono celular (el lector de tarjetas del accesorio es un adaptador de lector de tarjetas tipo C).<\/p>\n","protected":false},"featured_media":1822,"template":"","meta":[],"store":[],"product_brand":[],"product_cat":[607,28],"product_tag":[],"class_list":{"0":"post-1821","1":"product","2":"type-product","3":"status-publish","4":"has-post-thumbnail","6":"product_cat-accesorios-tecnologicos-gps-camaras-etc","7":"product_cat-tendencia","8":"pa_binding-electronica","9":"pa_brand-annadue","10":"pa_color-negro","11":"pa_height-3-149606296-pulgadas","12":"pa_is-adult-product-137","13":"pa_length-3-93700787-pulgadas","14":"pa_manufacturer-annadue","15":"pa_model-annaduextr12cguw8","16":"pa_part-number-annaduextr12cguw8","17":"pa_product-group-mejora-del-hogar","18":"pa_width-3-149606296-pulgadas","20":"first","21":"instock","22":"shipping-taxable","23":"product-type-external"},"yoast_head":"<!-- This site is optimized with the Yoast SEO plugin v26.0 - https:\/\/yoast.com\/wordpress\/plugins\/seo\/ -->\n<title>C\u00c3\u00a1mara para Collar de Mascotas con Aplicaci\u00c3\u00b3n de Tel\u00c3\u00a9fono, C\u00c3\u00a1mara Deportiva Ajustable para Mascotas con Gran Angular de 170\u00c2\u00b0, Recargable por USB, Mini C\u00c3\u00a1mara Corporal HD 1080P - Guautastik<\/title>\n<meta name=\"description\" content=\"Troba llits, joguines, menjar i accessoris per a gossos a Guautastik \ud83d\udc3e. Productes de qualitat seleccionats per al benestar i la felicitat.\" \/>\n<meta name=\"robots\" content=\"index, follow, max-snippet:-1, max-image-preview:large, max-video-preview:-1\" \/>\n<link rel=\"canonical\" href=\"https:\/\/guautastik.com\/ca\/camara-para-collar-de-mascotas-con-aplicacion-de-telefono-camara-deportiva-ajustable-para-mascotas-con-gran-angular-de-170-recargable-por-usb-mini-camara-corporal-hd-1080p\/\" \/>\n<meta property=\"og:locale\" content=\"ca_ES\" \/>\n<meta property=\"og:type\" content=\"article\" \/>\n<meta property=\"og:title\" content=\"C\u00c3\u00a1mara para Collar de Mascotas con Aplicaci\u00c3\u00b3n de Tel\u00c3\u00a9fono, C\u00c3\u00a1mara Deportiva Ajustable para Mascotas con Gran Angular de 170\u00c2\u00b0, Recargable por USB, Mini C\u00c3\u00a1mara Corporal HD 1080P - Guautastik\" \/>\n<meta property=\"og:description\" content=\"Troba llits, joguines, menjar i accessoris per a gossos a Guautastik \ud83d\udc3e. Productes de qualitat seleccionats per al benestar i la felicitat.\" \/>\n<meta property=\"og:url\" content=\"https:\/\/guautastik.com\/ca\/camara-para-collar-de-mascotas-con-aplicacion-de-telefono-camara-deportiva-ajustable-para-mascotas-con-gran-angular-de-170-recargable-por-usb-mini-camara-corporal-hd-1080p\/\" \/>\n<meta property=\"og:site_name\" content=\"Guautastik\" \/>\n<meta property=\"article:modified_time\" content=\"2025-11-06T16:37:01+00:00\" \/>\n<meta property=\"og:image\" content=\"https:\/\/m.media-amazon.com\/images\/I\/41w4lxe46gL._SL500_.jpg\" \/>\n\t<meta property=\"og:image:width\" content=\"500\" \/>\n\t<meta property=\"og:image:height\" content=\"500\" \/>\n\t<meta property=\"og:image:type\" content=\"image\/jpeg\" \/>\n<meta name=\"twitter:card\" content=\"summary_large_image\" \/>\n<meta name=\"twitter:label1\" content=\"Temps estimat de lectura\" \/>\n\t<meta name=\"twitter:data1\" content=\"1 minut\" \/>\n<script type=\"application\/ld+json\" class=\"yoast-schema-graph\">{\"@context\":\"https:\/\/schema.org\",\"@graph\":[{\"@type\":\"WebPage\",\"@id\":\"https:\/\/guautastik.com\/ca\/camara-para-collar-de-mascotas-con-aplicacion-de-telefono-camara-deportiva-ajustable-para-mascotas-con-gran-angular-de-170-recargable-por-usb-mini-camara-corporal-hd-1080p\/\",\"url\":\"https:\/\/guautastik.com\/ca\/camara-para-collar-de-mascotas-con-aplicacion-de-telefono-camara-deportiva-ajustable-para-mascotas-con-gran-angular-de-170-recargable-por-usb-mini-camara-corporal-hd-1080p\/\",\"name\":\"C\u00c3\u00a1mara para Collar de Mascotas con Aplicaci\u00c3\u00b3n de Tel\u00c3\u00a9fono, C\u00c3\u00a1mara Deportiva Ajustable para Mascotas con Gran Angular de 170\u00c2\u00b0, Recargable por USB, Mini C\u00c3\u00a1mara Corporal HD 1080P - Guautastik\",\"isPartOf\":{\"@id\":\"https:\/\/guautastik.com\/ca\/#website\"},\"primaryImageOfPage\":{\"@id\":\"https:\/\/guautastik.com\/ca\/camara-para-collar-de-mascotas-con-aplicacion-de-telefono-camara-deportiva-ajustable-para-mascotas-con-gran-angular-de-170-recargable-por-usb-mini-camara-corporal-hd-1080p\/#primaryimage\"},\"image\":{\"@id\":\"https:\/\/guautastik.com\/ca\/camara-para-collar-de-mascotas-con-aplicacion-de-telefono-camara-deportiva-ajustable-para-mascotas-con-gran-angular-de-170-recargable-por-usb-mini-camara-corporal-hd-1080p\/#primaryimage\"},\"thumbnailUrl\":\"https:\/\/m.media-amazon.com\/images\/I\/41w4lxe46gL._SL500_.jpg\",\"datePublished\":\"2025-10-03T15:55:11+00:00\",\"dateModified\":\"2025-11-06T16:37:01+00:00\",\"description\":\"Troba llits, joguines, menjar i accessoris per a gossos a Guautastik \ud83d\udc3e. Productes de qualitat seleccionats per al benestar i la felicitat.\",\"breadcrumb\":{\"@id\":\"https:\/\/guautastik.com\/ca\/camara-para-collar-de-mascotas-con-aplicacion-de-telefono-camara-deportiva-ajustable-para-mascotas-con-gran-angular-de-170-recargable-por-usb-mini-camara-corporal-hd-1080p\/#breadcrumb\"},\"inLanguage\":\"ca\",\"potentialAction\":[{\"@type\":\"ReadAction\",\"target\":[\"https:\/\/guautastik.com\/ca\/camara-para-collar-de-mascotas-con-aplicacion-de-telefono-camara-deportiva-ajustable-para-mascotas-con-gran-angular-de-170-recargable-por-usb-mini-camara-corporal-hd-1080p\/\"]}]},{\"@type\":\"ImageObject\",\"inLanguage\":\"ca\",\"@id\":\"https:\/\/guautastik.com\/ca\/camara-para-collar-de-mascotas-con-aplicacion-de-telefono-camara-deportiva-ajustable-para-mascotas-con-gran-angular-de-170-recargable-por-usb-mini-camara-corporal-hd-1080p\/#primaryimage\",\"url\":\"https:\/\/m.media-amazon.com\/images\/I\/41w4lxe46gL._SL500_.jpg\",\"contentUrl\":\"https:\/\/m.media-amazon.com\/images\/I\/41w4lxe46gL._SL500_.jpg\",\"width\":500,\"height\":500},{\"@type\":\"BreadcrumbList\",\"@id\":\"https:\/\/guautastik.com\/ca\/camara-para-collar-de-mascotas-con-aplicacion-de-telefono-camara-deportiva-ajustable-para-mascotas-con-gran-angular-de-170-recargable-por-usb-mini-camara-corporal-hd-1080p\/#breadcrumb\",\"itemListElement\":[{\"@type\":\"ListItem\",\"position\":1,\"name\":\"Home\",\"item\":\"https:\/\/guautastik.com\/ca\/\"},{\"@type\":\"ListItem\",\"position\":2,\"name\":\"Shop\",\"item\":\"https:\/\/guautastik.com\/ca\/shop\/\"},{\"@type\":\"ListItem\",\"position\":3,\"name\":\"C\u00c3\u00a1mara para Collar de Mascotas c...\"}]},{\"@type\":\"WebSite\",\"@id\":\"https:\/\/guautastik.com\/ca\/#website\",\"url\":\"https:\/\/guautastik.com\/ca\/\",\"name\":\"Guautastik\",\"description\":\"Millors Productes, Joguines i Accessoris per a Gossos\",\"publisher\":{\"@id\":\"https:\/\/guautastik.com\/ca\/#organization\"},\"potentialAction\":[{\"@type\":\"SearchAction\",\"target\":{\"@type\":\"EntryPoint\",\"urlTemplate\":\"https:\/\/guautastik.com\/ca\/?s={search_term_string}\"},\"query-input\":{\"@type\":\"PropertyValueSpecification\",\"valueRequired\":true,\"valueName\":\"search_term_string\"}}],\"inLanguage\":\"ca\"},{\"@type\":\"Organization\",\"@id\":\"https:\/\/guautastik.com\/ca\/#organization\",\"name\":\"Guautastik\",\"url\":\"https:\/\/guautastik.com\/ca\/\",\"logo\":{\"@type\":\"ImageObject\",\"inLanguage\":\"ca\",\"@id\":\"https:\/\/guautastik.com\/ca\/#\/schema\/logo\/image\/\",\"url\":\"https:\/\/guautastik.com\/ca\/wp-content\/uploads\/2026\/01\/Screenshot_2026-01-13_at_8.13.08_AM-removebg-preview.png\",\"contentUrl\":\"https:\/\/guautastik.com\/ca\/wp-content\/uploads\/2026\/01\/Screenshot_2026-01-13_at_8.13.08_AM-removebg-preview.png\",\"width\":762,\"height\":232,\"caption\":\"Guautastik\"},\"image\":{\"@id\":\"https:\/\/guautastik.com\/ca\/#\/schema\/logo\/image\/\"}}]}<\/script>\n<!-- \/ Yoast SEO plugin. -->","yoast_head_json":{"title":"C\u00c3\u00a1mara para Collar de Mascotas con Aplicaci\u00c3\u00b3n de Tel\u00c3\u00a9fono, C\u00c3\u00a1mara Deportiva Ajustable para Mascotas con Gran Angular de 170\u00c2\u00b0, Recargable por USB, Mini C\u00c3\u00a1mara Corporal HD 1080P - Guautastik","description":"Troba llits, joguines, menjar i accessoris per a gossos a Guautastik \ud83d\udc3e. Productes de qualitat seleccionats per al benestar i la felicitat.","robots":{"index":"index","follow":"follow","max-snippet":"max-snippet:-1","max-image-preview":"max-image-preview:large","max-video-preview":"max-video-preview:-1"},"canonical":"https:\/\/guautastik.com\/ca\/camara-para-collar-de-mascotas-con-aplicacion-de-telefono-camara-deportiva-ajustable-para-mascotas-con-gran-angular-de-170-recargable-por-usb-mini-camara-corporal-hd-1080p\/","og_locale":"ca_ES","og_type":"article","og_title":"C\u00c3\u00a1mara para Collar de Mascotas con Aplicaci\u00c3\u00b3n de Tel\u00c3\u00a9fono, C\u00c3\u00a1mara Deportiva Ajustable para Mascotas con Gran Angular de 170\u00c2\u00b0, Recargable por USB, Mini C\u00c3\u00a1mara Corporal HD 1080P - Guautastik","og_description":"Troba llits, joguines, menjar i accessoris per a gossos a Guautastik \ud83d\udc3e. Productes de qualitat seleccionats per al benestar i la felicitat.","og_url":"https:\/\/guautastik.com\/ca\/camara-para-collar-de-mascotas-con-aplicacion-de-telefono-camara-deportiva-ajustable-para-mascotas-con-gran-angular-de-170-recargable-por-usb-mini-camara-corporal-hd-1080p\/","og_site_name":"Guautastik","article_modified_time":"2025-11-06T16:37:01+00:00","og_image":[{"width":500,"height":500,"url":"https:\/\/m.media-amazon.com\/images\/I\/41w4lxe46gL._SL500_.jpg","type":"image\/jpeg"}],"twitter_card":"summary_large_image","twitter_misc":{"Temps estimat de lectura":"1 minut"},"schema":{"@context":"https:\/\/schema.org","@graph":[{"@type":"WebPage","@id":"https:\/\/guautastik.com\/ca\/camara-para-collar-de-mascotas-con-aplicacion-de-telefono-camara-deportiva-ajustable-para-mascotas-con-gran-angular-de-170-recargable-por-usb-mini-camara-corporal-hd-1080p\/","url":"https:\/\/guautastik.com\/ca\/camara-para-collar-de-mascotas-con-aplicacion-de-telefono-camara-deportiva-ajustable-para-mascotas-con-gran-angular-de-170-recargable-por-usb-mini-camara-corporal-hd-1080p\/","name":"C\u00c3\u00a1mara para Collar de Mascotas con Aplicaci\u00c3\u00b3n de Tel\u00c3\u00a9fono, C\u00c3\u00a1mara Deportiva Ajustable para Mascotas con Gran Angular de 170\u00c2\u00b0, Recargable por USB, Mini C\u00c3\u00a1mara Corporal HD 1080P - Guautastik","isPartOf":{"@id":"https:\/\/guautastik.com\/ca\/#website"},"primaryImageOfPage":{"@id":"https:\/\/guautastik.com\/ca\/camara-para-collar-de-mascotas-con-aplicacion-de-telefono-camara-deportiva-ajustable-para-mascotas-con-gran-angular-de-170-recargable-por-usb-mini-camara-corporal-hd-1080p\/#primaryimage"},"image":{"@id":"https:\/\/guautastik.com\/ca\/camara-para-collar-de-mascotas-con-aplicacion-de-telefono-camara-deportiva-ajustable-para-mascotas-con-gran-angular-de-170-recargable-por-usb-mini-camara-corporal-hd-1080p\/#primaryimage"},"thumbnailUrl":"https:\/\/m.media-amazon.com\/images\/I\/41w4lxe46gL._SL500_.jpg","datePublished":"2025-10-03T15:55:11+00:00","dateModified":"2025-11-06T16:37:01+00:00","description":"Troba llits, joguines, menjar i accessoris per a gossos a Guautastik \ud83d\udc3e. Productes de qualitat seleccionats per al benestar i la felicitat.","breadcrumb":{"@id":"https:\/\/guautastik.com\/ca\/camara-para-collar-de-mascotas-con-aplicacion-de-telefono-camara-deportiva-ajustable-para-mascotas-con-gran-angular-de-170-recargable-por-usb-mini-camara-corporal-hd-1080p\/#breadcrumb"},"inLanguage":"ca","potentialAction":[{"@type":"ReadAction","target":["https:\/\/guautastik.com\/ca\/camara-para-collar-de-mascotas-con-aplicacion-de-telefono-camara-deportiva-ajustable-para-mascotas-con-gran-angular-de-170-recargable-por-usb-mini-camara-corporal-hd-1080p\/"]}]},{"@type":"ImageObject","inLanguage":"ca","@id":"https:\/\/guautastik.com\/ca\/camara-para-collar-de-mascotas-con-aplicacion-de-telefono-camara-deportiva-ajustable-para-mascotas-con-gran-angular-de-170-recargable-por-usb-mini-camara-corporal-hd-1080p\/#primaryimage","url":"https:\/\/m.media-amazon.com\/images\/I\/41w4lxe46gL._SL500_.jpg","contentUrl":"https:\/\/m.media-amazon.com\/images\/I\/41w4lxe46gL._SL500_.jpg","width":500,"height":500},{"@type":"BreadcrumbList","@id":"https:\/\/guautastik.com\/ca\/camara-para-collar-de-mascotas-con-aplicacion-de-telefono-camara-deportiva-ajustable-para-mascotas-con-gran-angular-de-170-recargable-por-usb-mini-camara-corporal-hd-1080p\/#breadcrumb","itemListElement":[{"@type":"ListItem","position":1,"name":"Home","item":"https:\/\/guautastik.com\/ca\/"},{"@type":"ListItem","position":2,"name":"Shop","item":"https:\/\/guautastik.com\/ca\/shop\/"},{"@type":"ListItem","position":3,"name":"C\u00c3\u00a1mara para Collar de Mascotas c..."}]},{"@type":"WebSite","@id":"https:\/\/guautastik.com\/ca\/#website","url":"https:\/\/guautastik.com\/ca\/","name":"Guautastik","description":"Millors Productes, Joguines i Accessoris per a Gossos","publisher":{"@id":"https:\/\/guautastik.com\/ca\/#organization"},"potentialAction":[{"@type":"SearchAction","target":{"@type":"EntryPoint","urlTemplate":"https:\/\/guautastik.com\/ca\/?s={search_term_string}"},"query-input":{"@type":"PropertyValueSpecification","valueRequired":true,"valueName":"search_term_string"}}],"inLanguage":"ca"},{"@type":"Organization","@id":"https:\/\/guautastik.com\/ca\/#organization","name":"Guautastik","url":"https:\/\/guautastik.com\/ca\/","logo":{"@type":"ImageObject","inLanguage":"ca","@id":"https:\/\/guautastik.com\/ca\/#\/schema\/logo\/image\/","url":"https:\/\/guautastik.com\/ca\/wp-content\/uploads\/2026\/01\/Screenshot_2026-01-13_at_8.13.08_AM-removebg-preview.png","contentUrl":"https:\/\/guautastik.com\/ca\/wp-content\/uploads\/2026\/01\/Screenshot_2026-01-13_at_8.13.08_AM-removebg-preview.png","width":762,"height":232,"caption":"Guautastik"},"image":{"@id":"https:\/\/guautastik.com\/ca\/#\/schema\/logo\/image\/"}}]}},"_links":{"self":[{"href":"https:\/\/guautastik.com\/ca\/wp-json\/wp\/v2\/product\/1821","targetHints":{"allow":["GET"]}}],"collection":[{"href":"https:\/\/guautastik.com\/ca\/wp-json\/wp\/v2\/product"}],"about":[{"href":"https:\/\/guautastik.com\/ca\/wp-json\/wp\/v2\/types\/product"}],"wp:featuredmedia":[{"embeddable":true,"href":"https:\/\/guautastik.com\/ca\/wp-json\/wp\/v2\/media\/1822"}],"wp:attachment":[{"href":"https:\/\/guautastik.com\/ca\/wp-json\/wp\/v2\/media?parent=1821"}],"wp:term":[{"taxonomy":"store","embeddable":true,"href":"https:\/\/guautastik.com\/ca\/wp-json\/wp\/v2\/store?post=1821"},{"taxonomy":"product_brand","embeddable":true,"href":"https:\/\/guautastik.com\/ca\/wp-json\/wp\/v2\/product_brand?post=1821"},{"taxonomy":"product_cat","embeddable":true,"href":"https:\/\/guautastik.com\/ca\/wp-json\/wp\/v2\/product_cat?post=1821"},{"taxonomy":"product_tag","embeddable":true,"href":"https:\/\/guautastik.com\/ca\/wp-json\/wp\/v2\/product_tag?post=1821"}],"curies":[{"name":"wp","href":"https:\/\/api.w.org\/{rel}","templated":true}]}}