{"id":1840,"date":"2025-10-03T15:55:15","date_gmt":"2025-10-03T15:55:15","guid":{"rendered":"https:\/\/guautastik.com\/ca\/jectse-camara-para-collar-para-mascotas-full-hd-gran-angular-de-90-grados-camara-de-accion-para-perros-pequenos-y-gatos-con-registros-de-video-5-minutos-por-video-bateria-de-350\/"},"modified":"2025-10-27T01:16:39","modified_gmt":"2025-10-27T01:16:39","slug":"jectse-camara-para-collar-para-mascotas-full-hd-gran-angular-de-90-grados-camara-de-accion-para-perros-pequenos-y-gatos-con-registros-de-video-5-minutos-por-video-bateria-de-350","status":"publish","type":"product","link":"https:\/\/guautastik.com\/ca\/jectse-camara-para-collar-para-mascotas-full-hd-gran-angular-de-90-grados-camara-de-accion-para-perros-pequenos-y-gatos-con-registros-de-video-5-minutos-por-video-bateria-de-350\/","title":{"rendered":"Jectse C\u00c3\u00a1mara para Collar para M..."},"content":{"rendered":"<p>COMPACTO Y LIGERO: Dise\u00f1ado pensando en la comodidad de su mascota, el collar con c\u00e1mara para gatos pesa 0,77 onzas, una c\u00e1mara de acci\u00f3n muy compacta que se puede llevar a cualquier lugar. La c\u00e1mara de acci\u00f3n captura 30 fotogramas de v\u00eddeo por segundo. Ideal para ciclismo de monta\u00f1a, mascotas, viajes y m\u00e1s.<br \/>\nLENTE GRAN ANGULAR S\u00daPER CLARA: La c\u00e1mara para collar de perro est\u00e1 equipada con una lente de vidrio \u00f3ptico de 6 capas que corrige inteligentemente la pantalla y establece autom\u00e1ticamente una imagen de video de gran angular de 90\u00b0 sin ajustes para garantizar una imagen v\u00edvida y clara.<br \/>\nRECARGABLE: No se necesita WiFi, la c\u00e1mara para mascotas se puede usar con diferentes accesorios para una gama m\u00e1s amplia de aplicaciones. Bater\u00eda integrada de 350 mAh, puede funcionar durante 200 minutos despu\u00e9s de cargarse completamente. Perfecto para compartir con los amantes de las mascotas como regalo de cumplea\u00f1os o vacaciones.<br \/>\nCARACTER\u00cdSTICAS DE VIDEO Y FOTO: La c\u00e1mara del collar para mascotas se puede usar para aprender m\u00e1s sobre el comportamiento de su mascota y descubrir m\u00e1s desde los ojos de su mascota. Funci\u00f3n de v\u00eddeo, 5 minutos por v\u00eddeo, formato AVI. El due\u00f1o de la mascota tambi\u00e9n puede tomarla manualmente y las fotos se guardan en formato JPG en la tarjeta de memoria (tarjeta de memoria no incluida).<br \/>\nF\u00c1CIL VISUALIZACI\u00d3N: La peque\u00f1a c\u00e1mara DV Full HD con pantalla LCD de 0,96 pulgadas le permite ver el contenido reproducido directamente en la c\u00e1mara para un uso f\u00e1cil. Tambi\u00e9n puede insertar el lector de tarjetas en su computadora para leer videos de la Tarjeta de almacenamiento o en su tel\u00e9fono celular (el lector de tarjetas es un adaptador de lector de tarjetas tipo C).<br \/>\n<div class=\"main-cross-sell\" data-asin=\"B0D638C77V\">\n\n\t<div class=\"WooZone-cross-sell-loader\">\n\t\t<div>\n\t\t\t<div id=\"floatingBarsG\">\n\t\t\t\t<div class=\"blockG\" id=\"rotateG_01\"><\/div>\n\t\t\t\t<div class=\"blockG\" id=\"rotateG_02\"><\/div>\n\t\t\t\t<div class=\"blockG\" id=\"rotateG_03\"><\/div>\n\t\t\t\t<div class=\"blockG\" id=\"rotateG_04\"><\/div>\n\t\t\t\t<div class=\"blockG\" id=\"rotateG_05\"><\/div>\n\t\t\t\t<div class=\"blockG\" id=\"rotateG_06\"><\/div>\n\t\t\t\t<div class=\"blockG\" id=\"rotateG_07\"><\/div>\n\t\t\t\t<div class=\"blockG\" id=\"rotateG_08\"><\/div>\n\t\t\t<\/div>\n\t\t\t<div class=\"WooZone-cross-sell-loader-text\"><\/div>\n\t\t<\/div>\n\t<\/div>\n\n\t\t\n<\/div>\n<div style=\"clear:both;\"><\/div><\/p>\n","protected":false},"excerpt":{"rendered":"<p>COMPACTO Y LIGERO: Dise\u00f1ado pensando en la comodidad de su mascota, el collar con c\u00e1mara para gatos pesa 0,77 onzas, una c\u00e1mara de acci\u00f3n muy compacta que se puede llevar a cualquier lugar. La c\u00e1mara de acci\u00f3n captura 30 fotogramas de v\u00eddeo por segundo. Ideal para ciclismo de monta\u00f1a, mascotas, viajes y m\u00e1s.<br \/>\nLENTE GRAN ANGULAR S\u00daPER CLARA: La c\u00e1mara para collar de perro est\u00e1 equipada con una lente de vidrio \u00f3ptico de 6 capas que corrige inteligentemente la pantalla y establece autom\u00e1ticamente una imagen de video de gran angular de 90\u00b0 sin ajustes para garantizar una imagen v\u00edvida y clara.<br \/>\nRECARGABLE: No se necesita WiFi, la c\u00e1mara para mascotas se puede usar con diferentes accesorios para una gama m\u00e1s amplia de aplicaciones. Bater\u00eda integrada de 350 mAh, puede funcionar durante 200 minutos despu\u00e9s de cargarse completamente. Perfecto para compartir con los amantes de las mascotas como regalo de cumplea\u00f1os o vacaciones.<\/p>\n","protected":false},"featured_media":1841,"template":"","meta":[],"store":[],"product_brand":[],"product_cat":[607,28],"product_tag":[],"class_list":{"0":"post-1840","1":"product","2":"type-product","3":"status-publish","4":"has-post-thumbnail","6":"product_cat-accesorios-tecnologicos-gps-camaras-etc","7":"product_cat-tendencia","8":"pa_brand-jectse","9":"pa_color-black","10":"pa_is-adult-product-137","11":"pa_manufacturer-jectse","12":"pa_model-jectsehxwre68ypn-12","13":"pa_part-number-jectsehxwre68ypn-12","14":"pa_product-group-mejora-del-hogar","16":"first","17":"instock","18":"shipping-taxable","19":"product-type-external"},"yoast_head":"<!-- This site is optimized with the Yoast SEO plugin v26.0 - https:\/\/yoast.com\/wordpress\/plugins\/seo\/ -->\n<title>Jectse C\u00c3\u00a1mara para Collar para Mascotas, Full HD, Gran Angular de 90 Grados, C\u00c3\u00a1mara de Acci\u00c3\u00b3n para Perros Peque\u00c3\u00b1os y Gatos con Registros de Video, 5 Minutos por Video, Bater\u00c3\u00ada de 350 - Guautastik<\/title>\n<meta name=\"description\" content=\"Troba llits, joguines, menjar i accessoris per a gossos a Guautastik \ud83d\udc3e. Productes de qualitat seleccionats per al benestar i la felicitat.\" \/>\n<meta name=\"robots\" content=\"index, follow, max-snippet:-1, max-image-preview:large, max-video-preview:-1\" \/>\n<link rel=\"canonical\" href=\"https:\/\/guautastik.com\/ca\/jectse-camara-para-collar-para-mascotas-full-hd-gran-angular-de-90-grados-camara-de-accion-para-perros-pequenos-y-gatos-con-registros-de-video-5-minutos-por-video-bateria-de-350\/\" \/>\n<meta property=\"og:locale\" content=\"ca_ES\" \/>\n<meta property=\"og:type\" content=\"article\" \/>\n<meta property=\"og:title\" content=\"Jectse C\u00c3\u00a1mara para Collar para Mascotas, Full HD, Gran Angular de 90 Grados, C\u00c3\u00a1mara de Acci\u00c3\u00b3n para Perros Peque\u00c3\u00b1os y Gatos con Registros de Video, 5 Minutos por Video, Bater\u00c3\u00ada de 350 - Guautastik\" \/>\n<meta property=\"og:description\" content=\"Troba llits, joguines, menjar i accessoris per a gossos a Guautastik \ud83d\udc3e. Productes de qualitat seleccionats per al benestar i la felicitat.\" \/>\n<meta property=\"og:url\" content=\"https:\/\/guautastik.com\/ca\/jectse-camara-para-collar-para-mascotas-full-hd-gran-angular-de-90-grados-camara-de-accion-para-perros-pequenos-y-gatos-con-registros-de-video-5-minutos-por-video-bateria-de-350\/\" \/>\n<meta property=\"og:site_name\" content=\"Guautastik\" \/>\n<meta property=\"article:modified_time\" content=\"2025-10-27T01:16:39+00:00\" \/>\n<meta property=\"og:image\" content=\"https:\/\/m.media-amazon.com\/images\/I\/31QCrzarx9L._SL500_.jpg\" \/>\n\t<meta property=\"og:image:width\" content=\"500\" \/>\n\t<meta property=\"og:image:height\" content=\"500\" \/>\n\t<meta property=\"og:image:type\" content=\"image\/jpeg\" \/>\n<meta name=\"twitter:card\" content=\"summary_large_image\" \/>\n<meta name=\"twitter:label1\" content=\"Temps estimat de lectura\" \/>\n\t<meta name=\"twitter:data1\" content=\"2 minuts\" \/>\n<script type=\"application\/ld+json\" class=\"yoast-schema-graph\">{\"@context\":\"https:\/\/schema.org\",\"@graph\":[{\"@type\":\"WebPage\",\"@id\":\"https:\/\/guautastik.com\/ca\/jectse-camara-para-collar-para-mascotas-full-hd-gran-angular-de-90-grados-camara-de-accion-para-perros-pequenos-y-gatos-con-registros-de-video-5-minutos-por-video-bateria-de-350\/\",\"url\":\"https:\/\/guautastik.com\/ca\/jectse-camara-para-collar-para-mascotas-full-hd-gran-angular-de-90-grados-camara-de-accion-para-perros-pequenos-y-gatos-con-registros-de-video-5-minutos-por-video-bateria-de-350\/\",\"name\":\"Jectse C\u00c3\u00a1mara para Collar para Mascotas, Full HD, Gran Angular de 90 Grados, C\u00c3\u00a1mara de Acci\u00c3\u00b3n para Perros Peque\u00c3\u00b1os y Gatos con Registros de Video, 5 Minutos por Video, Bater\u00c3\u00ada de 350 - Guautastik\",\"isPartOf\":{\"@id\":\"https:\/\/guautastik.com\/ca\/#website\"},\"primaryImageOfPage\":{\"@id\":\"https:\/\/guautastik.com\/ca\/jectse-camara-para-collar-para-mascotas-full-hd-gran-angular-de-90-grados-camara-de-accion-para-perros-pequenos-y-gatos-con-registros-de-video-5-minutos-por-video-bateria-de-350\/#primaryimage\"},\"image\":{\"@id\":\"https:\/\/guautastik.com\/ca\/jectse-camara-para-collar-para-mascotas-full-hd-gran-angular-de-90-grados-camara-de-accion-para-perros-pequenos-y-gatos-con-registros-de-video-5-minutos-por-video-bateria-de-350\/#primaryimage\"},\"thumbnailUrl\":\"https:\/\/m.media-amazon.com\/images\/I\/31QCrzarx9L._SL500_.jpg\",\"datePublished\":\"2025-10-03T15:55:15+00:00\",\"dateModified\":\"2025-10-27T01:16:39+00:00\",\"description\":\"Troba llits, joguines, menjar i accessoris per a gossos a Guautastik \ud83d\udc3e. Productes de qualitat seleccionats per al benestar i la felicitat.\",\"breadcrumb\":{\"@id\":\"https:\/\/guautastik.com\/ca\/jectse-camara-para-collar-para-mascotas-full-hd-gran-angular-de-90-grados-camara-de-accion-para-perros-pequenos-y-gatos-con-registros-de-video-5-minutos-por-video-bateria-de-350\/#breadcrumb\"},\"inLanguage\":\"ca\",\"potentialAction\":[{\"@type\":\"ReadAction\",\"target\":[\"https:\/\/guautastik.com\/ca\/jectse-camara-para-collar-para-mascotas-full-hd-gran-angular-de-90-grados-camara-de-accion-para-perros-pequenos-y-gatos-con-registros-de-video-5-minutos-por-video-bateria-de-350\/\"]}]},{\"@type\":\"ImageObject\",\"inLanguage\":\"ca\",\"@id\":\"https:\/\/guautastik.com\/ca\/jectse-camara-para-collar-para-mascotas-full-hd-gran-angular-de-90-grados-camara-de-accion-para-perros-pequenos-y-gatos-con-registros-de-video-5-minutos-por-video-bateria-de-350\/#primaryimage\",\"url\":\"https:\/\/m.media-amazon.com\/images\/I\/31QCrzarx9L._SL500_.jpg\",\"contentUrl\":\"https:\/\/m.media-amazon.com\/images\/I\/31QCrzarx9L._SL500_.jpg\",\"width\":500,\"height\":500},{\"@type\":\"BreadcrumbList\",\"@id\":\"https:\/\/guautastik.com\/ca\/jectse-camara-para-collar-para-mascotas-full-hd-gran-angular-de-90-grados-camara-de-accion-para-perros-pequenos-y-gatos-con-registros-de-video-5-minutos-por-video-bateria-de-350\/#breadcrumb\",\"itemListElement\":[{\"@type\":\"ListItem\",\"position\":1,\"name\":\"Home\",\"item\":\"https:\/\/guautastik.com\/ca\/\"},{\"@type\":\"ListItem\",\"position\":2,\"name\":\"Shop\",\"item\":\"https:\/\/guautastik.com\/ca\/shop\/\"},{\"@type\":\"ListItem\",\"position\":3,\"name\":\"Jectse C\u00c3\u00a1mara para Collar para M...\"}]},{\"@type\":\"WebSite\",\"@id\":\"https:\/\/guautastik.com\/ca\/#website\",\"url\":\"https:\/\/guautastik.com\/ca\/\",\"name\":\"Guautastik\",\"description\":\"Millors Productes, Joguines i Accessoris per a Gossos\",\"publisher\":{\"@id\":\"https:\/\/guautastik.com\/ca\/#organization\"},\"potentialAction\":[{\"@type\":\"SearchAction\",\"target\":{\"@type\":\"EntryPoint\",\"urlTemplate\":\"https:\/\/guautastik.com\/ca\/?s={search_term_string}\"},\"query-input\":{\"@type\":\"PropertyValueSpecification\",\"valueRequired\":true,\"valueName\":\"search_term_string\"}}],\"inLanguage\":\"ca\"},{\"@type\":\"Organization\",\"@id\":\"https:\/\/guautastik.com\/ca\/#organization\",\"name\":\"Guautastik\",\"url\":\"https:\/\/guautastik.com\/ca\/\",\"logo\":{\"@type\":\"ImageObject\",\"inLanguage\":\"ca\",\"@id\":\"https:\/\/guautastik.com\/ca\/#\/schema\/logo\/image\/\",\"url\":\"https:\/\/guautastik.com\/ca\/wp-content\/uploads\/2026\/01\/Screenshot_2026-01-13_at_8.13.08_AM-removebg-preview.png\",\"contentUrl\":\"https:\/\/guautastik.com\/ca\/wp-content\/uploads\/2026\/01\/Screenshot_2026-01-13_at_8.13.08_AM-removebg-preview.png\",\"width\":762,\"height\":232,\"caption\":\"Guautastik\"},\"image\":{\"@id\":\"https:\/\/guautastik.com\/ca\/#\/schema\/logo\/image\/\"}}]}<\/script>\n<!-- \/ Yoast SEO plugin. -->","yoast_head_json":{"title":"Jectse C\u00c3\u00a1mara para Collar para Mascotas, Full HD, Gran Angular de 90 Grados, C\u00c3\u00a1mara de Acci\u00c3\u00b3n para Perros Peque\u00c3\u00b1os y Gatos con Registros de Video, 5 Minutos por Video, Bater\u00c3\u00ada de 350 - Guautastik","description":"Troba llits, joguines, menjar i accessoris per a gossos a Guautastik \ud83d\udc3e. Productes de qualitat seleccionats per al benestar i la felicitat.","robots":{"index":"index","follow":"follow","max-snippet":"max-snippet:-1","max-image-preview":"max-image-preview:large","max-video-preview":"max-video-preview:-1"},"canonical":"https:\/\/guautastik.com\/ca\/jectse-camara-para-collar-para-mascotas-full-hd-gran-angular-de-90-grados-camara-de-accion-para-perros-pequenos-y-gatos-con-registros-de-video-5-minutos-por-video-bateria-de-350\/","og_locale":"ca_ES","og_type":"article","og_title":"Jectse C\u00c3\u00a1mara para Collar para Mascotas, Full HD, Gran Angular de 90 Grados, C\u00c3\u00a1mara de Acci\u00c3\u00b3n para Perros Peque\u00c3\u00b1os y Gatos con Registros de Video, 5 Minutos por Video, Bater\u00c3\u00ada de 350 - Guautastik","og_description":"Troba llits, joguines, menjar i accessoris per a gossos a Guautastik \ud83d\udc3e. Productes de qualitat seleccionats per al benestar i la felicitat.","og_url":"https:\/\/guautastik.com\/ca\/jectse-camara-para-collar-para-mascotas-full-hd-gran-angular-de-90-grados-camara-de-accion-para-perros-pequenos-y-gatos-con-registros-de-video-5-minutos-por-video-bateria-de-350\/","og_site_name":"Guautastik","article_modified_time":"2025-10-27T01:16:39+00:00","og_image":[{"width":500,"height":500,"url":"https:\/\/m.media-amazon.com\/images\/I\/31QCrzarx9L._SL500_.jpg","type":"image\/jpeg"}],"twitter_card":"summary_large_image","twitter_misc":{"Temps estimat de lectura":"2 minuts"},"schema":{"@context":"https:\/\/schema.org","@graph":[{"@type":"WebPage","@id":"https:\/\/guautastik.com\/ca\/jectse-camara-para-collar-para-mascotas-full-hd-gran-angular-de-90-grados-camara-de-accion-para-perros-pequenos-y-gatos-con-registros-de-video-5-minutos-por-video-bateria-de-350\/","url":"https:\/\/guautastik.com\/ca\/jectse-camara-para-collar-para-mascotas-full-hd-gran-angular-de-90-grados-camara-de-accion-para-perros-pequenos-y-gatos-con-registros-de-video-5-minutos-por-video-bateria-de-350\/","name":"Jectse C\u00c3\u00a1mara para Collar para Mascotas, Full HD, Gran Angular de 90 Grados, C\u00c3\u00a1mara de Acci\u00c3\u00b3n para Perros Peque\u00c3\u00b1os y Gatos con Registros de Video, 5 Minutos por Video, Bater\u00c3\u00ada de 350 - Guautastik","isPartOf":{"@id":"https:\/\/guautastik.com\/ca\/#website"},"primaryImageOfPage":{"@id":"https:\/\/guautastik.com\/ca\/jectse-camara-para-collar-para-mascotas-full-hd-gran-angular-de-90-grados-camara-de-accion-para-perros-pequenos-y-gatos-con-registros-de-video-5-minutos-por-video-bateria-de-350\/#primaryimage"},"image":{"@id":"https:\/\/guautastik.com\/ca\/jectse-camara-para-collar-para-mascotas-full-hd-gran-angular-de-90-grados-camara-de-accion-para-perros-pequenos-y-gatos-con-registros-de-video-5-minutos-por-video-bateria-de-350\/#primaryimage"},"thumbnailUrl":"https:\/\/m.media-amazon.com\/images\/I\/31QCrzarx9L._SL500_.jpg","datePublished":"2025-10-03T15:55:15+00:00","dateModified":"2025-10-27T01:16:39+00:00","description":"Troba llits, joguines, menjar i accessoris per a gossos a Guautastik \ud83d\udc3e. Productes de qualitat seleccionats per al benestar i la felicitat.","breadcrumb":{"@id":"https:\/\/guautastik.com\/ca\/jectse-camara-para-collar-para-mascotas-full-hd-gran-angular-de-90-grados-camara-de-accion-para-perros-pequenos-y-gatos-con-registros-de-video-5-minutos-por-video-bateria-de-350\/#breadcrumb"},"inLanguage":"ca","potentialAction":[{"@type":"ReadAction","target":["https:\/\/guautastik.com\/ca\/jectse-camara-para-collar-para-mascotas-full-hd-gran-angular-de-90-grados-camara-de-accion-para-perros-pequenos-y-gatos-con-registros-de-video-5-minutos-por-video-bateria-de-350\/"]}]},{"@type":"ImageObject","inLanguage":"ca","@id":"https:\/\/guautastik.com\/ca\/jectse-camara-para-collar-para-mascotas-full-hd-gran-angular-de-90-grados-camara-de-accion-para-perros-pequenos-y-gatos-con-registros-de-video-5-minutos-por-video-bateria-de-350\/#primaryimage","url":"https:\/\/m.media-amazon.com\/images\/I\/31QCrzarx9L._SL500_.jpg","contentUrl":"https:\/\/m.media-amazon.com\/images\/I\/31QCrzarx9L._SL500_.jpg","width":500,"height":500},{"@type":"BreadcrumbList","@id":"https:\/\/guautastik.com\/ca\/jectse-camara-para-collar-para-mascotas-full-hd-gran-angular-de-90-grados-camara-de-accion-para-perros-pequenos-y-gatos-con-registros-de-video-5-minutos-por-video-bateria-de-350\/#breadcrumb","itemListElement":[{"@type":"ListItem","position":1,"name":"Home","item":"https:\/\/guautastik.com\/ca\/"},{"@type":"ListItem","position":2,"name":"Shop","item":"https:\/\/guautastik.com\/ca\/shop\/"},{"@type":"ListItem","position":3,"name":"Jectse C\u00c3\u00a1mara para Collar para M..."}]},{"@type":"WebSite","@id":"https:\/\/guautastik.com\/ca\/#website","url":"https:\/\/guautastik.com\/ca\/","name":"Guautastik","description":"Millors Productes, Joguines i Accessoris per a Gossos","publisher":{"@id":"https:\/\/guautastik.com\/ca\/#organization"},"potentialAction":[{"@type":"SearchAction","target":{"@type":"EntryPoint","urlTemplate":"https:\/\/guautastik.com\/ca\/?s={search_term_string}"},"query-input":{"@type":"PropertyValueSpecification","valueRequired":true,"valueName":"search_term_string"}}],"inLanguage":"ca"},{"@type":"Organization","@id":"https:\/\/guautastik.com\/ca\/#organization","name":"Guautastik","url":"https:\/\/guautastik.com\/ca\/","logo":{"@type":"ImageObject","inLanguage":"ca","@id":"https:\/\/guautastik.com\/ca\/#\/schema\/logo\/image\/","url":"https:\/\/guautastik.com\/ca\/wp-content\/uploads\/2026\/01\/Screenshot_2026-01-13_at_8.13.08_AM-removebg-preview.png","contentUrl":"https:\/\/guautastik.com\/ca\/wp-content\/uploads\/2026\/01\/Screenshot_2026-01-13_at_8.13.08_AM-removebg-preview.png","width":762,"height":232,"caption":"Guautastik"},"image":{"@id":"https:\/\/guautastik.com\/ca\/#\/schema\/logo\/image\/"}}]}},"_links":{"self":[{"href":"https:\/\/guautastik.com\/ca\/wp-json\/wp\/v2\/product\/1840","targetHints":{"allow":["GET"]}}],"collection":[{"href":"https:\/\/guautastik.com\/ca\/wp-json\/wp\/v2\/product"}],"about":[{"href":"https:\/\/guautastik.com\/ca\/wp-json\/wp\/v2\/types\/product"}],"wp:featuredmedia":[{"embeddable":true,"href":"https:\/\/guautastik.com\/ca\/wp-json\/wp\/v2\/media\/1841"}],"wp:attachment":[{"href":"https:\/\/guautastik.com\/ca\/wp-json\/wp\/v2\/media?parent=1840"}],"wp:term":[{"taxonomy":"store","embeddable":true,"href":"https:\/\/guautastik.com\/ca\/wp-json\/wp\/v2\/store?post=1840"},{"taxonomy":"product_brand","embeddable":true,"href":"https:\/\/guautastik.com\/ca\/wp-json\/wp\/v2\/product_brand?post=1840"},{"taxonomy":"product_cat","embeddable":true,"href":"https:\/\/guautastik.com\/ca\/wp-json\/wp\/v2\/product_cat?post=1840"},{"taxonomy":"product_tag","embeddable":true,"href":"https:\/\/guautastik.com\/ca\/wp-json\/wp\/v2\/product_tag?post=1840"}],"curies":[{"name":"wp","href":"https:\/\/api.w.org\/{rel}","templated":true}]}}