{"id":314,"date":"2025-10-03T04:41:29","date_gmt":"2025-10-03T04:41:29","guid":{"rendered":"https:\/\/guautastik.com\/ca\/product\/petace-fuente-de-agua-para-gatos-y-perros-32-l-de-acero-inoxidable-mas-4-filtros-de-carbon-activado-y-5-esponjas-bebedero-silencioso-con-triple-filtracion\/"},"modified":"2025-10-22T11:45:08","modified_gmt":"2025-10-22T11:45:08","slug":"petace-fuente-de-agua-para-gatos-y-perros-32-l-de-acero-inoxidable-mas-4-filtros-de-carbon-activado-y-5-esponjas-bebedero-silencioso-con-triple-filtracion","status":"publish","type":"product","link":"https:\/\/guautastik.com\/ca\/petace-fuente-de-agua-para-gatos-y-perros-32-l-de-acero-inoxidable-mas-4-filtros-de-carbon-activado-y-5-esponjas-bebedero-silencioso-con-triple-filtracion\/","title":{"rendered":"Petace Fuente de agua para Gatos y ..."},"content":{"rendered":"<p>PETACE fuente para gatos de acero inoxidable, adecuado para lavavajillas, capacidad de 3,2 litros, suministro de agua potable de 10 d\u00edas, adecuado para viajes cortos<br \/>\nLa salida del grifo proporciona circulaci\u00f3n din\u00e1mica del agua, atrae a las mascotas a beber agua y reduce la acumulaci\u00f3n de agua<br \/>\nGran plataforma de almacenamiento de agua es plana y espaciosa, para evitar que los animales mojen la barba y el pelo, altura dise\u00f1ada de acuerdo con las recomendaciones de los expertos, adecuada para la columna vertebral de las mascotas<br \/>\nEquipado con 4 filtros de carb\u00f3n activado y 5 esponjas para mantener el agua potable limpia para gatos durante 2 &#8211; 4 meses<br \/>\nPETACE bomba de agua original, durable y de baja potencia de 1,5 W, \u2264 30 DB ultra silencioso, mantener un ambiente de sue\u00f1o tranquilo (limpio cada 2 semanas para uso a largo plazo)<br \/>\n<div class=\"main-cross-sell\" data-asin=\"B0BC43L8N3\">\n\n\t<div class=\"WooZone-cross-sell-loader\">\n\t\t<div>\n\t\t\t<div id=\"floatingBarsG\">\n\t\t\t\t<div class=\"blockG\" id=\"rotateG_01\"><\/div>\n\t\t\t\t<div class=\"blockG\" id=\"rotateG_02\"><\/div>\n\t\t\t\t<div class=\"blockG\" id=\"rotateG_03\"><\/div>\n\t\t\t\t<div class=\"blockG\" id=\"rotateG_04\"><\/div>\n\t\t\t\t<div class=\"blockG\" id=\"rotateG_05\"><\/div>\n\t\t\t\t<div class=\"blockG\" id=\"rotateG_06\"><\/div>\n\t\t\t\t<div class=\"blockG\" id=\"rotateG_07\"><\/div>\n\t\t\t\t<div class=\"blockG\" id=\"rotateG_08\"><\/div>\n\t\t\t<\/div>\n\t\t\t<div class=\"WooZone-cross-sell-loader-text\"><\/div>\n\t\t<\/div>\n\t<\/div>\n\n\t\t\n<\/div>\n<div style=\"clear:both;\"><\/div><\/p>\n","protected":false},"excerpt":{"rendered":"<p>PETACE fuente para gatos de acero inoxidable, adecuado para lavavajillas, capacidad de 3,2 litros, suministro de agua potable de 10 d\u00edas, adecuado para viajes cortos<br \/>\nLa salida del grifo proporciona circulaci\u00f3n din\u00e1mica del agua, atrae a las mascotas a beber agua y reduce la acumulaci\u00f3n de agua<br \/>\nGran plataforma de almacenamiento de agua es plana y espaciosa, para evitar que los animales mojen la barba y el pelo, altura dise\u00f1ada de acuerdo con las recomendaciones de los expertos, adecuada para la columna vertebral de las mascotas<\/p>\n","protected":false},"featured_media":315,"template":"","meta":[],"store":[],"product_brand":[],"product_cat":[46,48,28],"product_tag":[],"class_list":{"0":"post-314","1":"product","2":"type-product","3":"status-publish","4":"has-post-thumbnail","6":"product_cat-bebederos-y-comederos","7":"product_cat-fuente-de-agua","8":"product_cat-tendencia","9":"pa_brand-petace","10":"pa_color-plateado","11":"pa_height-4-724409444-pulgadas","12":"pa_length-10-0393700685-pulgadas","13":"pa_model-sspf-b04","14":"pa_part-number-n83121","15":"pa_product-group-productos-para-animales","16":"pa_size-3-2-l","17":"pa_size-l","18":"pa_weight-1-7857443222-libras","19":"pa_width-7-480314953-pulgadas","21":"first","22":"instock","23":"sale","24":"shipping-taxable","25":"product-type-external"},"yoast_head":"<!-- This site is optimized with the Yoast SEO plugin v26.0 - https:\/\/yoast.com\/wordpress\/plugins\/seo\/ -->\n<title>Petace Fuente de agua para Gatos y Perros 3,2 L de Acero Inoxidable Mas 4 Filtros de Carb\u00c3\u00b3n Activado y 5 Esponjas - Bebedero Silencioso con Triple Filtraci\u00c3\u00b3n - Guautastik<\/title>\n<meta name=\"description\" content=\"Troba llits, joguines, menjar i accessoris per a gossos a Guautastik \ud83d\udc3e. Productes de qualitat seleccionats per al benestar i la felicitat.\" \/>\n<meta name=\"robots\" content=\"index, follow, max-snippet:-1, max-image-preview:large, max-video-preview:-1\" \/>\n<link rel=\"canonical\" href=\"https:\/\/guautastik.com\/ca\/petace-fuente-de-agua-para-gatos-y-perros-32-l-de-acero-inoxidable-mas-4-filtros-de-carbon-activado-y-5-esponjas-bebedero-silencioso-con-triple-filtracion\/\" \/>\n<meta property=\"og:locale\" content=\"ca_ES\" \/>\n<meta property=\"og:type\" content=\"article\" \/>\n<meta property=\"og:title\" content=\"Petace Fuente de agua para Gatos y Perros 3,2 L de Acero Inoxidable Mas 4 Filtros de Carb\u00c3\u00b3n Activado y 5 Esponjas - Bebedero Silencioso con Triple Filtraci\u00c3\u00b3n - Guautastik\" \/>\n<meta property=\"og:description\" content=\"Troba llits, joguines, menjar i accessoris per a gossos a Guautastik \ud83d\udc3e. Productes de qualitat seleccionats per al benestar i la felicitat.\" \/>\n<meta property=\"og:url\" content=\"https:\/\/guautastik.com\/ca\/petace-fuente-de-agua-para-gatos-y-perros-32-l-de-acero-inoxidable-mas-4-filtros-de-carbon-activado-y-5-esponjas-bebedero-silencioso-con-triple-filtracion\/\" \/>\n<meta property=\"og:site_name\" content=\"Guautastik\" \/>\n<meta property=\"article:modified_time\" content=\"2025-10-22T11:45:08+00:00\" \/>\n<meta property=\"og:image\" content=\"https:\/\/m.media-amazon.com\/images\/I\/51LbiBv+PwL._SL500_.jpg\" \/>\n\t<meta property=\"og:image:width\" content=\"500\" \/>\n\t<meta property=\"og:image:height\" content=\"500\" \/>\n\t<meta property=\"og:image:type\" content=\"image\/jpeg\" \/>\n<meta name=\"twitter:card\" content=\"summary_large_image\" \/>\n<meta name=\"twitter:label1\" content=\"Temps estimat de lectura\" \/>\n\t<meta name=\"twitter:data1\" content=\"1 minut\" \/>\n<script type=\"application\/ld+json\" class=\"yoast-schema-graph\">{\"@context\":\"https:\/\/schema.org\",\"@graph\":[{\"@type\":\"WebPage\",\"@id\":\"https:\/\/guautastik.com\/ca\/petace-fuente-de-agua-para-gatos-y-perros-32-l-de-acero-inoxidable-mas-4-filtros-de-carbon-activado-y-5-esponjas-bebedero-silencioso-con-triple-filtracion\/\",\"url\":\"https:\/\/guautastik.com\/ca\/petace-fuente-de-agua-para-gatos-y-perros-32-l-de-acero-inoxidable-mas-4-filtros-de-carbon-activado-y-5-esponjas-bebedero-silencioso-con-triple-filtracion\/\",\"name\":\"Petace Fuente de agua para Gatos y Perros 3,2 L de Acero Inoxidable Mas 4 Filtros de Carb\u00c3\u00b3n Activado y 5 Esponjas - Bebedero Silencioso con Triple Filtraci\u00c3\u00b3n - Guautastik\",\"isPartOf\":{\"@id\":\"https:\/\/guautastik.com\/ca\/#website\"},\"primaryImageOfPage\":{\"@id\":\"https:\/\/guautastik.com\/ca\/petace-fuente-de-agua-para-gatos-y-perros-32-l-de-acero-inoxidable-mas-4-filtros-de-carbon-activado-y-5-esponjas-bebedero-silencioso-con-triple-filtracion\/#primaryimage\"},\"image\":{\"@id\":\"https:\/\/guautastik.com\/ca\/petace-fuente-de-agua-para-gatos-y-perros-32-l-de-acero-inoxidable-mas-4-filtros-de-carbon-activado-y-5-esponjas-bebedero-silencioso-con-triple-filtracion\/#primaryimage\"},\"thumbnailUrl\":\"https:\/\/m.media-amazon.com\/images\/I\/51LbiBv+PwL._SL500_.jpg\",\"datePublished\":\"2025-10-03T04:41:29+00:00\",\"dateModified\":\"2025-10-22T11:45:08+00:00\",\"description\":\"Troba llits, joguines, menjar i accessoris per a gossos a Guautastik \ud83d\udc3e. Productes de qualitat seleccionats per al benestar i la felicitat.\",\"breadcrumb\":{\"@id\":\"https:\/\/guautastik.com\/ca\/petace-fuente-de-agua-para-gatos-y-perros-32-l-de-acero-inoxidable-mas-4-filtros-de-carbon-activado-y-5-esponjas-bebedero-silencioso-con-triple-filtracion\/#breadcrumb\"},\"inLanguage\":\"ca\",\"potentialAction\":[{\"@type\":\"ReadAction\",\"target\":[\"https:\/\/guautastik.com\/ca\/petace-fuente-de-agua-para-gatos-y-perros-32-l-de-acero-inoxidable-mas-4-filtros-de-carbon-activado-y-5-esponjas-bebedero-silencioso-con-triple-filtracion\/\"]}]},{\"@type\":\"ImageObject\",\"inLanguage\":\"ca\",\"@id\":\"https:\/\/guautastik.com\/ca\/petace-fuente-de-agua-para-gatos-y-perros-32-l-de-acero-inoxidable-mas-4-filtros-de-carbon-activado-y-5-esponjas-bebedero-silencioso-con-triple-filtracion\/#primaryimage\",\"url\":\"https:\/\/m.media-amazon.com\/images\/I\/51LbiBv+PwL._SL500_.jpg\",\"contentUrl\":\"https:\/\/m.media-amazon.com\/images\/I\/51LbiBv+PwL._SL500_.jpg\",\"width\":500,\"height\":500},{\"@type\":\"BreadcrumbList\",\"@id\":\"https:\/\/guautastik.com\/ca\/petace-fuente-de-agua-para-gatos-y-perros-32-l-de-acero-inoxidable-mas-4-filtros-de-carbon-activado-y-5-esponjas-bebedero-silencioso-con-triple-filtracion\/#breadcrumb\",\"itemListElement\":[{\"@type\":\"ListItem\",\"position\":1,\"name\":\"Home\",\"item\":\"https:\/\/guautastik.com\/ca\/\"},{\"@type\":\"ListItem\",\"position\":2,\"name\":\"Shop\",\"item\":\"https:\/\/guautastik.com\/ca\/shop\/\"},{\"@type\":\"ListItem\",\"position\":3,\"name\":\"Petace Fuente de agua para Gatos y ...\"}]},{\"@type\":\"WebSite\",\"@id\":\"https:\/\/guautastik.com\/ca\/#website\",\"url\":\"https:\/\/guautastik.com\/ca\/\",\"name\":\"Guautastik\",\"description\":\"Millors Productes, Joguines i Accessoris per a Gossos\",\"publisher\":{\"@id\":\"https:\/\/guautastik.com\/ca\/#organization\"},\"potentialAction\":[{\"@type\":\"SearchAction\",\"target\":{\"@type\":\"EntryPoint\",\"urlTemplate\":\"https:\/\/guautastik.com\/ca\/?s={search_term_string}\"},\"query-input\":{\"@type\":\"PropertyValueSpecification\",\"valueRequired\":true,\"valueName\":\"search_term_string\"}}],\"inLanguage\":\"ca\"},{\"@type\":\"Organization\",\"@id\":\"https:\/\/guautastik.com\/ca\/#organization\",\"name\":\"Guautastik\",\"url\":\"https:\/\/guautastik.com\/ca\/\",\"logo\":{\"@type\":\"ImageObject\",\"inLanguage\":\"ca\",\"@id\":\"https:\/\/guautastik.com\/ca\/#\/schema\/logo\/image\/\",\"url\":\"https:\/\/guautastik.com\/ca\/wp-content\/uploads\/2026\/01\/Screenshot_2026-01-13_at_8.13.08_AM-removebg-preview.png\",\"contentUrl\":\"https:\/\/guautastik.com\/ca\/wp-content\/uploads\/2026\/01\/Screenshot_2026-01-13_at_8.13.08_AM-removebg-preview.png\",\"width\":762,\"height\":232,\"caption\":\"Guautastik\"},\"image\":{\"@id\":\"https:\/\/guautastik.com\/ca\/#\/schema\/logo\/image\/\"}}]}<\/script>\n<!-- \/ Yoast SEO plugin. -->","yoast_head_json":{"title":"Petace Fuente de agua para Gatos y Perros 3,2 L de Acero Inoxidable Mas 4 Filtros de Carb\u00c3\u00b3n Activado y 5 Esponjas - Bebedero Silencioso con Triple Filtraci\u00c3\u00b3n - Guautastik","description":"Troba llits, joguines, menjar i accessoris per a gossos a Guautastik \ud83d\udc3e. Productes de qualitat seleccionats per al benestar i la felicitat.","robots":{"index":"index","follow":"follow","max-snippet":"max-snippet:-1","max-image-preview":"max-image-preview:large","max-video-preview":"max-video-preview:-1"},"canonical":"https:\/\/guautastik.com\/ca\/petace-fuente-de-agua-para-gatos-y-perros-32-l-de-acero-inoxidable-mas-4-filtros-de-carbon-activado-y-5-esponjas-bebedero-silencioso-con-triple-filtracion\/","og_locale":"ca_ES","og_type":"article","og_title":"Petace Fuente de agua para Gatos y Perros 3,2 L de Acero Inoxidable Mas 4 Filtros de Carb\u00c3\u00b3n Activado y 5 Esponjas - Bebedero Silencioso con Triple Filtraci\u00c3\u00b3n - Guautastik","og_description":"Troba llits, joguines, menjar i accessoris per a gossos a Guautastik \ud83d\udc3e. Productes de qualitat seleccionats per al benestar i la felicitat.","og_url":"https:\/\/guautastik.com\/ca\/petace-fuente-de-agua-para-gatos-y-perros-32-l-de-acero-inoxidable-mas-4-filtros-de-carbon-activado-y-5-esponjas-bebedero-silencioso-con-triple-filtracion\/","og_site_name":"Guautastik","article_modified_time":"2025-10-22T11:45:08+00:00","og_image":[{"width":500,"height":500,"url":"https:\/\/m.media-amazon.com\/images\/I\/51LbiBv+PwL._SL500_.jpg","type":"image\/jpeg"}],"twitter_card":"summary_large_image","twitter_misc":{"Temps estimat de lectura":"1 minut"},"schema":{"@context":"https:\/\/schema.org","@graph":[{"@type":"WebPage","@id":"https:\/\/guautastik.com\/ca\/petace-fuente-de-agua-para-gatos-y-perros-32-l-de-acero-inoxidable-mas-4-filtros-de-carbon-activado-y-5-esponjas-bebedero-silencioso-con-triple-filtracion\/","url":"https:\/\/guautastik.com\/ca\/petace-fuente-de-agua-para-gatos-y-perros-32-l-de-acero-inoxidable-mas-4-filtros-de-carbon-activado-y-5-esponjas-bebedero-silencioso-con-triple-filtracion\/","name":"Petace Fuente de agua para Gatos y Perros 3,2 L de Acero Inoxidable Mas 4 Filtros de Carb\u00c3\u00b3n Activado y 5 Esponjas - Bebedero Silencioso con Triple Filtraci\u00c3\u00b3n - Guautastik","isPartOf":{"@id":"https:\/\/guautastik.com\/ca\/#website"},"primaryImageOfPage":{"@id":"https:\/\/guautastik.com\/ca\/petace-fuente-de-agua-para-gatos-y-perros-32-l-de-acero-inoxidable-mas-4-filtros-de-carbon-activado-y-5-esponjas-bebedero-silencioso-con-triple-filtracion\/#primaryimage"},"image":{"@id":"https:\/\/guautastik.com\/ca\/petace-fuente-de-agua-para-gatos-y-perros-32-l-de-acero-inoxidable-mas-4-filtros-de-carbon-activado-y-5-esponjas-bebedero-silencioso-con-triple-filtracion\/#primaryimage"},"thumbnailUrl":"https:\/\/m.media-amazon.com\/images\/I\/51LbiBv+PwL._SL500_.jpg","datePublished":"2025-10-03T04:41:29+00:00","dateModified":"2025-10-22T11:45:08+00:00","description":"Troba llits, joguines, menjar i accessoris per a gossos a Guautastik \ud83d\udc3e. Productes de qualitat seleccionats per al benestar i la felicitat.","breadcrumb":{"@id":"https:\/\/guautastik.com\/ca\/petace-fuente-de-agua-para-gatos-y-perros-32-l-de-acero-inoxidable-mas-4-filtros-de-carbon-activado-y-5-esponjas-bebedero-silencioso-con-triple-filtracion\/#breadcrumb"},"inLanguage":"ca","potentialAction":[{"@type":"ReadAction","target":["https:\/\/guautastik.com\/ca\/petace-fuente-de-agua-para-gatos-y-perros-32-l-de-acero-inoxidable-mas-4-filtros-de-carbon-activado-y-5-esponjas-bebedero-silencioso-con-triple-filtracion\/"]}]},{"@type":"ImageObject","inLanguage":"ca","@id":"https:\/\/guautastik.com\/ca\/petace-fuente-de-agua-para-gatos-y-perros-32-l-de-acero-inoxidable-mas-4-filtros-de-carbon-activado-y-5-esponjas-bebedero-silencioso-con-triple-filtracion\/#primaryimage","url":"https:\/\/m.media-amazon.com\/images\/I\/51LbiBv+PwL._SL500_.jpg","contentUrl":"https:\/\/m.media-amazon.com\/images\/I\/51LbiBv+PwL._SL500_.jpg","width":500,"height":500},{"@type":"BreadcrumbList","@id":"https:\/\/guautastik.com\/ca\/petace-fuente-de-agua-para-gatos-y-perros-32-l-de-acero-inoxidable-mas-4-filtros-de-carbon-activado-y-5-esponjas-bebedero-silencioso-con-triple-filtracion\/#breadcrumb","itemListElement":[{"@type":"ListItem","position":1,"name":"Home","item":"https:\/\/guautastik.com\/ca\/"},{"@type":"ListItem","position":2,"name":"Shop","item":"https:\/\/guautastik.com\/ca\/shop\/"},{"@type":"ListItem","position":3,"name":"Petace Fuente de agua para Gatos y ..."}]},{"@type":"WebSite","@id":"https:\/\/guautastik.com\/ca\/#website","url":"https:\/\/guautastik.com\/ca\/","name":"Guautastik","description":"Millors Productes, Joguines i Accessoris per a Gossos","publisher":{"@id":"https:\/\/guautastik.com\/ca\/#organization"},"potentialAction":[{"@type":"SearchAction","target":{"@type":"EntryPoint","urlTemplate":"https:\/\/guautastik.com\/ca\/?s={search_term_string}"},"query-input":{"@type":"PropertyValueSpecification","valueRequired":true,"valueName":"search_term_string"}}],"inLanguage":"ca"},{"@type":"Organization","@id":"https:\/\/guautastik.com\/ca\/#organization","name":"Guautastik","url":"https:\/\/guautastik.com\/ca\/","logo":{"@type":"ImageObject","inLanguage":"ca","@id":"https:\/\/guautastik.com\/ca\/#\/schema\/logo\/image\/","url":"https:\/\/guautastik.com\/ca\/wp-content\/uploads\/2026\/01\/Screenshot_2026-01-13_at_8.13.08_AM-removebg-preview.png","contentUrl":"https:\/\/guautastik.com\/ca\/wp-content\/uploads\/2026\/01\/Screenshot_2026-01-13_at_8.13.08_AM-removebg-preview.png","width":762,"height":232,"caption":"Guautastik"},"image":{"@id":"https:\/\/guautastik.com\/ca\/#\/schema\/logo\/image\/"}}]}},"_links":{"self":[{"href":"https:\/\/guautastik.com\/ca\/wp-json\/wp\/v2\/product\/314","targetHints":{"allow":["GET"]}}],"collection":[{"href":"https:\/\/guautastik.com\/ca\/wp-json\/wp\/v2\/product"}],"about":[{"href":"https:\/\/guautastik.com\/ca\/wp-json\/wp\/v2\/types\/product"}],"wp:featuredmedia":[{"embeddable":true,"href":"https:\/\/guautastik.com\/ca\/wp-json\/wp\/v2\/media\/315"}],"wp:attachment":[{"href":"https:\/\/guautastik.com\/ca\/wp-json\/wp\/v2\/media?parent=314"}],"wp:term":[{"taxonomy":"store","embeddable":true,"href":"https:\/\/guautastik.com\/ca\/wp-json\/wp\/v2\/store?post=314"},{"taxonomy":"product_brand","embeddable":true,"href":"https:\/\/guautastik.com\/ca\/wp-json\/wp\/v2\/product_brand?post=314"},{"taxonomy":"product_cat","embeddable":true,"href":"https:\/\/guautastik.com\/ca\/wp-json\/wp\/v2\/product_cat?post=314"},{"taxonomy":"product_tag","embeddable":true,"href":"https:\/\/guautastik.com\/ca\/wp-json\/wp\/v2\/product_tag?post=314"}],"curies":[{"name":"wp","href":"https:\/\/api.w.org\/{rel}","templated":true}]}}