{"id":477,"date":"2025-10-03T04:45:11","date_gmt":"2025-10-03T04:45:11","guid":{"rendered":"https:\/\/guautastik.com\/ca\/product\/mezrkuwr-correa-corta-y-fuerte-para-perros-resistente-de-trafico-control-de-entrenamiento-reflectante-para-medianos-y-grandes\/"},"modified":"2025-10-25T11:55:08","modified_gmt":"2025-10-25T11:55:08","slug":"mezrkuwr-correa-corta-y-fuerte-para-perros-resistente-de-trafico-control-de-entrenamiento-reflectante-para-medianos-y-grandes","status":"publish","type":"product","link":"https:\/\/guautastik.com\/ca\/mezrkuwr-correa-corta-y-fuerte-para-perros-resistente-de-trafico-control-de-entrenamiento-reflectante-para-medianos-y-grandes\/","title":{"rendered":"Mezrkuwr\u00c2\u00ae Correa Corta y Fuerte ..."},"content":{"rendered":"<p>Gran control: con la correa corta para perros de Mezrkuwr puedes controlar mejor a tu perro en \u00e1reas abarrotadas y garantizar un control adicional, m\u00e1s r\u00e1pido y seguro en caso de emergencia. Pasando por otros perros, alej\u00e1ndolos de comida y basura en el suelo, etc.<br \/>\nMosquet\u00f3n resistente: el cierre de metal resistente en la correa corta se fija f\u00e1cilmente a un anillo en D y permite una rotaci\u00f3n de 360\u00b0 en cualquier momento para evitar que la correa se tuerza y se enrede. Anillo en D cerca del mango para sujetar bolsas de excrementos, llaves u otros accesorios.<br \/>\nReflectante de doble cara: esta correa de tr\u00e1fico para perros cuenta con un dise\u00f1o reflectante de doble cara para garantizar la seguridad y visibilidad de tu perro por la noche. Mucho m\u00e1s seguro que la correa de perro sin hilos reflectantes y una correa reflectante unilateral.<br \/>\nDuradera y estable: esta correa de entrenamiento para perros est\u00e1 hecha de material de nailon resistente al desgaste, mide 2.5 cm de ancho y m\u00e1s grueso que las correas est\u00e1ndar para perros y ofrece suficiente robustez y durabilidad. El mango est\u00e1 equipado con costuras resistentes en el interior, que no son f\u00e1ciles de romper y tienen una larga vida \u00fatil.<br \/>\nSi tiene alguna pregunta sobre nuestros productos, no dude en contactarnos por correo electr\u00f3nico de Amazon. Nuestros representantes de servicio al cliente estar\u00e1n encantados de ayudarlo a encontrar una soluci\u00f3n satisfactoria.<br \/>\n<div class=\"main-cross-sell\" data-asin=\"B0CLP2RYV5\">\n\n\t<div class=\"WooZone-cross-sell-loader\">\n\t\t<div>\n\t\t\t<div id=\"floatingBarsG\">\n\t\t\t\t<div class=\"blockG\" id=\"rotateG_01\"><\/div>\n\t\t\t\t<div class=\"blockG\" id=\"rotateG_02\"><\/div>\n\t\t\t\t<div class=\"blockG\" id=\"rotateG_03\"><\/div>\n\t\t\t\t<div class=\"blockG\" id=\"rotateG_04\"><\/div>\n\t\t\t\t<div class=\"blockG\" id=\"rotateG_05\"><\/div>\n\t\t\t\t<div class=\"blockG\" id=\"rotateG_06\"><\/div>\n\t\t\t\t<div class=\"blockG\" id=\"rotateG_07\"><\/div>\n\t\t\t\t<div class=\"blockG\" id=\"rotateG_08\"><\/div>\n\t\t\t<\/div>\n\t\t\t<div class=\"WooZone-cross-sell-loader-text\"><\/div>\n\t\t<\/div>\n\t<\/div>\n\n\t\t\n<\/div>\n<div style=\"clear:both;\"><\/div><\/p>\n","protected":false},"excerpt":{"rendered":"<p>Gran control: con la correa corta para perros de Mezrkuwr puedes controlar mejor a tu perro en \u00e1reas abarrotadas y garantizar un control adicional, m\u00e1s r\u00e1pido y seguro en caso de emergencia. Pasando por otros perros, alej\u00e1ndolos de comida y basura en el suelo, etc.<br \/>\nMosquet\u00f3n resistente: el cierre de metal resistente en la correa corta se fija f\u00e1cilmente a un anillo en D y permite una rotaci\u00f3n de 360\u00b0 en cualquier momento para evitar que la correa se tuerza y se enrede. Anillo en D cerca del mango para sujetar bolsas de excrementos, llaves u otros accesorios.<br \/>\nReflectante de doble cara: esta correa de tr\u00e1fico para perros cuenta con un dise\u00f1o reflectante de doble cara para garantizar la seguridad y visibilidad de tu perro por la noche. Mucho m\u00e1s seguro que la correa de perro sin hilos reflectantes y una correa reflectante unilateral.<\/p>\n","protected":false},"featured_media":478,"template":"","meta":[],"store":[],"product_brand":[],"product_cat":[54,56,28],"product_tag":[],"class_list":{"0":"post-477","1":"product","2":"type-product","3":"status-publish","4":"has-post-thumbnail","6":"product_cat-collares-y-correas","7":"product_cat-correa-para-adiestramiento","8":"product_cat-tendencia","9":"pa_binding-varios","10":"pa_brand-mezrkuwr","11":"pa_color-negro","12":"pa_height-0-3543307083-pulgadas","13":"pa_length-11-81102361-pulgadas","14":"pa_manufacturer-mezrkuwr","15":"pa_model-mkb1124gousheng","16":"pa_number-of-items-137","17":"pa_part-number-mkb1124gousheng","18":"pa_product-group-productos-para-animales","19":"pa_size-large","20":"pa_weight-0-13007273458-libras","21":"pa_width-3-93700787-pulgadas","23":"first","24":"instock","25":"sale","26":"shipping-taxable","27":"product-type-external"},"yoast_head":"<!-- This site is optimized with the Yoast SEO plugin v26.0 - https:\/\/yoast.com\/wordpress\/plugins\/seo\/ -->\n<title>Mezrkuwr\u00c2\u00ae Correa Corta y Fuerte para Perros - Resistente de Tr\u00c3\u00a1fico, Control de Entrenamiento, Reflectante para Medianos y Grandes - Guautastik<\/title>\n<meta name=\"description\" content=\"Troba llits, joguines, menjar i accessoris per a gossos a Guautastik \ud83d\udc3e. Productes de qualitat seleccionats per al benestar i la felicitat.\" \/>\n<meta name=\"robots\" content=\"index, follow, max-snippet:-1, max-image-preview:large, max-video-preview:-1\" \/>\n<link rel=\"canonical\" href=\"https:\/\/guautastik.com\/ca\/mezrkuwr-correa-corta-y-fuerte-para-perros-resistente-de-trafico-control-de-entrenamiento-reflectante-para-medianos-y-grandes\/\" \/>\n<meta property=\"og:locale\" content=\"ca_ES\" \/>\n<meta property=\"og:type\" content=\"article\" \/>\n<meta property=\"og:title\" content=\"Mezrkuwr\u00c2\u00ae Correa Corta y Fuerte para Perros - Resistente de Tr\u00c3\u00a1fico, Control de Entrenamiento, Reflectante para Medianos y Grandes - Guautastik\" \/>\n<meta property=\"og:description\" content=\"Troba llits, joguines, menjar i accessoris per a gossos a Guautastik \ud83d\udc3e. Productes de qualitat seleccionats per al benestar i la felicitat.\" \/>\n<meta property=\"og:url\" content=\"https:\/\/guautastik.com\/ca\/mezrkuwr-correa-corta-y-fuerte-para-perros-resistente-de-trafico-control-de-entrenamiento-reflectante-para-medianos-y-grandes\/\" \/>\n<meta property=\"og:site_name\" content=\"Guautastik\" \/>\n<meta property=\"article:modified_time\" content=\"2025-10-25T11:55:08+00:00\" \/>\n<meta property=\"og:image\" content=\"https:\/\/m.media-amazon.com\/images\/I\/4115mkBnuxL._SL500_.jpg\" \/>\n\t<meta property=\"og:image:width\" content=\"500\" \/>\n\t<meta property=\"og:image:height\" content=\"500\" \/>\n\t<meta property=\"og:image:type\" content=\"image\/jpeg\" \/>\n<meta name=\"twitter:card\" content=\"summary_large_image\" \/>\n<meta name=\"twitter:label1\" content=\"Temps estimat de lectura\" \/>\n\t<meta name=\"twitter:data1\" content=\"1 minut\" \/>\n<script type=\"application\/ld+json\" class=\"yoast-schema-graph\">{\"@context\":\"https:\/\/schema.org\",\"@graph\":[{\"@type\":\"WebPage\",\"@id\":\"https:\/\/guautastik.com\/ca\/mezrkuwr-correa-corta-y-fuerte-para-perros-resistente-de-trafico-control-de-entrenamiento-reflectante-para-medianos-y-grandes\/\",\"url\":\"https:\/\/guautastik.com\/ca\/mezrkuwr-correa-corta-y-fuerte-para-perros-resistente-de-trafico-control-de-entrenamiento-reflectante-para-medianos-y-grandes\/\",\"name\":\"Mezrkuwr\u00c2\u00ae Correa Corta y Fuerte para Perros - Resistente de Tr\u00c3\u00a1fico, Control de Entrenamiento, Reflectante para Medianos y Grandes - Guautastik\",\"isPartOf\":{\"@id\":\"https:\/\/guautastik.com\/ca\/#website\"},\"primaryImageOfPage\":{\"@id\":\"https:\/\/guautastik.com\/ca\/mezrkuwr-correa-corta-y-fuerte-para-perros-resistente-de-trafico-control-de-entrenamiento-reflectante-para-medianos-y-grandes\/#primaryimage\"},\"image\":{\"@id\":\"https:\/\/guautastik.com\/ca\/mezrkuwr-correa-corta-y-fuerte-para-perros-resistente-de-trafico-control-de-entrenamiento-reflectante-para-medianos-y-grandes\/#primaryimage\"},\"thumbnailUrl\":\"https:\/\/m.media-amazon.com\/images\/I\/4115mkBnuxL._SL500_.jpg\",\"datePublished\":\"2025-10-03T04:45:11+00:00\",\"dateModified\":\"2025-10-25T11:55:08+00:00\",\"description\":\"Troba llits, joguines, menjar i accessoris per a gossos a Guautastik \ud83d\udc3e. Productes de qualitat seleccionats per al benestar i la felicitat.\",\"breadcrumb\":{\"@id\":\"https:\/\/guautastik.com\/ca\/mezrkuwr-correa-corta-y-fuerte-para-perros-resistente-de-trafico-control-de-entrenamiento-reflectante-para-medianos-y-grandes\/#breadcrumb\"},\"inLanguage\":\"ca\",\"potentialAction\":[{\"@type\":\"ReadAction\",\"target\":[\"https:\/\/guautastik.com\/ca\/mezrkuwr-correa-corta-y-fuerte-para-perros-resistente-de-trafico-control-de-entrenamiento-reflectante-para-medianos-y-grandes\/\"]}]},{\"@type\":\"ImageObject\",\"inLanguage\":\"ca\",\"@id\":\"https:\/\/guautastik.com\/ca\/mezrkuwr-correa-corta-y-fuerte-para-perros-resistente-de-trafico-control-de-entrenamiento-reflectante-para-medianos-y-grandes\/#primaryimage\",\"url\":\"https:\/\/m.media-amazon.com\/images\/I\/4115mkBnuxL._SL500_.jpg\",\"contentUrl\":\"https:\/\/m.media-amazon.com\/images\/I\/4115mkBnuxL._SL500_.jpg\",\"width\":500,\"height\":500},{\"@type\":\"BreadcrumbList\",\"@id\":\"https:\/\/guautastik.com\/ca\/mezrkuwr-correa-corta-y-fuerte-para-perros-resistente-de-trafico-control-de-entrenamiento-reflectante-para-medianos-y-grandes\/#breadcrumb\",\"itemListElement\":[{\"@type\":\"ListItem\",\"position\":1,\"name\":\"Home\",\"item\":\"https:\/\/guautastik.com\/ca\/\"},{\"@type\":\"ListItem\",\"position\":2,\"name\":\"Shop\",\"item\":\"https:\/\/guautastik.com\/ca\/shop\/\"},{\"@type\":\"ListItem\",\"position\":3,\"name\":\"Mezrkuwr\u00c2\u00ae Correa Corta y Fuerte ...\"}]},{\"@type\":\"WebSite\",\"@id\":\"https:\/\/guautastik.com\/ca\/#website\",\"url\":\"https:\/\/guautastik.com\/ca\/\",\"name\":\"Guautastik\",\"description\":\"Millors Productes, Joguines i Accessoris per a Gossos\",\"publisher\":{\"@id\":\"https:\/\/guautastik.com\/ca\/#organization\"},\"potentialAction\":[{\"@type\":\"SearchAction\",\"target\":{\"@type\":\"EntryPoint\",\"urlTemplate\":\"https:\/\/guautastik.com\/ca\/?s={search_term_string}\"},\"query-input\":{\"@type\":\"PropertyValueSpecification\",\"valueRequired\":true,\"valueName\":\"search_term_string\"}}],\"inLanguage\":\"ca\"},{\"@type\":\"Organization\",\"@id\":\"https:\/\/guautastik.com\/ca\/#organization\",\"name\":\"Guautastik\",\"url\":\"https:\/\/guautastik.com\/ca\/\",\"logo\":{\"@type\":\"ImageObject\",\"inLanguage\":\"ca\",\"@id\":\"https:\/\/guautastik.com\/ca\/#\/schema\/logo\/image\/\",\"url\":\"https:\/\/guautastik.com\/ca\/wp-content\/uploads\/2026\/01\/Screenshot_2026-01-13_at_8.13.08_AM-removebg-preview.png\",\"contentUrl\":\"https:\/\/guautastik.com\/ca\/wp-content\/uploads\/2026\/01\/Screenshot_2026-01-13_at_8.13.08_AM-removebg-preview.png\",\"width\":762,\"height\":232,\"caption\":\"Guautastik\"},\"image\":{\"@id\":\"https:\/\/guautastik.com\/ca\/#\/schema\/logo\/image\/\"}}]}<\/script>\n<!-- \/ Yoast SEO plugin. -->","yoast_head_json":{"title":"Mezrkuwr\u00c2\u00ae Correa Corta y Fuerte para Perros - Resistente de Tr\u00c3\u00a1fico, Control de Entrenamiento, Reflectante para Medianos y Grandes - Guautastik","description":"Troba llits, joguines, menjar i accessoris per a gossos a Guautastik \ud83d\udc3e. Productes de qualitat seleccionats per al benestar i la felicitat.","robots":{"index":"index","follow":"follow","max-snippet":"max-snippet:-1","max-image-preview":"max-image-preview:large","max-video-preview":"max-video-preview:-1"},"canonical":"https:\/\/guautastik.com\/ca\/mezrkuwr-correa-corta-y-fuerte-para-perros-resistente-de-trafico-control-de-entrenamiento-reflectante-para-medianos-y-grandes\/","og_locale":"ca_ES","og_type":"article","og_title":"Mezrkuwr\u00c2\u00ae Correa Corta y Fuerte para Perros - Resistente de Tr\u00c3\u00a1fico, Control de Entrenamiento, Reflectante para Medianos y Grandes - Guautastik","og_description":"Troba llits, joguines, menjar i accessoris per a gossos a Guautastik \ud83d\udc3e. Productes de qualitat seleccionats per al benestar i la felicitat.","og_url":"https:\/\/guautastik.com\/ca\/mezrkuwr-correa-corta-y-fuerte-para-perros-resistente-de-trafico-control-de-entrenamiento-reflectante-para-medianos-y-grandes\/","og_site_name":"Guautastik","article_modified_time":"2025-10-25T11:55:08+00:00","og_image":[{"width":500,"height":500,"url":"https:\/\/m.media-amazon.com\/images\/I\/4115mkBnuxL._SL500_.jpg","type":"image\/jpeg"}],"twitter_card":"summary_large_image","twitter_misc":{"Temps estimat de lectura":"1 minut"},"schema":{"@context":"https:\/\/schema.org","@graph":[{"@type":"WebPage","@id":"https:\/\/guautastik.com\/ca\/mezrkuwr-correa-corta-y-fuerte-para-perros-resistente-de-trafico-control-de-entrenamiento-reflectante-para-medianos-y-grandes\/","url":"https:\/\/guautastik.com\/ca\/mezrkuwr-correa-corta-y-fuerte-para-perros-resistente-de-trafico-control-de-entrenamiento-reflectante-para-medianos-y-grandes\/","name":"Mezrkuwr\u00c2\u00ae Correa Corta y Fuerte para Perros - Resistente de Tr\u00c3\u00a1fico, Control de Entrenamiento, Reflectante para Medianos y Grandes - Guautastik","isPartOf":{"@id":"https:\/\/guautastik.com\/ca\/#website"},"primaryImageOfPage":{"@id":"https:\/\/guautastik.com\/ca\/mezrkuwr-correa-corta-y-fuerte-para-perros-resistente-de-trafico-control-de-entrenamiento-reflectante-para-medianos-y-grandes\/#primaryimage"},"image":{"@id":"https:\/\/guautastik.com\/ca\/mezrkuwr-correa-corta-y-fuerte-para-perros-resistente-de-trafico-control-de-entrenamiento-reflectante-para-medianos-y-grandes\/#primaryimage"},"thumbnailUrl":"https:\/\/m.media-amazon.com\/images\/I\/4115mkBnuxL._SL500_.jpg","datePublished":"2025-10-03T04:45:11+00:00","dateModified":"2025-10-25T11:55:08+00:00","description":"Troba llits, joguines, menjar i accessoris per a gossos a Guautastik \ud83d\udc3e. Productes de qualitat seleccionats per al benestar i la felicitat.","breadcrumb":{"@id":"https:\/\/guautastik.com\/ca\/mezrkuwr-correa-corta-y-fuerte-para-perros-resistente-de-trafico-control-de-entrenamiento-reflectante-para-medianos-y-grandes\/#breadcrumb"},"inLanguage":"ca","potentialAction":[{"@type":"ReadAction","target":["https:\/\/guautastik.com\/ca\/mezrkuwr-correa-corta-y-fuerte-para-perros-resistente-de-trafico-control-de-entrenamiento-reflectante-para-medianos-y-grandes\/"]}]},{"@type":"ImageObject","inLanguage":"ca","@id":"https:\/\/guautastik.com\/ca\/mezrkuwr-correa-corta-y-fuerte-para-perros-resistente-de-trafico-control-de-entrenamiento-reflectante-para-medianos-y-grandes\/#primaryimage","url":"https:\/\/m.media-amazon.com\/images\/I\/4115mkBnuxL._SL500_.jpg","contentUrl":"https:\/\/m.media-amazon.com\/images\/I\/4115mkBnuxL._SL500_.jpg","width":500,"height":500},{"@type":"BreadcrumbList","@id":"https:\/\/guautastik.com\/ca\/mezrkuwr-correa-corta-y-fuerte-para-perros-resistente-de-trafico-control-de-entrenamiento-reflectante-para-medianos-y-grandes\/#breadcrumb","itemListElement":[{"@type":"ListItem","position":1,"name":"Home","item":"https:\/\/guautastik.com\/ca\/"},{"@type":"ListItem","position":2,"name":"Shop","item":"https:\/\/guautastik.com\/ca\/shop\/"},{"@type":"ListItem","position":3,"name":"Mezrkuwr\u00c2\u00ae Correa Corta y Fuerte ..."}]},{"@type":"WebSite","@id":"https:\/\/guautastik.com\/ca\/#website","url":"https:\/\/guautastik.com\/ca\/","name":"Guautastik","description":"Millors Productes, Joguines i Accessoris per a Gossos","publisher":{"@id":"https:\/\/guautastik.com\/ca\/#organization"},"potentialAction":[{"@type":"SearchAction","target":{"@type":"EntryPoint","urlTemplate":"https:\/\/guautastik.com\/ca\/?s={search_term_string}"},"query-input":{"@type":"PropertyValueSpecification","valueRequired":true,"valueName":"search_term_string"}}],"inLanguage":"ca"},{"@type":"Organization","@id":"https:\/\/guautastik.com\/ca\/#organization","name":"Guautastik","url":"https:\/\/guautastik.com\/ca\/","logo":{"@type":"ImageObject","inLanguage":"ca","@id":"https:\/\/guautastik.com\/ca\/#\/schema\/logo\/image\/","url":"https:\/\/guautastik.com\/ca\/wp-content\/uploads\/2026\/01\/Screenshot_2026-01-13_at_8.13.08_AM-removebg-preview.png","contentUrl":"https:\/\/guautastik.com\/ca\/wp-content\/uploads\/2026\/01\/Screenshot_2026-01-13_at_8.13.08_AM-removebg-preview.png","width":762,"height":232,"caption":"Guautastik"},"image":{"@id":"https:\/\/guautastik.com\/ca\/#\/schema\/logo\/image\/"}}]}},"_links":{"self":[{"href":"https:\/\/guautastik.com\/ca\/wp-json\/wp\/v2\/product\/477","targetHints":{"allow":["GET"]}}],"collection":[{"href":"https:\/\/guautastik.com\/ca\/wp-json\/wp\/v2\/product"}],"about":[{"href":"https:\/\/guautastik.com\/ca\/wp-json\/wp\/v2\/types\/product"}],"wp:featuredmedia":[{"embeddable":true,"href":"https:\/\/guautastik.com\/ca\/wp-json\/wp\/v2\/media\/478"}],"wp:attachment":[{"href":"https:\/\/guautastik.com\/ca\/wp-json\/wp\/v2\/media?parent=477"}],"wp:term":[{"taxonomy":"store","embeddable":true,"href":"https:\/\/guautastik.com\/ca\/wp-json\/wp\/v2\/store?post=477"},{"taxonomy":"product_brand","embeddable":true,"href":"https:\/\/guautastik.com\/ca\/wp-json\/wp\/v2\/product_brand?post=477"},{"taxonomy":"product_cat","embeddable":true,"href":"https:\/\/guautastik.com\/ca\/wp-json\/wp\/v2\/product_cat?post=477"},{"taxonomy":"product_tag","embeddable":true,"href":"https:\/\/guautastik.com\/ca\/wp-json\/wp\/v2\/product_tag?post=477"}],"curies":[{"name":"wp","href":"https:\/\/api.w.org\/{rel}","templated":true}]}}