{"id":689,"date":"2025-10-03T04:50:11","date_gmt":"2025-10-03T04:50:11","guid":{"rendered":"https:\/\/guautastik.com\/ca\/product\/nobleza-cuerda-de-juguete-para-perros-algodon-beneficiosa-para-la-salud-mental-del-perro-la-salud-dental-y-la-limpieza-de-los-dientes-tipo-de-perros-beige-y-marron\/"},"modified":"2025-10-03T05:07:48","modified_gmt":"2025-10-03T05:07:48","slug":"nobleza-cuerda-de-juguete-para-perros-algodon-beneficiosa-para-la-salud-mental-del-perro-la-salud-dental-y-la-limpieza-de-los-dientes-tipo-de-perros-beige-y-marron","status":"publish","type":"product","link":"https:\/\/guautastik.com\/ca\/nobleza-cuerda-de-juguete-para-perros-algodon-beneficiosa-para-la-salud-mental-del-perro-la-salud-dental-y-la-limpieza-de-los-dientes-tipo-de-perros-beige-y-marron\/","title":{"rendered":"Nobleza &#8211; Cuerda de Juguete p..."},"content":{"rendered":"<p>Paisaje Informaci\u00f3n:La longitud de la cuerda de algod\u00f3n individual es de 68\u202fcm, resistente y gruesa, adecuada para perros medianos y grandes, los nudos en la cuerda de mascar para perros hacen que morder y masticar sea m\u00e1s f\u00e1cil, incluso si su perro es un masticador agresivo, la cuerda para perros es lo suficientemente fuerte para ser un producto de juguete para perros de gran valor.<br \/>\nJuguete para perro resistente: material de algod\u00f3n seguro y no t\u00f3xico con capas de costura y nudos apretados que no se rompen tan f\u00e1cilmente como otros juguetes para perros. Si te apasiona la calidad, nuestros juguetes ser\u00e1n perfectos para ti.<br \/>\nCONSTRUYE UNA RELACI\u00d3N CERCA CON TU PERRO: Juguete para perros de colores brillantes para perros peque\u00f1os y medianos, a tu perro le encantar\u00e1 y podr\u00e1s relajarte y pasar un gran rato del d\u00eda!<br \/>\nJUGUETES DE LIMPIEZA DE DIENTES: Eliminan la acumulaci\u00f3n de placa, se usan para la rueda de arrastre, juegos de lanzamiento y masticaci\u00f3n y salud dental, ayudan a mantener los dientes y enc\u00edas saludables<br \/>\nSERVICIO POST-VENTA: Nobleza ofrece una garant\u00eda de satisfacci\u00f3n del 100%, si tiene alguna pregunta sobre este producto, no dude en contactarnos y haremos todo lo posible para resolver cualquier problema que tenga<br \/>\n<div class=\"main-cross-sell\" data-asin=\"B0D37L8NLW\">\n\n\t<div class=\"WooZone-cross-sell-loader\">\n\t\t<div>\n\t\t\t<div id=\"floatingBarsG\">\n\t\t\t\t<div class=\"blockG\" id=\"rotateG_01\"><\/div>\n\t\t\t\t<div class=\"blockG\" id=\"rotateG_02\"><\/div>\n\t\t\t\t<div class=\"blockG\" id=\"rotateG_03\"><\/div>\n\t\t\t\t<div class=\"blockG\" id=\"rotateG_04\"><\/div>\n\t\t\t\t<div class=\"blockG\" id=\"rotateG_05\"><\/div>\n\t\t\t\t<div class=\"blockG\" id=\"rotateG_06\"><\/div>\n\t\t\t\t<div class=\"blockG\" id=\"rotateG_07\"><\/div>\n\t\t\t\t<div class=\"blockG\" id=\"rotateG_08\"><\/div>\n\t\t\t<\/div>\n\t\t\t<div class=\"WooZone-cross-sell-loader-text\"><\/div>\n\t\t<\/div>\n\t<\/div>\n\n\t\t\n<\/div>\n<div style=\"clear:both;\"><\/div><\/p>\n","protected":false},"excerpt":{"rendered":"<p>Paisaje Informaci\u00f3n:La longitud de la cuerda de algod\u00f3n individual es de 68\u202fcm, resistente y gruesa, adecuada para perros medianos y grandes, los nudos en la cuerda de mascar para perros hacen que morder y masticar sea m\u00e1s f\u00e1cil, incluso si su perro es un masticador agresivo, la cuerda para perros es lo suficientemente fuerte para ser un producto de juguete para perros de gran valor.<br \/>\nJuguete para perro resistente: material de algod\u00f3n seguro y no t\u00f3xico con capas de costura y nudos apretados que no se rompen tan f\u00e1cilmente como otros juguetes para perros. Si te apasiona la calidad, nuestros juguetes ser\u00e1n perfectos para ti.<br \/>\nCONSTRUYE UNA RELACI\u00d3N CERCA CON TU PERRO: Juguete para perros de colores brillantes para perros peque\u00f1os y medianos, a tu perro le encantar\u00e1 y podr\u00e1s relajarte y pasar un gran rato del d\u00eda!<\/p>\n","protected":false},"featured_media":690,"template":"","meta":[],"store":[],"product_brand":[],"product_cat":[62,67,28],"product_tag":[],"class_list":{"0":"post-689","1":"product","2":"type-product","3":"status-publish","4":"has-post-thumbnail","6":"product_cat-juguetes","7":"product_cat-juguetes-de-cuerda-trenzada","8":"product_cat-tendencia","9":"pa_brand-nobleza","10":"pa_color-beige-y-marron","11":"pa_height-1-181102361-pulgadas","12":"pa_length-26-771653516-pulgadas","13":"pa_manufacturer-nobleza","14":"pa_model-ms","15":"pa_product-group-productos-para-animales","16":"pa_warranty-other","17":"pa_width-3-93700787-pulgadas","19":"first","20":"instock","21":"sale","22":"shipping-taxable","23":"product-type-external"},"yoast_head":"<!-- This site is optimized with the Yoast SEO plugin v26.0 - https:\/\/yoast.com\/wordpress\/plugins\/seo\/ -->\n<title>Nobleza - Cuerda de Juguete para Perros Algod\u00f3n, Beneficiosa para la Salud Mental del Perro, la Salud Dental y la Limpieza de los Dientes, Tipo de Perros, Beige y Marr\u00f3n - Guautastik<\/title>\n<meta name=\"description\" content=\"Troba llits, joguines, menjar i accessoris per a gossos a Guautastik \ud83d\udc3e. Productes de qualitat seleccionats per al benestar i la felicitat.\" \/>\n<meta name=\"robots\" content=\"index, follow, max-snippet:-1, max-image-preview:large, max-video-preview:-1\" \/>\n<link rel=\"canonical\" href=\"https:\/\/guautastik.com\/ca\/nobleza-cuerda-de-juguete-para-perros-algodon-beneficiosa-para-la-salud-mental-del-perro-la-salud-dental-y-la-limpieza-de-los-dientes-tipo-de-perros-beige-y-marron\/\" \/>\n<meta property=\"og:locale\" content=\"ca_ES\" \/>\n<meta property=\"og:type\" content=\"article\" \/>\n<meta property=\"og:title\" content=\"Nobleza - Cuerda de Juguete para Perros Algod\u00f3n, Beneficiosa para la Salud Mental del Perro, la Salud Dental y la Limpieza de los Dientes, Tipo de Perros, Beige y Marr\u00f3n - Guautastik\" \/>\n<meta property=\"og:description\" content=\"Troba llits, joguines, menjar i accessoris per a gossos a Guautastik \ud83d\udc3e. Productes de qualitat seleccionats per al benestar i la felicitat.\" \/>\n<meta property=\"og:url\" content=\"https:\/\/guautastik.com\/ca\/nobleza-cuerda-de-juguete-para-perros-algodon-beneficiosa-para-la-salud-mental-del-perro-la-salud-dental-y-la-limpieza-de-los-dientes-tipo-de-perros-beige-y-marron\/\" \/>\n<meta property=\"og:site_name\" content=\"Guautastik\" \/>\n<meta property=\"article:modified_time\" content=\"2025-10-03T05:07:48+00:00\" \/>\n<meta property=\"og:image\" content=\"https:\/\/m.media-amazon.com\/images\/I\/41K2pkYLyxL._SL500_.jpg\" \/>\n\t<meta property=\"og:image:width\" content=\"500\" \/>\n\t<meta property=\"og:image:height\" content=\"500\" \/>\n\t<meta property=\"og:image:type\" content=\"image\/jpeg\" \/>\n<meta name=\"twitter:card\" content=\"summary_large_image\" \/>\n<meta name=\"twitter:label1\" content=\"Temps estimat de lectura\" \/>\n\t<meta name=\"twitter:data1\" content=\"1 minut\" \/>\n<script type=\"application\/ld+json\" class=\"yoast-schema-graph\">{\"@context\":\"https:\/\/schema.org\",\"@graph\":[{\"@type\":\"WebPage\",\"@id\":\"https:\/\/guautastik.com\/ca\/nobleza-cuerda-de-juguete-para-perros-algodon-beneficiosa-para-la-salud-mental-del-perro-la-salud-dental-y-la-limpieza-de-los-dientes-tipo-de-perros-beige-y-marron\/\",\"url\":\"https:\/\/guautastik.com\/ca\/nobleza-cuerda-de-juguete-para-perros-algodon-beneficiosa-para-la-salud-mental-del-perro-la-salud-dental-y-la-limpieza-de-los-dientes-tipo-de-perros-beige-y-marron\/\",\"name\":\"Nobleza - Cuerda de Juguete para Perros Algod\u00f3n, Beneficiosa para la Salud Mental del Perro, la Salud Dental y la Limpieza de los Dientes, Tipo de Perros, Beige y Marr\u00f3n - Guautastik\",\"isPartOf\":{\"@id\":\"https:\/\/guautastik.com\/ca\/#website\"},\"primaryImageOfPage\":{\"@id\":\"https:\/\/guautastik.com\/ca\/nobleza-cuerda-de-juguete-para-perros-algodon-beneficiosa-para-la-salud-mental-del-perro-la-salud-dental-y-la-limpieza-de-los-dientes-tipo-de-perros-beige-y-marron\/#primaryimage\"},\"image\":{\"@id\":\"https:\/\/guautastik.com\/ca\/nobleza-cuerda-de-juguete-para-perros-algodon-beneficiosa-para-la-salud-mental-del-perro-la-salud-dental-y-la-limpieza-de-los-dientes-tipo-de-perros-beige-y-marron\/#primaryimage\"},\"thumbnailUrl\":\"https:\/\/m.media-amazon.com\/images\/I\/41K2pkYLyxL._SL500_.jpg\",\"datePublished\":\"2025-10-03T04:50:11+00:00\",\"dateModified\":\"2025-10-03T05:07:48+00:00\",\"description\":\"Troba llits, joguines, menjar i accessoris per a gossos a Guautastik \ud83d\udc3e. Productes de qualitat seleccionats per al benestar i la felicitat.\",\"breadcrumb\":{\"@id\":\"https:\/\/guautastik.com\/ca\/nobleza-cuerda-de-juguete-para-perros-algodon-beneficiosa-para-la-salud-mental-del-perro-la-salud-dental-y-la-limpieza-de-los-dientes-tipo-de-perros-beige-y-marron\/#breadcrumb\"},\"inLanguage\":\"ca\",\"potentialAction\":[{\"@type\":\"ReadAction\",\"target\":[\"https:\/\/guautastik.com\/ca\/nobleza-cuerda-de-juguete-para-perros-algodon-beneficiosa-para-la-salud-mental-del-perro-la-salud-dental-y-la-limpieza-de-los-dientes-tipo-de-perros-beige-y-marron\/\"]}]},{\"@type\":\"ImageObject\",\"inLanguage\":\"ca\",\"@id\":\"https:\/\/guautastik.com\/ca\/nobleza-cuerda-de-juguete-para-perros-algodon-beneficiosa-para-la-salud-mental-del-perro-la-salud-dental-y-la-limpieza-de-los-dientes-tipo-de-perros-beige-y-marron\/#primaryimage\",\"url\":\"https:\/\/m.media-amazon.com\/images\/I\/41K2pkYLyxL._SL500_.jpg\",\"contentUrl\":\"https:\/\/m.media-amazon.com\/images\/I\/41K2pkYLyxL._SL500_.jpg\",\"width\":500,\"height\":500},{\"@type\":\"BreadcrumbList\",\"@id\":\"https:\/\/guautastik.com\/ca\/nobleza-cuerda-de-juguete-para-perros-algodon-beneficiosa-para-la-salud-mental-del-perro-la-salud-dental-y-la-limpieza-de-los-dientes-tipo-de-perros-beige-y-marron\/#breadcrumb\",\"itemListElement\":[{\"@type\":\"ListItem\",\"position\":1,\"name\":\"Home\",\"item\":\"https:\/\/guautastik.com\/ca\/\"},{\"@type\":\"ListItem\",\"position\":2,\"name\":\"Shop\",\"item\":\"https:\/\/guautastik.com\/ca\/shop\/\"},{\"@type\":\"ListItem\",\"position\":3,\"name\":\"Nobleza &#8211; Cuerda de Juguete p...\"}]},{\"@type\":\"WebSite\",\"@id\":\"https:\/\/guautastik.com\/ca\/#website\",\"url\":\"https:\/\/guautastik.com\/ca\/\",\"name\":\"Guautastik\",\"description\":\"Millors Productes, Joguines i Accessoris per a Gossos\",\"publisher\":{\"@id\":\"https:\/\/guautastik.com\/ca\/#organization\"},\"potentialAction\":[{\"@type\":\"SearchAction\",\"target\":{\"@type\":\"EntryPoint\",\"urlTemplate\":\"https:\/\/guautastik.com\/ca\/?s={search_term_string}\"},\"query-input\":{\"@type\":\"PropertyValueSpecification\",\"valueRequired\":true,\"valueName\":\"search_term_string\"}}],\"inLanguage\":\"ca\"},{\"@type\":\"Organization\",\"@id\":\"https:\/\/guautastik.com\/ca\/#organization\",\"name\":\"Guautastik\",\"url\":\"https:\/\/guautastik.com\/ca\/\",\"logo\":{\"@type\":\"ImageObject\",\"inLanguage\":\"ca\",\"@id\":\"https:\/\/guautastik.com\/ca\/#\/schema\/logo\/image\/\",\"url\":\"https:\/\/guautastik.com\/ca\/wp-content\/uploads\/2026\/01\/Screenshot_2026-01-13_at_8.13.08_AM-removebg-preview.png\",\"contentUrl\":\"https:\/\/guautastik.com\/ca\/wp-content\/uploads\/2026\/01\/Screenshot_2026-01-13_at_8.13.08_AM-removebg-preview.png\",\"width\":762,\"height\":232,\"caption\":\"Guautastik\"},\"image\":{\"@id\":\"https:\/\/guautastik.com\/ca\/#\/schema\/logo\/image\/\"}}]}<\/script>\n<!-- \/ Yoast SEO plugin. -->","yoast_head_json":{"title":"Nobleza - Cuerda de Juguete para Perros Algod\u00f3n, Beneficiosa para la Salud Mental del Perro, la Salud Dental y la Limpieza de los Dientes, Tipo de Perros, Beige y Marr\u00f3n - Guautastik","description":"Troba llits, joguines, menjar i accessoris per a gossos a Guautastik \ud83d\udc3e. Productes de qualitat seleccionats per al benestar i la felicitat.","robots":{"index":"index","follow":"follow","max-snippet":"max-snippet:-1","max-image-preview":"max-image-preview:large","max-video-preview":"max-video-preview:-1"},"canonical":"https:\/\/guautastik.com\/ca\/nobleza-cuerda-de-juguete-para-perros-algodon-beneficiosa-para-la-salud-mental-del-perro-la-salud-dental-y-la-limpieza-de-los-dientes-tipo-de-perros-beige-y-marron\/","og_locale":"ca_ES","og_type":"article","og_title":"Nobleza - Cuerda de Juguete para Perros Algod\u00f3n, Beneficiosa para la Salud Mental del Perro, la Salud Dental y la Limpieza de los Dientes, Tipo de Perros, Beige y Marr\u00f3n - Guautastik","og_description":"Troba llits, joguines, menjar i accessoris per a gossos a Guautastik \ud83d\udc3e. Productes de qualitat seleccionats per al benestar i la felicitat.","og_url":"https:\/\/guautastik.com\/ca\/nobleza-cuerda-de-juguete-para-perros-algodon-beneficiosa-para-la-salud-mental-del-perro-la-salud-dental-y-la-limpieza-de-los-dientes-tipo-de-perros-beige-y-marron\/","og_site_name":"Guautastik","article_modified_time":"2025-10-03T05:07:48+00:00","og_image":[{"width":500,"height":500,"url":"https:\/\/m.media-amazon.com\/images\/I\/41K2pkYLyxL._SL500_.jpg","type":"image\/jpeg"}],"twitter_card":"summary_large_image","twitter_misc":{"Temps estimat de lectura":"1 minut"},"schema":{"@context":"https:\/\/schema.org","@graph":[{"@type":"WebPage","@id":"https:\/\/guautastik.com\/ca\/nobleza-cuerda-de-juguete-para-perros-algodon-beneficiosa-para-la-salud-mental-del-perro-la-salud-dental-y-la-limpieza-de-los-dientes-tipo-de-perros-beige-y-marron\/","url":"https:\/\/guautastik.com\/ca\/nobleza-cuerda-de-juguete-para-perros-algodon-beneficiosa-para-la-salud-mental-del-perro-la-salud-dental-y-la-limpieza-de-los-dientes-tipo-de-perros-beige-y-marron\/","name":"Nobleza - Cuerda de Juguete para Perros Algod\u00f3n, Beneficiosa para la Salud Mental del Perro, la Salud Dental y la Limpieza de los Dientes, Tipo de Perros, Beige y Marr\u00f3n - Guautastik","isPartOf":{"@id":"https:\/\/guautastik.com\/ca\/#website"},"primaryImageOfPage":{"@id":"https:\/\/guautastik.com\/ca\/nobleza-cuerda-de-juguete-para-perros-algodon-beneficiosa-para-la-salud-mental-del-perro-la-salud-dental-y-la-limpieza-de-los-dientes-tipo-de-perros-beige-y-marron\/#primaryimage"},"image":{"@id":"https:\/\/guautastik.com\/ca\/nobleza-cuerda-de-juguete-para-perros-algodon-beneficiosa-para-la-salud-mental-del-perro-la-salud-dental-y-la-limpieza-de-los-dientes-tipo-de-perros-beige-y-marron\/#primaryimage"},"thumbnailUrl":"https:\/\/m.media-amazon.com\/images\/I\/41K2pkYLyxL._SL500_.jpg","datePublished":"2025-10-03T04:50:11+00:00","dateModified":"2025-10-03T05:07:48+00:00","description":"Troba llits, joguines, menjar i accessoris per a gossos a Guautastik \ud83d\udc3e. Productes de qualitat seleccionats per al benestar i la felicitat.","breadcrumb":{"@id":"https:\/\/guautastik.com\/ca\/nobleza-cuerda-de-juguete-para-perros-algodon-beneficiosa-para-la-salud-mental-del-perro-la-salud-dental-y-la-limpieza-de-los-dientes-tipo-de-perros-beige-y-marron\/#breadcrumb"},"inLanguage":"ca","potentialAction":[{"@type":"ReadAction","target":["https:\/\/guautastik.com\/ca\/nobleza-cuerda-de-juguete-para-perros-algodon-beneficiosa-para-la-salud-mental-del-perro-la-salud-dental-y-la-limpieza-de-los-dientes-tipo-de-perros-beige-y-marron\/"]}]},{"@type":"ImageObject","inLanguage":"ca","@id":"https:\/\/guautastik.com\/ca\/nobleza-cuerda-de-juguete-para-perros-algodon-beneficiosa-para-la-salud-mental-del-perro-la-salud-dental-y-la-limpieza-de-los-dientes-tipo-de-perros-beige-y-marron\/#primaryimage","url":"https:\/\/m.media-amazon.com\/images\/I\/41K2pkYLyxL._SL500_.jpg","contentUrl":"https:\/\/m.media-amazon.com\/images\/I\/41K2pkYLyxL._SL500_.jpg","width":500,"height":500},{"@type":"BreadcrumbList","@id":"https:\/\/guautastik.com\/ca\/nobleza-cuerda-de-juguete-para-perros-algodon-beneficiosa-para-la-salud-mental-del-perro-la-salud-dental-y-la-limpieza-de-los-dientes-tipo-de-perros-beige-y-marron\/#breadcrumb","itemListElement":[{"@type":"ListItem","position":1,"name":"Home","item":"https:\/\/guautastik.com\/ca\/"},{"@type":"ListItem","position":2,"name":"Shop","item":"https:\/\/guautastik.com\/ca\/shop\/"},{"@type":"ListItem","position":3,"name":"Nobleza &#8211; Cuerda de Juguete p..."}]},{"@type":"WebSite","@id":"https:\/\/guautastik.com\/ca\/#website","url":"https:\/\/guautastik.com\/ca\/","name":"Guautastik","description":"Millors Productes, Joguines i Accessoris per a Gossos","publisher":{"@id":"https:\/\/guautastik.com\/ca\/#organization"},"potentialAction":[{"@type":"SearchAction","target":{"@type":"EntryPoint","urlTemplate":"https:\/\/guautastik.com\/ca\/?s={search_term_string}"},"query-input":{"@type":"PropertyValueSpecification","valueRequired":true,"valueName":"search_term_string"}}],"inLanguage":"ca"},{"@type":"Organization","@id":"https:\/\/guautastik.com\/ca\/#organization","name":"Guautastik","url":"https:\/\/guautastik.com\/ca\/","logo":{"@type":"ImageObject","inLanguage":"ca","@id":"https:\/\/guautastik.com\/ca\/#\/schema\/logo\/image\/","url":"https:\/\/guautastik.com\/ca\/wp-content\/uploads\/2026\/01\/Screenshot_2026-01-13_at_8.13.08_AM-removebg-preview.png","contentUrl":"https:\/\/guautastik.com\/ca\/wp-content\/uploads\/2026\/01\/Screenshot_2026-01-13_at_8.13.08_AM-removebg-preview.png","width":762,"height":232,"caption":"Guautastik"},"image":{"@id":"https:\/\/guautastik.com\/ca\/#\/schema\/logo\/image\/"}}]}},"_links":{"self":[{"href":"https:\/\/guautastik.com\/ca\/wp-json\/wp\/v2\/product\/689","targetHints":{"allow":["GET"]}}],"collection":[{"href":"https:\/\/guautastik.com\/ca\/wp-json\/wp\/v2\/product"}],"about":[{"href":"https:\/\/guautastik.com\/ca\/wp-json\/wp\/v2\/types\/product"}],"wp:featuredmedia":[{"embeddable":true,"href":"https:\/\/guautastik.com\/ca\/wp-json\/wp\/v2\/media\/690"}],"wp:attachment":[{"href":"https:\/\/guautastik.com\/ca\/wp-json\/wp\/v2\/media?parent=689"}],"wp:term":[{"taxonomy":"store","embeddable":true,"href":"https:\/\/guautastik.com\/ca\/wp-json\/wp\/v2\/store?post=689"},{"taxonomy":"product_brand","embeddable":true,"href":"https:\/\/guautastik.com\/ca\/wp-json\/wp\/v2\/product_brand?post=689"},{"taxonomy":"product_cat","embeddable":true,"href":"https:\/\/guautastik.com\/ca\/wp-json\/wp\/v2\/product_cat?post=689"},{"taxonomy":"product_tag","embeddable":true,"href":"https:\/\/guautastik.com\/ca\/wp-json\/wp\/v2\/product_tag?post=689"}],"curies":[{"name":"wp","href":"https:\/\/api.w.org\/{rel}","templated":true}]}}